{"id":2468,"date":"2021-09-15T17:09:38","date_gmt":"2021-09-15T15:09:38","guid":{"rendered":"https:\/\/madinjantessurmesur.live-website.com\/?page_id=2468"},"modified":"2025-10-02T12:05:34","modified_gmt":"2025-10-02T10:05:34","slug":"largeur-des-voiles","status":"publish","type":"page","link":"https:\/\/madin.fr\/de\/felgenbett-breite\/","title":{"rendered":"Felgenbettbreiten"},"content":{"rendered":"<style>.wp-block-kadence-spacer.kt-block-spacer-2468_24cbc5-24 .kt-block-spacer{height:100px;}.wp-block-kadence-spacer.kt-block-spacer-2468_24cbc5-24 .kt-divider{border-top-width:1px;height:1px;width:80%;border-top-style:solid;}<\/style>\n<div class=\"wp-block-kadence-spacer aligncenter kt-block-spacer-2468_24cbc5-24\"><div class=\"kt-block-spacer kt-block-spacer-halign-center\"><hr class=\"kt-divider\"\/><\/div><\/div>\n\n\n\n<p class=\"has-neve-link-color-color has-text-color has-link-color has-x-large-font-size wp-elements-894207f44f2c41b88c802958bd76face\"><strong>Felgenbettbreiten<\/strong><\/p>\n\n\n<style>.wp-block-kadence-spacer.kt-block-spacer-2468_d96bd5-83 .kt-block-spacer{height:60px;}.wp-block-kadence-spacer.kt-block-spacer-2468_d96bd5-83 .kt-divider{border-top-width:1px;height:1px;width:80%;border-top-style:solid;}<\/style>\n<div class=\"wp-block-kadence-spacer aligncenter kt-block-spacer-2468_d96bd5-83\"><div class=\"kt-block-spacer kt-block-spacer-halign-center\"><hr class=\"kt-divider\"\/><\/div><\/div>\n\n\n\n<p>Unten finden Sie die Mad In Breiten in Zoll und entsprechenden Breiten in Millimetern.\n\nAchtung : bei der L\u00e4nge \"l\" werden die R\u00e4nder mitgerechnet. <\/p>\n\n\n\n<figure class=\"wp-block-image size-large\"><img fetchpriority=\"high\" decoding=\"async\" width=\"724\" height=\"1024\" src=\"https:\/\/madin.fr\/wp-content\/uploads\/2021\/09\/largeur-couronnes-page-001-724x1024.jpg\" alt=\"\" class=\"wp-image-2469\" srcset=\"https:\/\/madin.fr\/wp-content\/uploads\/2021\/09\/largeur-couronnes-page-001-724x1024.jpg 724w, https:\/\/madin.fr\/wp-content\/uploads\/2021\/09\/largeur-couronnes-page-001-scaled-600x848.jpg 600w, https:\/\/madin.fr\/wp-content\/uploads\/2021\/09\/largeur-couronnes-page-001-212x300.jpg 212w, https:\/\/madin.fr\/wp-content\/uploads\/2021\/09\/largeur-couronnes-page-001-768x1086.jpg 768w, https:\/\/madin.fr\/wp-content\/uploads\/2021\/09\/largeur-couronnes-page-001-1086x1536.jpg 1086w, https:\/\/madin.fr\/wp-content\/uploads\/2021\/09\/largeur-couronnes-page-001-1448x2048.jpg 1448w, https:\/\/madin.fr\/wp-content\/uploads\/2021\/09\/largeur-couronnes-page-001-1320x1866.jpg 1320w, https:\/\/madin.fr\/wp-content\/uploads\/2021\/09\/largeur-couronnes-page-001-scaled.jpg 1811w\" sizes=\"(max-width: 724px) 100vw, 724px\" \/><\/figure>\n\n\n\n<p>Wenn Sie Zweifeln haben, <a href=\"https:\/\/madin.fr\/de\/kontakt\/\">nehmen Sie Kontakt mit uns auf<\/a>. <\/p>\n\n\n\n<p><\/p>","protected":false},"excerpt":{"rendered":"<p>LARGEUR DES VOILES MAD IN Ci-dessous une explication des largeurs de voiles Mad In. Les largeurs \u00ab\u00a0l\u00a0\u00bb en millim\u00e8tres incluent la bordure ! En cas de doutes, n&rsquo;h\u00e9sitez pas \u00e0 nous contacter.<\/p>","protected":false},"author":1,"featured_media":0,"parent":0,"menu_order":0,"comment_status":"closed","ping_status":"closed","template":"","meta":{"_monsterinsights_skip_tracking":false,"_monsterinsights_sitenote_active":false,"_monsterinsights_sitenote_note":"","_monsterinsights_sitenote_category":0,"neve_meta_sidebar":"","neve_meta_container":"","neve_meta_enable_content_width":"on","neve_meta_content_width":66,"neve_meta_title_alignment":"","neve_meta_author_avatar":"","neve_post_elements_order":"","neve_meta_disable_header":"","neve_meta_disable_footer":"","neve_meta_disable_title":"on","_themeisle_gutenberg_block_has_review":false,"footnotes":""},"class_list":["post-2468","page","type-page","status-publish","hentry"],"yoast_head":"<!-- This site is optimized with the Yoast SEO plugin v27.4 - https:\/\/yoast.com\/product\/yoast-seo-wordpress\/ -->\n<title>Largeur des voiles Mad In - Mad In - Jantes sur-mesure<\/title>\n<meta name=\"description\" content=\"D\u00e9couvrez les diff\u00e9rentes largeur de voiles de jantes possibles et les correspondance entre pouces et millim\u00e8tres. Couronnes, tonneaux etc.\" \/>\n<meta name=\"robots\" content=\"index, follow, max-snippet:-1, max-image-preview:large, max-video-preview:-1\" \/>\n<link rel=\"canonical\" href=\"https:\/\/madin.fr\/de\/felgenbett-breite\/\" \/>\n<meta property=\"og:locale\" content=\"de_DE\" \/>\n<meta property=\"og:type\" content=\"article\" \/>\n<meta property=\"og:title\" content=\"Largeur des voiles Mad In - Mad In - Jantes sur-mesure\" \/>\n<meta property=\"og:description\" content=\"D\u00e9couvrez les diff\u00e9rentes largeur de voiles de jantes possibles et les correspondance entre pouces et millim\u00e8tres. Couronnes, tonneaux etc.\" \/>\n<meta property=\"og:url\" content=\"https:\/\/madin.fr\/de\/felgenbett-breite\/\" \/>\n<meta property=\"og:site_name\" content=\"Mad In - Jantes sur-mesure\" \/>\n<meta property=\"article:publisher\" content=\"https:\/\/www.facebook.com\/madin.wheels\/\" \/>\n<meta property=\"article:modified_time\" content=\"2025-10-02T10:05:34+00:00\" \/>\n<meta property=\"og:image\" content=\"https:\/\/madin.fr\/wp-content\/uploads\/2021\/09\/largeur-couronnes-page-001-scaled.jpg\" \/>\n\t<meta property=\"og:image:width\" content=\"1811\" \/>\n\t<meta property=\"og:image:height\" content=\"2560\" \/>\n\t<meta property=\"og:image:type\" content=\"image\/jpeg\" \/>\n<meta name=\"twitter:card\" content=\"summary_large_image\" \/>\n<meta name=\"twitter:label1\" content=\"Gesch\u00e4tzte Lesezeit\" \/>\n\t<meta name=\"twitter:data1\" content=\"1\u00a0Minute\" \/>\n<script type=\"application\/ld+json\" class=\"yoast-schema-graph\">{\"@context\":\"https:\\\/\\\/schema.org\",\"@graph\":[{\"@type\":\"WebPage\",\"@id\":\"https:\\\/\\\/madin.fr\\\/largeur-des-voiles\\\/\",\"url\":\"https:\\\/\\\/madin.fr\\\/largeur-des-voiles\\\/\",\"name\":\"Largeur des voiles Mad In - Mad In - Jantes sur-mesure\",\"isPartOf\":{\"@id\":\"https:\\\/\\\/madin.fr\\\/#website\"},\"primaryImageOfPage\":{\"@id\":\"https:\\\/\\\/madin.fr\\\/largeur-des-voiles\\\/#primaryimage\"},\"image\":{\"@id\":\"https:\\\/\\\/madin.fr\\\/largeur-des-voiles\\\/#primaryimage\"},\"thumbnailUrl\":\"https:\\\/\\\/madin.fr\\\/wp-content\\\/uploads\\\/2021\\\/09\\\/largeur-couronnes-page-001-724x1024.jpg\",\"datePublished\":\"2021-09-15T15:09:38+00:00\",\"dateModified\":\"2025-10-02T10:05:34+00:00\",\"description\":\"D\u00e9couvrez les diff\u00e9rentes largeur de voiles de jantes possibles et les correspondance entre pouces et millim\u00e8tres. Couronnes, tonneaux etc.\",\"breadcrumb\":{\"@id\":\"https:\\\/\\\/madin.fr\\\/largeur-des-voiles\\\/#breadcrumb\"},\"inLanguage\":\"de\",\"potentialAction\":[{\"@type\":\"ReadAction\",\"target\":[\"https:\\\/\\\/madin.fr\\\/largeur-des-voiles\\\/\"]}]},{\"@type\":\"ImageObject\",\"inLanguage\":\"de\",\"@id\":\"https:\\\/\\\/madin.fr\\\/largeur-des-voiles\\\/#primaryimage\",\"url\":\"https:\\\/\\\/madin.fr\\\/wp-content\\\/uploads\\\/2021\\\/09\\\/largeur-couronnes-page-001-724x1024.jpg\",\"contentUrl\":\"https:\\\/\\\/madin.fr\\\/wp-content\\\/uploads\\\/2021\\\/09\\\/largeur-couronnes-page-001-724x1024.jpg\"},{\"@type\":\"BreadcrumbList\",\"@id\":\"https:\\\/\\\/madin.fr\\\/largeur-des-voiles\\\/#breadcrumb\",\"itemListElement\":[{\"@type\":\"ListItem\",\"position\":1,\"name\":\"Accueil\",\"item\":\"https:\\\/\\\/madin.fr\\\/\"},{\"@type\":\"ListItem\",\"position\":2,\"name\":\"Largeur des voiles Mad In\"}]},{\"@type\":\"WebSite\",\"@id\":\"https:\\\/\\\/madin.fr\\\/#website\",\"url\":\"https:\\\/\\\/madin.fr\\\/\",\"name\":\"Mad In - Jantes sur-mesure\",\"description\":\"\",\"publisher\":{\"@id\":\"https:\\\/\\\/madin.fr\\\/#organization\"},\"potentialAction\":[{\"@type\":\"SearchAction\",\"target\":{\"@type\":\"EntryPoint\",\"urlTemplate\":\"https:\\\/\\\/madin.fr\\\/?s={search_term_string}\"},\"query-input\":{\"@type\":\"PropertyValueSpecification\",\"valueRequired\":true,\"valueName\":\"search_term_string\"}}],\"inLanguage\":\"de\"},{\"@type\":\"Organization\",\"@id\":\"https:\\\/\\\/madin.fr\\\/#organization\",\"name\":\"Mad In\",\"url\":\"https:\\\/\\\/madin.fr\\\/\",\"logo\":{\"@type\":\"ImageObject\",\"inLanguage\":\"de\",\"@id\":\"https:\\\/\\\/madin.fr\\\/#\\\/schema\\\/logo\\\/image\\\/\",\"url\":\"https:\\\/\\\/madin.fr\\\/wp-content\\\/uploads\\\/2021\\\/09\\\/Madin-logo-carre-bis-bis-bis.png\",\"contentUrl\":\"https:\\\/\\\/madin.fr\\\/wp-content\\\/uploads\\\/2021\\\/09\\\/Madin-logo-carre-bis-bis-bis.png\",\"width\":512,\"height\":507,\"caption\":\"Mad In\"},\"image\":{\"@id\":\"https:\\\/\\\/madin.fr\\\/#\\\/schema\\\/logo\\\/image\\\/\"},\"sameAs\":[\"https:\\\/\\\/www.facebook.com\\\/madin.wheels\\\/\",\"https:\\\/\\\/www.instagram.com\\\/madinwheels\\\/\"]}]}<\/script>\n<!-- \/ Yoast SEO plugin. -->","yoast_head_json":{"title":"Felgenbettbreiten - Mad In - Felgen nach Ma\u00df","description":"Entdecken Sie die unterschiedlichen Breiten bei Felgenbetten und die Entsprechung zwischen Zoll und Millimeter.","robots":{"index":"index","follow":"follow","max-snippet":"max-snippet:-1","max-image-preview":"max-image-preview:large","max-video-preview":"max-video-preview:-1"},"canonical":"https:\/\/madin.fr\/de\/felgenbett-breite\/","og_locale":"de_DE","og_type":"article","og_title":"Largeur des voiles Mad In - Mad In - Jantes sur-mesure","og_description":"D\u00e9couvrez les diff\u00e9rentes largeur de voiles de jantes possibles et les correspondance entre pouces et millim\u00e8tres. Couronnes, tonneaux etc.","og_url":"https:\/\/madin.fr\/de\/felgenbett-breite\/","og_site_name":"Mad In - Jantes sur-mesure","article_publisher":"https:\/\/www.facebook.com\/madin.wheels\/","article_modified_time":"2025-10-02T10:05:34+00:00","og_image":[{"width":1811,"height":2560,"url":"https:\/\/madin.fr\/wp-content\/uploads\/2021\/09\/largeur-couronnes-page-001-scaled.jpg","type":"image\/jpeg"}],"twitter_card":"summary_large_image","twitter_misc":{"Gesch\u00e4tzte Lesezeit":"1\u00a0Minute"},"schema":{"@context":"https:\/\/schema.org","@graph":[{"@type":"WebPage","@id":"https:\/\/madin.fr\/largeur-des-voiles\/","url":"https:\/\/madin.fr\/largeur-des-voiles\/","name":"Felgenbettbreiten - Mad In - Felgen nach Ma\u00df","isPartOf":{"@id":"https:\/\/madin.fr\/#website"},"primaryImageOfPage":{"@id":"https:\/\/madin.fr\/largeur-des-voiles\/#primaryimage"},"image":{"@id":"https:\/\/madin.fr\/largeur-des-voiles\/#primaryimage"},"thumbnailUrl":"https:\/\/madin.fr\/wp-content\/uploads\/2021\/09\/largeur-couronnes-page-001-724x1024.jpg","datePublished":"2021-09-15T15:09:38+00:00","dateModified":"2025-10-02T10:05:34+00:00","description":"Entdecken Sie die unterschiedlichen Breiten bei Felgenbetten und die Entsprechung zwischen Zoll und Millimeter.","breadcrumb":{"@id":"https:\/\/madin.fr\/largeur-des-voiles\/#breadcrumb"},"inLanguage":"de","potentialAction":[{"@type":"ReadAction","target":["https:\/\/madin.fr\/largeur-des-voiles\/"]}]},{"@type":"ImageObject","inLanguage":"de","@id":"https:\/\/madin.fr\/largeur-des-voiles\/#primaryimage","url":"https:\/\/madin.fr\/wp-content\/uploads\/2021\/09\/largeur-couronnes-page-001-724x1024.jpg","contentUrl":"https:\/\/madin.fr\/wp-content\/uploads\/2021\/09\/largeur-couronnes-page-001-724x1024.jpg"},{"@type":"BreadcrumbList","@id":"https:\/\/madin.fr\/largeur-des-voiles\/#breadcrumb","itemListElement":[{"@type":"ListItem","position":1,"name":"Accueil","item":"https:\/\/madin.fr\/"},{"@type":"ListItem","position":2,"name":"Largeur des voiles Mad In"}]},{"@type":"WebSite","@id":"https:\/\/madin.fr\/#website","url":"https:\/\/madin.fr\/","name":"Mad In - Felgen nach Ma\u00df","description":"","publisher":{"@id":"https:\/\/madin.fr\/#organization"},"potentialAction":[{"@type":"SearchAction","target":{"@type":"EntryPoint","urlTemplate":"https:\/\/madin.fr\/?s={search_term_string}"},"query-input":{"@type":"PropertyValueSpecification","valueRequired":true,"valueName":"search_term_string"}}],"inLanguage":"de"},{"@type":"Organization","@id":"https:\/\/madin.fr\/#organization","name":"Mad In","url":"https:\/\/madin.fr\/","logo":{"@type":"ImageObject","inLanguage":"de","@id":"https:\/\/madin.fr\/#\/schema\/logo\/image\/","url":"https:\/\/madin.fr\/wp-content\/uploads\/2021\/09\/Madin-logo-carre-bis-bis-bis.png","contentUrl":"https:\/\/madin.fr\/wp-content\/uploads\/2021\/09\/Madin-logo-carre-bis-bis-bis.png","width":512,"height":507,"caption":"Mad In"},"image":{"@id":"https:\/\/madin.fr\/#\/schema\/logo\/image\/"},"sameAs":["https:\/\/www.facebook.com\/madin.wheels\/","https:\/\/www.instagram.com\/madinwheels\/"]}]}},"jetpack_sharing_enabled":true,"_links":{"self":[{"href":"https:\/\/madin.fr\/de\/wp-json\/wp\/v2\/pages\/2468","targetHints":{"allow":["GET"]}}],"collection":[{"href":"https:\/\/madin.fr\/de\/wp-json\/wp\/v2\/pages"}],"about":[{"href":"https:\/\/madin.fr\/de\/wp-json\/wp\/v2\/types\/page"}],"author":[{"embeddable":true,"href":"https:\/\/madin.fr\/de\/wp-json\/wp\/v2\/users\/1"}],"replies":[{"embeddable":true,"href":"https:\/\/madin.fr\/de\/wp-json\/wp\/v2\/comments?post=2468"}],"version-history":[{"count":4,"href":"https:\/\/madin.fr\/de\/wp-json\/wp\/v2\/pages\/2468\/revisions"}],"predecessor-version":[{"id":5244,"href":"https:\/\/madin.fr\/de\/wp-json\/wp\/v2\/pages\/2468\/revisions\/5244"}],"wp:attachment":[{"href":"https:\/\/madin.fr\/de\/wp-json\/wp\/v2\/media?parent=2468"}],"curies":[{"name":"wp","href":"https:\/\/api.w.org\/{rel}","templated":true}]}}