{"id":2543,"date":"2021-09-17T13:01:36","date_gmt":"2021-09-17T11:01:36","guid":{"rendered":"https:\/\/madinjantessurmesur.live-website.com\/?page_id=2543"},"modified":"2025-10-02T11:34:21","modified_gmt":"2025-10-02T09:34:21","slug":"nos-jantes","status":"publish","type":"page","link":"https:\/\/madin.fr\/de\/online-shop\/unsere-felgen\/","title":{"rendered":"Unsere Felgen"},"content":{"rendered":"<style>.wp-block-kadence-spacer.kt-block-spacer-2543_fc387c-5b .kt-block-spacer{height:60px;}.wp-block-kadence-spacer.kt-block-spacer-2543_fc387c-5b .kt-divider{border-top-width:1px;height:1px;border-top-color:#eee;width:80%;border-top-style:solid;}<\/style>\n<div class=\"wp-block-kadence-spacer aligncenter kt-block-spacer-2543_fc387c-5b\"><div class=\"kt-block-spacer kt-block-spacer-halign-center\"><hr class=\"kt-divider\"\/><\/div><\/div>\n\n\n\n<p class=\"has-neve-link-color-color has-text-color has-link-color has-x-large-font-size wp-elements-d3dd0314efa98fdbbd23a2ab8ed57228\"><strong>Unsere Felgen<\/strong><\/p>\n\n\n<style>.wp-block-kadence-spacer.kt-block-spacer-2543_c3da74-bf .kt-block-spacer{height:60px;}.wp-block-kadence-spacer.kt-block-spacer-2543_c3da74-bf .kt-divider{border-top-width:1px;height:1px;border-top-color:#eee;width:80%;border-top-style:solid;}<\/style>\n<div class=\"wp-block-kadence-spacer aligncenter kt-block-spacer-2543_c3da74-bf\"><div class=\"kt-block-spacer kt-block-spacer-halign-center\"><hr class=\"kt-divider\"\/><\/div><\/div>\n\n\n<style>.wp-block-kadence-advancedgallery .kb-gallery-type-grid.kb-gallery-id-2543_d6ced6-18{margin:-5px;}.kb-gallery-type-grid.kb-gallery-id-2543_d6ced6-18 .kadence-blocks-gallery-item{padding:5px;}.kb-gallery-id-2543_d6ced6-18 .kadence-blocks-gallery-item .kb-gal-image-radius, .kb-gallery-id-2543_d6ced6-18 .kb-slide-item .kb-gal-image-radius img{border-radius:0px 0px 0px 0px;;}.kb-gallery-id-2543_d6ced6-18 .kadence-blocks-gallery-item .kadence-blocks-gallery-item-inner .kadence-blocks-gallery-item__caption{font-size:40px;line-height:82px;}.kb-gallery-caption-style-bottom.kb-gallery-id-2543_d6ced6-18 .kadence-blocks-gallery-item .kadence-blocks-gallery-item-inner .kadence-blocks-gallery-item__caption, .kb-gallery-caption-style-bottom-hover.kb-gallery-id-2543_d6ced6-18 .kadence-blocks-gallery-item .kadence-blocks-gallery-item-inner .kadence-blocks-gallery-item__caption{background:linear-gradient(0deg, var(--nv-text-color) 0, rgba(0, 0, 0, 0) 100%);}<\/style><div class=\"kb-gallery-wrap-id-2543_d6ced6-18 alignnone wp-block-kadence-advancedgallery\"><ul class=\"kb-gallery-ul kb-gallery-non-static kb-gallery-type-grid kb-gallery-id-2543_d6ced6-18 kb-gallery-caption-style-bottom-hover kb-gallery-filter-none\" data-image-filter=\"none\" data-item-selector=\".kadence-blocks-gallery-item\" data-lightbox-caption=\"true\" data-columns-xxl=\"2\" data-columns-xl=\"2\" data-columns-md=\"2\" data-columns-sm=\"2\" data-columns-xs=\"1\" data-columns-ss=\"1\"><li class=\"kadence-blocks-gallery-item\"><div class=\"kadence-blocks-gallery-item-inner\"><figure class=\"kb-gallery-figure kb-gallery-item-has-link kadence-blocks-gallery-item-has-caption\"><a href=\"https:\/\/madin.fr\/de\/online-shop\/unsere-felgen\/vintage-felgen\/\" class=\"kb-gallery-item-link\"  ><div class=\"kb-gal-image-radius\"><div class=\"kb-gallery-image-contain kadence-blocks-gallery-intrinsic kb-gallery-image-ratio-square kb-has-image-ratio-square\" ><img fetchpriority=\"high\" decoding=\"async\" src=\"https:\/\/madin.fr\/wp-content\/uploads\/2021\/09\/1C_jaune-1024x683.jpg\" width=\"1024\" height=\"683\" alt=\"jante jaune pour alpine a110 berlinette\" data-full-image=\"https:\/\/madin.fr\/wp-content\/uploads\/2021\/09\/1C_jaune-scaled.jpg\" data-light-image=\"https:\/\/madin.fr\/wp-content\/uploads\/2021\/09\/1C_jaune-scaled.jpg\" data-id=\"4585\" class=\"wp-image-4585\" srcset=\"https:\/\/madin.fr\/wp-content\/uploads\/2021\/09\/1C_jaune-1024x683.jpg 1024w, https:\/\/madin.fr\/wp-content\/uploads\/2021\/09\/1C_jaune-300x200.jpg 300w, https:\/\/madin.fr\/wp-content\/uploads\/2021\/09\/1C_jaune-768x512.jpg 768w, https:\/\/madin.fr\/wp-content\/uploads\/2021\/09\/1C_jaune-1536x1024.jpg 1536w, https:\/\/madin.fr\/wp-content\/uploads\/2021\/09\/1C_jaune-2048x1365.jpg 2048w, https:\/\/madin.fr\/wp-content\/uploads\/2021\/09\/1C_jaune-18x12.jpg 18w, https:\/\/madin.fr\/wp-content\/uploads\/2021\/09\/1C_jaune-930x620.jpg 930w, https:\/\/madin.fr\/wp-content\/uploads\/2021\/09\/1C_jaune-600x400.jpg 600w\" sizes=\"(max-width: 1024px) 100vw, 1024px\" \/><\/div><div class=\"kadence-blocks-gallery-item__caption\">Vintage Felgen<\/div><\/div><\/a><\/figure><\/div><\/li><li class=\"kadence-blocks-gallery-item\"><div class=\"kadence-blocks-gallery-item-inner\"><figure class=\"kb-gallery-figure kb-gallery-item-has-link kadence-blocks-gallery-item-has-caption\"><a href=\"https:\/\/madin.fr\/de\/online-shop\/unsere-felgen\/schmiedefelgen-nach-mass\/\" class=\"kb-gallery-item-link\"  ><div class=\"kb-gal-image-radius\"><div class=\"kb-gallery-image-contain kadence-blocks-gallery-intrinsic kb-gallery-image-ratio-square kb-has-image-ratio-square\" ><img decoding=\"async\" src=\"https:\/\/madin.fr\/wp-content\/uploads\/2021\/09\/DSCF4403-5200k-contraste-redim-carre.jpg\" width=\"1024\" height=\"1024\" alt=\"\" data-full-image=\"https:\/\/madin.fr\/wp-content\/uploads\/2021\/09\/DSCF4403-5200k-contraste-redim-carre.jpg\" data-light-image=\"https:\/\/madin.fr\/wp-content\/uploads\/2021\/09\/DSCF4403-5200k-contraste-redim-carre.jpg\" data-id=\"4287\" class=\"wp-image-4287\" srcset=\"https:\/\/madin.fr\/wp-content\/uploads\/2021\/09\/DSCF4403-5200k-contraste-redim-carre.jpg 1024w, https:\/\/madin.fr\/wp-content\/uploads\/2021\/09\/DSCF4403-5200k-contraste-redim-carre-300x300.jpg 300w, https:\/\/madin.fr\/wp-content\/uploads\/2021\/09\/DSCF4403-5200k-contraste-redim-carre-150x150.jpg 150w, https:\/\/madin.fr\/wp-content\/uploads\/2021\/09\/DSCF4403-5200k-contraste-redim-carre-768x768.jpg 768w, https:\/\/madin.fr\/wp-content\/uploads\/2021\/09\/DSCF4403-5200k-contraste-redim-carre-12x12.jpg 12w, https:\/\/madin.fr\/wp-content\/uploads\/2021\/09\/DSCF4403-5200k-contraste-redim-carre-600x600.jpg 600w, https:\/\/madin.fr\/wp-content\/uploads\/2021\/09\/DSCF4403-5200k-contraste-redim-carre-100x100.jpg 100w\" sizes=\"(max-width: 1024px) 100vw, 1024px\" \/><\/div><div class=\"kadence-blocks-gallery-item__caption\">Schmiedefelgen<\/div><\/div><\/a><\/figure><\/div><\/li><\/ul><\/div>\n\n<style>.wp-block-kadence-spacer.kt-block-spacer-2543_e4489c-27 .kt-block-spacer{height:60px;}.wp-block-kadence-spacer.kt-block-spacer-2543_e4489c-27 .kt-divider{border-top-width:1px;height:1px;border-top-color:#eee;width:80%;border-top-style:solid;}<\/style>\n<div class=\"wp-block-kadence-spacer aligncenter kt-block-spacer-2543_e4489c-27\"><div class=\"kt-block-spacer kt-block-spacer-halign-center\"><hr class=\"kt-divider\"\/><\/div><\/div>\n\n\n\n<p>In einer Welt, in der Fahrzeuge immer mehr standardisiert und sehr langweilig wirken, gibt es nur wenige M\u00f6glichkeiten, <strong>sein Fahrzeug individuell zu gestalten.<\/strong> <\/p>\n\n\n\n<p>F\u00fcr diejenigen, die sich von der Masse abheben und ein Auto haben wollen, das ein Abbild Ihrer Pers\u00f6nlichkeit ist, gibt es eine M\u00f6glichkeit: <strong>Felgen nach Ma\u00df von hoher Qualit\u00e4t.<\/strong> <\/p>\n\n\n\n<p>Diesem Ziel f\u00fchlen wir uns verpflichtet: Wir m\u00f6chten jedem, ob Nostalgiker oder Vision\u00e4r, die M\u00f6glichkeit geben, seinem Fahrzeug und seinem Alltag einen Hauch von <strong>Originalit\u00e4t zu verleihen.<\/strong><\/p>\n\n\n\n<p class=\"translation-block\">Ob es darum geht, mit unserer <a href=\"https:\/\/madinjantessurmesur.live-website.com\/nos-jantes\/jantes-historiques\/\" data-type=\"page\" data-id=\"1491\" target=\"_self\">historischen Reihe<\/a> an eine Tradition von Stil und Originalit\u00e4t anzukn\u00fcpfen, die bis zu den gro\u00dfen Rennjahren der 70er und 80er Jahre zur\u00fcckreicht, oder mit radikalen Innovationen bei <a href=\"https:\/\/madinjantessurmesur.live-website.com\/nos-jantes\/jantes-forgees-sur-mesure\/\" data-type=\"page\" data-id=\"40\" target=\"_self\">Schmiedefelgen<\/a>, Einzigartigkeit und Prestige zu erreichen - unsere Kunden sind alle begeistert von dem Mad In Touch, der ihr Fahrzeug veredelt.<\/p>\n\n\n\n<p><\/p>\n\n\n\n<p>Wenn Sie Felgen f\u00fcr Ihr Sportfahrzeug suchen: Porsche, Alpine, Ferrari, Nissan\u2026, oder Felgen f\u00fcr historische Sportwagen: R8 Gordini, Dauphine, R5 Turbo, R5 Alpine, R12, 2CV, Berlinette, Simca, Alfa GTV6, Opel Kadett, Ford Escort RS2000, Peugeot 205, Matra Djet, Lancia Delta, Marcadier\u2026 Wir haben Felgen f\u00fcr alle Fahrzeuge und jeden Geschmack unter den obigen Links.<\/p>\n\n\n\n<p>Da unsere Felgen nach Ma\u00df gefertigt werden, werden Sie auch f\u00fcndig, wenn Sie Felgen f\u00fcr Beiwagen, f\u00fcr Motorr\u00e4der, f\u00fcr Formel (Formel Ford, Formel Renault etc.), f\u00fcr Einsitzer (Norma , Tatuus, Van Diemen, Mygale, Martini, PRM, BRC, Grac, Osella) oder sogar Felgen f\u00fcr Ihren Prototypen suchen.<\/p>\n\n\n\n<p>Wenn Sie sich nicht sicher sind, welche Felgen f\u00fcr Ihr Fahrzeug geeignet sind, z\u00f6gern Sie nicht, uns zu kontaktieren: Wir geben Ihnen personalisierte Beratung zu Ihren personalisierten Felgen \ud83d\ude09<\/p>\n\n\n\n<div class=\"wp-block-buttons is-content-justification-center is-layout-flex wp-container-core-buttons-is-layout-16018d1d wp-block-buttons-is-layout-flex\">\n<div class=\"wp-block-button has-custom-width wp-block-button__width-25 is-style-default\"><a class=\"wp-block-button__link has-nv-site-bg-color has-neve-link-color-background-color has-text-color has-background has-link-color wp-element-button\" href=\"https:\/\/madin.fr\/de\/kontakt\/\">Kontakt<\/a><\/div>\n<\/div>\n\n\n\n<p><\/p>","protected":false},"excerpt":{"rendered":"<p>NOS JANTES Dans un monde o\u00f9 les v\u00e9hicules sont de plus en plus standardis\u00e9s et parfois, il faut le dire, fades, les possibilit\u00e9s de personnaliser son v\u00e9hicule sont peu nombreuses. A ceux qui veulent se d\u00e9marquer et avoir la voiture qu&rsquo;ils veulent vraiment, s&rsquo;offre une possibilit\u00e9 : avoir des roues sur-mesure, de haute qualit\u00e9. C&rsquo;est&hellip;&nbsp;<a href=\"https:\/\/madin.fr\/de\/online-shop\/unsere-felgen\/\" rel=\"bookmark\">Weiterlesen &raquo;<span class=\"screen-reader-text\">Unsere Felgen<\/span><\/a><\/p>","protected":false},"author":1,"featured_media":0,"parent":3855,"menu_order":0,"comment_status":"closed","ping_status":"closed","template":"","meta":{"_monsterinsights_skip_tracking":false,"_monsterinsights_sitenote_active":false,"_monsterinsights_sitenote_note":"","_monsterinsights_sitenote_category":0,"neve_meta_sidebar":"","neve_meta_container":"","neve_meta_enable_content_width":"on","neve_meta_content_width":66,"neve_meta_title_alignment":"","neve_meta_author_avatar":"","neve_post_elements_order":"","neve_meta_disable_header":"","neve_meta_disable_footer":"","neve_meta_disable_title":"on","_themeisle_gutenberg_block_has_review":false,"footnotes":""},"class_list":["post-2543","page","type-page","status-publish","hentry"],"yoast_head":"<!-- This site is optimized with the Yoast SEO plugin v27.4 - https:\/\/yoast.com\/product\/yoast-seo-wordpress\/ -->\n<title>Nos jantes - Mad In - Jantes sur-mesure<\/title>\n<meta name=\"description\" content=\"Jantes d\u00e9montables, 3 parties et sur-mesure. Jantes en aluminium moul\u00e9 ou forg\u00e9. Voiles de jantes en aluminium ou inox.\" \/>\n<meta name=\"robots\" content=\"index, follow, max-snippet:-1, max-image-preview:large, max-video-preview:-1\" \/>\n<link rel=\"canonical\" href=\"https:\/\/madin.fr\/de\/online-shop\/unsere-felgen\/\" \/>\n<meta property=\"og:locale\" content=\"de_DE\" \/>\n<meta property=\"og:type\" content=\"article\" \/>\n<meta property=\"og:title\" content=\"Nos jantes - Mad In - Jantes sur-mesure\" \/>\n<meta property=\"og:description\" content=\"Jantes d\u00e9montables, 3 parties et sur-mesure. Jantes en aluminium moul\u00e9 ou forg\u00e9. Voiles de jantes en aluminium ou inox.\" \/>\n<meta property=\"og:url\" content=\"https:\/\/madin.fr\/de\/online-shop\/unsere-felgen\/\" \/>\n<meta property=\"og:site_name\" content=\"Mad In - Jantes sur-mesure\" \/>\n<meta property=\"article:publisher\" content=\"https:\/\/www.facebook.com\/madin.wheels\/\" \/>\n<meta property=\"article:modified_time\" content=\"2025-10-02T09:34:21+00:00\" \/>\n<meta name=\"twitter:card\" content=\"summary_large_image\" \/>\n<meta name=\"twitter:label1\" content=\"Gesch\u00e4tzte Lesezeit\" \/>\n\t<meta name=\"twitter:data1\" content=\"2\u00a0Minuten\" \/>\n<script type=\"application\/ld+json\" class=\"yoast-schema-graph\">{\"@context\":\"https:\\\/\\\/schema.org\",\"@graph\":[{\"@type\":\"WebPage\",\"@id\":\"https:\\\/\\\/madin.fr\\\/boutique\\\/nos-jantes\\\/\",\"url\":\"https:\\\/\\\/madin.fr\\\/boutique\\\/nos-jantes\\\/\",\"name\":\"Nos jantes - Mad In - Jantes sur-mesure\",\"isPartOf\":{\"@id\":\"https:\\\/\\\/madin.fr\\\/#website\"},\"datePublished\":\"2021-09-17T11:01:36+00:00\",\"dateModified\":\"2025-10-02T09:34:21+00:00\",\"description\":\"Jantes d\u00e9montables, 3 parties et sur-mesure. Jantes en aluminium moul\u00e9 ou forg\u00e9. Voiles de jantes en aluminium ou inox.\",\"breadcrumb\":{\"@id\":\"https:\\\/\\\/madin.fr\\\/boutique\\\/nos-jantes\\\/#breadcrumb\"},\"inLanguage\":\"de\",\"potentialAction\":[{\"@type\":\"ReadAction\",\"target\":[\"https:\\\/\\\/madin.fr\\\/boutique\\\/nos-jantes\\\/\"]}]},{\"@type\":\"BreadcrumbList\",\"@id\":\"https:\\\/\\\/madin.fr\\\/boutique\\\/nos-jantes\\\/#breadcrumb\",\"itemListElement\":[{\"@type\":\"ListItem\",\"position\":1,\"name\":\"Accueil\",\"item\":\"https:\\\/\\\/madin.fr\\\/\"},{\"@type\":\"ListItem\",\"position\":2,\"name\":\"LA BOUTIQUE\",\"item\":\"https:\\\/\\\/madin.fr\\\/boutique\\\/\"},{\"@type\":\"ListItem\",\"position\":3,\"name\":\"Nos jantes\"}]},{\"@type\":\"WebSite\",\"@id\":\"https:\\\/\\\/madin.fr\\\/#website\",\"url\":\"https:\\\/\\\/madin.fr\\\/\",\"name\":\"Mad In - Jantes sur-mesure\",\"description\":\"\",\"publisher\":{\"@id\":\"https:\\\/\\\/madin.fr\\\/#organization\"},\"potentialAction\":[{\"@type\":\"SearchAction\",\"target\":{\"@type\":\"EntryPoint\",\"urlTemplate\":\"https:\\\/\\\/madin.fr\\\/?s={search_term_string}\"},\"query-input\":{\"@type\":\"PropertyValueSpecification\",\"valueRequired\":true,\"valueName\":\"search_term_string\"}}],\"inLanguage\":\"de\"},{\"@type\":\"Organization\",\"@id\":\"https:\\\/\\\/madin.fr\\\/#organization\",\"name\":\"Mad In\",\"url\":\"https:\\\/\\\/madin.fr\\\/\",\"logo\":{\"@type\":\"ImageObject\",\"inLanguage\":\"de\",\"@id\":\"https:\\\/\\\/madin.fr\\\/#\\\/schema\\\/logo\\\/image\\\/\",\"url\":\"https:\\\/\\\/madin.fr\\\/wp-content\\\/uploads\\\/2021\\\/09\\\/Madin-logo-carre-bis-bis-bis.png\",\"contentUrl\":\"https:\\\/\\\/madin.fr\\\/wp-content\\\/uploads\\\/2021\\\/09\\\/Madin-logo-carre-bis-bis-bis.png\",\"width\":512,\"height\":507,\"caption\":\"Mad In\"},\"image\":{\"@id\":\"https:\\\/\\\/madin.fr\\\/#\\\/schema\\\/logo\\\/image\\\/\"},\"sameAs\":[\"https:\\\/\\\/www.facebook.com\\\/madin.wheels\\\/\",\"https:\\\/\\\/www.instagram.com\\\/madinwheels\\\/\"]}]}<\/script>\n<!-- \/ Yoast SEO plugin. -->","yoast_head_json":{"title":"Mad In - Unsere Felgen - Felgen nach Ma\u00df","description":"Entdecke unsere Felgen. Dreiteilige Felgen nach Ma\u00df. Guss- oder Schmiedefelgen.","robots":{"index":"index","follow":"follow","max-snippet":"max-snippet:-1","max-image-preview":"max-image-preview:large","max-video-preview":"max-video-preview:-1"},"canonical":"https:\/\/madin.fr\/de\/online-shop\/unsere-felgen\/","og_locale":"de_DE","og_type":"article","og_title":"Nos jantes - Mad In - Jantes sur-mesure","og_description":"Jantes d\u00e9montables, 3 parties et sur-mesure. Jantes en aluminium moul\u00e9 ou forg\u00e9. Voiles de jantes en aluminium ou inox.","og_url":"https:\/\/madin.fr\/de\/online-shop\/unsere-felgen\/","og_site_name":"Mad In - Jantes sur-mesure","article_publisher":"https:\/\/www.facebook.com\/madin.wheels\/","article_modified_time":"2025-10-02T09:34:21+00:00","twitter_card":"summary_large_image","twitter_misc":{"Gesch\u00e4tzte Lesezeit":"2\u00a0Minuten"},"schema":{"@context":"https:\/\/schema.org","@graph":[{"@type":"WebPage","@id":"https:\/\/madin.fr\/boutique\/nos-jantes\/","url":"https:\/\/madin.fr\/boutique\/nos-jantes\/","name":"Mad In - Unsere Felgen - Felgen nach Ma\u00df","isPartOf":{"@id":"https:\/\/madin.fr\/#website"},"datePublished":"2021-09-17T11:01:36+00:00","dateModified":"2025-10-02T09:34:21+00:00","description":"Entdecke unsere Felgen. Dreiteilige Felgen nach Ma\u00df. Guss- oder Schmiedefelgen.","breadcrumb":{"@id":"https:\/\/madin.fr\/boutique\/nos-jantes\/#breadcrumb"},"inLanguage":"de","potentialAction":[{"@type":"ReadAction","target":["https:\/\/madin.fr\/boutique\/nos-jantes\/"]}]},{"@type":"BreadcrumbList","@id":"https:\/\/madin.fr\/boutique\/nos-jantes\/#breadcrumb","itemListElement":[{"@type":"ListItem","position":1,"name":"Accueil","item":"https:\/\/madin.fr\/"},{"@type":"ListItem","position":2,"name":"LA BOUTIQUE","item":"https:\/\/madin.fr\/boutique\/"},{"@type":"ListItem","position":3,"name":"Nos jantes"}]},{"@type":"WebSite","@id":"https:\/\/madin.fr\/#website","url":"https:\/\/madin.fr\/","name":"Mad In - Felgen nach Ma\u00df","description":"","publisher":{"@id":"https:\/\/madin.fr\/#organization"},"potentialAction":[{"@type":"SearchAction","target":{"@type":"EntryPoint","urlTemplate":"https:\/\/madin.fr\/?s={search_term_string}"},"query-input":{"@type":"PropertyValueSpecification","valueRequired":true,"valueName":"search_term_string"}}],"inLanguage":"de"},{"@type":"Organization","@id":"https:\/\/madin.fr\/#organization","name":"Mad In","url":"https:\/\/madin.fr\/","logo":{"@type":"ImageObject","inLanguage":"de","@id":"https:\/\/madin.fr\/#\/schema\/logo\/image\/","url":"https:\/\/madin.fr\/wp-content\/uploads\/2021\/09\/Madin-logo-carre-bis-bis-bis.png","contentUrl":"https:\/\/madin.fr\/wp-content\/uploads\/2021\/09\/Madin-logo-carre-bis-bis-bis.png","width":512,"height":507,"caption":"Mad In"},"image":{"@id":"https:\/\/madin.fr\/#\/schema\/logo\/image\/"},"sameAs":["https:\/\/www.facebook.com\/madin.wheels\/","https:\/\/www.instagram.com\/madinwheels\/"]}]}},"jetpack_sharing_enabled":true,"_links":{"self":[{"href":"https:\/\/madin.fr\/de\/wp-json\/wp\/v2\/pages\/2543","targetHints":{"allow":["GET"]}}],"collection":[{"href":"https:\/\/madin.fr\/de\/wp-json\/wp\/v2\/pages"}],"about":[{"href":"https:\/\/madin.fr\/de\/wp-json\/wp\/v2\/types\/page"}],"author":[{"embeddable":true,"href":"https:\/\/madin.fr\/de\/wp-json\/wp\/v2\/users\/1"}],"replies":[{"embeddable":true,"href":"https:\/\/madin.fr\/de\/wp-json\/wp\/v2\/comments?post=2543"}],"version-history":[{"count":14,"href":"https:\/\/madin.fr\/de\/wp-json\/wp\/v2\/pages\/2543\/revisions"}],"predecessor-version":[{"id":5230,"href":"https:\/\/madin.fr\/de\/wp-json\/wp\/v2\/pages\/2543\/revisions\/5230"}],"up":[{"embeddable":true,"href":"https:\/\/madin.fr\/de\/wp-json\/wp\/v2\/pages\/3855"}],"wp:attachment":[{"href":"https:\/\/madin.fr\/de\/wp-json\/wp\/v2\/media?parent=2543"}],"curies":[{"name":"wp","href":"https:\/\/api.w.org\/{rel}","templated":true}]}}