{"id":2555,"date":"2021-09-17T14:19:41","date_gmt":"2021-09-17T12:19:41","guid":{"rendered":"https:\/\/madinjantessurmesur.live-website.com\/?page_id=2555"},"modified":"2025-10-02T10:17:47","modified_gmt":"2025-10-02T08:17:47","slug":"jantes-deport-et","status":"publish","type":"page","link":"https:\/\/madin.fr\/de\/mehrteilige-felgen\/felgen-einpresstiefe\/","title":{"rendered":"Le d\u00e9port et l&rsquo;ET"},"content":{"rendered":"<style>.wp-block-kadence-spacer.kt-block-spacer-2555_7af6aa-78 .kt-block-spacer{height:100px;}.wp-block-kadence-spacer.kt-block-spacer-2555_7af6aa-78 .kt-divider{border-top-width:1px;height:1px;border-top-color:#eee;width:80%;border-top-style:solid;}<\/style>\n<div class=\"wp-block-kadence-spacer aligncenter kt-block-spacer-2555_7af6aa-78\"><div class=\"kt-block-spacer kt-block-spacer-halign-center\"><hr class=\"kt-divider\"\/><\/div><\/div>\n\n\n\n<p class=\"has-neve-link-color-color has-text-color has-link-color has-x-large-font-size wp-elements-8ad5394633e0bdffb1927e0e32cc5f79\"><strong>Einpresstiefe<\/strong><\/p>\n\n\n<style>.wp-block-kadence-spacer.kt-block-spacer-2555_53cb2b-e2 .kt-block-spacer{height:60px;}.wp-block-kadence-spacer.kt-block-spacer-2555_53cb2b-e2 .kt-divider{border-top-width:1px;height:1px;width:80%;border-top-style:solid;}<\/style>\n<div class=\"wp-block-kadence-spacer aligncenter kt-block-spacer-2555_53cb2b-e2\"><div class=\"kt-block-spacer kt-block-spacer-halign-center\"><hr class=\"kt-divider\"\/><\/div><\/div>\n\n\n\n<figure class=\"wp-block-image size-large\"><img fetchpriority=\"high\" decoding=\"async\" width=\"1024\" height=\"579\" src=\"https:\/\/madin.fr\/wp-content\/uploads\/2021\/09\/deport-et-ET-jante-1024x579.png\" alt=\"\" class=\"wp-image-2782\" srcset=\"https:\/\/madin.fr\/wp-content\/uploads\/2021\/09\/deport-et-ET-jante-1024x579.png 1024w, https:\/\/madin.fr\/wp-content\/uploads\/2021\/09\/deport-et-ET-jante-300x169.png 300w, https:\/\/madin.fr\/wp-content\/uploads\/2021\/09\/deport-et-ET-jante-768x434.png 768w, https:\/\/madin.fr\/wp-content\/uploads\/2021\/09\/deport-et-ET-jante-600x339.png 600w, https:\/\/madin.fr\/wp-content\/uploads\/2021\/09\/deport-et-ET-jante.png 1062w\" sizes=\"(max-width: 1024px) 100vw, 1024px\" \/><figcaption class=\"wp-element-caption\">Schema zur Erkl\u00e4rung der Einpresstiefe<\/figcaption><\/figure>\n\n\n\n<h2 class=\"wp-block-heading\" id=\"et-d-une-jante\">Einpresstiefe einer Felge<\/h2>\n\n\n<p align=\"justify\">Die Einpresstiefe stellt den <strong>Abstand von der Felgenmitte bis zur Auflagefl\u00e4che des Felgensterns <\/strong>an der Radnabe dar.<\/p>\n<p align=\"justify\">Eine Felge mit einem d\u00fcnnem Au\u00dfenbett hat in der Regel eine positive Einpresstiefe.<\/p>\n<p align=\"justify\" class=\"translation-block\">Hingegen, eine Felge mit einem breiten Au\u00dfenbett hat in der Regel eine <strong>negative Einpresstiefe<\/strong>.<\/p>\n\n\n<h2 class=\"wp-block-heading\" id=\"deport-d-une-jante\">Distanz zum Felgenrand<\/h2>\n\n\n<p align=\"justify\">Das <strong>Einpresstiefe <\/strong>ist eine sehr n\u00fctzliche Information um die <strong>Einbaum\u00f6glichkeiten<\/strong> an Ihrem Auto klarzustellen. Diese wird von der Auflagefl\u00e4che des Felgensterns bis zum Innen oder Aussenrand der Felge bemessen.<\/p>\n\n\n<h2 class=\"wp-block-heading\" id=\"puis-je-avoir-des-jantes-a-deport\">Kann ich auf meinem Auto Felgen mit einer negativen Einpresstiefe montieren ?<\/h2>\n\n\n<p align=\"justify\">Diese h\u00e4ngt stark von Ihrem Auto und vom vorhandenen Platz in den Radk\u00e4sten. <strong>Unsere Berater<\/strong> helfen Ihnen dabei gerne, dieses zu bestimmen.  Dank unserer Jahrzentelangen Erfahrung sind wir mit den technischen Daten vielen Autos vertraut : Alpine A110, A310, R8 Gordini, R5, Simca usw. Sie finden Informationen \u00fcber viele der Wagen die wir am \u00f6ftesten austatten, <a href=\"https:\/\/madin.fr\/de\/lochkreis-mittenlochdurchmesser-felgen\/\">auf dieser Seite finden<\/a>.&nbsp;<\/p>\n\n\n<p>Sie k\u00f6nnen auch dieses <a href=\"https:\/\/madin.fr\/de\/felgen-messen\/\" data-type=\"page\" data-id=\"2443\">Dokument<\/a> nutzen, um den vorhandenen Platz bei Ihren Radk\u00e4sten zu bestimmen. <\/p>\n\n\n\n<p><\/p>","protected":false},"excerpt":{"rendered":"<p>LE DEPORT ET L&rsquo;ET ET d&rsquo;une jante Contrairement \u00e0 l&rsquo;opinion r\u00e9pandue, l&rsquo;ET ne constitue pas la profondeur (ou l&rsquo;enfoncement) du voile ext\u00e9rieur de la jante. L&rsquo;ET repr\u00e9sente la distance entre le milieu de la jante \u00e0 la surface d&rsquo;appui de la partie centrale sur le moyeu du v\u00e9hicule. Ainsi, une jante avec un voile ext\u00e9rieur&hellip;&nbsp;<a href=\"https:\/\/madin.fr\/de\/mehrteilige-felgen\/felgen-einpresstiefe\/\" rel=\"bookmark\">Weiterlesen &raquo;<span class=\"screen-reader-text\">Le d\u00e9port et l&rsquo;ET<\/span><\/a><\/p>","protected":false},"author":1,"featured_media":0,"parent":2551,"menu_order":0,"comment_status":"closed","ping_status":"closed","template":"","meta":{"_monsterinsights_skip_tracking":false,"_monsterinsights_sitenote_active":false,"_monsterinsights_sitenote_note":"","_monsterinsights_sitenote_category":0,"neve_meta_sidebar":"","neve_meta_container":"","neve_meta_enable_content_width":"on","neve_meta_content_width":66,"neve_meta_title_alignment":"","neve_meta_author_avatar":"","neve_post_elements_order":"","neve_meta_disable_header":"","neve_meta_disable_footer":"","neve_meta_disable_title":"on","_themeisle_gutenberg_block_has_review":false,"footnotes":""},"class_list":["post-2555","page","type-page","status-publish","hentry"],"yoast_head":"<!-- This site is optimized with the Yoast SEO plugin v27.4 - https:\/\/yoast.com\/product\/yoast-seo-wordpress\/ -->\n<title>Le d\u00e9port et l&#039;ET - Mad In - Jantes sur-mesure<\/title>\n<meta name=\"description\" content=\"D\u00e9couvrez quelle est la diff\u00e9rence entre l&#039;ET et le d\u00e9port d&#039;une jante. Pour savoir quel d\u00e9port et quel ET sont possibles sur votre voiture, nos conseillers sont l\u00e0.\" \/>\n<meta name=\"robots\" content=\"index, follow, max-snippet:-1, max-image-preview:large, max-video-preview:-1\" \/>\n<link rel=\"canonical\" href=\"https:\/\/madin.fr\/de\/mehrteilige-felgen\/felgen-einpresstiefe\/\" \/>\n<meta property=\"og:locale\" content=\"de_DE\" \/>\n<meta property=\"og:type\" content=\"article\" \/>\n<meta property=\"og:title\" content=\"Le d\u00e9port et l&#039;ET - Mad In - Jantes sur-mesure\" \/>\n<meta property=\"og:description\" content=\"D\u00e9couvrez quelle est la diff\u00e9rence entre l&#039;ET et le d\u00e9port d&#039;une jante. Pour savoir quel d\u00e9port et quel ET sont possibles sur votre voiture, nos conseillers sont l\u00e0.\" \/>\n<meta property=\"og:url\" content=\"https:\/\/madin.fr\/de\/mehrteilige-felgen\/felgen-einpresstiefe\/\" \/>\n<meta property=\"og:site_name\" content=\"Mad In - Jantes sur-mesure\" \/>\n<meta property=\"article:publisher\" content=\"https:\/\/www.facebook.com\/madin.wheels\/\" \/>\n<meta property=\"article:modified_time\" content=\"2025-10-02T08:17:47+00:00\" \/>\n<meta property=\"og:image\" content=\"https:\/\/madin.fr\/wp-content\/uploads\/2021\/09\/deport-et-ET-jante.png\" \/>\n\t<meta property=\"og:image:width\" content=\"1062\" \/>\n\t<meta property=\"og:image:height\" content=\"600\" \/>\n\t<meta property=\"og:image:type\" content=\"image\/png\" \/>\n<meta name=\"twitter:card\" content=\"summary_large_image\" \/>\n<meta name=\"twitter:label1\" content=\"Gesch\u00e4tzte Lesezeit\" \/>\n\t<meta name=\"twitter:data1\" content=\"2\u00a0Minuten\" \/>\n<script type=\"application\/ld+json\" class=\"yoast-schema-graph\">{\"@context\":\"https:\\\/\\\/schema.org\",\"@graph\":[{\"@type\":\"WebPage\",\"@id\":\"https:\\\/\\\/madin.fr\\\/la-jante-demontable\\\/jantes-deport-et\\\/\",\"url\":\"https:\\\/\\\/madin.fr\\\/la-jante-demontable\\\/jantes-deport-et\\\/\",\"name\":\"Le d\u00e9port et l'ET - Mad In - Jantes sur-mesure\",\"isPartOf\":{\"@id\":\"https:\\\/\\\/madin.fr\\\/#website\"},\"primaryImageOfPage\":{\"@id\":\"https:\\\/\\\/madin.fr\\\/la-jante-demontable\\\/jantes-deport-et\\\/#primaryimage\"},\"image\":{\"@id\":\"https:\\\/\\\/madin.fr\\\/la-jante-demontable\\\/jantes-deport-et\\\/#primaryimage\"},\"thumbnailUrl\":\"https:\\\/\\\/madin.fr\\\/wp-content\\\/uploads\\\/2021\\\/09\\\/deport-et-ET-jante-1024x579.png\",\"datePublished\":\"2021-09-17T12:19:41+00:00\",\"dateModified\":\"2025-10-02T08:17:47+00:00\",\"description\":\"D\u00e9couvrez quelle est la diff\u00e9rence entre l'ET et le d\u00e9port d'une jante. Pour savoir quel d\u00e9port et quel ET sont possibles sur votre voiture, nos conseillers sont l\u00e0.\",\"breadcrumb\":{\"@id\":\"https:\\\/\\\/madin.fr\\\/la-jante-demontable\\\/jantes-deport-et\\\/#breadcrumb\"},\"inLanguage\":\"de\",\"potentialAction\":[{\"@type\":\"ReadAction\",\"target\":[\"https:\\\/\\\/madin.fr\\\/la-jante-demontable\\\/jantes-deport-et\\\/\"]}]},{\"@type\":\"ImageObject\",\"inLanguage\":\"de\",\"@id\":\"https:\\\/\\\/madin.fr\\\/la-jante-demontable\\\/jantes-deport-et\\\/#primaryimage\",\"url\":\"https:\\\/\\\/madin.fr\\\/wp-content\\\/uploads\\\/2021\\\/09\\\/deport-et-ET-jante-1024x579.png\",\"contentUrl\":\"https:\\\/\\\/madin.fr\\\/wp-content\\\/uploads\\\/2021\\\/09\\\/deport-et-ET-jante-1024x579.png\"},{\"@type\":\"BreadcrumbList\",\"@id\":\"https:\\\/\\\/madin.fr\\\/la-jante-demontable\\\/jantes-deport-et\\\/#breadcrumb\",\"itemListElement\":[{\"@type\":\"ListItem\",\"position\":1,\"name\":\"Accueil\",\"item\":\"https:\\\/\\\/madin.fr\\\/\"},{\"@type\":\"ListItem\",\"position\":2,\"name\":\"La jante d\u00e9montable\",\"item\":\"https:\\\/\\\/madin.fr\\\/la-jante-demontable\\\/\"},{\"@type\":\"ListItem\",\"position\":3,\"name\":\"Le d\u00e9port et l&rsquo;ET\"}]},{\"@type\":\"WebSite\",\"@id\":\"https:\\\/\\\/madin.fr\\\/#website\",\"url\":\"https:\\\/\\\/madin.fr\\\/\",\"name\":\"Mad In - Jantes sur-mesure\",\"description\":\"\",\"publisher\":{\"@id\":\"https:\\\/\\\/madin.fr\\\/#organization\"},\"potentialAction\":[{\"@type\":\"SearchAction\",\"target\":{\"@type\":\"EntryPoint\",\"urlTemplate\":\"https:\\\/\\\/madin.fr\\\/?s={search_term_string}\"},\"query-input\":{\"@type\":\"PropertyValueSpecification\",\"valueRequired\":true,\"valueName\":\"search_term_string\"}}],\"inLanguage\":\"de\"},{\"@type\":\"Organization\",\"@id\":\"https:\\\/\\\/madin.fr\\\/#organization\",\"name\":\"Mad In\",\"url\":\"https:\\\/\\\/madin.fr\\\/\",\"logo\":{\"@type\":\"ImageObject\",\"inLanguage\":\"de\",\"@id\":\"https:\\\/\\\/madin.fr\\\/#\\\/schema\\\/logo\\\/image\\\/\",\"url\":\"https:\\\/\\\/madin.fr\\\/wp-content\\\/uploads\\\/2021\\\/09\\\/Madin-logo-carre-bis-bis-bis.png\",\"contentUrl\":\"https:\\\/\\\/madin.fr\\\/wp-content\\\/uploads\\\/2021\\\/09\\\/Madin-logo-carre-bis-bis-bis.png\",\"width\":512,\"height\":507,\"caption\":\"Mad In\"},\"image\":{\"@id\":\"https:\\\/\\\/madin.fr\\\/#\\\/schema\\\/logo\\\/image\\\/\"},\"sameAs\":[\"https:\\\/\\\/www.facebook.com\\\/madin.wheels\\\/\",\"https:\\\/\\\/www.instagram.com\\\/madinwheels\\\/\"]}]}<\/script>\n<!-- \/ Yoast SEO plugin. -->","yoast_head_json":{"title":"Le d\u00e9port et l'ET - Mad In - Jantes sur-mesure","description":"D\u00e9couvrez quelle est la diff\u00e9rence entre l'ET et le d\u00e9port d'une jante. Pour savoir quel d\u00e9port et quel ET sont possibles sur votre voiture, nos conseillers sont l\u00e0.","robots":{"index":"index","follow":"follow","max-snippet":"max-snippet:-1","max-image-preview":"max-image-preview:large","max-video-preview":"max-video-preview:-1"},"canonical":"https:\/\/madin.fr\/de\/mehrteilige-felgen\/felgen-einpresstiefe\/","og_locale":"de_DE","og_type":"article","og_title":"Le d\u00e9port et l'ET - Mad In - Jantes sur-mesure","og_description":"D\u00e9couvrez quelle est la diff\u00e9rence entre l'ET et le d\u00e9port d'une jante. Pour savoir quel d\u00e9port et quel ET sont possibles sur votre voiture, nos conseillers sont l\u00e0.","og_url":"https:\/\/madin.fr\/de\/mehrteilige-felgen\/felgen-einpresstiefe\/","og_site_name":"Mad In - Jantes sur-mesure","article_publisher":"https:\/\/www.facebook.com\/madin.wheels\/","article_modified_time":"2025-10-02T08:17:47+00:00","og_image":[{"width":1062,"height":600,"url":"https:\/\/madin.fr\/wp-content\/uploads\/2021\/09\/deport-et-ET-jante.png","type":"image\/png"}],"twitter_card":"summary_large_image","twitter_misc":{"Gesch\u00e4tzte Lesezeit":"2\u00a0Minuten"},"schema":{"@context":"https:\/\/schema.org","@graph":[{"@type":"WebPage","@id":"https:\/\/madin.fr\/la-jante-demontable\/jantes-deport-et\/","url":"https:\/\/madin.fr\/la-jante-demontable\/jantes-deport-et\/","name":"Le d\u00e9port et l'ET - Mad In - Jantes sur-mesure","isPartOf":{"@id":"https:\/\/madin.fr\/#website"},"primaryImageOfPage":{"@id":"https:\/\/madin.fr\/la-jante-demontable\/jantes-deport-et\/#primaryimage"},"image":{"@id":"https:\/\/madin.fr\/la-jante-demontable\/jantes-deport-et\/#primaryimage"},"thumbnailUrl":"https:\/\/madin.fr\/wp-content\/uploads\/2021\/09\/deport-et-ET-jante-1024x579.png","datePublished":"2021-09-17T12:19:41+00:00","dateModified":"2025-10-02T08:17:47+00:00","description":"D\u00e9couvrez quelle est la diff\u00e9rence entre l'ET et le d\u00e9port d'une jante. Pour savoir quel d\u00e9port et quel ET sont possibles sur votre voiture, nos conseillers sont l\u00e0.","breadcrumb":{"@id":"https:\/\/madin.fr\/la-jante-demontable\/jantes-deport-et\/#breadcrumb"},"inLanguage":"de","potentialAction":[{"@type":"ReadAction","target":["https:\/\/madin.fr\/la-jante-demontable\/jantes-deport-et\/"]}]},{"@type":"ImageObject","inLanguage":"de","@id":"https:\/\/madin.fr\/la-jante-demontable\/jantes-deport-et\/#primaryimage","url":"https:\/\/madin.fr\/wp-content\/uploads\/2021\/09\/deport-et-ET-jante-1024x579.png","contentUrl":"https:\/\/madin.fr\/wp-content\/uploads\/2021\/09\/deport-et-ET-jante-1024x579.png"},{"@type":"BreadcrumbList","@id":"https:\/\/madin.fr\/la-jante-demontable\/jantes-deport-et\/#breadcrumb","itemListElement":[{"@type":"ListItem","position":1,"name":"Accueil","item":"https:\/\/madin.fr\/"},{"@type":"ListItem","position":2,"name":"La jante d\u00e9montable","item":"https:\/\/madin.fr\/la-jante-demontable\/"},{"@type":"ListItem","position":3,"name":"Le d\u00e9port et l&rsquo;ET"}]},{"@type":"WebSite","@id":"https:\/\/madin.fr\/#website","url":"https:\/\/madin.fr\/","name":"Mad In - Felgen nach Ma\u00df","description":"","publisher":{"@id":"https:\/\/madin.fr\/#organization"},"potentialAction":[{"@type":"SearchAction","target":{"@type":"EntryPoint","urlTemplate":"https:\/\/madin.fr\/?s={search_term_string}"},"query-input":{"@type":"PropertyValueSpecification","valueRequired":true,"valueName":"search_term_string"}}],"inLanguage":"de"},{"@type":"Organization","@id":"https:\/\/madin.fr\/#organization","name":"Mad In","url":"https:\/\/madin.fr\/","logo":{"@type":"ImageObject","inLanguage":"de","@id":"https:\/\/madin.fr\/#\/schema\/logo\/image\/","url":"https:\/\/madin.fr\/wp-content\/uploads\/2021\/09\/Madin-logo-carre-bis-bis-bis.png","contentUrl":"https:\/\/madin.fr\/wp-content\/uploads\/2021\/09\/Madin-logo-carre-bis-bis-bis.png","width":512,"height":507,"caption":"Mad In"},"image":{"@id":"https:\/\/madin.fr\/#\/schema\/logo\/image\/"},"sameAs":["https:\/\/www.facebook.com\/madin.wheels\/","https:\/\/www.instagram.com\/madinwheels\/"]}]}},"jetpack_sharing_enabled":true,"_links":{"self":[{"href":"https:\/\/madin.fr\/de\/wp-json\/wp\/v2\/pages\/2555","targetHints":{"allow":["GET"]}}],"collection":[{"href":"https:\/\/madin.fr\/de\/wp-json\/wp\/v2\/pages"}],"about":[{"href":"https:\/\/madin.fr\/de\/wp-json\/wp\/v2\/types\/page"}],"author":[{"embeddable":true,"href":"https:\/\/madin.fr\/de\/wp-json\/wp\/v2\/users\/1"}],"replies":[{"embeddable":true,"href":"https:\/\/madin.fr\/de\/wp-json\/wp\/v2\/comments?post=2555"}],"version-history":[{"count":13,"href":"https:\/\/madin.fr\/de\/wp-json\/wp\/v2\/pages\/2555\/revisions"}],"predecessor-version":[{"id":5213,"href":"https:\/\/madin.fr\/de\/wp-json\/wp\/v2\/pages\/2555\/revisions\/5213"}],"up":[{"embeddable":true,"href":"https:\/\/madin.fr\/de\/wp-json\/wp\/v2\/pages\/2551"}],"wp:attachment":[{"href":"https:\/\/madin.fr\/de\/wp-json\/wp\/v2\/media?parent=2555"}],"curies":[{"name":"wp","href":"https:\/\/api.w.org\/{rel}","templated":true}]}}