{"id":2557,"date":"2021-09-17T14:20:12","date_gmt":"2021-09-17T12:20:12","guid":{"rendered":"https:\/\/madinjantessurmesur.live-website.com\/?page_id=2557"},"modified":"2026-02-03T07:27:31","modified_gmt":"2026-02-03T06:27:31","slug":"les-voiles-de-jante","status":"publish","type":"page","link":"https:\/\/madin.fr\/de\/mehrteilige-felgen\/felgenbetten-2\/","title":{"rendered":"Felgenbetten"},"content":{"rendered":"<style>.wp-block-kadence-spacer.kt-block-spacer-2557_08d5c4-8f .kt-block-spacer{height:100px;}.wp-block-kadence-spacer.kt-block-spacer-2557_08d5c4-8f .kt-divider{border-top-width:1px;height:1px;border-top-color:#eee;width:80%;border-top-style:solid;}<\/style>\n<div class=\"wp-block-kadence-spacer aligncenter kt-block-spacer-2557_08d5c4-8f\"><div class=\"kt-block-spacer kt-block-spacer-halign-center\"><hr class=\"kt-divider\"\/><\/div><\/div>\n\n\n\n<p class=\"has-neve-link-color-color has-text-color has-link-color has-x-large-font-size wp-elements-0f01ff22d3413a1ab52e1c1a9c35fb86\"><strong>Felgenbetten<\/strong><\/p>\n\n\n<style>.wp-block-kadence-spacer.kt-block-spacer-2557_067e6a-af .kt-block-spacer{height:60px;}.wp-block-kadence-spacer.kt-block-spacer-2557_067e6a-af .kt-divider{border-top-width:1px;height:1px;border-top-color:#eee;width:80%;border-top-style:solid;}<\/style>\n<div class=\"wp-block-kadence-spacer aligncenter kt-block-spacer-2557_067e6a-af\"><div class=\"kt-block-spacer kt-block-spacer-halign-center\"><hr class=\"kt-divider\"\/><\/div><\/div>\n\n\n\n<p>Die Produktion unserer Felgenbetten aus Alu und Edelstahl verl\u00e4uft nach dem <a href=\"http:\/\/drimtec.com\" type=\"link\" id=\"drimtec.com\" target=\"_blank\" rel=\"noreferrer noopener\">RimTec Inside Verfahren<\/a>.<\/p>\n\n\n\n<div class=\"wp-block-columns is-layout-flex wp-container-core-columns-is-layout-9d6595d7 wp-block-columns-is-layout-flex\">\n<div class=\"wp-block-column is-vertically-aligned-bottom is-layout-flow wp-block-column-is-layout-flow\">\n<h2 class=\"wp-block-heading\"><strong>Das Au\u00dfenbett<\/strong><\/h2>\n<\/div>\n\n\n\n<div class=\"wp-block-column is-layout-flow wp-block-column-is-layout-flow\">\n<div class=\"wp-block-buttons is-layout-flex wp-block-buttons-is-layout-flex\"><\/div>\n\n\n<style>.wp-block-kadence-advancedbtn.kb-btns2557_0d57df-58{gap:var(--global-kb-gap-xs, 0.5rem );justify-content:flex-end;align-items:center;}.kt-btns2557_0d57df-58 .kt-button{font-weight:normal;font-style:normal;}<\/style>\n<div class=\"wp-block-kadence-advancedbtn kb-buttons-wrap kb-btns2557_0d57df-58\"><style>ul.menu .wp-block-kadence-advancedbtn .kb-btn2557_dc337a-7d.kb-button{width:initial;}.wp-block-kadence-advancedbtn .kb-btn2557_dc337a-7d.kb-button{color:var(--nv-primary-accent);background:var(--nv-site-bg);border-top-left-radius:18px;border-top-right-radius:18px;border-bottom-right-radius:18px;border-bottom-left-radius:18px;border-top-color:var(--nv-text-dark-bg);border-top-style:solid;border-right-color:var(--nv-text-dark-bg);border-right-style:solid;border-bottom-color:var(--nv-text-dark-bg);border-bottom-style:solid;border-left-color:var(--nv-text-dark-bg);border-left-style:solid;}.wp-block-kadence-advancedbtn .kb-btn2557_dc337a-7d.kb-button:hover, .wp-block-kadence-advancedbtn .kb-btn2557_dc337a-7d.kb-button:focus{color:var(--nv-site-bg);background:var(--nv-primary-accent);border-top-color:var(--nv-primary-accent);border-top-style:solid;border-right-color:var(--nv-primary-accent);border-right-style:solid;border-bottom-color:var(--nv-primary-accent);border-bottom-style:solid;border-left-color:var(--nv-primary-accent);border-left-style:solid;}@media all and (max-width: 1024px){.wp-block-kadence-advancedbtn .kb-btn2557_dc337a-7d.kb-button{border-top-color:var(--nv-text-dark-bg);border-top-style:solid;border-right-color:var(--nv-text-dark-bg);border-right-style:solid;border-bottom-color:var(--nv-text-dark-bg);border-bottom-style:solid;border-left-color:var(--nv-text-dark-bg);border-left-style:solid;}}@media all and (max-width: 1024px){.wp-block-kadence-advancedbtn .kb-btn2557_dc337a-7d.kb-button:hover, .wp-block-kadence-advancedbtn .kb-btn2557_dc337a-7d.kb-button:focus{border-top-color:var(--nv-primary-accent);border-top-style:solid;border-right-color:var(--nv-primary-accent);border-right-style:solid;border-bottom-color:var(--nv-primary-accent);border-bottom-style:solid;border-left-color:var(--nv-primary-accent);border-left-style:solid;}}@media all and (max-width: 767px){.wp-block-kadence-advancedbtn .kb-btn2557_dc337a-7d.kb-button{border-top-color:var(--nv-text-dark-bg);border-top-style:solid;border-right-color:var(--nv-text-dark-bg);border-right-style:solid;border-bottom-color:var(--nv-text-dark-bg);border-bottom-style:solid;border-left-color:var(--nv-text-dark-bg);border-left-style:solid;}.wp-block-kadence-advancedbtn .kb-btn2557_dc337a-7d.kb-button:hover, .wp-block-kadence-advancedbtn .kb-btn2557_dc337a-7d.kb-button:focus{border-top-color:var(--nv-primary-accent);border-top-style:solid;border-right-color:var(--nv-primary-accent);border-right-style:solid;border-bottom-color:var(--nv-primary-accent);border-bottom-style:solid;border-left-color:var(--nv-primary-accent);border-left-style:solid;}}<\/style><a class=\"kb-button kt-button button kb-btn2557_dc337a-7d kt-btn-size-standard kt-btn-width-type-auto kb-btn-global-outline  kt-btn-has-text-true kt-btn-has-svg-false  wp-block-kadence-singlebtn\" href=\"https:\/\/madin.fr\/de\/online-shop\/felgenbetten\/\"><span class=\"kt-btn-inner-text\">Felgenbetten kaufen<\/span><\/a><\/div>\n<\/div>\n<\/div>\n\n\n\n<p class=\"has-normal-font-size\">Das Au\u00dfenbett hat <strong>ein engeres Profil<\/strong>. Dieses erlaubt die <strong>Montierung der Reifen<\/strong>. <\/p>\n\n\n\n<p>Auf das Felgenbettprofil befindet sich auch einen Buckel der verhindert, dass die Reifen herausrutschen. <\/p>\n\n\n\n<p>Au\u00dfenbetten sind mit einem Ventilloch ausgestattet und k\u00f6nnen aus Aluminium oder Edelstahl produziert werden. <\/p>\n\n\n\n<h2 class=\"wp-block-heading\"><strong>Das Innenbett<\/strong><\/h2>\n\n\n\n<p>Das Innenbett der Felge hat ein<strong> zylindrisches und geradl\u00e4ufiges Profil<\/strong>, damit es genug Platz f\u00fcr die <strong>Bremssattel bleibt<\/strong>. Die Innenbette haben auch einen Buckel, aus dem gleichen Grund.<\/p>\n\n\n\n<p>Innebetten werden nicht poliert und werden nur aus Aluminium hergestellt. <\/p>\n\n\n\n<h1 class=\"wp-block-heading\"><strong>Vergleich der Profile<\/strong><\/h1>\n\n\n\n<div class=\"wp-block-columns is-layout-flex wp-container-core-columns-is-layout-9d6595d7 wp-block-columns-is-layout-flex\">\n<div class=\"wp-block-column is-layout-flow wp-block-column-is-layout-flow\"><div class=\"wp-block-image\">\n<figure class=\"aligncenter size-large\"><img fetchpriority=\"high\" decoding=\"async\" width=\"1024\" height=\"460\" src=\"https:\/\/madin.fr\/wp-content\/uploads\/2021\/09\/voile-jante-exterieur-profil-5.25-x-18-1024x460.jpg\" alt=\"\" class=\"wp-image-2777\" srcset=\"https:\/\/madin.fr\/wp-content\/uploads\/2021\/09\/voile-jante-exterieur-profil-5.25-x-18-1024x460.jpg 1024w, https:\/\/madin.fr\/wp-content\/uploads\/2021\/09\/voile-jante-exterieur-profil-5.25-x-18-300x135.jpg 300w, https:\/\/madin.fr\/wp-content\/uploads\/2021\/09\/voile-jante-exterieur-profil-5.25-x-18-768x345.jpg 768w, https:\/\/madin.fr\/wp-content\/uploads\/2021\/09\/voile-jante-exterieur-profil-5.25-x-18-1536x691.jpg 1536w, https:\/\/madin.fr\/wp-content\/uploads\/2021\/09\/voile-jante-exterieur-profil-5.25-x-18-1320x593.jpg 1320w, https:\/\/madin.fr\/wp-content\/uploads\/2021\/09\/voile-jante-exterieur-profil-5.25-x-18-600x270.jpg 600w, https:\/\/madin.fr\/wp-content\/uploads\/2021\/09\/voile-jante-exterieur-profil-5.25-x-18.jpg 1864w\" sizes=\"(max-width: 1024px) 100vw, 1024px\" \/><figcaption class=\"wp-element-caption translation-block\"><strong>5,25 Zoll Au\u00dfenbett<\/strong><\/figcaption><\/figure>\n<\/div><\/div>\n\n\n\n<div class=\"wp-block-column is-layout-flow wp-block-column-is-layout-flow\"><div class=\"wp-block-image\">\n<figure class=\"aligncenter size-large\"><img decoding=\"async\" width=\"1024\" height=\"460\" src=\"https:\/\/madin.fr\/wp-content\/uploads\/2021\/09\/voile-jante-interieur-profil-6x15-2-1024x460.jpg\" alt=\"\" class=\"wp-image-2779\" srcset=\"https:\/\/madin.fr\/wp-content\/uploads\/2021\/09\/voile-jante-interieur-profil-6x15-2-1024x460.jpg 1024w, https:\/\/madin.fr\/wp-content\/uploads\/2021\/09\/voile-jante-interieur-profil-6x15-2-300x135.jpg 300w, https:\/\/madin.fr\/wp-content\/uploads\/2021\/09\/voile-jante-interieur-profil-6x15-2-768x345.jpg 768w, https:\/\/madin.fr\/wp-content\/uploads\/2021\/09\/voile-jante-interieur-profil-6x15-2-1536x690.jpg 1536w, https:\/\/madin.fr\/wp-content\/uploads\/2021\/09\/voile-jante-interieur-profil-6x15-2-1320x593.jpg 1320w, https:\/\/madin.fr\/wp-content\/uploads\/2021\/09\/voile-jante-interieur-profil-6x15-2-600x270.jpg 600w, https:\/\/madin.fr\/wp-content\/uploads\/2021\/09\/voile-jante-interieur-profil-6x15-2.jpg 1618w\" sizes=\"(max-width: 1024px) 100vw, 1024px\" \/><figcaption class=\"wp-element-caption translation-block\"><strong>6 Zoll Innenbett<\/strong><\/figcaption><\/figure>\n<\/div><\/div>\n<\/div>\n\n\n\n<p>Auf den obigen Profilschnitten ist deutlich zu erkennen, dass das Au\u00dfenbett (links) ein engeres Profil hat als das Innenbett (rechts), dass ein geraderes, zylindrisches Profil hat. So erm\u00f6glicht das Au\u00dfenbett das Einf\u00e4deln des Reifens, w\u00e4hrend das Innebett mehr Platz f\u00fcr imposante Bremss\u00e4ttel l\u00e4sst. <\/p>\n\n\n\n<p class=\"has-medium-font-size\"><\/p>\n\n\n\n<h1 class=\"wp-block-heading\"><strong>Montage<\/strong> \u3164 <\/h1>\n\n\n\n<p>Das <strong>Festziehen <\/strong>der Felgenbetten zum Felgenstern wird mit BHC M6 (Drehmoment 1,25kg) oder M7 (2,8kg) Schrauben gemacht. Diese sind auch in unserem Online Shop zu kaufen.<\/p>\n\n\n\n<p><strong>Die Abdichtung <\/strong>wird mit einem speziellen Silikon gemacht, dessen Formel wir mit unserem langj\u00e4hrigen Lieferanten validiert haben. In der Vergangenheit wurde die Abdichtung durch einen O-Ring gew\u00e4hrleistet, aber da dieses System mit zunehmender Alterung des Gummis an Wirksamkeit verliert, haben wir beschlossen, es aufzugeben. <\/p>\n\n\n<style>.wp-block-kadence-advancedbtn.kb-btns2557_021fc5-d2{gap:var(--global-kb-gap-xs, 0.5rem );justify-content:center;align-items:center;}.kt-btns2557_021fc5-d2 .kt-button{font-weight:normal;font-style:normal;}<\/style>\n<div class=\"wp-block-kadence-advancedbtn kb-buttons-wrap kb-btns2557_021fc5-d2\"><style>ul.menu .wp-block-kadence-advancedbtn .kb-btn2557_0804a9-6d.kb-button{width:initial;}.wp-block-kadence-advancedbtn .kb-btn2557_0804a9-6d.kb-button{color:var(--nv-primary-accent);background:var(--nv-site-bg);border-top-left-radius:18px;border-top-right-radius:18px;border-bottom-right-radius:18px;border-bottom-left-radius:18px;border-top-color:var(--nv-primary-accent);border-top-style:solid;border-right-color:var(--nv-primary-accent);border-right-style:solid;border-bottom-color:var(--nv-primary-accent);border-bottom-style:solid;border-left-color:var(--nv-primary-accent);border-left-style:solid;}.wp-block-kadence-advancedbtn .kb-btn2557_0804a9-6d.kb-button:hover, .wp-block-kadence-advancedbtn .kb-btn2557_0804a9-6d.kb-button:focus{color:var(--nv-site-bg);background:var(--nv-primary-accent);border-top-color:var(--nv-primary-accent);border-top-style:solid;border-right-color:var(--nv-primary-accent);border-right-style:solid;border-bottom-color:var(--nv-primary-accent);border-bottom-style:solid;border-left-color:var(--nv-primary-accent);border-left-style:solid;}@media all and (max-width: 1024px){.wp-block-kadence-advancedbtn .kb-btn2557_0804a9-6d.kb-button{border-top-color:var(--nv-primary-accent);border-top-style:solid;border-right-color:var(--nv-primary-accent);border-right-style:solid;border-bottom-color:var(--nv-primary-accent);border-bottom-style:solid;border-left-color:var(--nv-primary-accent);border-left-style:solid;}}@media all and (max-width: 1024px){.wp-block-kadence-advancedbtn .kb-btn2557_0804a9-6d.kb-button:hover, .wp-block-kadence-advancedbtn .kb-btn2557_0804a9-6d.kb-button:focus{border-top-color:var(--nv-primary-accent);border-top-style:solid;border-right-color:var(--nv-primary-accent);border-right-style:solid;border-bottom-color:var(--nv-primary-accent);border-bottom-style:solid;border-left-color:var(--nv-primary-accent);border-left-style:solid;}}@media all and (max-width: 767px){.wp-block-kadence-advancedbtn .kb-btn2557_0804a9-6d.kb-button{border-top-color:var(--nv-primary-accent);border-top-style:solid;border-right-color:var(--nv-primary-accent);border-right-style:solid;border-bottom-color:var(--nv-primary-accent);border-bottom-style:solid;border-left-color:var(--nv-primary-accent);border-left-style:solid;}.wp-block-kadence-advancedbtn .kb-btn2557_0804a9-6d.kb-button:hover, .wp-block-kadence-advancedbtn .kb-btn2557_0804a9-6d.kb-button:focus{border-top-color:var(--nv-primary-accent);border-top-style:solid;border-right-color:var(--nv-primary-accent);border-right-style:solid;border-bottom-color:var(--nv-primary-accent);border-bottom-style:solid;border-left-color:var(--nv-primary-accent);border-left-style:solid;}}<\/style><a class=\"kb-button kt-button button kb-btn2557_0804a9-6d kt-btn-size-standard kt-btn-width-type-auto kb-btn-global-outline  kt-btn-has-text-true kt-btn-has-svg-false  wp-block-kadence-singlebtn\" href=\"https:\/\/madin.fr\/de\/online-shop\/felgenbetten\/\"><span class=\"kt-btn-inner-text\">Felgenbetten kaufen<\/span><\/a><\/div>\n\n\n\n<div class=\"wp-block-buttons is-horizontal is-content-justification-center is-layout-flex wp-container-core-buttons-is-layout-499968f5 wp-block-buttons-is-layout-flex\"><\/div>\n\n\n<style>.wp-block-kadence-spacer.kt-block-spacer-2557_9c5095-0f .kt-block-spacer{height:60px;}.wp-block-kadence-spacer.kt-block-spacer-2557_9c5095-0f .kt-divider{border-top-width:1px;height:1px;border-top-color:#eee;width:80%;border-top-style:solid;}<\/style>\n<div class=\"wp-block-kadence-spacer aligncenter kt-block-spacer-2557_9c5095-0f\"><div class=\"kt-block-spacer kt-block-spacer-halign-center\"><hr class=\"kt-divider\"\/><\/div><\/div>\n\n\n\n<p><\/p>\n\n\n\n<p><\/p>","protected":false},"excerpt":{"rendered":"<p>LES VOILES DE JANTES Nos voiles aluminium et inox sont repouss\u00e9s selon la proc\u00e9d\u00e9 technique RimTec Inside. Le voile ext\u00e9rieur Le voile ext\u00e9rieur des jantes d\u00e9montables pr\u00e9sente un profil plus resserr\u00e9 et conique. Ce profil permet le montage du pneu. Sur le profil se trouve \u00e9galement un bourrelet anti-d\u00e9jantage. Les voiles ext\u00e9rieurs poss\u00e8dent un trou&hellip;&nbsp;<a href=\"https:\/\/madin.fr\/de\/mehrteilige-felgen\/felgenbetten-2\/\" rel=\"bookmark\">Weiterlesen &raquo;<span class=\"screen-reader-text\">Felgenbetten<\/span><\/a><\/p>","protected":false},"author":1,"featured_media":0,"parent":2551,"menu_order":0,"comment_status":"closed","ping_status":"closed","template":"","meta":{"_monsterinsights_skip_tracking":false,"_monsterinsights_sitenote_active":false,"_monsterinsights_sitenote_note":"","_monsterinsights_sitenote_category":0,"neve_meta_sidebar":"","neve_meta_container":"","neve_meta_enable_content_width":"on","neve_meta_content_width":66,"neve_meta_title_alignment":"left","neve_meta_author_avatar":"","neve_post_elements_order":"","neve_meta_disable_header":"","neve_meta_disable_footer":"","neve_meta_disable_title":"on","_themeisle_gutenberg_block_has_review":false,"footnotes":""},"class_list":["post-2557","page","type-page","status-publish","hentry"],"yoast_head":"<!-- This site is optimized with the Yoast SEO plugin v27.4 - https:\/\/yoast.com\/product\/yoast-seo-wordpress\/ -->\n<title>Les voiles de jante - Informations techniques - Mad In - Jantes sur-mesure<\/title>\n<meta name=\"description\" content=\"Tout savoir sur les voiles des jantes d\u00e9montables : couronnes, tonneaux etc. Vente en ligne de voiles inox et alu toutes marques : Mad In, Gotti, BBS, OZ, Compomotive\" \/>\n<meta name=\"robots\" content=\"index, follow, max-snippet:-1, max-image-preview:large, max-video-preview:-1\" \/>\n<link rel=\"canonical\" href=\"https:\/\/madin.fr\/de\/mehrteilige-felgen\/felgenbetten-2\/\" \/>\n<meta property=\"og:locale\" content=\"de_DE\" \/>\n<meta property=\"og:type\" content=\"article\" \/>\n<meta property=\"og:title\" content=\"Les voiles de jante - Informations techniques - Mad In - Jantes sur-mesure\" \/>\n<meta property=\"og:description\" content=\"Tout savoir sur les voiles des jantes d\u00e9montables : couronnes, tonneaux etc. Vente en ligne de voiles inox et alu toutes marques : Mad In, Gotti, BBS, OZ, Compomotive\" \/>\n<meta property=\"og:url\" content=\"https:\/\/madin.fr\/de\/mehrteilige-felgen\/felgenbetten-2\/\" \/>\n<meta property=\"og:site_name\" content=\"Mad In - Jantes sur-mesure\" \/>\n<meta property=\"article:publisher\" content=\"https:\/\/www.facebook.com\/madin.wheels\/\" \/>\n<meta property=\"article:modified_time\" content=\"2026-02-03T06:27:31+00:00\" \/>\n<meta property=\"og:image\" content=\"https:\/\/madin.fr\/wp-content\/uploads\/2021\/09\/voile-jante-exterieur-profil-5.25-x-18.jpg\" \/>\n\t<meta property=\"og:image:width\" content=\"1864\" \/>\n\t<meta property=\"og:image:height\" content=\"838\" \/>\n\t<meta property=\"og:image:type\" content=\"image\/jpeg\" \/>\n<meta name=\"twitter:card\" content=\"summary_large_image\" \/>\n<meta name=\"twitter:label1\" content=\"Gesch\u00e4tzte Lesezeit\" \/>\n\t<meta name=\"twitter:data1\" content=\"2\u00a0Minuten\" \/>\n<script type=\"application\/ld+json\" class=\"yoast-schema-graph\">{\"@context\":\"https:\\\/\\\/schema.org\",\"@graph\":[{\"@type\":\"WebPage\",\"@id\":\"https:\\\/\\\/madin.fr\\\/la-jante-demontable\\\/les-voiles-de-jante\\\/\",\"url\":\"https:\\\/\\\/madin.fr\\\/la-jante-demontable\\\/les-voiles-de-jante\\\/\",\"name\":\"Les voiles de jante - Informations techniques - Mad In - Jantes sur-mesure\",\"isPartOf\":{\"@id\":\"https:\\\/\\\/madin.fr\\\/#website\"},\"primaryImageOfPage\":{\"@id\":\"https:\\\/\\\/madin.fr\\\/la-jante-demontable\\\/les-voiles-de-jante\\\/#primaryimage\"},\"image\":{\"@id\":\"https:\\\/\\\/madin.fr\\\/la-jante-demontable\\\/les-voiles-de-jante\\\/#primaryimage\"},\"thumbnailUrl\":\"https:\\\/\\\/madin.fr\\\/wp-content\\\/uploads\\\/2021\\\/09\\\/voile-jante-exterieur-profil-5.25-x-18-1024x460.jpg\",\"datePublished\":\"2021-09-17T12:20:12+00:00\",\"dateModified\":\"2026-02-03T06:27:31+00:00\",\"description\":\"Tout savoir sur les voiles des jantes d\u00e9montables : couronnes, tonneaux etc. Vente en ligne de voiles inox et alu toutes marques : Mad In, Gotti, BBS, OZ, Compomotive\",\"breadcrumb\":{\"@id\":\"https:\\\/\\\/madin.fr\\\/la-jante-demontable\\\/les-voiles-de-jante\\\/#breadcrumb\"},\"inLanguage\":\"de\",\"potentialAction\":[{\"@type\":\"ReadAction\",\"target\":[\"https:\\\/\\\/madin.fr\\\/la-jante-demontable\\\/les-voiles-de-jante\\\/\"]}]},{\"@type\":\"ImageObject\",\"inLanguage\":\"de\",\"@id\":\"https:\\\/\\\/madin.fr\\\/la-jante-demontable\\\/les-voiles-de-jante\\\/#primaryimage\",\"url\":\"https:\\\/\\\/madin.fr\\\/wp-content\\\/uploads\\\/2021\\\/09\\\/voile-jante-exterieur-profil-5.25-x-18-1024x460.jpg\",\"contentUrl\":\"https:\\\/\\\/madin.fr\\\/wp-content\\\/uploads\\\/2021\\\/09\\\/voile-jante-exterieur-profil-5.25-x-18-1024x460.jpg\"},{\"@type\":\"BreadcrumbList\",\"@id\":\"https:\\\/\\\/madin.fr\\\/la-jante-demontable\\\/les-voiles-de-jante\\\/#breadcrumb\",\"itemListElement\":[{\"@type\":\"ListItem\",\"position\":1,\"name\":\"Accueil\",\"item\":\"https:\\\/\\\/madin.fr\\\/\"},{\"@type\":\"ListItem\",\"position\":2,\"name\":\"La jante d\u00e9montable\",\"item\":\"https:\\\/\\\/madin.fr\\\/la-jante-demontable\\\/\"},{\"@type\":\"ListItem\",\"position\":3,\"name\":\"Les voiles de jante\"}]},{\"@type\":\"WebSite\",\"@id\":\"https:\\\/\\\/madin.fr\\\/#website\",\"url\":\"https:\\\/\\\/madin.fr\\\/\",\"name\":\"Mad In - Jantes sur-mesure\",\"description\":\"\",\"publisher\":{\"@id\":\"https:\\\/\\\/madin.fr\\\/#organization\"},\"potentialAction\":[{\"@type\":\"SearchAction\",\"target\":{\"@type\":\"EntryPoint\",\"urlTemplate\":\"https:\\\/\\\/madin.fr\\\/?s={search_term_string}\"},\"query-input\":{\"@type\":\"PropertyValueSpecification\",\"valueRequired\":true,\"valueName\":\"search_term_string\"}}],\"inLanguage\":\"de\"},{\"@type\":\"Organization\",\"@id\":\"https:\\\/\\\/madin.fr\\\/#organization\",\"name\":\"Mad In\",\"url\":\"https:\\\/\\\/madin.fr\\\/\",\"logo\":{\"@type\":\"ImageObject\",\"inLanguage\":\"de\",\"@id\":\"https:\\\/\\\/madin.fr\\\/#\\\/schema\\\/logo\\\/image\\\/\",\"url\":\"https:\\\/\\\/madin.fr\\\/wp-content\\\/uploads\\\/2021\\\/09\\\/Madin-logo-carre-bis-bis-bis.png\",\"contentUrl\":\"https:\\\/\\\/madin.fr\\\/wp-content\\\/uploads\\\/2021\\\/09\\\/Madin-logo-carre-bis-bis-bis.png\",\"width\":512,\"height\":507,\"caption\":\"Mad In\"},\"image\":{\"@id\":\"https:\\\/\\\/madin.fr\\\/#\\\/schema\\\/logo\\\/image\\\/\"},\"sameAs\":[\"https:\\\/\\\/www.facebook.com\\\/madin.wheels\\\/\",\"https:\\\/\\\/www.instagram.com\\\/madinwheels\\\/\"]}]}<\/script>\n<!-- \/ Yoast SEO plugin. -->","yoast_head_json":{"title":"Felgenbetten - Technische Daten - Mad In - Felgen nach Ma\u00df. Made in France. Seit 1975.","description":"Alles was Sie wissen m\u00fcssen \u00fcber Felgenbetten. Verkauf von Felgenbetten f\u00fcr alle Marken: Mad In, Gotti, PLS, BBS, OZ, Compomotive usw.","robots":{"index":"index","follow":"follow","max-snippet":"max-snippet:-1","max-image-preview":"max-image-preview:large","max-video-preview":"max-video-preview:-1"},"canonical":"https:\/\/madin.fr\/de\/mehrteilige-felgen\/felgenbetten-2\/","og_locale":"de_DE","og_type":"article","og_title":"Les voiles de jante - Informations techniques - Mad In - Jantes sur-mesure","og_description":"Tout savoir sur les voiles des jantes d\u00e9montables : couronnes, tonneaux etc. Vente en ligne de voiles inox et alu toutes marques : Mad In, Gotti, BBS, OZ, Compomotive","og_url":"https:\/\/madin.fr\/de\/mehrteilige-felgen\/felgenbetten-2\/","og_site_name":"Mad In - Jantes sur-mesure","article_publisher":"https:\/\/www.facebook.com\/madin.wheels\/","article_modified_time":"2026-02-03T06:27:31+00:00","og_image":[{"width":1864,"height":838,"url":"https:\/\/madin.fr\/wp-content\/uploads\/2021\/09\/voile-jante-exterieur-profil-5.25-x-18.jpg","type":"image\/jpeg"}],"twitter_card":"summary_large_image","twitter_misc":{"Gesch\u00e4tzte Lesezeit":"2\u00a0Minuten"},"schema":{"@context":"https:\/\/schema.org","@graph":[{"@type":"WebPage","@id":"https:\/\/madin.fr\/la-jante-demontable\/les-voiles-de-jante\/","url":"https:\/\/madin.fr\/la-jante-demontable\/les-voiles-de-jante\/","name":"Felgenbetten - Technische Daten - Mad In - Felgen nach Ma\u00df. Made in France. Seit 1975.","isPartOf":{"@id":"https:\/\/madin.fr\/#website"},"primaryImageOfPage":{"@id":"https:\/\/madin.fr\/la-jante-demontable\/les-voiles-de-jante\/#primaryimage"},"image":{"@id":"https:\/\/madin.fr\/la-jante-demontable\/les-voiles-de-jante\/#primaryimage"},"thumbnailUrl":"https:\/\/madin.fr\/wp-content\/uploads\/2021\/09\/voile-jante-exterieur-profil-5.25-x-18-1024x460.jpg","datePublished":"2021-09-17T12:20:12+00:00","dateModified":"2026-02-03T06:27:31+00:00","description":"Alles was Sie wissen m\u00fcssen \u00fcber Felgenbetten. Verkauf von Felgenbetten f\u00fcr alle Marken: Mad In, Gotti, PLS, BBS, OZ, Compomotive usw.","breadcrumb":{"@id":"https:\/\/madin.fr\/la-jante-demontable\/les-voiles-de-jante\/#breadcrumb"},"inLanguage":"de","potentialAction":[{"@type":"ReadAction","target":["https:\/\/madin.fr\/la-jante-demontable\/les-voiles-de-jante\/"]}]},{"@type":"ImageObject","inLanguage":"de","@id":"https:\/\/madin.fr\/la-jante-demontable\/les-voiles-de-jante\/#primaryimage","url":"https:\/\/madin.fr\/wp-content\/uploads\/2021\/09\/voile-jante-exterieur-profil-5.25-x-18-1024x460.jpg","contentUrl":"https:\/\/madin.fr\/wp-content\/uploads\/2021\/09\/voile-jante-exterieur-profil-5.25-x-18-1024x460.jpg"},{"@type":"BreadcrumbList","@id":"https:\/\/madin.fr\/la-jante-demontable\/les-voiles-de-jante\/#breadcrumb","itemListElement":[{"@type":"ListItem","position":1,"name":"Accueil","item":"https:\/\/madin.fr\/"},{"@type":"ListItem","position":2,"name":"La jante d\u00e9montable","item":"https:\/\/madin.fr\/la-jante-demontable\/"},{"@type":"ListItem","position":3,"name":"Les voiles de jante"}]},{"@type":"WebSite","@id":"https:\/\/madin.fr\/#website","url":"https:\/\/madin.fr\/","name":"Mad In - Felgen nach Ma\u00df","description":"","publisher":{"@id":"https:\/\/madin.fr\/#organization"},"potentialAction":[{"@type":"SearchAction","target":{"@type":"EntryPoint","urlTemplate":"https:\/\/madin.fr\/?s={search_term_string}"},"query-input":{"@type":"PropertyValueSpecification","valueRequired":true,"valueName":"search_term_string"}}],"inLanguage":"de"},{"@type":"Organization","@id":"https:\/\/madin.fr\/#organization","name":"Mad In","url":"https:\/\/madin.fr\/","logo":{"@type":"ImageObject","inLanguage":"de","@id":"https:\/\/madin.fr\/#\/schema\/logo\/image\/","url":"https:\/\/madin.fr\/wp-content\/uploads\/2021\/09\/Madin-logo-carre-bis-bis-bis.png","contentUrl":"https:\/\/madin.fr\/wp-content\/uploads\/2021\/09\/Madin-logo-carre-bis-bis-bis.png","width":512,"height":507,"caption":"Mad In"},"image":{"@id":"https:\/\/madin.fr\/#\/schema\/logo\/image\/"},"sameAs":["https:\/\/www.facebook.com\/madin.wheels\/","https:\/\/www.instagram.com\/madinwheels\/"]}]}},"jetpack_sharing_enabled":true,"_links":{"self":[{"href":"https:\/\/madin.fr\/de\/wp-json\/wp\/v2\/pages\/2557","targetHints":{"allow":["GET"]}}],"collection":[{"href":"https:\/\/madin.fr\/de\/wp-json\/wp\/v2\/pages"}],"about":[{"href":"https:\/\/madin.fr\/de\/wp-json\/wp\/v2\/types\/page"}],"author":[{"embeddable":true,"href":"https:\/\/madin.fr\/de\/wp-json\/wp\/v2\/users\/1"}],"replies":[{"embeddable":true,"href":"https:\/\/madin.fr\/de\/wp-json\/wp\/v2\/comments?post=2557"}],"version-history":[{"count":29,"href":"https:\/\/madin.fr\/de\/wp-json\/wp\/v2\/pages\/2557\/revisions"}],"predecessor-version":[{"id":5361,"href":"https:\/\/madin.fr\/de\/wp-json\/wp\/v2\/pages\/2557\/revisions\/5361"}],"up":[{"embeddable":true,"href":"https:\/\/madin.fr\/de\/wp-json\/wp\/v2\/pages\/2551"}],"wp:attachment":[{"href":"https:\/\/madin.fr\/de\/wp-json\/wp\/v2\/media?parent=2557"}],"curies":[{"name":"wp","href":"https:\/\/api.w.org\/{rel}","templated":true}]}}