{"id":2559,"date":"2021-09-17T14:21:03","date_gmt":"2021-09-17T12:21:03","guid":{"rendered":"https:\/\/madinjantessurmesur.live-website.com\/?page_id=2559"},"modified":"2025-10-02T10:16:54","modified_gmt":"2025-10-02T08:16:54","slug":"les-avantages","status":"publish","type":"page","link":"https:\/\/madin.fr\/de\/mehrteilige-felgen\/vorteile\/","title":{"rendered":"Vorteile von mehrteiligen Felgen"},"content":{"rendered":"<style>.wp-block-kadence-spacer.kt-block-spacer-2559_acfbf1-59 .kt-block-spacer{height:100px;}.wp-block-kadence-spacer.kt-block-spacer-2559_acfbf1-59 .kt-divider{border-top-width:1px;height:1px;width:80%;border-top-style:solid;}<\/style>\n<div class=\"wp-block-kadence-spacer aligncenter kt-block-spacer-2559_acfbf1-59\"><div class=\"kt-block-spacer kt-block-spacer-halign-center\"><hr class=\"kt-divider\"\/><\/div><\/div>\n\n\n\n<p class=\"has-neve-link-color-color has-text-color has-link-color has-x-large-font-size wp-elements-430556b0c4d61ad463d4dd6984f47e52\"><strong>Vorteile von mehrteiligen Felgen<\/strong><\/p>\n\n\n<style>.wp-block-kadence-spacer.kt-block-spacer-2559_3d8200-00 .kt-block-spacer{height:60px;}.wp-block-kadence-spacer.kt-block-spacer-2559_3d8200-00 .kt-divider{border-top-width:1px;height:1px;border-top-color:#eee;width:80%;border-top-style:solid;}<\/style>\n<div class=\"wp-block-kadence-spacer aligncenter kt-block-spacer-2559_3d8200-00\"><div class=\"kt-block-spacer kt-block-spacer-halign-center\"><hr class=\"kt-divider\"\/><\/div><\/div>\n\n\n<p align=\"justify\"><strong>Sie fragen sich : \"Soll ich mehrteilige Felgen kaufen oder soll ich eher bei einteligen Gu\u00dffelgen bleiben ?\"<\/strong><br \/><strong>Glaubt uns, es lohnt sich in 3-teiligen Felgen zu investieren !<\/strong><br \/><strong>Mehrteilige Felgen haben viele Vorteile. Hier sind einige :&nbsp;<\/strong><\/p>\n\n\n<h3 class=\"wp-block-heading\"><strong>Leichtigkeit und Leistung<\/strong><\/h3>\n\n\n<p align=\"justify\">Mehrteilige Felgen sind leicht und dadurch leistungsf\u00e4higer. Die Felgenbetten werden <a href=\"https:\/\/madin.fr\/de\/felgen-know-how\/technik\/\">metallgedr\u00fcckt<\/a> . Dadurch sind Mehrteiligefelgen leichter als Einteilige Felgen. Zudem, der <strong>Widerstandswert<\/strong> einer mehretiligen Felge ist h\u00f6her.<\/p>\n<p align=\"justify\"><strong>Das Gewicht hat einen gro\u00dfen Einfluss auf die Beschleunigung, das Abbremsen und dem <a href=\"https:\/\/madin.fr\/de\/wie-man-weniger-kraftstoff-verbraucht\/\">Benzinverbrauch<\/a><\/strong>. Bei ungefederten Ma\u00dfen, wie die R\u00e4der, 1 Kilo gleicht 10 Kilos bei gefederten Ma\u00dfen. Wenn Sie also Ihr Auto leichter machen wollen, sollten Sie besonders auf ungefederten Ma\u00dfen wie die Felgen, achten.<\/p>\n<p align=\"justify\"><em>Lass uns <strong>zum Beispiel<\/strong> ein Clio 16S nehmen. Urspr\u00fcnglich ist dieses Auto mit Speedline Felgen ausgestattet, die jeweils 7,8 Kilos wiegen. Wenn der Besitzer diese f\u00fcr <a href=\"https:\/\/madin.fr\/de\/produkt\/15c-light-15-zoll-felge\/\" data-type=\"product\" data-id=\"1916\">Mad in 15C Light Felgen tauscht<\/a>wird sein Fahrzeug um 2,68 Kilos per Felge, also insgesamt 10,72 Kilos leichter. <strong>Dieses entspricht 107,2 ersparte Kilos<\/strong> bei gefederten Ma\u00dfen (Gestell, Sitze usw.) !&nbsp;&nbsp;<\/em><\/p>\n\n\n<h3 class=\"wp-block-heading\"><strong>Flexibilit\u00e4t<\/strong><\/h3>\n\n\n<p align=\"justify\">Weil sie aus 3 abnhehmbaren Teilen bestehen, erm\u00f6glichen unsere Felgen eine unvergleichbare Flexibilit\u00e4t. M\u00f6chten Sie die <strong>Kotfl\u00fcgeln verbreiten ?<\/strong> oder m\u00f6chten Sie einfach <strong>breitere Felgen haben ?<\/strong>Dann k\u00f6nnen Sie einfach das Au\u00dfenbett bei ihren Felgen f\u00fcr ein breiteres tauschen. Somit k\u00f6nnen Sie ihren Felgenstern bewahren.<\/p>\n\n\n<h3 class=\"wp-block-heading\"><strong>Personalisierung<\/strong><\/h3>\n\n\n<p align=\"justify\">Monoblock Felgen k\u00f6nnen nicht genau auf Ihr Fahrzeug angepasst werden. Sie k\u00f6nnen h\u00f6chstens die gesamte Breite und Gr\u00f6sse und eventuell ein Modell mit gro\u00dfer Einpresstiefe w\u00e4hlen. Bei dreiteiligen Felgen k\u00f6nnen Sie bei alle Modelle, die <a href=\"https:\/\/madin.fr\/de\/mehrteilige-felgen\/felgen-einpresstiefe\/\"><strong>Einpresstiefe<\/strong><\/a>, die <strong>Breite<\/strong> der <a href=\"https:\/\/madin.fr\/de\/mehrteilige-felgen\/felgenbetten-2\/\">Felgenbetten<\/a>, oder sogar der Platz um <strong>den Bremssattel<\/strong> anpassen. Sie k\u00f6nnen auch entscheiden ob die Montierungschrauben sichtbar oder unsichtbar sein sollen.<\/p>\n\n\n<h3 class=\"wp-block-heading\"><strong>Dauerhaftigkeit<\/strong><\/h3>\n\n\n<p align=\"justify\">Pech gehabt ! Zuf\u00e4llig auf den Bordstein aufgefahren ? Hat eine neidsicher Nachbar ihr gl\u00e4nzenden Felgenbett abgekrazt ? Falls Sie Monoblock Felgen besitzen, k\u00f6nnen Sie nur zuschauen und weinen. H\u00e4tten Sie 3-teilige Felgen gehabt, k\u00f6nnten Sie einfach <a href=\"https:\/\/madin.fr\/de\/voiles\/\">das Felgenbett tauschen<\/a> und sie h\u00e4tten wieder fast brandneue Felgen.<\/p>","protected":false},"excerpt":{"rendered":"<p>LES AVANTAGES DES JANTES DEMONTABLES Vous ne savez pas si vous devez acheter des jantes d\u00e9montables ou monobloc ?Croyez-nous, investir dans des jantes 3 parties vaut le coup !Les avantages des jantes d\u00e9montables sont nombreux. En voici quelques-uns.&nbsp; L\u00e9g\u00e8ret\u00e9 et performance La l\u00e9g\u00e8ret\u00e9 des jantes d\u00e9montables rendent votre v\u00e9hicule plus performant. Gr\u00e2ce au proc\u00e9d\u00e9 de&hellip;&nbsp;<a href=\"https:\/\/madin.fr\/de\/mehrteilige-felgen\/vorteile\/\" rel=\"bookmark\">Weiterlesen &raquo;<span class=\"screen-reader-text\">Vorteile von mehrteiligen Felgen<\/span><\/a><\/p>","protected":false},"author":1,"featured_media":0,"parent":2551,"menu_order":0,"comment_status":"closed","ping_status":"closed","template":"","meta":{"_monsterinsights_skip_tracking":false,"_monsterinsights_sitenote_active":false,"_monsterinsights_sitenote_note":"","_monsterinsights_sitenote_category":0,"neve_meta_sidebar":"","neve_meta_container":"","neve_meta_enable_content_width":"on","neve_meta_content_width":66,"neve_meta_title_alignment":"","neve_meta_author_avatar":"","neve_post_elements_order":"","neve_meta_disable_header":"","neve_meta_disable_footer":"","neve_meta_disable_title":"on","_themeisle_gutenberg_block_has_review":false,"footnotes":""},"class_list":["post-2559","page","type-page","status-publish","hentry"],"yoast_head":"<!-- This site is optimized with the Yoast SEO plugin v27.4 - https:\/\/yoast.com\/product\/yoast-seo-wordpress\/ -->\n<title>Les avantages des jantes d\u00e9montables - Mad In - Jantes sur-mesure<\/title>\n<meta name=\"description\" content=\"Les jantes d\u00e9montables pr\u00e9sentent de nombreux avantages : l\u00e9g\u00e8ret\u00e9, performance, flexibilit\u00e9, long\u00e9vit\u00e9. Apprenez-en plus avec Mad In.\" \/>\n<meta name=\"robots\" content=\"index, follow, max-snippet:-1, max-image-preview:large, max-video-preview:-1\" \/>\n<link rel=\"canonical\" href=\"https:\/\/madin.fr\/de\/mehrteilige-felgen\/vorteile\/\" \/>\n<meta property=\"og:locale\" content=\"de_DE\" \/>\n<meta property=\"og:type\" content=\"article\" \/>\n<meta property=\"og:title\" content=\"Les avantages des jantes d\u00e9montables - Mad In - Jantes sur-mesure\" \/>\n<meta property=\"og:description\" content=\"Les jantes d\u00e9montables pr\u00e9sentent de nombreux avantages : l\u00e9g\u00e8ret\u00e9, performance, flexibilit\u00e9, long\u00e9vit\u00e9. Apprenez-en plus avec Mad In.\" \/>\n<meta property=\"og:url\" content=\"https:\/\/madin.fr\/de\/mehrteilige-felgen\/vorteile\/\" \/>\n<meta property=\"og:site_name\" content=\"Mad In - Jantes sur-mesure\" \/>\n<meta property=\"article:publisher\" content=\"https:\/\/www.facebook.com\/madin.wheels\/\" \/>\n<meta property=\"article:modified_time\" content=\"2025-10-02T08:16:54+00:00\" \/>\n<meta name=\"twitter:card\" content=\"summary_large_image\" \/>\n<meta name=\"twitter:label1\" content=\"Gesch\u00e4tzte Lesezeit\" \/>\n\t<meta name=\"twitter:data1\" content=\"2\u00a0Minuten\" \/>\n<script type=\"application\/ld+json\" class=\"yoast-schema-graph\">{\"@context\":\"https:\\\/\\\/schema.org\",\"@graph\":[{\"@type\":\"WebPage\",\"@id\":\"https:\\\/\\\/madin.fr\\\/la-jante-demontable\\\/les-avantages\\\/\",\"url\":\"https:\\\/\\\/madin.fr\\\/la-jante-demontable\\\/les-avantages\\\/\",\"name\":\"Les avantages des jantes d\u00e9montables - Mad In - Jantes sur-mesure\",\"isPartOf\":{\"@id\":\"https:\\\/\\\/madin.fr\\\/#website\"},\"datePublished\":\"2021-09-17T12:21:03+00:00\",\"dateModified\":\"2025-10-02T08:16:54+00:00\",\"description\":\"Les jantes d\u00e9montables pr\u00e9sentent de nombreux avantages : l\u00e9g\u00e8ret\u00e9, performance, flexibilit\u00e9, long\u00e9vit\u00e9. Apprenez-en plus avec Mad In.\",\"breadcrumb\":{\"@id\":\"https:\\\/\\\/madin.fr\\\/la-jante-demontable\\\/les-avantages\\\/#breadcrumb\"},\"inLanguage\":\"de\",\"potentialAction\":[{\"@type\":\"ReadAction\",\"target\":[\"https:\\\/\\\/madin.fr\\\/la-jante-demontable\\\/les-avantages\\\/\"]}]},{\"@type\":\"BreadcrumbList\",\"@id\":\"https:\\\/\\\/madin.fr\\\/la-jante-demontable\\\/les-avantages\\\/#breadcrumb\",\"itemListElement\":[{\"@type\":\"ListItem\",\"position\":1,\"name\":\"Accueil\",\"item\":\"https:\\\/\\\/madin.fr\\\/\"},{\"@type\":\"ListItem\",\"position\":2,\"name\":\"La jante d\u00e9montable\",\"item\":\"https:\\\/\\\/madin.fr\\\/la-jante-demontable\\\/\"},{\"@type\":\"ListItem\",\"position\":3,\"name\":\"Les avantages des jantes d\u00e9montables\"}]},{\"@type\":\"WebSite\",\"@id\":\"https:\\\/\\\/madin.fr\\\/#website\",\"url\":\"https:\\\/\\\/madin.fr\\\/\",\"name\":\"Mad In - Jantes sur-mesure\",\"description\":\"\",\"publisher\":{\"@id\":\"https:\\\/\\\/madin.fr\\\/#organization\"},\"potentialAction\":[{\"@type\":\"SearchAction\",\"target\":{\"@type\":\"EntryPoint\",\"urlTemplate\":\"https:\\\/\\\/madin.fr\\\/?s={search_term_string}\"},\"query-input\":{\"@type\":\"PropertyValueSpecification\",\"valueRequired\":true,\"valueName\":\"search_term_string\"}}],\"inLanguage\":\"de\"},{\"@type\":\"Organization\",\"@id\":\"https:\\\/\\\/madin.fr\\\/#organization\",\"name\":\"Mad In\",\"url\":\"https:\\\/\\\/madin.fr\\\/\",\"logo\":{\"@type\":\"ImageObject\",\"inLanguage\":\"de\",\"@id\":\"https:\\\/\\\/madin.fr\\\/#\\\/schema\\\/logo\\\/image\\\/\",\"url\":\"https:\\\/\\\/madin.fr\\\/wp-content\\\/uploads\\\/2021\\\/09\\\/Madin-logo-carre-bis-bis-bis.png\",\"contentUrl\":\"https:\\\/\\\/madin.fr\\\/wp-content\\\/uploads\\\/2021\\\/09\\\/Madin-logo-carre-bis-bis-bis.png\",\"width\":512,\"height\":507,\"caption\":\"Mad In\"},\"image\":{\"@id\":\"https:\\\/\\\/madin.fr\\\/#\\\/schema\\\/logo\\\/image\\\/\"},\"sameAs\":[\"https:\\\/\\\/www.facebook.com\\\/madin.wheels\\\/\",\"https:\\\/\\\/www.instagram.com\\\/madinwheels\\\/\"]}]}<\/script>\n<!-- \/ Yoast SEO plugin. -->","yoast_head_json":{"title":"Mad In - Vorteile von dreiteiligen Felgen","description":"Mehrteilige Felgen bieten viele Vorteile an: Leichtigkeit, Leistung, Flexibilit\u00e4t, Dauerhaftigkeit, Personalisierung. Felgen nach Ma\u00df.","robots":{"index":"index","follow":"follow","max-snippet":"max-snippet:-1","max-image-preview":"max-image-preview:large","max-video-preview":"max-video-preview:-1"},"canonical":"https:\/\/madin.fr\/de\/mehrteilige-felgen\/vorteile\/","og_locale":"de_DE","og_type":"article","og_title":"Les avantages des jantes d\u00e9montables - Mad In - Jantes sur-mesure","og_description":"Les jantes d\u00e9montables pr\u00e9sentent de nombreux avantages : l\u00e9g\u00e8ret\u00e9, performance, flexibilit\u00e9, long\u00e9vit\u00e9. Apprenez-en plus avec Mad In.","og_url":"https:\/\/madin.fr\/de\/mehrteilige-felgen\/vorteile\/","og_site_name":"Mad In - Jantes sur-mesure","article_publisher":"https:\/\/www.facebook.com\/madin.wheels\/","article_modified_time":"2025-10-02T08:16:54+00:00","twitter_card":"summary_large_image","twitter_misc":{"Gesch\u00e4tzte Lesezeit":"2\u00a0Minuten"},"schema":{"@context":"https:\/\/schema.org","@graph":[{"@type":"WebPage","@id":"https:\/\/madin.fr\/la-jante-demontable\/les-avantages\/","url":"https:\/\/madin.fr\/la-jante-demontable\/les-avantages\/","name":"Mad In - Vorteile von dreiteiligen Felgen","isPartOf":{"@id":"https:\/\/madin.fr\/#website"},"datePublished":"2021-09-17T12:21:03+00:00","dateModified":"2025-10-02T08:16:54+00:00","description":"Mehrteilige Felgen bieten viele Vorteile an: Leichtigkeit, Leistung, Flexibilit\u00e4t, Dauerhaftigkeit, Personalisierung. Felgen nach Ma\u00df.","breadcrumb":{"@id":"https:\/\/madin.fr\/la-jante-demontable\/les-avantages\/#breadcrumb"},"inLanguage":"de","potentialAction":[{"@type":"ReadAction","target":["https:\/\/madin.fr\/la-jante-demontable\/les-avantages\/"]}]},{"@type":"BreadcrumbList","@id":"https:\/\/madin.fr\/la-jante-demontable\/les-avantages\/#breadcrumb","itemListElement":[{"@type":"ListItem","position":1,"name":"Accueil","item":"https:\/\/madin.fr\/"},{"@type":"ListItem","position":2,"name":"La jante d\u00e9montable","item":"https:\/\/madin.fr\/la-jante-demontable\/"},{"@type":"ListItem","position":3,"name":"Les avantages des jantes d\u00e9montables"}]},{"@type":"WebSite","@id":"https:\/\/madin.fr\/#website","url":"https:\/\/madin.fr\/","name":"Mad In - Felgen nach Ma\u00df","description":"","publisher":{"@id":"https:\/\/madin.fr\/#organization"},"potentialAction":[{"@type":"SearchAction","target":{"@type":"EntryPoint","urlTemplate":"https:\/\/madin.fr\/?s={search_term_string}"},"query-input":{"@type":"PropertyValueSpecification","valueRequired":true,"valueName":"search_term_string"}}],"inLanguage":"de"},{"@type":"Organization","@id":"https:\/\/madin.fr\/#organization","name":"Mad In","url":"https:\/\/madin.fr\/","logo":{"@type":"ImageObject","inLanguage":"de","@id":"https:\/\/madin.fr\/#\/schema\/logo\/image\/","url":"https:\/\/madin.fr\/wp-content\/uploads\/2021\/09\/Madin-logo-carre-bis-bis-bis.png","contentUrl":"https:\/\/madin.fr\/wp-content\/uploads\/2021\/09\/Madin-logo-carre-bis-bis-bis.png","width":512,"height":507,"caption":"Mad In"},"image":{"@id":"https:\/\/madin.fr\/#\/schema\/logo\/image\/"},"sameAs":["https:\/\/www.facebook.com\/madin.wheels\/","https:\/\/www.instagram.com\/madinwheels\/"]}]}},"jetpack_sharing_enabled":true,"_links":{"self":[{"href":"https:\/\/madin.fr\/de\/wp-json\/wp\/v2\/pages\/2559","targetHints":{"allow":["GET"]}}],"collection":[{"href":"https:\/\/madin.fr\/de\/wp-json\/wp\/v2\/pages"}],"about":[{"href":"https:\/\/madin.fr\/de\/wp-json\/wp\/v2\/types\/page"}],"author":[{"embeddable":true,"href":"https:\/\/madin.fr\/de\/wp-json\/wp\/v2\/users\/1"}],"replies":[{"embeddable":true,"href":"https:\/\/madin.fr\/de\/wp-json\/wp\/v2\/comments?post=2559"}],"version-history":[{"count":39,"href":"https:\/\/madin.fr\/de\/wp-json\/wp\/v2\/pages\/2559\/revisions"}],"predecessor-version":[{"id":5212,"href":"https:\/\/madin.fr\/de\/wp-json\/wp\/v2\/pages\/2559\/revisions\/5212"}],"up":[{"embeddable":true,"href":"https:\/\/madin.fr\/de\/wp-json\/wp\/v2\/pages\/2551"}],"wp:attachment":[{"href":"https:\/\/madin.fr\/de\/wp-json\/wp\/v2\/media?parent=2559"}],"curies":[{"name":"wp","href":"https:\/\/api.w.org\/{rel}","templated":true}]}}