{"id":2566,"date":"2021-09-17T14:35:20","date_gmt":"2021-09-17T12:35:20","guid":{"rendered":"https:\/\/madinjantessurmesur.live-website.com\/?page_id=2566"},"modified":"2022-01-27T15:48:59","modified_gmt":"2022-01-27T14:48:59","slug":"jantes-2-ou-3-parties","status":"publish","type":"page","link":"https:\/\/madin.fr\/de\/mehrteilige-felgen\/drei-zweiteilige-felgen\/","title":{"rendered":"2- oder 3-teilig ?"},"content":{"rendered":"<div class=\"wp-block-group padding-5 no-opacity top-bottom-margin-3 border-radius-3 has-nv-light-bg-background-color has-background\"><div class=\"wp-block-group__inner-container is-layout-flow wp-block-group-is-layout-flow\">\n<h1 class=\"wp-block-heading\">2- oder 3-teilig ?<\/h1>\n\n\n<style>.wp-block-kadence-spacer.kt-block-spacer-_cea526-9b .kt-block-spacer{height:25px;}.wp-block-kadence-spacer.kt-block-spacer-_cea526-9b .kt-divider-stripe{height:12px;width:100%;}<\/style>\n<div class=\"wp-block-kadence-spacer aligncenter kt-block-spacer-_cea526-9b\"><div class=\"kt-block-spacer kt-block-spacer-halign-center\" style=\"height:25px\"><span class=\"kt-divider-stripe\" style=\"height:12px;width:100%\"><svg xmlns=\"http:\/\/www.w3.org\/2000\/svg\" width=\"100%\" height=\"100%\" class=\"kb-pattern-svg-divider kb-stripes-svg\"><defs><pattern id=\"pat_cea526-9b\" width=\"9.5\" height=\"9.5\" patterntransform=\"rotate(40)\" patternunits=\"userSpaceOnUse\"><line x1=\"0\" y=\"0\" x2=\"0\" y2=\"9.5\" stroke=\"#3b3307\" stroke-width=\"9\"><\/line><\/pattern><\/defs><rect width=\"100%\" height=\"100%\" fill=\"url(#pat_cea526-9b)\" opacity=\"0.24\"><\/rect><\/svg><\/span><\/div><\/div>\n\n\n\n<h2 class=\"wp-block-heading\"><strong>3-teilige Felgen<\/strong><\/h2>\n\n\n\n<div class=\"wp-block-columns is-layout-flex wp-container-core-columns-is-layout-9d6595d7 wp-block-columns-is-layout-flex\">\n<div class=\"wp-block-column is-layout-flow wp-block-column-is-layout-flow\" style=\"flex-basis:66.66%\">\n<p><ul> <\/ul><\/p>\n\n\n\n<p>3-teilige Felgen setzen sich zusammen aus:<\/p>\n\n\n\n<ul class=\"wp-block-list\"><li>Einem&nbsp;<strong>Felgenstern<\/strong>&nbsp;, der aus geschmiedetes Aluminium oder Aluminiumguss gemacht wird.<\/li><li>Einem&nbsp;<strong>Au\u00dfenbett<\/strong>&nbsp;, das aus Aluminium oder Edelstahl gemacht werden kann. Die Oberfl\u00e4che kann poliert oder satiniert sein. Au\u00dfenbette haben einTreppen Profil, das die Montierung der Reifen erlaubt. Ein Buckel vermeidet, dass der Reifen von der Felge springt.<\/li><li class=\"translation-block\">Einem <strong>Innenbett<\/strong>, das ein zylinderf\u00f6rmiges Profil hat, um einem gro\u00dfen Bremssattel Platz zu lassen.<\/li><\/ul>\n\n\n\n<p><\/p>\n\n\n\n<p class=\"translation-block\">Felgenbetten und Felgenstern werden zusammengeschraubt und mit einem besonderen Silikon <strong>abgedichtet.<\/strong><\/p>\n<\/div>\n\n\n\n<div class=\"wp-block-column is-layout-flow wp-block-column-is-layout-flow\" style=\"flex-basis:33.33%\">\n<figure class=\"wp-block-image size-full\"><img fetchpriority=\"high\" decoding=\"async\" width=\"438\" height=\"450\" src=\"https:\/\/madin.fr\/wp-content\/uploads\/2021\/09\/schema-voiles-2.png\" alt=\"\" class=\"wp-image-2752\" srcset=\"https:\/\/madin.fr\/wp-content\/uploads\/2021\/09\/schema-voiles-2.png 438w, https:\/\/madin.fr\/wp-content\/uploads\/2021\/09\/schema-voiles-2-292x300.png 292w\" sizes=\"(max-width: 438px) 100vw, 438px\" \/><\/figure>\n<\/div>\n<\/div>\n\n\n\n<h2 class=\"wp-block-heading\"><strong>2-teilige Felgen<\/strong><\/h2>\n\n\n\n<p class=\"has-normal-font-size\">2-teilige Felgen wurden von BBS entwickelt, mit den BBS RSII und RX II Modellen. <\/p>\n\n\n\n<p>Es gibt <strong>verschiedene Arten<\/strong> von 2-teiligen Felgen: <\/p>\n\n\n\n<p>- die, wo der Felgenstern und das Innenbett einen einzigen Bestandteil ausmachen, auf dem ein Aussenbett befestigt wird. <br>- die, wo Au\u00dfen- und Innenbett einen einzigen Bestandteil ausmachen, auf dem der Felgenstern befestigt wird. <\/p>\n\n\n\n<p>Es besteht die M\u00f6glichkeit f\u00fcr einen Felgestern aus einer 2-teiligen Felge <a href=\"https:\/\/madin.fr\/de\/mehrteilige-felgen\/felgenbetten-2\/\" data-type=\"page\" data-id=\"2557\">Au\u00dfen- und Innenbetten zu fertigen <\/a>, um eine 3-teilige Felge daraus zu machen.<\/p>\n\n\n\n<p><\/p>\n\n\n\n<p><strong>Fazit <\/strong>: 2-teilige Felgen sind nicht einfach zu modifizieren. 3-teilige Felgen, wie unsere <a href=\"https:\/\/madin.fr\/de\/nos-jantes\/\" data-type=\"page\" data-id=\"2543\">Felgen nach Ma\u00df,<\/a>, haben den Vorteil, leicht zu umbauen und zu reparieren zu sein. <\/p>\n<\/div><\/div>","protected":false},"excerpt":{"rendered":"<p>2 ou 3 parties ? Jantes 3 parties Les jantes d\u00e9montables en 3 parties sont compos\u00e9es : D\u2019une&nbsp;partie centrale&nbsp;(aussi appel\u00e9e centre de roue ou moyeu), qui peut \u00eatre en aluminium forg\u00e9 ou moul\u00e9. D\u2019un&nbsp;voile ext\u00e9rieur&nbsp;(aussi appel\u00e9 demi-jante ou couronne ext\u00e9rieure), qui peut \u00eatre en aluminium ou en inox et qui est poli ou satin\u00e9. Le&hellip;&nbsp;<a href=\"https:\/\/madin.fr\/de\/mehrteilige-felgen\/drei-zweiteilige-felgen\/\" rel=\"bookmark\">Weiterlesen &raquo;<span class=\"screen-reader-text\">2- oder 3-teilig ?<\/span><\/a><\/p>","protected":false},"author":1,"featured_media":0,"parent":2551,"menu_order":0,"comment_status":"closed","ping_status":"closed","template":"","meta":{"_monsterinsights_skip_tracking":false,"_monsterinsights_sitenote_active":false,"_monsterinsights_sitenote_note":"","_monsterinsights_sitenote_category":0,"neve_meta_sidebar":"","neve_meta_container":"contained","neve_meta_enable_content_width":"on","neve_meta_content_width":66,"neve_meta_title_alignment":"","neve_meta_author_avatar":"","neve_post_elements_order":"","neve_meta_disable_header":"","neve_meta_disable_footer":"","neve_meta_disable_title":"on","_themeisle_gutenberg_block_has_review":false,"footnotes":""},"class_list":["post-2566","page","type-page","status-publish","hentry"],"yoast_head":"<!-- This site is optimized with the Yoast SEO plugin v27.5 - https:\/\/yoast.com\/product\/yoast-seo-wordpress\/ -->\n<title>Jantes : monobloc, 2 ou 3 parties ? - Mad In - Jantes sur-mesure<\/title>\n<meta name=\"description\" content=\"D\u00e9couvrez la diff\u00e9rence entre jantes 2 et 3 parties. Mad In vous propose des jantes d\u00e9montables en 3 parties, sur-mesure. Conseil personnalis\u00e9.\" \/>\n<meta name=\"robots\" content=\"index, follow, max-snippet:-1, max-image-preview:large, max-video-preview:-1\" \/>\n<link rel=\"canonical\" href=\"https:\/\/madin.fr\/de\/mehrteilige-felgen\/drei-zweiteilige-felgen\/\" \/>\n<meta property=\"og:locale\" content=\"de_DE\" \/>\n<meta property=\"og:type\" content=\"article\" \/>\n<meta property=\"og:title\" content=\"Jantes : monobloc, 2 ou 3 parties ? - Mad In - Jantes sur-mesure\" \/>\n<meta property=\"og:description\" content=\"D\u00e9couvrez la diff\u00e9rence entre jantes 2 et 3 parties. Mad In vous propose des jantes d\u00e9montables en 3 parties, sur-mesure. Conseil personnalis\u00e9.\" \/>\n<meta property=\"og:url\" content=\"https:\/\/madin.fr\/de\/mehrteilige-felgen\/drei-zweiteilige-felgen\/\" \/>\n<meta property=\"og:site_name\" content=\"Mad In - Jantes sur-mesure\" \/>\n<meta property=\"article:publisher\" content=\"https:\/\/www.facebook.com\/madin.wheels\/\" \/>\n<meta property=\"article:modified_time\" content=\"2022-01-27T14:48:59+00:00\" \/>\n<meta property=\"og:image\" content=\"https:\/\/madin.fr\/wp-content\/uploads\/2021\/09\/schema-voiles-2.png\" \/>\n<meta name=\"twitter:card\" content=\"summary_large_image\" \/>\n<meta name=\"twitter:label1\" content=\"Gesch\u00e4tzte Lesezeit\" \/>\n\t<meta name=\"twitter:data1\" content=\"2\u00a0Minuten\" \/>\n<script type=\"application\/ld+json\" class=\"yoast-schema-graph\">{\"@context\":\"https:\\\/\\\/schema.org\",\"@graph\":[{\"@type\":\"WebPage\",\"@id\":\"https:\\\/\\\/madin.fr\\\/la-jante-demontable\\\/jantes-2-ou-3-parties\\\/\",\"url\":\"https:\\\/\\\/madin.fr\\\/la-jante-demontable\\\/jantes-2-ou-3-parties\\\/\",\"name\":\"Jantes : monobloc, 2 ou 3 parties ? - Mad In - Jantes sur-mesure\",\"isPartOf\":{\"@id\":\"https:\\\/\\\/madin.fr\\\/#website\"},\"primaryImageOfPage\":{\"@id\":\"https:\\\/\\\/madin.fr\\\/la-jante-demontable\\\/jantes-2-ou-3-parties\\\/#primaryimage\"},\"image\":{\"@id\":\"https:\\\/\\\/madin.fr\\\/la-jante-demontable\\\/jantes-2-ou-3-parties\\\/#primaryimage\"},\"thumbnailUrl\":\"https:\\\/\\\/madin.fr\\\/wp-content\\\/uploads\\\/2021\\\/09\\\/schema-voiles-2.png\",\"datePublished\":\"2021-09-17T12:35:20+00:00\",\"dateModified\":\"2022-01-27T14:48:59+00:00\",\"description\":\"D\u00e9couvrez la diff\u00e9rence entre jantes 2 et 3 parties. Mad In vous propose des jantes d\u00e9montables en 3 parties, sur-mesure. Conseil personnalis\u00e9.\",\"breadcrumb\":{\"@id\":\"https:\\\/\\\/madin.fr\\\/la-jante-demontable\\\/jantes-2-ou-3-parties\\\/#breadcrumb\"},\"inLanguage\":\"de\",\"potentialAction\":[{\"@type\":\"ReadAction\",\"target\":[\"https:\\\/\\\/madin.fr\\\/la-jante-demontable\\\/jantes-2-ou-3-parties\\\/\"]}]},{\"@type\":\"ImageObject\",\"inLanguage\":\"de\",\"@id\":\"https:\\\/\\\/madin.fr\\\/la-jante-demontable\\\/jantes-2-ou-3-parties\\\/#primaryimage\",\"url\":\"https:\\\/\\\/madin.fr\\\/wp-content\\\/uploads\\\/2021\\\/09\\\/schema-voiles-2.png\",\"contentUrl\":\"https:\\\/\\\/madin.fr\\\/wp-content\\\/uploads\\\/2021\\\/09\\\/schema-voiles-2.png\"},{\"@type\":\"BreadcrumbList\",\"@id\":\"https:\\\/\\\/madin.fr\\\/la-jante-demontable\\\/jantes-2-ou-3-parties\\\/#breadcrumb\",\"itemListElement\":[{\"@type\":\"ListItem\",\"position\":1,\"name\":\"Accueil\",\"item\":\"https:\\\/\\\/madin.fr\\\/\"},{\"@type\":\"ListItem\",\"position\":2,\"name\":\"La jante d\u00e9montable\",\"item\":\"https:\\\/\\\/madin.fr\\\/la-jante-demontable\\\/\"},{\"@type\":\"ListItem\",\"position\":3,\"name\":\"2 ou 3 parties\"}]},{\"@type\":\"WebSite\",\"@id\":\"https:\\\/\\\/madin.fr\\\/#website\",\"url\":\"https:\\\/\\\/madin.fr\\\/\",\"name\":\"Mad In - Jantes sur-mesure\",\"description\":\"\",\"publisher\":{\"@id\":\"https:\\\/\\\/madin.fr\\\/#organization\"},\"potentialAction\":[{\"@type\":\"SearchAction\",\"target\":{\"@type\":\"EntryPoint\",\"urlTemplate\":\"https:\\\/\\\/madin.fr\\\/?s={search_term_string}\"},\"query-input\":{\"@type\":\"PropertyValueSpecification\",\"valueRequired\":true,\"valueName\":\"search_term_string\"}}],\"inLanguage\":\"de\"},{\"@type\":\"Organization\",\"@id\":\"https:\\\/\\\/madin.fr\\\/#organization\",\"name\":\"Mad In\",\"url\":\"https:\\\/\\\/madin.fr\\\/\",\"logo\":{\"@type\":\"ImageObject\",\"inLanguage\":\"de\",\"@id\":\"https:\\\/\\\/madin.fr\\\/#\\\/schema\\\/logo\\\/image\\\/\",\"url\":\"https:\\\/\\\/madin.fr\\\/wp-content\\\/uploads\\\/2021\\\/09\\\/Madin-logo-carre-bis-bis-bis.png\",\"contentUrl\":\"https:\\\/\\\/madin.fr\\\/wp-content\\\/uploads\\\/2021\\\/09\\\/Madin-logo-carre-bis-bis-bis.png\",\"width\":512,\"height\":507,\"caption\":\"Mad In\"},\"image\":{\"@id\":\"https:\\\/\\\/madin.fr\\\/#\\\/schema\\\/logo\\\/image\\\/\"},\"sameAs\":[\"https:\\\/\\\/www.facebook.com\\\/madin.wheels\\\/\",\"https:\\\/\\\/www.instagram.com\\\/madinwheels\\\/\"]}]}<\/script>\n<!-- \/ Yoast SEO plugin. -->","yoast_head_json":{"title":"Monoblock, 2- oder 3-teilige Felgen ? Mad In - Felgen nach Ma\u00df. Made in France. Seit 1975.","description":"Entdecken Sie den Unterschied zwischen 2- und 3-teilige Felgen. Wir beraten Sie individuell. Mad In - Felgen nach Ma\u00df.","robots":{"index":"index","follow":"follow","max-snippet":"max-snippet:-1","max-image-preview":"max-image-preview:large","max-video-preview":"max-video-preview:-1"},"canonical":"https:\/\/madin.fr\/de\/mehrteilige-felgen\/drei-zweiteilige-felgen\/","og_locale":"de_DE","og_type":"article","og_title":"Jantes : monobloc, 2 ou 3 parties ? - Mad In - Jantes sur-mesure","og_description":"D\u00e9couvrez la diff\u00e9rence entre jantes 2 et 3 parties. Mad In vous propose des jantes d\u00e9montables en 3 parties, sur-mesure. Conseil personnalis\u00e9.","og_url":"https:\/\/madin.fr\/de\/mehrteilige-felgen\/drei-zweiteilige-felgen\/","og_site_name":"Mad In - Jantes sur-mesure","article_publisher":"https:\/\/www.facebook.com\/madin.wheels\/","article_modified_time":"2022-01-27T14:48:59+00:00","og_image":[{"url":"https:\/\/madin.fr\/wp-content\/uploads\/2021\/09\/schema-voiles-2.png","type":"","width":"","height":""}],"twitter_card":"summary_large_image","twitter_misc":{"Gesch\u00e4tzte Lesezeit":"2\u00a0Minuten"},"schema":{"@context":"https:\/\/schema.org","@graph":[{"@type":"WebPage","@id":"https:\/\/madin.fr\/la-jante-demontable\/jantes-2-ou-3-parties\/","url":"https:\/\/madin.fr\/la-jante-demontable\/jantes-2-ou-3-parties\/","name":"Monoblock, 2- oder 3-teilige Felgen ? Mad In - Felgen nach Ma\u00df. Made in France. Seit 1975.","isPartOf":{"@id":"https:\/\/madin.fr\/#website"},"primaryImageOfPage":{"@id":"https:\/\/madin.fr\/la-jante-demontable\/jantes-2-ou-3-parties\/#primaryimage"},"image":{"@id":"https:\/\/madin.fr\/la-jante-demontable\/jantes-2-ou-3-parties\/#primaryimage"},"thumbnailUrl":"https:\/\/madin.fr\/wp-content\/uploads\/2021\/09\/schema-voiles-2.png","datePublished":"2021-09-17T12:35:20+00:00","dateModified":"2022-01-27T14:48:59+00:00","description":"Entdecken Sie den Unterschied zwischen 2- und 3-teilige Felgen. Wir beraten Sie individuell. Mad In - Felgen nach Ma\u00df.","breadcrumb":{"@id":"https:\/\/madin.fr\/la-jante-demontable\/jantes-2-ou-3-parties\/#breadcrumb"},"inLanguage":"de","potentialAction":[{"@type":"ReadAction","target":["https:\/\/madin.fr\/la-jante-demontable\/jantes-2-ou-3-parties\/"]}]},{"@type":"ImageObject","inLanguage":"de","@id":"https:\/\/madin.fr\/la-jante-demontable\/jantes-2-ou-3-parties\/#primaryimage","url":"https:\/\/madin.fr\/wp-content\/uploads\/2021\/09\/schema-voiles-2.png","contentUrl":"https:\/\/madin.fr\/wp-content\/uploads\/2021\/09\/schema-voiles-2.png"},{"@type":"BreadcrumbList","@id":"https:\/\/madin.fr\/la-jante-demontable\/jantes-2-ou-3-parties\/#breadcrumb","itemListElement":[{"@type":"ListItem","position":1,"name":"Accueil","item":"https:\/\/madin.fr\/"},{"@type":"ListItem","position":2,"name":"La jante d\u00e9montable","item":"https:\/\/madin.fr\/la-jante-demontable\/"},{"@type":"ListItem","position":3,"name":"2 ou 3 parties"}]},{"@type":"WebSite","@id":"https:\/\/madin.fr\/#website","url":"https:\/\/madin.fr\/","name":"Mad In - Felgen nach Ma\u00df","description":"","publisher":{"@id":"https:\/\/madin.fr\/#organization"},"potentialAction":[{"@type":"SearchAction","target":{"@type":"EntryPoint","urlTemplate":"https:\/\/madin.fr\/?s={search_term_string}"},"query-input":{"@type":"PropertyValueSpecification","valueRequired":true,"valueName":"search_term_string"}}],"inLanguage":"de"},{"@type":"Organization","@id":"https:\/\/madin.fr\/#organization","name":"Mad In","url":"https:\/\/madin.fr\/","logo":{"@type":"ImageObject","inLanguage":"de","@id":"https:\/\/madin.fr\/#\/schema\/logo\/image\/","url":"https:\/\/madin.fr\/wp-content\/uploads\/2021\/09\/Madin-logo-carre-bis-bis-bis.png","contentUrl":"https:\/\/madin.fr\/wp-content\/uploads\/2021\/09\/Madin-logo-carre-bis-bis-bis.png","width":512,"height":507,"caption":"Mad In"},"image":{"@id":"https:\/\/madin.fr\/#\/schema\/logo\/image\/"},"sameAs":["https:\/\/www.facebook.com\/madin.wheels\/","https:\/\/www.instagram.com\/madinwheels\/"]}]}},"jetpack_sharing_enabled":true,"_links":{"self":[{"href":"https:\/\/madin.fr\/de\/wp-json\/wp\/v2\/pages\/2566","targetHints":{"allow":["GET"]}}],"collection":[{"href":"https:\/\/madin.fr\/de\/wp-json\/wp\/v2\/pages"}],"about":[{"href":"https:\/\/madin.fr\/de\/wp-json\/wp\/v2\/types\/page"}],"author":[{"embeddable":true,"href":"https:\/\/madin.fr\/de\/wp-json\/wp\/v2\/users\/1"}],"replies":[{"embeddable":true,"href":"https:\/\/madin.fr\/de\/wp-json\/wp\/v2\/comments?post=2566"}],"version-history":[{"count":36,"href":"https:\/\/madin.fr\/de\/wp-json\/wp\/v2\/pages\/2566\/revisions"}],"predecessor-version":[{"id":4166,"href":"https:\/\/madin.fr\/de\/wp-json\/wp\/v2\/pages\/2566\/revisions\/4166"}],"up":[{"embeddable":true,"href":"https:\/\/madin.fr\/de\/wp-json\/wp\/v2\/pages\/2551"}],"wp:attachment":[{"href":"https:\/\/madin.fr\/de\/wp-json\/wp\/v2\/media?parent=2566"}],"curies":[{"name":"wp","href":"https:\/\/api.w.org\/{rel}","templated":true}]}}