{"id":3170,"date":"2021-10-12T16:03:03","date_gmt":"2021-10-12T14:03:03","guid":{"rendered":"https:\/\/madinjantessurmesur.live-website.com\/?page_id=3170"},"modified":"2025-10-02T12:02:05","modified_gmt":"2025-10-02T10:02:05","slug":"entraxe-et-alesage-jantes","status":"publish","type":"page","link":"https:\/\/madin.fr\/de\/lochkreis-mittenlochdurchmesser-felgen\/","title":{"rendered":"Technische Daten zu deinem Auto"},"content":{"rendered":"<p class=\"has-neve-link-color-color has-text-color has-link-color has-x-large-font-size wp-elements-7c3d73feede1d1fa79a2953c3b1e7bef\"><strong>Technische Daten zu deinem Auto<\/strong><\/p>\n\n\n<style>.wp-block-kadence-spacer.kt-block-spacer-3170_72268e-18 .kt-block-spacer{height:60px;}.wp-block-kadence-spacer.kt-block-spacer-3170_72268e-18 .kt-divider{border-top-width:1px;height:1px;width:80%;border-top-style:solid;}<\/style>\n<div class=\"wp-block-kadence-spacer aligncenter kt-block-spacer-3170_72268e-18\"><div class=\"kt-block-spacer kt-block-spacer-halign-center\"><hr class=\"kt-divider\"\/><\/div><\/div>\n\n\n\n<p>In der Tabelle hierunter finden Sie Informationen zu den Fahrzeugen die wir am \u00f6ftesten austatten: Lochkreis, Mittenlochdurchmesser, geeignete Felgen. Diese Informationen geben wir als Orientierung. Wenn Sie sich unsicher sind, Bitte nehmen Sie Kontakt mit uns auf. <\/p>\n\n\n\n<table id=\"tablepress-1\" class=\"tablepress tablepress-id-1\">\n<thead>\n<tr class=\"row-1\">\n\t<th class=\"column-1\">Fahrzeug<\/th><th class=\"column-2\">Lochkreis<\/th><th class=\"column-3\">Mittenlochdurchmesser<\/th><th class=\"column-4\">Mad In Felgen<\/th>\n<\/tr>\n<\/thead>\n<tbody class=\"row-striping row-hover\">\n<tr class=\"row-2\">\n\t<td class=\"column-1\">Alfa Giulia GT<\/td><td class=\"column-2\">4x108<\/td><td class=\"column-3\">63,4 mm<\/td><td class=\"column-4\">15C, 154C<\/td>\n<\/tr>\n<tr class=\"row-3\">\n\t<td class=\"column-1\">Alfa GTV6<\/td><td class=\"column-2\">4x98 oder 5x98<\/td><td class=\"column-3\">58,6 mm<\/td><td class=\"column-4\">154\/155C, 164\/165C<\/td>\n<\/tr>\n<tr class=\"row-4\">\n\t<td class=\"column-1\">Alpine A110 (Berlinette)<\/td><td class=\"column-2\">3x150 (au\u00dfer 1600 SC = 4x140)<\/td><td class=\"column-3\">63,0 mm<\/td><td class=\"column-4\">1C Felge<\/td>\n<\/tr>\n<tr class=\"row-5\">\n\t<td class=\"column-1\">Alpine A310<\/td><td class=\"column-2\">variabel (Kontakt aufnehmen)<\/td><td class=\"column-3\">variabel (Kontakt aufnehmen)<\/td><td class=\"column-4\">2F, 3C, 15C, 154C, 164C<\/td>\n<\/tr>\n<tr class=\"row-6\">\n\t<td class=\"column-1\">BMW 2002 Gr 2<\/td><td class=\"column-2\">4x100<\/td><td class=\"column-3\">57,06 mm<\/td><td class=\"column-4\">15C,154C<\/td>\n<\/tr>\n<tr class=\"row-7\">\n\t<td class=\"column-1\">Fiat 127<\/td><td class=\"column-2\">4x98<\/td><td class=\"column-3\">58,1 mm<\/td><td class=\"column-4\">2F, 3C<\/td>\n<\/tr>\n<tr class=\"row-8\">\n\t<td class=\"column-1\">Fiat X1\/9<\/td><td class=\"column-2\">4x98<\/td><td class=\"column-3\">58,1 mm<\/td><td class=\"column-4\">2F, 3C, 15C, 154C<\/td>\n<\/tr>\n<tr class=\"row-9\">\n\t<td class=\"column-1\">Ford Capri<\/td><td class=\"column-2\">4x108<\/td><td class=\"column-3\">63,6 mm<\/td><td class=\"column-4\">15C, 154C<\/td>\n<\/tr>\n<tr class=\"row-10\">\n\t<td class=\"column-1\">Ford Escort RS2000 \/ Gr4 <\/td><td class=\"column-2\">4x108<\/td><td class=\"column-3\">63,6 mm<\/td><td class=\"column-4\">15C, 154C<\/td>\n<\/tr>\n<tr class=\"row-11\">\n\t<td class=\"column-1\">Ford Sierra Cosworth<\/td><td class=\"column-2\">4x108<\/td><td class=\"column-3\">63,6 mm<\/td><td class=\"column-4\">164C<\/td>\n<\/tr>\n<tr class=\"row-12\">\n\t<td class=\"column-1\">Lancia Delta<\/td><td class=\"column-2\">4x98 oder 5x98<\/td><td class=\"column-3\">58,6 mm<\/td><td class=\"column-4\">154\/155C, 164\/165C<\/td>\n<\/tr>\n<tr class=\"row-13\">\n\t<td class=\"column-1\">Opel Kadett<\/td><td class=\"column-2\">4x100<\/td><td class=\"column-3\">56,8 mm (au\u00dfer GTE 84 = 58,5 mm)<\/td><td class=\"column-4\">2F, 3C, 15C, 154C<\/td>\n<\/tr>\n<tr class=\"row-14\">\n\t<td class=\"column-1\">Porsche 911<\/td><td class=\"column-2\">5x130<\/td><td class=\"column-3\">71,6 mm<\/td><td class=\"column-4\">155C, 165C<\/td>\n<\/tr>\n<tr class=\"row-15\">\n\t<td class=\"column-1\">R12<\/td><td class=\"column-2\">3x150<\/td><td class=\"column-3\">63,0 mm<\/td><td class=\"column-4\">1C Felge<\/td>\n<\/tr>\n<tr class=\"row-16\">\n\t<td class=\"column-1\">R5 Alpine<\/td><td class=\"column-2\">3x130<\/td><td class=\"column-3\">63,0 mm<\/td><td class=\"column-4\">1C Felge<\/td>\n<\/tr>\n<tr class=\"row-17\">\n\t<td class=\"column-1\">R5 Turbo 1 \/ 2<\/td><td class=\"column-2\">4x98<\/td><td class=\"column-3\">58,6 mm<\/td><td class=\"column-4\">2F, 3C, 15C, 154C, 164C<\/td>\n<\/tr>\n<tr class=\"row-18\">\n\t<td class=\"column-1\">R8<\/td><td class=\"column-2\">3x150  <\/td><td class=\"column-3\">63,0 mm<\/td><td class=\"column-4\">1C Felge<\/td>\n<\/tr>\n<tr class=\"row-19\">\n\t<td class=\"column-1\">Simca<\/td><td class=\"column-2\">4x98<\/td><td class=\"column-3\">58,6 mm<\/td><td class=\"column-4\">2F, 3C, F08<\/td>\n<\/tr>\n<tr class=\"row-20\">\n\t<td class=\"column-1\">VW Golf 1 \/ 2<\/td><td class=\"column-2\">4x100<\/td><td class=\"column-3\">57,3 mm<\/td><td class=\"column-4\">2F, F08, 15C, 154C<\/td>\n<\/tr>\n<\/tbody>\n<\/table>\n<!-- #tablepress-1 from cache -->","protected":false},"excerpt":{"rendered":"<p>ENTRAXE ET ALESAGE COURANTS Dans le tableau ci-dessous vous trouverez, \u00e0 titre indicatif, pour les v\u00e9hicules fr\u00e9quemment \u00e9quip\u00e9s par Mad In, les entraxes et les al\u00e9sages ad\u00e9quats, ainsi que les jantes d\u00e9montables qui peuvent \u00e9quiper ces v\u00e9hicules.<\/p>","protected":false},"author":1,"featured_media":0,"parent":0,"menu_order":0,"comment_status":"closed","ping_status":"closed","template":"","meta":{"_monsterinsights_skip_tracking":false,"_monsterinsights_sitenote_active":false,"_monsterinsights_sitenote_note":"","_monsterinsights_sitenote_category":0,"neve_meta_sidebar":"","neve_meta_container":"","neve_meta_enable_content_width":"","neve_meta_content_width":0,"neve_meta_title_alignment":"","neve_meta_author_avatar":"","neve_post_elements_order":"","neve_meta_disable_header":"","neve_meta_disable_footer":"","neve_meta_disable_title":"on","_themeisle_gutenberg_block_has_review":false,"footnotes":""},"class_list":["post-3170","page","type-page","status-publish","hentry"],"yoast_head":"<!-- This site is optimized with the Yoast SEO plugin v27.4 - https:\/\/yoast.com\/product\/yoast-seo-wordpress\/ -->\n<title>Entraxe et al\u00e9sage courants - Mad In - Jantes sur-mesure<\/title>\n<meta name=\"description\" content=\"Entraxe et al\u00e9sage : R8 Gordini, R5 Turbo, Alpine, Berlinette, Alfa GTV6, Ford Capri, Simca, Golf, Opel Kadett, Lancia Delta, BMW 2002, Porsche 911\" \/>\n<meta name=\"robots\" content=\"index, follow, max-snippet:-1, max-image-preview:large, max-video-preview:-1\" \/>\n<link rel=\"canonical\" href=\"https:\/\/madin.fr\/de\/lochkreis-mittenlochdurchmesser-felgen\/\" \/>\n<meta property=\"og:locale\" content=\"de_DE\" \/>\n<meta property=\"og:type\" content=\"article\" \/>\n<meta property=\"og:title\" content=\"Entraxe et al\u00e9sage courants - Mad In - Jantes sur-mesure\" \/>\n<meta property=\"og:description\" content=\"Entraxe et al\u00e9sage : R8 Gordini, R5 Turbo, Alpine, Berlinette, Alfa GTV6, Ford Capri, Simca, Golf, Opel Kadett, Lancia Delta, BMW 2002, Porsche 911\" \/>\n<meta property=\"og:url\" content=\"https:\/\/madin.fr\/de\/lochkreis-mittenlochdurchmesser-felgen\/\" \/>\n<meta property=\"og:site_name\" content=\"Mad In - Jantes sur-mesure\" \/>\n<meta property=\"article:publisher\" content=\"https:\/\/www.facebook.com\/madin.wheels\/\" \/>\n<meta property=\"article:modified_time\" content=\"2025-10-02T10:02:05+00:00\" \/>\n<meta name=\"twitter:card\" content=\"summary_large_image\" \/>\n<meta name=\"twitter:label1\" content=\"Gesch\u00e4tzte Lesezeit\" \/>\n\t<meta name=\"twitter:data1\" content=\"1\u00a0Minute\" \/>\n<script type=\"application\/ld+json\" class=\"yoast-schema-graph\">{\"@context\":\"https:\\\/\\\/schema.org\",\"@graph\":[{\"@type\":\"WebPage\",\"@id\":\"https:\\\/\\\/madin.fr\\\/entraxe-et-alesage-jantes\\\/\",\"url\":\"https:\\\/\\\/madin.fr\\\/entraxe-et-alesage-jantes\\\/\",\"name\":\"Entraxe et al\u00e9sage courants - Mad In - Jantes sur-mesure\",\"isPartOf\":{\"@id\":\"https:\\\/\\\/madin.fr\\\/#website\"},\"datePublished\":\"2021-10-12T14:03:03+00:00\",\"dateModified\":\"2025-10-02T10:02:05+00:00\",\"description\":\"Entraxe et al\u00e9sage : R8 Gordini, R5 Turbo, Alpine, Berlinette, Alfa GTV6, Ford Capri, Simca, Golf, Opel Kadett, Lancia Delta, BMW 2002, Porsche 911\",\"breadcrumb\":{\"@id\":\"https:\\\/\\\/madin.fr\\\/entraxe-et-alesage-jantes\\\/#breadcrumb\"},\"inLanguage\":\"de\",\"potentialAction\":[{\"@type\":\"ReadAction\",\"target\":[\"https:\\\/\\\/madin.fr\\\/entraxe-et-alesage-jantes\\\/\"]}]},{\"@type\":\"BreadcrumbList\",\"@id\":\"https:\\\/\\\/madin.fr\\\/entraxe-et-alesage-jantes\\\/#breadcrumb\",\"itemListElement\":[{\"@type\":\"ListItem\",\"position\":1,\"name\":\"Accueil\",\"item\":\"https:\\\/\\\/madin.fr\\\/\"},{\"@type\":\"ListItem\",\"position\":2,\"name\":\"Entraxe et al\u00e9sage courants\"}]},{\"@type\":\"WebSite\",\"@id\":\"https:\\\/\\\/madin.fr\\\/#website\",\"url\":\"https:\\\/\\\/madin.fr\\\/\",\"name\":\"Mad In - Jantes sur-mesure\",\"description\":\"\",\"publisher\":{\"@id\":\"https:\\\/\\\/madin.fr\\\/#organization\"},\"potentialAction\":[{\"@type\":\"SearchAction\",\"target\":{\"@type\":\"EntryPoint\",\"urlTemplate\":\"https:\\\/\\\/madin.fr\\\/?s={search_term_string}\"},\"query-input\":{\"@type\":\"PropertyValueSpecification\",\"valueRequired\":true,\"valueName\":\"search_term_string\"}}],\"inLanguage\":\"de\"},{\"@type\":\"Organization\",\"@id\":\"https:\\\/\\\/madin.fr\\\/#organization\",\"name\":\"Mad In\",\"url\":\"https:\\\/\\\/madin.fr\\\/\",\"logo\":{\"@type\":\"ImageObject\",\"inLanguage\":\"de\",\"@id\":\"https:\\\/\\\/madin.fr\\\/#\\\/schema\\\/logo\\\/image\\\/\",\"url\":\"https:\\\/\\\/madin.fr\\\/wp-content\\\/uploads\\\/2021\\\/09\\\/Madin-logo-carre-bis-bis-bis.png\",\"contentUrl\":\"https:\\\/\\\/madin.fr\\\/wp-content\\\/uploads\\\/2021\\\/09\\\/Madin-logo-carre-bis-bis-bis.png\",\"width\":512,\"height\":507,\"caption\":\"Mad In\"},\"image\":{\"@id\":\"https:\\\/\\\/madin.fr\\\/#\\\/schema\\\/logo\\\/image\\\/\"},\"sameAs\":[\"https:\\\/\\\/www.facebook.com\\\/madin.wheels\\\/\",\"https:\\\/\\\/www.instagram.com\\\/madinwheels\\\/\"]}]}<\/script>\n<!-- \/ Yoast SEO plugin. -->","yoast_head_json":{"title":"Lochkreis und Mittellochdurchmesser - Mad In - Felgen nach Ma\u00df","description":"Lochkreis und Mittenlochdurchmesser: R8 Gordini, R5 Turbo, Alpine, Berlinette, Alfa GTV6, Ford Capri, Simca, Golf, Opel Kadett, Lancia Delta, BMW 2002, Porsche 911","robots":{"index":"index","follow":"follow","max-snippet":"max-snippet:-1","max-image-preview":"max-image-preview:large","max-video-preview":"max-video-preview:-1"},"canonical":"https:\/\/madin.fr\/de\/lochkreis-mittenlochdurchmesser-felgen\/","og_locale":"de_DE","og_type":"article","og_title":"Entraxe et al\u00e9sage courants - Mad In - Jantes sur-mesure","og_description":"Entraxe et al\u00e9sage : R8 Gordini, R5 Turbo, Alpine, Berlinette, Alfa GTV6, Ford Capri, Simca, Golf, Opel Kadett, Lancia Delta, BMW 2002, Porsche 911","og_url":"https:\/\/madin.fr\/de\/lochkreis-mittenlochdurchmesser-felgen\/","og_site_name":"Mad In - Jantes sur-mesure","article_publisher":"https:\/\/www.facebook.com\/madin.wheels\/","article_modified_time":"2025-10-02T10:02:05+00:00","twitter_card":"summary_large_image","twitter_misc":{"Gesch\u00e4tzte Lesezeit":"1\u00a0Minute"},"schema":{"@context":"https:\/\/schema.org","@graph":[{"@type":"WebPage","@id":"https:\/\/madin.fr\/entraxe-et-alesage-jantes\/","url":"https:\/\/madin.fr\/entraxe-et-alesage-jantes\/","name":"Lochkreis und Mittellochdurchmesser - Mad In - Felgen nach Ma\u00df","isPartOf":{"@id":"https:\/\/madin.fr\/#website"},"datePublished":"2021-10-12T14:03:03+00:00","dateModified":"2025-10-02T10:02:05+00:00","description":"Lochkreis und Mittenlochdurchmesser: R8 Gordini, R5 Turbo, Alpine, Berlinette, Alfa GTV6, Ford Capri, Simca, Golf, Opel Kadett, Lancia Delta, BMW 2002, Porsche 911","breadcrumb":{"@id":"https:\/\/madin.fr\/entraxe-et-alesage-jantes\/#breadcrumb"},"inLanguage":"de","potentialAction":[{"@type":"ReadAction","target":["https:\/\/madin.fr\/entraxe-et-alesage-jantes\/"]}]},{"@type":"BreadcrumbList","@id":"https:\/\/madin.fr\/entraxe-et-alesage-jantes\/#breadcrumb","itemListElement":[{"@type":"ListItem","position":1,"name":"Accueil","item":"https:\/\/madin.fr\/"},{"@type":"ListItem","position":2,"name":"Entraxe et al\u00e9sage courants"}]},{"@type":"WebSite","@id":"https:\/\/madin.fr\/#website","url":"https:\/\/madin.fr\/","name":"Mad In - Felgen nach Ma\u00df","description":"","publisher":{"@id":"https:\/\/madin.fr\/#organization"},"potentialAction":[{"@type":"SearchAction","target":{"@type":"EntryPoint","urlTemplate":"https:\/\/madin.fr\/?s={search_term_string}"},"query-input":{"@type":"PropertyValueSpecification","valueRequired":true,"valueName":"search_term_string"}}],"inLanguage":"de"},{"@type":"Organization","@id":"https:\/\/madin.fr\/#organization","name":"Mad In","url":"https:\/\/madin.fr\/","logo":{"@type":"ImageObject","inLanguage":"de","@id":"https:\/\/madin.fr\/#\/schema\/logo\/image\/","url":"https:\/\/madin.fr\/wp-content\/uploads\/2021\/09\/Madin-logo-carre-bis-bis-bis.png","contentUrl":"https:\/\/madin.fr\/wp-content\/uploads\/2021\/09\/Madin-logo-carre-bis-bis-bis.png","width":512,"height":507,"caption":"Mad In"},"image":{"@id":"https:\/\/madin.fr\/#\/schema\/logo\/image\/"},"sameAs":["https:\/\/www.facebook.com\/madin.wheels\/","https:\/\/www.instagram.com\/madinwheels\/"]}]}},"jetpack_sharing_enabled":true,"_links":{"self":[{"href":"https:\/\/madin.fr\/de\/wp-json\/wp\/v2\/pages\/3170","targetHints":{"allow":["GET"]}}],"collection":[{"href":"https:\/\/madin.fr\/de\/wp-json\/wp\/v2\/pages"}],"about":[{"href":"https:\/\/madin.fr\/de\/wp-json\/wp\/v2\/types\/page"}],"author":[{"embeddable":true,"href":"https:\/\/madin.fr\/de\/wp-json\/wp\/v2\/users\/1"}],"replies":[{"embeddable":true,"href":"https:\/\/madin.fr\/de\/wp-json\/wp\/v2\/comments?post=3170"}],"version-history":[{"count":5,"href":"https:\/\/madin.fr\/de\/wp-json\/wp\/v2\/pages\/3170\/revisions"}],"predecessor-version":[{"id":5241,"href":"https:\/\/madin.fr\/de\/wp-json\/wp\/v2\/pages\/3170\/revisions\/5241"}],"wp:attachment":[{"href":"https:\/\/madin.fr\/de\/wp-json\/wp\/v2\/media?parent=3170"}],"curies":[{"name":"wp","href":"https:\/\/api.w.org\/{rel}","templated":true}]}}