{"id":1071,"date":"2021-09-01T15:02:07","date_gmt":"2021-09-01T13:02:07","guid":{"rendered":"https:\/\/madinjantessurmesur.live-website.com\/?post_type=product&#038;p=1071"},"modified":"2023-03-07T12:04:52","modified_gmt":"2023-03-07T11:04:52","slug":"jante-154c","status":"publish","type":"product","link":"https:\/\/madin.fr\/de\/produkt\/154-155-felge-15-zoll\/","title":{"rendered":"154\/155C Felge (15 Zoll)"},"content":{"rendered":"<h4>Zus\u00e4tzliche Informationen \u00fcber diese Felge <\/h4>\n<p>Die 154C Felge <strong>wird in Frankreich produziert <\/strong>aus hochwertigem Aluminium und kann auf alle Fahrzeuge <strong>15 Zoll Felgen mit 4 oder 5 L\u00f6cher angepasst werden<\/strong>.  <\/p>\n<p>Es kann an viele <strong>verschiedene Lochkreise angepasst werden<\/strong> :<\/p>\n<p>&#8211;\t4&#215;95,25 : Lotus Elise, Lotus Exige, Mini Austin, Rover Metro, Rover Maestro, MG Montego, MG TF\u2026<br \/>\n&#8211;\t4&#215;98 : Audi 80, Alpine A310, BMW S\u00e9rie 3,  Alfasud, Alfa 75, Alfa Giulietta, Alfa Sprint, R5 Turbo, Honda Civic, Honda Integra, Lotus Elise, Mazda 323, Fiat Punto, Lancia Beta, Lancia Delta, Lancia Thema, Seat Ibiza, Seat Malaga,<br \/>\n&#8211;\t4&#215;100 : Alpine GTA Pack GT, Dodge Charger, Opel Manta, Opel Ascona, Opel Kadett, Opel Calibra, Opel Corsa, VW Polo, VW Golf, VW Scirocco, VW Jetta, VW Corrado, BMW S\u00e9rie 3, Ford Escort, Honda Accord, MG ZR, Mazda MX3, Mazda MX5, Rover 25, Toyota Corolla, Volvo 460 \u2026<br \/>\n&#8211;\t4&#215;101,6 : MG Metro, Mini Cooper, Pontiac 2000, Pontiac Sunbird\u2026<br \/>\n&#8211;\t4&#215;108 : Alfa Spider, Alfa GT, Alfa Montreal, Ford Sierra, Ford Fiesta, Ford Puma, Ford Capri, Peugeot 205 (GTI), Saab 900, Saab 9000, Peugeot 306, Peugeot 405, Citroen Saxo, Talbot Sunbeam Lotus\u2026<br \/>\n&#8211;\t4&#215;114,3 : Acura, Datsun 240Z, Dodge Challenger, Honda Legend, Mitsubishi Lancer, Toyota Celica Supra, Toyota Corolla\u2026<br \/>\n&#8211;\t4&#215;120 : Honda Accord, Honda Civic, Mazda 929\u2026<br \/>\n&#8211; \t4&#215;130 : Volkswagen Beetle\u2026<br \/>\n&#8211; \t5&#215;106 : Maserati Ghibli, Maserati Quattroporte\u2026<br \/>\n&#8211;\t5&#215;108 : Volvo, Ford Windstar, Maserati Ghibli, Maserati Quattroporte, Peugeot 605\u2026<br \/>\n&#8211;\t5&#215;110 : Opel (Astra, Vectra, Corsa, Calibra), Saab (900, 9-5, 9-3)\u2026<br \/>\n&#8211; \t5&#215;112 : Audi, BMW, Mercedes, Volkswagen, Ford Scorpio, Ford Granada\u2026<br \/>\n&#8211;\t5&#215;114,3 : Acura, Ford Mustang, Ford Probe, Honda Accord, Honda Civic, Jeep Cherokee, Jeep Comanche, Mazda MX5, Mitsubishi Galant, Mitsubishi Lancer, Mitsubishi Eclipse, Nissan 300ZX, Nissan 240, Lotus Exige\u2026<br \/>\n&#8211;\t5&#215;115 : Cadillac, Chevrolet, Oldsmobile, Pontiac, Vauxhall\u2026<br \/>\n&#8211;\t5&#215;120 : Acura, BMW, Chevrolet\u2026<br \/>\n&#8211; \t5&#215;120,65 : GMC, Chevrolet, Jaguar, Lamborghini, Pontiac, Cadillac\u2026<\/p>\n<p>Sie k\u00f6nnen Ihren Lochkreis <a href=\"https:\/\/madin.fr\/de\/wie-man-den-mittelrand-misst\/\">dank dieser Seite finden<\/a>. <\/p>\n<hr \/>\n<h4>Au\u00dfenbett, Innenbett und Zubeh\u00f6r<\/h4>\n<p>Sie k\u00f6nnen Felgenbetten f\u00fcr die 154\/155C Felge <a href=\"https:\/\/madin.fr\/de\/produkt\/15-zoll-24-locher-felgenbetten\/\">auf dieser Seite finden<\/a>.<\/p>\n<p>Eine gro\u00dfe Auswahl an Zubeh\u00f6r (<a href=\"https:\/\/madin.fr\/de\/produkt\/felgen-ventile\/\">Ventile<\/a>, <a href=\"https:\/\/madin.fr\/de\/produkt\/schrauben-felgen\/\">Schrauben<\/a>, <a href=\"https:\/\/madin.fr\/de\/produkt\/mad-in-aufkleber\/\">Aufkleber<\/a>) k\u00f6nnen Sie <a href=\"https:\/\/madin.fr\/de\/online-shop\/zubehor-mehrteilige-felgen\/\">auf dieser Seite finden<\/a>.<\/p>\n<hr \/>\n<p><em>Auf den <strong>Bildern<\/strong> oben, k\u00f6nnen Sie unsere 154\/155C Felgen auf folgende Fahrzeuge sehen: BMW 2002, R5 Turbo, Porsche 911, Alpine A110, Fiat Abarth, BMW 2002, R5 Turbo, Porsche 911, R5 Turbo, Golf GTI.<\/em><\/p>","protected":false},"excerpt":{"rendered":"<p style=\"text-align: justify;\" class=\"translation-block\">Die 154\/155C ist eine 15-Zoll-Felge mit <strong>6 breiten Speichen<\/strong>. Sie verleiht Ihrem Fahrzeug ein <strong>sportliches, klassisches und imposantes Aussehen.<\/strong><\/p>\n<p style=\"text-align: justify;\" class=\"translation-block\">In <strong>vielen Farben<\/strong> erh\u00e4ltlich, damit sie nicht unbemerkt bleiben !<\/p>\n<p style=\"text-align: justify;\">Sie kann auf alle Fahrzeuge die <strong>4 oder 5 Schraubenl\u00f6cher<\/strong> ben\u00f6tigen : Porsche, Ford, BMW, R5 Turbo, Alfa GTV 6, Lancia Delta, Alpine A310\u2026<\/p>\n<hr \/>\n<p><strong><u>Technische Daten<\/u> : <\/strong><\/p>\n<p style=\"text-align: justify;\"><em><strong>L\u00f6cher<\/strong> 4 oder 5 L\u00f6cher <strong>Lochkreis<\/strong> min 95mm, max. 130mm | <strong>Mittenlochdurchmesser<\/strong> min. 55,3mm | <strong>ET<\/strong> : von ET -40 zu ET37,5 | <strong>Gewicht<\/strong> (Felgenstern) : 3,6kg<\/em><\/p>\n<p><em><strong>Verf\u00fcgbare Farben<\/strong> : wei\u00df, gelb, orange, rot, blau, leicht grau, anthrazitgrau, schwarz gl\u00e4nzend, schwarz matt und vintage gold.<\/em><\/p>\n<hr \/>\n<p><strong><u>Bestellungsprozess<\/u> : <\/strong><\/p>\n<p style=\"text-align: justify;\"><strong>Rufen Sie uns an : <a href=\"tel:+33385577588\"><strong>03.85.57.75.88<\/strong><\/a> oder <strong>schicken Sie uns eine Email (<a href=\"mailto:info@madin.fr\">info@madin.fr<\/a>)<\/strong>, wir werden Ihnen bei der Wahl der perfekten Felgen f\u00fcr Ihr Fahrzeug beraten (Farbe, Einpresstiefe, Bettbreiten usw.)<\/strong><\/p>\n<hr \/>\n<p style=\"text-align: justify;\"><strong>Der Preis ist von der Breite abh\u00e4ngig. <\/strong><\/p>\n<p style=\"text-align: center;\"><a class=\"maxbutton-1 maxbutton maxbutton-nous-contacter\" href=\"https:\/\/madin.fr\/de\/kontakt\/\"><span class='mb-text'>Kontakt<\/span><\/a><\/p>","protected":false},"featured_media":3402,"comment_status":"open","ping_status":"closed","template":"","meta":{"_monsterinsights_skip_tracking":false,"_monsterinsights_sitenote_active":false,"_monsterinsights_sitenote_note":"","_monsterinsights_sitenote_category":0,"neve_meta_sidebar":"","neve_meta_container":"","neve_meta_enable_content_width":"on","neve_meta_content_width":80,"neve_meta_title_alignment":"","neve_meta_author_avatar":"","neve_post_elements_order":"","neve_meta_disable_header":"","neve_meta_disable_footer":"","neve_meta_disable_title":"","_themeisle_gutenberg_block_has_review":false},"product_brand":[],"product_cat":[18],"product_tag":[],"class_list":{"0":"post-1071","1":"product","2":"type-product","3":"status-publish","4":"has-post-thumbnail","6":"product_cat-jante","7":"product_shipping_class-jantes","9":"first","10":"instock","11":"taxable","12":"shipping-taxable","13":"product-type-simple"},"yoast_head":"<!-- This site is optimized with the Yoast SEO plugin v27.4 - https:\/\/yoast.com\/product\/yoast-seo-wordpress\/ -->\n<title>Mad In - Jante 154C \/ 155C (15 pouces) - Mad In - Jantes sur-mesure<\/title>\n<meta name=\"description\" content=\"Jante 15 pouces. 4 ou 5 trous. Toutes couleurs. Pour v\u00e9hicules 15 pouces : Ala GTV6, R5 Turbo, BMW, Porsche, Fiat Abarth, Alpine, Golf, Porsche etc.\" \/>\n<meta name=\"robots\" content=\"index, follow, max-snippet:-1, max-image-preview:large, max-video-preview:-1\" \/>\n<link rel=\"canonical\" href=\"https:\/\/madin.fr\/de\/produkt\/154-155-felge-15-zoll\/\" \/>\n<meta property=\"og:locale\" content=\"de_DE\" \/>\n<meta property=\"og:type\" content=\"article\" \/>\n<meta property=\"og:title\" content=\"Mad In - Jante 154C \/ 155C (15 pouces) - Mad In - Jantes sur-mesure\" \/>\n<meta property=\"og:description\" content=\"Jante 15 pouces. 4 ou 5 trous. Toutes couleurs. Pour v\u00e9hicules 15 pouces : Ala GTV6, R5 Turbo, BMW, Porsche, Fiat Abarth, Alpine, Golf, Porsche etc.\" \/>\n<meta property=\"og:url\" content=\"https:\/\/madin.fr\/de\/produkt\/154-155-felge-15-zoll\/\" \/>\n<meta property=\"og:site_name\" content=\"Mad In - Jantes sur-mesure\" \/>\n<meta property=\"article:publisher\" content=\"https:\/\/www.facebook.com\/madin.wheels\/\" \/>\n<meta property=\"article:modified_time\" content=\"2023-03-07T11:04:52+00:00\" \/>\n<meta property=\"og:image\" content=\"https:\/\/madin.fr\/wp-content\/uploads\/2021\/09\/154C-noir-carre-small-scaled.jpg\" \/>\n\t<meta property=\"og:image:width\" content=\"2560\" \/>\n\t<meta property=\"og:image:height\" content=\"2560\" \/>\n\t<meta property=\"og:image:type\" content=\"image\/jpeg\" \/>\n<meta name=\"twitter:card\" content=\"summary_large_image\" \/>\n<meta name=\"twitter:label1\" content=\"Gesch\u00e4tzte Lesezeit\" \/>\n\t<meta name=\"twitter:data1\" content=\"2\u00a0Minuten\" \/>\n<script type=\"application\/ld+json\" class=\"yoast-schema-graph\">{\"@context\":\"https:\\\/\\\/schema.org\",\"@graph\":[{\"@type\":\"WebPage\",\"@id\":\"https:\\\/\\\/madin.fr\\\/produit\\\/jante-154c\\\/\",\"url\":\"https:\\\/\\\/madin.fr\\\/produit\\\/jante-154c\\\/\",\"name\":\"Mad In - Jante 154C \\\/ 155C (15 pouces) - Mad In - Jantes sur-mesure\",\"isPartOf\":{\"@id\":\"https:\\\/\\\/madin.fr\\\/#website\"},\"primaryImageOfPage\":{\"@id\":\"https:\\\/\\\/madin.fr\\\/produit\\\/jante-154c\\\/#primaryimage\"},\"image\":{\"@id\":\"https:\\\/\\\/madin.fr\\\/produit\\\/jante-154c\\\/#primaryimage\"},\"thumbnailUrl\":\"https:\\\/\\\/madin.fr\\\/wp-content\\\/uploads\\\/2021\\\/09\\\/154C-noir-carre-small-scaled.jpg\",\"datePublished\":\"2021-09-01T13:02:07+00:00\",\"dateModified\":\"2023-03-07T11:04:52+00:00\",\"description\":\"Jante 15 pouces. 4 ou 5 trous. Toutes couleurs. Pour v\u00e9hicules 15 pouces : Ala GTV6, R5 Turbo, BMW, Porsche, Fiat Abarth, Alpine, Golf, Porsche etc.\",\"breadcrumb\":{\"@id\":\"https:\\\/\\\/madin.fr\\\/produit\\\/jante-154c\\\/#breadcrumb\"},\"inLanguage\":\"de\",\"potentialAction\":[{\"@type\":\"ReadAction\",\"target\":[\"https:\\\/\\\/madin.fr\\\/produit\\\/jante-154c\\\/\"]}]},{\"@type\":\"ImageObject\",\"inLanguage\":\"de\",\"@id\":\"https:\\\/\\\/madin.fr\\\/produit\\\/jante-154c\\\/#primaryimage\",\"url\":\"https:\\\/\\\/madin.fr\\\/wp-content\\\/uploads\\\/2021\\\/09\\\/154C-noir-carre-small-scaled.jpg\",\"contentUrl\":\"https:\\\/\\\/madin.fr\\\/wp-content\\\/uploads\\\/2021\\\/09\\\/154C-noir-carre-small-scaled.jpg\",\"width\":2560,\"height\":2560,\"caption\":\"jante noire 15 pouces vintage\"},{\"@type\":\"BreadcrumbList\",\"@id\":\"https:\\\/\\\/madin.fr\\\/produit\\\/jante-154c\\\/#breadcrumb\",\"itemListElement\":[{\"@type\":\"ListItem\",\"position\":1,\"name\":\"Accueil\",\"item\":\"https:\\\/\\\/madin.fr\\\/\"},{\"@type\":\"ListItem\",\"position\":2,\"name\":\"Produits\",\"item\":\"https:\\\/\\\/madin.fr\\\/shop\\\/\"},{\"@type\":\"ListItem\",\"position\":3,\"name\":\"Jante 154C \\\/ 155C (15 pouces)\"}]},{\"@type\":\"WebSite\",\"@id\":\"https:\\\/\\\/madin.fr\\\/#website\",\"url\":\"https:\\\/\\\/madin.fr\\\/\",\"name\":\"Mad In - Jantes sur-mesure\",\"description\":\"\",\"publisher\":{\"@id\":\"https:\\\/\\\/madin.fr\\\/#organization\"},\"potentialAction\":[{\"@type\":\"SearchAction\",\"target\":{\"@type\":\"EntryPoint\",\"urlTemplate\":\"https:\\\/\\\/madin.fr\\\/?s={search_term_string}\"},\"query-input\":{\"@type\":\"PropertyValueSpecification\",\"valueRequired\":true,\"valueName\":\"search_term_string\"}}],\"inLanguage\":\"de\"},{\"@type\":\"Organization\",\"@id\":\"https:\\\/\\\/madin.fr\\\/#organization\",\"name\":\"Mad In\",\"url\":\"https:\\\/\\\/madin.fr\\\/\",\"logo\":{\"@type\":\"ImageObject\",\"inLanguage\":\"de\",\"@id\":\"https:\\\/\\\/madin.fr\\\/#\\\/schema\\\/logo\\\/image\\\/\",\"url\":\"https:\\\/\\\/madin.fr\\\/wp-content\\\/uploads\\\/2021\\\/09\\\/Madin-logo-carre-bis-bis-bis.png\",\"contentUrl\":\"https:\\\/\\\/madin.fr\\\/wp-content\\\/uploads\\\/2021\\\/09\\\/Madin-logo-carre-bis-bis-bis.png\",\"width\":512,\"height\":507,\"caption\":\"Mad In\"},\"image\":{\"@id\":\"https:\\\/\\\/madin.fr\\\/#\\\/schema\\\/logo\\\/image\\\/\"},\"sameAs\":[\"https:\\\/\\\/www.facebook.com\\\/madin.wheels\\\/\",\"https:\\\/\\\/www.instagram.com\\\/madinwheels\\\/\"]}]}<\/script>\n<!-- \/ Yoast SEO plugin. -->","yoast_head_json":{"title":"Mad In - 155\/154C Felge (15 Zoll). Felgen nach Ma\u00df. Made in France. Seit 1975.","description":"15 Zoll Felge mit 4 oder 5 L\u00f6cher. Erh\u00e4ltlich in allen Farben. F\u00fcr Alfa GTV6, R5 Turbo, BMW, Porsche, Fiat Abarth, Alpine, Golf, Porsche usw.","robots":{"index":"index","follow":"follow","max-snippet":"max-snippet:-1","max-image-preview":"max-image-preview:large","max-video-preview":"max-video-preview:-1"},"canonical":"https:\/\/madin.fr\/de\/produkt\/154-155-felge-15-zoll\/","og_locale":"de_DE","og_type":"article","og_title":"Mad In - Jante 154C \/ 155C (15 pouces) - Mad In - Jantes sur-mesure","og_description":"Jante 15 pouces. 4 ou 5 trous. Toutes couleurs. Pour v\u00e9hicules 15 pouces : Ala GTV6, R5 Turbo, BMW, Porsche, Fiat Abarth, Alpine, Golf, Porsche etc.","og_url":"https:\/\/madin.fr\/de\/produkt\/154-155-felge-15-zoll\/","og_site_name":"Mad In - Jantes sur-mesure","article_publisher":"https:\/\/www.facebook.com\/madin.wheels\/","article_modified_time":"2023-03-07T11:04:52+00:00","og_image":[{"width":2560,"height":2560,"url":"https:\/\/madin.fr\/wp-content\/uploads\/2021\/09\/154C-noir-carre-small-scaled.jpg","type":"image\/jpeg"}],"twitter_card":"summary_large_image","twitter_misc":{"Gesch\u00e4tzte Lesezeit":"2\u00a0Minuten"},"schema":{"@context":"https:\/\/schema.org","@graph":[{"@type":"WebPage","@id":"https:\/\/madin.fr\/produit\/jante-154c\/","url":"https:\/\/madin.fr\/produit\/jante-154c\/","name":"Mad In - 155\/154C Felge (15 Zoll). Felgen nach Ma\u00df. Made in France. Seit 1975.","isPartOf":{"@id":"https:\/\/madin.fr\/#website"},"primaryImageOfPage":{"@id":"https:\/\/madin.fr\/produit\/jante-154c\/#primaryimage"},"image":{"@id":"https:\/\/madin.fr\/produit\/jante-154c\/#primaryimage"},"thumbnailUrl":"https:\/\/madin.fr\/wp-content\/uploads\/2021\/09\/154C-noir-carre-small-scaled.jpg","datePublished":"2021-09-01T13:02:07+00:00","dateModified":"2023-03-07T11:04:52+00:00","description":"15 Zoll Felge mit 4 oder 5 L\u00f6cher. Erh\u00e4ltlich in allen Farben. F\u00fcr Alfa GTV6, R5 Turbo, BMW, Porsche, Fiat Abarth, Alpine, Golf, Porsche usw.","breadcrumb":{"@id":"https:\/\/madin.fr\/produit\/jante-154c\/#breadcrumb"},"inLanguage":"de","potentialAction":[{"@type":"ReadAction","target":["https:\/\/madin.fr\/produit\/jante-154c\/"]}]},{"@type":"ImageObject","inLanguage":"de","@id":"https:\/\/madin.fr\/produit\/jante-154c\/#primaryimage","url":"https:\/\/madin.fr\/wp-content\/uploads\/2021\/09\/154C-noir-carre-small-scaled.jpg","contentUrl":"https:\/\/madin.fr\/wp-content\/uploads\/2021\/09\/154C-noir-carre-small-scaled.jpg","width":2560,"height":2560,"caption":"jante noire 15 pouces vintage"},{"@type":"BreadcrumbList","@id":"https:\/\/madin.fr\/produit\/jante-154c\/#breadcrumb","itemListElement":[{"@type":"ListItem","position":1,"name":"Accueil","item":"https:\/\/madin.fr\/"},{"@type":"ListItem","position":2,"name":"Produits","item":"https:\/\/madin.fr\/shop\/"},{"@type":"ListItem","position":3,"name":"Jante 154C \/ 155C (15 pouces)"}]},{"@type":"WebSite","@id":"https:\/\/madin.fr\/#website","url":"https:\/\/madin.fr\/","name":"Mad In - Felgen nach Ma\u00df","description":"","publisher":{"@id":"https:\/\/madin.fr\/#organization"},"potentialAction":[{"@type":"SearchAction","target":{"@type":"EntryPoint","urlTemplate":"https:\/\/madin.fr\/?s={search_term_string}"},"query-input":{"@type":"PropertyValueSpecification","valueRequired":true,"valueName":"search_term_string"}}],"inLanguage":"de"},{"@type":"Organization","@id":"https:\/\/madin.fr\/#organization","name":"Mad In","url":"https:\/\/madin.fr\/","logo":{"@type":"ImageObject","inLanguage":"de","@id":"https:\/\/madin.fr\/#\/schema\/logo\/image\/","url":"https:\/\/madin.fr\/wp-content\/uploads\/2021\/09\/Madin-logo-carre-bis-bis-bis.png","contentUrl":"https:\/\/madin.fr\/wp-content\/uploads\/2021\/09\/Madin-logo-carre-bis-bis-bis.png","width":512,"height":507,"caption":"Mad In"},"image":{"@id":"https:\/\/madin.fr\/#\/schema\/logo\/image\/"},"sameAs":["https:\/\/www.facebook.com\/madin.wheels\/","https:\/\/www.instagram.com\/madinwheels\/"]}]}},"jetpack_sharing_enabled":true,"_links":{"self":[{"href":"https:\/\/madin.fr\/de\/wp-json\/wp\/v2\/product\/1071","targetHints":{"allow":["GET"]}}],"collection":[{"href":"https:\/\/madin.fr\/de\/wp-json\/wp\/v2\/product"}],"about":[{"href":"https:\/\/madin.fr\/de\/wp-json\/wp\/v2\/types\/product"}],"replies":[{"embeddable":true,"href":"https:\/\/madin.fr\/de\/wp-json\/wp\/v2\/comments?post=1071"}],"wp:featuredmedia":[{"embeddable":true,"href":"https:\/\/madin.fr\/de\/wp-json\/wp\/v2\/media\/3402"}],"wp:attachment":[{"href":"https:\/\/madin.fr\/de\/wp-json\/wp\/v2\/media?parent=1071"}],"wp:term":[{"taxonomy":"product_brand","embeddable":true,"href":"https:\/\/madin.fr\/de\/wp-json\/wp\/v2\/product_brand?post=1071"},{"taxonomy":"product_cat","embeddable":true,"href":"https:\/\/madin.fr\/de\/wp-json\/wp\/v2\/product_cat?post=1071"},{"taxonomy":"product_tag","embeddable":true,"href":"https:\/\/madin.fr\/de\/wp-json\/wp\/v2\/product_tag?post=1071"}],"curies":[{"name":"wp","href":"https:\/\/api.w.org\/{rel}","templated":true}]}}