{"id":1916,"date":"2021-09-07T14:45:24","date_gmt":"2021-09-07T12:45:24","guid":{"rendered":"https:\/\/madinjantessurmesur.live-website.com\/?post_type=product&#038;p=1916"},"modified":"2023-04-03T15:53:17","modified_gmt":"2023-04-03T13:53:17","slug":"jante-15c-light","status":"publish","type":"product","link":"https:\/\/madin.fr\/de\/produkt\/15c-light-15-zoll-felge\/","title":{"rendered":"15C Light Felge (15 Zoll)"},"content":{"rendered":"<h4>Zus\u00e4tzliche Informationen \u00fcber diese Felge<\/h4>\n<p>Die 15C Light Felge ist eine dreiteilige Gussfelge, die in Frankreich hergestellt wird und die auf alle Fahrzeuge mit 15 Zoll Felgen und 4 L\u00f6cher montiert werden kann.<\/p>\n<h5>M\u00f6gliche Lochkreisdurchmesser :<\/h5>\n<ul>\n<li>4&#215;98 : Alfasud, Alfa Sprint, Alfa Giulietta, Alfa 75, Alfa 33, Alfa 90, Alfa GTV6, Alpine A310 Pack GT, V6, Fiat Roma, Fiat Spider, Fiat 128, Fiat 131, Lancia Delta, Lancia Prisma, Lancia Trevi, Lancia Beta, Lancia Integrale, Matra Murena, Matra Bagheera,\u00a0 R5 Turbo<\/li>\n<li>4&#215;100 : Alpine A310 GTA, BMW S\u00e9rie 3, BMW 2002 Gr 2, BMW E30,\u00a0 Mazda MX5, Nissan Sunny Coupe, Toyota Celica, Opel Manta, Opel Rekord, Opel Ascona, Renault Fuego, Renault R11 Turbo, Volkswagen Golf, Volkswagen Polo, Volkswagen Corrado, Volkswagen Jetta<\/li>\n<li>4&#215;108 : Alfa Spider, Alfa Montreal, Audi 80, Audi 90, Ford Escort, Ford Fiesta, Ford Capri (Gr4),\u00a0 Peugeot 205 GTI, Peugeot 309 GTI, Peugeot 405 MI16, Porsche 924,\u00a0 Saab 9000, Saab 900<\/li>\n<li>4&#215;114,3 : Mazda RX7, Mazda 626, Mazda 323, Mazda 929, Toyota Sprinter Trueno (Corolla AE86), Mitsubishi Lancer, Mitsubshi Mirage, Mitsubish Galant, Nissan Primera, Nissan Silvia, Nissan 200sx, Nissan Stanza&#8230;<\/li>\n<\/ul>\n<p>Es kann anstatt von folgenden Felgen montiert werden : PLS Le Mans, PLS Sport 4, PLS 415, Gotti J55F, Gotti 075, Gotti 75BA, Minilite, Braid Fullrace, Ronal LS, OZ Racing Superturismo usw.<\/p>\n<p>Sie k\u00f6nnen Ihren Lochkreis <a href=\"https:\/\/madin.fr\/de\/wie-man-den-mittelrand-misst\/\">dank dieser Seite finden<\/a>. <\/p>\n<hr \/>\n<h4>Au\u00dfenbett, Innenbett und Zubeh\u00f6r<\/h4>\n<p>Sie k\u00f6nnen Felgenbetten f\u00fcr die 15C Felge <a href=\"https:\/\/madin.fr\/de\/produkt\/15-zoll-felgenbetten\/\">auf dieser Seite finden<\/a>.<\/p>\n<p>Eine gro\u00dfe Auswahl an Zubeh\u00f6r (<a href=\"https:\/\/madin.fr\/de\/produkt\/felgen-ventile\/\">Ventile<\/a>, <a href=\"https:\/\/madin.fr\/de\/produkt\/schrauben-felgen\/\">Schrauben<\/a>, <a href=\"https:\/\/madin.fr\/de\/produkt\/mad-in-aufkleber\/\">Aufkleber<\/a>) k\u00f6nnen Sie <a href=\"https:\/\/madin.fr\/de\/online-shop\/zubehor-mehrteilige-felgen\/\">auf dieser Seite finden<\/a>.<\/p>\n<hr \/>\n<p><em>Auf den <strong>Bildern<\/strong> k\u00f6nnen Sie unsere dreiteilige 15C Light Felge auf folgen Autos sehen : BMW und Mitjet. <\/em><\/p>","protected":false},"excerpt":{"rendered":"<p style=\"text-align: justify;\">Die <strong>15C Light<\/strong> ist eine Innovation, die eingef\u00fchrt wurde, um unsere Kunden zufrieden zu stellen, die auf der Suche nach einer <strong>leichte 15-Zoll Felge sind.<\/strong> .<\/p>\n<p style=\"text-align: justify;\" class=\"translation-block\">Ihr Design ist von der klassischen <a href=\"https:\/\/madinjantessurmesur.live-website.com\/de\/produkt\/15c-light-15-zoll-felge\/\" target=\"_self\">15C<\/a> Felge inspiriert. Der Unterschieden liegt daran, dass wir Material an der Vorderseite entfernt haben, somit die 15C Light im Vergleich zum 15C um 1,1 kg pro Felge leichter ist.<\/p>\n<p style=\"text-align: justify;\">F\u00fcr alle die <strong>Leistung<\/strong> und <strong>Stil suchen<\/strong>\u00a0!<\/p>\n<hr \/>\n<p><strong><u>Technische Daten<\/u> : <\/strong><\/p>\n<p style=\"text-align: justify;\"><em><strong>L\u00f6cher<\/strong> 4 L\u00f6cher | <strong>Lochkreis<\/strong> min. 95mm max. 115mm | <strong>Mittenlochdurchmesser<\/strong> min. 55mm | <strong>ET<\/strong> : von ET -38 zu ET44 | <strong>Gewicht<\/strong> (Felgenstern) : 1,7kg<\/em><\/p>\n<p><em><strong>Verf\u00fcgbare Farben<\/strong> : wei\u00df, gelb, orange, rot, blau, leicht grau, anthrazitgrau, schwarz gl\u00e4nzend, schwarz matt und vintage gold.<\/em><\/p>\n<hr \/>\n<p><strong><u>Bestellungsprozess<\/u> : <\/strong><\/p>\n<p style=\"text-align: justify;\"><strong>Rufen Sie uns an : <a href=\"tel:+33385577588\"><strong>03.85.57.75.88<\/strong><\/a> oder <strong>schicken Sie uns eine Email (<a href=\"mailto:info@madin.fr\">info@madin.fr<\/a>)<\/strong>, wir werden Ihnen bei der Wahl der perfekten Felgen f\u00fcr Ihr Fahrzeug beraten (Farbe, Einpresstiefe, Bettbreiten usw.)<\/strong><\/p>\n<hr \/>\n<p style=\"text-align: justify;\"><strong>Der Preis ist von der Breite abh\u00e4ngig. <\/strong><\/p>\n<p style=\"text-align: center;\"><a class=\"maxbutton-1 maxbutton maxbutton-nous-contacter\" href=\"https:\/\/madin.fr\/de\/kontakt\/\"><span class='mb-text'>Kontakt<\/span><\/a><\/p>","protected":false},"featured_media":4586,"comment_status":"open","ping_status":"closed","template":"","meta":{"_monsterinsights_skip_tracking":false,"_monsterinsights_sitenote_active":false,"_monsterinsights_sitenote_note":"","_monsterinsights_sitenote_category":0,"neve_meta_sidebar":"","neve_meta_container":"","neve_meta_enable_content_width":"on","neve_meta_content_width":80,"neve_meta_title_alignment":"","neve_meta_author_avatar":"","neve_post_elements_order":"","neve_meta_disable_header":"","neve_meta_disable_footer":"","neve_meta_disable_title":"","_themeisle_gutenberg_block_has_review":false},"product_brand":[],"product_cat":[18],"product_tag":[],"class_list":{"0":"post-1916","1":"product","2":"type-product","3":"status-publish","4":"has-post-thumbnail","6":"product_cat-jante","7":"product_shipping_class-jantes","9":"first","10":"instock","11":"taxable","12":"shipping-taxable","13":"product-type-simple"},"yoast_head":"<!-- This site is optimized with the Yoast SEO plugin v27.4 - https:\/\/yoast.com\/product\/yoast-seo-wordpress\/ -->\n<title>Mad In - Jante 15C Light (15 pouces) - Mad In - Jantes sur-mesure<\/title>\n<meta name=\"description\" content=\"Jantes d\u00e9montables, l\u00e9g\u00e8res en 15 pouces. 4 trous. Pour R5 Turbo, Ford Capri, BMW 2002, A310, Alfa Coupe, Simca etc. Toutes couleurs.\" \/>\n<meta name=\"robots\" content=\"index, follow, max-snippet:-1, max-image-preview:large, max-video-preview:-1\" \/>\n<link rel=\"canonical\" href=\"https:\/\/madin.fr\/de\/produkt\/15c-light-15-zoll-felge\/\" \/>\n<meta property=\"og:locale\" content=\"de_DE\" \/>\n<meta property=\"og:type\" content=\"article\" \/>\n<meta property=\"og:title\" content=\"Mad In - Jante 15C Light (15 pouces) - Mad In - Jantes sur-mesure\" \/>\n<meta property=\"og:description\" content=\"Jantes d\u00e9montables, l\u00e9g\u00e8res en 15 pouces. 4 trous. Pour R5 Turbo, Ford Capri, BMW 2002, A310, Alfa Coupe, Simca etc. Toutes couleurs.\" \/>\n<meta property=\"og:url\" content=\"https:\/\/madin.fr\/de\/produkt\/15c-light-15-zoll-felge\/\" \/>\n<meta property=\"og:site_name\" content=\"Mad In - Jantes sur-mesure\" \/>\n<meta property=\"article:publisher\" content=\"https:\/\/www.facebook.com\/madin.wheels\/\" \/>\n<meta property=\"article:modified_time\" content=\"2023-04-03T13:53:17+00:00\" \/>\n<meta property=\"og:image\" content=\"https:\/\/madin.fr\/wp-content\/uploads\/2021\/09\/15c-jante-15-pouces-rouge-3-parties-square-scaled.jpg\" \/>\n\t<meta property=\"og:image:width\" content=\"2560\" \/>\n\t<meta property=\"og:image:height\" content=\"2560\" \/>\n\t<meta property=\"og:image:type\" content=\"image\/jpeg\" \/>\n<meta name=\"twitter:card\" content=\"summary_large_image\" \/>\n<meta name=\"twitter:label1\" content=\"Gesch\u00e4tzte Lesezeit\" \/>\n\t<meta name=\"twitter:data1\" content=\"1\u00a0Minute\" \/>\n<script type=\"application\/ld+json\" class=\"yoast-schema-graph\">{\"@context\":\"https:\\\/\\\/schema.org\",\"@graph\":[{\"@type\":\"WebPage\",\"@id\":\"https:\\\/\\\/madin.fr\\\/produit\\\/jante-15c-light\\\/\",\"url\":\"https:\\\/\\\/madin.fr\\\/produit\\\/jante-15c-light\\\/\",\"name\":\"Mad In - Jante 15C Light (15 pouces) - Mad In - Jantes sur-mesure\",\"isPartOf\":{\"@id\":\"https:\\\/\\\/madin.fr\\\/#website\"},\"primaryImageOfPage\":{\"@id\":\"https:\\\/\\\/madin.fr\\\/produit\\\/jante-15c-light\\\/#primaryimage\"},\"image\":{\"@id\":\"https:\\\/\\\/madin.fr\\\/produit\\\/jante-15c-light\\\/#primaryimage\"},\"thumbnailUrl\":\"https:\\\/\\\/madin.fr\\\/wp-content\\\/uploads\\\/2021\\\/09\\\/15c-jante-15-pouces-rouge-3-parties-square-scaled.jpg\",\"datePublished\":\"2021-09-07T12:45:24+00:00\",\"dateModified\":\"2023-04-03T13:53:17+00:00\",\"description\":\"Jantes d\u00e9montables, l\u00e9g\u00e8res en 15 pouces. 4 trous. Pour R5 Turbo, Ford Capri, BMW 2002, A310, Alfa Coupe, Simca etc. Toutes couleurs.\",\"breadcrumb\":{\"@id\":\"https:\\\/\\\/madin.fr\\\/produit\\\/jante-15c-light\\\/#breadcrumb\"},\"inLanguage\":\"de\",\"potentialAction\":[{\"@type\":\"ReadAction\",\"target\":[\"https:\\\/\\\/madin.fr\\\/produit\\\/jante-15c-light\\\/\"]}]},{\"@type\":\"ImageObject\",\"inLanguage\":\"de\",\"@id\":\"https:\\\/\\\/madin.fr\\\/produit\\\/jante-15c-light\\\/#primaryimage\",\"url\":\"https:\\\/\\\/madin.fr\\\/wp-content\\\/uploads\\\/2021\\\/09\\\/15c-jante-15-pouces-rouge-3-parties-square-scaled.jpg\",\"contentUrl\":\"https:\\\/\\\/madin.fr\\\/wp-content\\\/uploads\\\/2021\\\/09\\\/15c-jante-15-pouces-rouge-3-parties-square-scaled.jpg\",\"width\":2560,\"height\":2560,\"caption\":\"jante 3 parties rouge sur mesure\"},{\"@type\":\"BreadcrumbList\",\"@id\":\"https:\\\/\\\/madin.fr\\\/produit\\\/jante-15c-light\\\/#breadcrumb\",\"itemListElement\":[{\"@type\":\"ListItem\",\"position\":1,\"name\":\"Accueil\",\"item\":\"https:\\\/\\\/madin.fr\\\/\"},{\"@type\":\"ListItem\",\"position\":2,\"name\":\"Produits\",\"item\":\"https:\\\/\\\/madin.fr\\\/shop\\\/\"},{\"@type\":\"ListItem\",\"position\":3,\"name\":\"Jante 15C Light (15 pouces)\"}]},{\"@type\":\"WebSite\",\"@id\":\"https:\\\/\\\/madin.fr\\\/#website\",\"url\":\"https:\\\/\\\/madin.fr\\\/\",\"name\":\"Mad In - Jantes sur-mesure\",\"description\":\"\",\"publisher\":{\"@id\":\"https:\\\/\\\/madin.fr\\\/#organization\"},\"potentialAction\":[{\"@type\":\"SearchAction\",\"target\":{\"@type\":\"EntryPoint\",\"urlTemplate\":\"https:\\\/\\\/madin.fr\\\/?s={search_term_string}\"},\"query-input\":{\"@type\":\"PropertyValueSpecification\",\"valueRequired\":true,\"valueName\":\"search_term_string\"}}],\"inLanguage\":\"de\"},{\"@type\":\"Organization\",\"@id\":\"https:\\\/\\\/madin.fr\\\/#organization\",\"name\":\"Mad In\",\"url\":\"https:\\\/\\\/madin.fr\\\/\",\"logo\":{\"@type\":\"ImageObject\",\"inLanguage\":\"de\",\"@id\":\"https:\\\/\\\/madin.fr\\\/#\\\/schema\\\/logo\\\/image\\\/\",\"url\":\"https:\\\/\\\/madin.fr\\\/wp-content\\\/uploads\\\/2021\\\/09\\\/Madin-logo-carre-bis-bis-bis.png\",\"contentUrl\":\"https:\\\/\\\/madin.fr\\\/wp-content\\\/uploads\\\/2021\\\/09\\\/Madin-logo-carre-bis-bis-bis.png\",\"width\":512,\"height\":507,\"caption\":\"Mad In\"},\"image\":{\"@id\":\"https:\\\/\\\/madin.fr\\\/#\\\/schema\\\/logo\\\/image\\\/\"},\"sameAs\":[\"https:\\\/\\\/www.facebook.com\\\/madin.wheels\\\/\",\"https:\\\/\\\/www.instagram.com\\\/madinwheels\\\/\"]}]}<\/script>\n<!-- \/ Yoast SEO plugin. -->","yoast_head_json":{"title":"Mad In - 15C Light Felgen (15'') - Felgen nach Ma\u00df","description":"15 Zoll Mehrteilige Felge mit 4 L\u00f6cher. F\u00fcr R5 Turbo, Ford Capri, BMW 2002, A310, Alfa Coupe, Simca usw. Alle Farben. Alle Breiten.","robots":{"index":"index","follow":"follow","max-snippet":"max-snippet:-1","max-image-preview":"max-image-preview:large","max-video-preview":"max-video-preview:-1"},"canonical":"https:\/\/madin.fr\/de\/produkt\/15c-light-15-zoll-felge\/","og_locale":"de_DE","og_type":"article","og_title":"Mad In - Jante 15C Light (15 pouces) - Mad In - Jantes sur-mesure","og_description":"Jantes d\u00e9montables, l\u00e9g\u00e8res en 15 pouces. 4 trous. Pour R5 Turbo, Ford Capri, BMW 2002, A310, Alfa Coupe, Simca etc. Toutes couleurs.","og_url":"https:\/\/madin.fr\/de\/produkt\/15c-light-15-zoll-felge\/","og_site_name":"Mad In - Jantes sur-mesure","article_publisher":"https:\/\/www.facebook.com\/madin.wheels\/","article_modified_time":"2023-04-03T13:53:17+00:00","og_image":[{"width":2560,"height":2560,"url":"https:\/\/madin.fr\/wp-content\/uploads\/2021\/09\/15c-jante-15-pouces-rouge-3-parties-square-scaled.jpg","type":"image\/jpeg"}],"twitter_card":"summary_large_image","twitter_misc":{"Gesch\u00e4tzte Lesezeit":"1\u00a0Minute"},"schema":{"@context":"https:\/\/schema.org","@graph":[{"@type":"WebPage","@id":"https:\/\/madin.fr\/produit\/jante-15c-light\/","url":"https:\/\/madin.fr\/produit\/jante-15c-light\/","name":"Mad In - 15C Light Felgen (15'') - Felgen nach Ma\u00df","isPartOf":{"@id":"https:\/\/madin.fr\/#website"},"primaryImageOfPage":{"@id":"https:\/\/madin.fr\/produit\/jante-15c-light\/#primaryimage"},"image":{"@id":"https:\/\/madin.fr\/produit\/jante-15c-light\/#primaryimage"},"thumbnailUrl":"https:\/\/madin.fr\/wp-content\/uploads\/2021\/09\/15c-jante-15-pouces-rouge-3-parties-square-scaled.jpg","datePublished":"2021-09-07T12:45:24+00:00","dateModified":"2023-04-03T13:53:17+00:00","description":"15 Zoll Mehrteilige Felge mit 4 L\u00f6cher. F\u00fcr R5 Turbo, Ford Capri, BMW 2002, A310, Alfa Coupe, Simca usw. Alle Farben. Alle Breiten.","breadcrumb":{"@id":"https:\/\/madin.fr\/produit\/jante-15c-light\/#breadcrumb"},"inLanguage":"de","potentialAction":[{"@type":"ReadAction","target":["https:\/\/madin.fr\/produit\/jante-15c-light\/"]}]},{"@type":"ImageObject","inLanguage":"de","@id":"https:\/\/madin.fr\/produit\/jante-15c-light\/#primaryimage","url":"https:\/\/madin.fr\/wp-content\/uploads\/2021\/09\/15c-jante-15-pouces-rouge-3-parties-square-scaled.jpg","contentUrl":"https:\/\/madin.fr\/wp-content\/uploads\/2021\/09\/15c-jante-15-pouces-rouge-3-parties-square-scaled.jpg","width":2560,"height":2560,"caption":"jante 3 parties rouge sur mesure"},{"@type":"BreadcrumbList","@id":"https:\/\/madin.fr\/produit\/jante-15c-light\/#breadcrumb","itemListElement":[{"@type":"ListItem","position":1,"name":"Accueil","item":"https:\/\/madin.fr\/"},{"@type":"ListItem","position":2,"name":"Produits","item":"https:\/\/madin.fr\/shop\/"},{"@type":"ListItem","position":3,"name":"Jante 15C Light (15 pouces)"}]},{"@type":"WebSite","@id":"https:\/\/madin.fr\/#website","url":"https:\/\/madin.fr\/","name":"Mad In - Felgen nach Ma\u00df","description":"","publisher":{"@id":"https:\/\/madin.fr\/#organization"},"potentialAction":[{"@type":"SearchAction","target":{"@type":"EntryPoint","urlTemplate":"https:\/\/madin.fr\/?s={search_term_string}"},"query-input":{"@type":"PropertyValueSpecification","valueRequired":true,"valueName":"search_term_string"}}],"inLanguage":"de"},{"@type":"Organization","@id":"https:\/\/madin.fr\/#organization","name":"Mad In","url":"https:\/\/madin.fr\/","logo":{"@type":"ImageObject","inLanguage":"de","@id":"https:\/\/madin.fr\/#\/schema\/logo\/image\/","url":"https:\/\/madin.fr\/wp-content\/uploads\/2021\/09\/Madin-logo-carre-bis-bis-bis.png","contentUrl":"https:\/\/madin.fr\/wp-content\/uploads\/2021\/09\/Madin-logo-carre-bis-bis-bis.png","width":512,"height":507,"caption":"Mad In"},"image":{"@id":"https:\/\/madin.fr\/#\/schema\/logo\/image\/"},"sameAs":["https:\/\/www.facebook.com\/madin.wheels\/","https:\/\/www.instagram.com\/madinwheels\/"]}]}},"jetpack_sharing_enabled":true,"_links":{"self":[{"href":"https:\/\/madin.fr\/de\/wp-json\/wp\/v2\/product\/1916","targetHints":{"allow":["GET"]}}],"collection":[{"href":"https:\/\/madin.fr\/de\/wp-json\/wp\/v2\/product"}],"about":[{"href":"https:\/\/madin.fr\/de\/wp-json\/wp\/v2\/types\/product"}],"replies":[{"embeddable":true,"href":"https:\/\/madin.fr\/de\/wp-json\/wp\/v2\/comments?post=1916"}],"wp:featuredmedia":[{"embeddable":true,"href":"https:\/\/madin.fr\/de\/wp-json\/wp\/v2\/media\/4586"}],"wp:attachment":[{"href":"https:\/\/madin.fr\/de\/wp-json\/wp\/v2\/media?parent=1916"}],"wp:term":[{"taxonomy":"product_brand","embeddable":true,"href":"https:\/\/madin.fr\/de\/wp-json\/wp\/v2\/product_brand?post=1916"},{"taxonomy":"product_cat","embeddable":true,"href":"https:\/\/madin.fr\/de\/wp-json\/wp\/v2\/product_cat?post=1916"},{"taxonomy":"product_tag","embeddable":true,"href":"https:\/\/madin.fr\/de\/wp-json\/wp\/v2\/product_tag?post=1916"}],"curies":[{"name":"wp","href":"https:\/\/api.w.org\/{rel}","templated":true}]}}