{"id":1969,"date":"2021-09-07T15:59:08","date_gmt":"2021-09-07T13:59:08","guid":{"rendered":"https:\/\/madinjantessurmesur.live-website.com\/?post_type=product&#038;p=1969"},"modified":"2022-02-17T16:49:55","modified_gmt":"2022-02-17T15:49:55","slug":"jante-b05","status":"publish","type":"product","link":"https:\/\/madin.fr\/de\/produkt\/b05-schmiedefelge\/","title":{"rendered":"B05"},"content":{"rendered":"","protected":false},"excerpt":{"rendered":"<p style=\"text-align: justify;\">Die B05 ist eine dreiteilige Schmiedefelge mit einem <strong>eleganten<\/strong> und <strong>sportlichen Look<\/strong>. Ihr besonderes Design mit <strong>5 Doppel-Speichen<\/strong>\u00a0wird sicherlich f\u00fcr Furore sorgen. Wie alle unsere Schmiedefelgen verf\u00fcgt es dank unserer jahrzehntelangen Erfahrung \u00fcber eine unvergleichliche Solidit\u00e4t und ein makelloses Finish.<\/p>\n<p style=\"text-align: justify;\">Urspr\u00fcnglich wurde die B05 f\u00fcr Porsche entwickelt. Es ist also eine <strong>dreiteilige Felge<\/strong> die auf alle Fahrzeuge montiert werden kann, sei ein Porsche, ein Maserati, ein Mercedes, ein BMW oder ein GT-Wagen. <strong>Leicht<\/strong> und <strong>solide<\/strong>, diese B05 Schmiedefelgen verbessern die <strong>Leistungen ihres Fahrzeugs<\/strong>.<\/p>\n<p style=\"text-align: justify;\">Im Nachhinein k\u00f6nnen Sie eine Nabenkappe mit dem Logo Ihrer Wahl montieren.<\/p>\n<hr \/>\n<p style=\"text-align: justify;\" class=\"translation-block\">Die B05-Felge wird <strong>nach Ma\u00df<\/strong> produziert. So k\u00f6nnen Sie die Farbe, die Einpresstiefe, den Lochkreisdurchemsser, die Anzahl der Befestigungsl\u00f6cher (von 3 bis 6 oder Zentralverschluss), die Breite der Felgenbetten oder den Durchmesser (von 13 bis 21 Zoll) frei bestimmen.<\/p>\n<p style=\"text-align: justify;\"><em><strong><em><strong>Farben <\/strong><\/strong> : wei\u00df, gelb, orange, rot, blau, leicht grau, anthrazitgrau, schwarz gl\u00e4nzend, schwarz matt und vintage gold.<\/em><\/em><\/p>\n<p style=\"text-align: justify;\" class=\"translation-block\">Unser Team steht zu Ihrer Verf\u00fcgung um Sie zu beraten : <a href=\"mailto:info@madin.fr\" target=\"_self\">info@madin.fr<\/a> oder +33 3 85 57 75 88 (Montag bis Freitag : 9:30-17:30 UTC +1). Wir sprechen Deutsch !<\/p>\n<hr \/>\n<p style=\"text-align: justify;\"><strong>Preis : auf Anfrage<\/strong><\/p>\n<p><a class=\"maxbutton-1 maxbutton maxbutton-nous-contacter\" href=\"https:\/\/madin.fr\/de\/kontakt\/\"><span class='mb-text'>Kontakt<\/span><\/a><\/p>","protected":false},"featured_media":1970,"comment_status":"open","ping_status":"closed","template":"","meta":{"_monsterinsights_skip_tracking":false,"_monsterinsights_sitenote_active":false,"_monsterinsights_sitenote_note":"","_monsterinsights_sitenote_category":0,"neve_meta_sidebar":"","neve_meta_container":"","neve_meta_enable_content_width":"on","neve_meta_content_width":80,"neve_meta_title_alignment":"","neve_meta_author_avatar":"","neve_post_elements_order":"","neve_meta_disable_header":"","neve_meta_disable_footer":"","neve_meta_disable_title":"","_themeisle_gutenberg_block_has_review":false},"product_brand":[],"product_cat":[65],"product_tag":[],"class_list":{"0":"post-1969","1":"product","2":"type-product","3":"status-publish","4":"has-post-thumbnail","6":"product_cat-jante-forgee","8":"first","9":"instock","10":"taxable","11":"shipping-taxable","12":"product-type-simple"},"yoast_head":"<!-- This site is optimized with the Yoast SEO plugin v27.4 - https:\/\/yoast.com\/product\/yoast-seo-wordpress\/ -->\n<title>Jante forg\u00e9e B05 - Mad In - Jantes sur-mesure<\/title>\n<meta name=\"description\" content=\"Equipez votre voiture de jantes en aluminium forg\u00e9. L\u00e9g\u00e8res, performantes, solides et personnalisables. La B05 est disponible en 13 \u00e0 21 pouces !\" \/>\n<meta name=\"robots\" content=\"index, follow, max-snippet:-1, max-image-preview:large, max-video-preview:-1\" \/>\n<link rel=\"canonical\" href=\"https:\/\/madin.fr\/de\/produkt\/b05-schmiedefelge\/\" \/>\n<meta property=\"og:locale\" content=\"de_DE\" \/>\n<meta property=\"og:type\" content=\"article\" \/>\n<meta property=\"og:title\" content=\"Jante forg\u00e9e B05 - Mad In - Jantes sur-mesure\" \/>\n<meta property=\"og:description\" content=\"Equipez votre voiture de jantes en aluminium forg\u00e9. L\u00e9g\u00e8res, performantes, solides et personnalisables. La B05 est disponible en 13 \u00e0 21 pouces !\" \/>\n<meta property=\"og:url\" content=\"https:\/\/madin.fr\/de\/produkt\/b05-schmiedefelge\/\" \/>\n<meta property=\"og:site_name\" content=\"Mad In - Jantes sur-mesure\" \/>\n<meta property=\"article:publisher\" content=\"https:\/\/www.facebook.com\/madin.wheels\/\" \/>\n<meta property=\"article:modified_time\" content=\"2022-02-17T15:49:55+00:00\" \/>\n<meta property=\"og:image\" content=\"https:\/\/madin.fr\/wp-content\/uploads\/2021\/09\/Jante-modele-B05-e-19-pouces-gris-clair-argente-e1631023131265.jpg\" \/>\n\t<meta property=\"og:image:width\" content=\"868\" \/>\n\t<meta property=\"og:image:height\" content=\"868\" \/>\n\t<meta property=\"og:image:type\" content=\"image\/jpeg\" \/>\n<meta name=\"twitter:card\" content=\"summary_large_image\" \/>\n<script type=\"application\/ld+json\" class=\"yoast-schema-graph\">{\"@context\":\"https:\\\/\\\/schema.org\",\"@graph\":[{\"@type\":\"WebPage\",\"@id\":\"https:\\\/\\\/madin.fr\\\/produit\\\/jante-b05\\\/\",\"url\":\"https:\\\/\\\/madin.fr\\\/produit\\\/jante-b05\\\/\",\"name\":\"Jante forg\u00e9e B05 - Mad In - Jantes sur-mesure\",\"isPartOf\":{\"@id\":\"https:\\\/\\\/madin.fr\\\/#website\"},\"primaryImageOfPage\":{\"@id\":\"https:\\\/\\\/madin.fr\\\/produit\\\/jante-b05\\\/#primaryimage\"},\"image\":{\"@id\":\"https:\\\/\\\/madin.fr\\\/produit\\\/jante-b05\\\/#primaryimage\"},\"thumbnailUrl\":\"https:\\\/\\\/madin.fr\\\/wp-content\\\/uploads\\\/2021\\\/09\\\/Jante-modele-B05-e-19-pouces-gris-clair-argente-e1631023131265.jpg\",\"datePublished\":\"2021-09-07T13:59:08+00:00\",\"dateModified\":\"2022-02-17T15:49:55+00:00\",\"description\":\"Equipez votre voiture de jantes en aluminium forg\u00e9. L\u00e9g\u00e8res, performantes, solides et personnalisables. La B05 est disponible en 13 \u00e0 21 pouces !\",\"breadcrumb\":{\"@id\":\"https:\\\/\\\/madin.fr\\\/produit\\\/jante-b05\\\/#breadcrumb\"},\"inLanguage\":\"de\",\"potentialAction\":[{\"@type\":\"ReadAction\",\"target\":[\"https:\\\/\\\/madin.fr\\\/produit\\\/jante-b05\\\/\"]}]},{\"@type\":\"ImageObject\",\"inLanguage\":\"de\",\"@id\":\"https:\\\/\\\/madin.fr\\\/produit\\\/jante-b05\\\/#primaryimage\",\"url\":\"https:\\\/\\\/madin.fr\\\/wp-content\\\/uploads\\\/2021\\\/09\\\/Jante-modele-B05-e-19-pouces-gris-clair-argente-e1631023131265.jpg\",\"contentUrl\":\"https:\\\/\\\/madin.fr\\\/wp-content\\\/uploads\\\/2021\\\/09\\\/Jante-modele-B05-e-19-pouces-gris-clair-argente-e1631023131265.jpg\",\"width\":868,\"height\":868},{\"@type\":\"BreadcrumbList\",\"@id\":\"https:\\\/\\\/madin.fr\\\/produit\\\/jante-b05\\\/#breadcrumb\",\"itemListElement\":[{\"@type\":\"ListItem\",\"position\":1,\"name\":\"Accueil\",\"item\":\"https:\\\/\\\/madin.fr\\\/\"},{\"@type\":\"ListItem\",\"position\":2,\"name\":\"Produits\",\"item\":\"https:\\\/\\\/madin.fr\\\/shop\\\/\"},{\"@type\":\"ListItem\",\"position\":3,\"name\":\"B05\"}]},{\"@type\":\"WebSite\",\"@id\":\"https:\\\/\\\/madin.fr\\\/#website\",\"url\":\"https:\\\/\\\/madin.fr\\\/\",\"name\":\"Mad In - Jantes sur-mesure\",\"description\":\"\",\"publisher\":{\"@id\":\"https:\\\/\\\/madin.fr\\\/#organization\"},\"potentialAction\":[{\"@type\":\"SearchAction\",\"target\":{\"@type\":\"EntryPoint\",\"urlTemplate\":\"https:\\\/\\\/madin.fr\\\/?s={search_term_string}\"},\"query-input\":{\"@type\":\"PropertyValueSpecification\",\"valueRequired\":true,\"valueName\":\"search_term_string\"}}],\"inLanguage\":\"de\"},{\"@type\":\"Organization\",\"@id\":\"https:\\\/\\\/madin.fr\\\/#organization\",\"name\":\"Mad In\",\"url\":\"https:\\\/\\\/madin.fr\\\/\",\"logo\":{\"@type\":\"ImageObject\",\"inLanguage\":\"de\",\"@id\":\"https:\\\/\\\/madin.fr\\\/#\\\/schema\\\/logo\\\/image\\\/\",\"url\":\"https:\\\/\\\/madin.fr\\\/wp-content\\\/uploads\\\/2021\\\/09\\\/Madin-logo-carre-bis-bis-bis.png\",\"contentUrl\":\"https:\\\/\\\/madin.fr\\\/wp-content\\\/uploads\\\/2021\\\/09\\\/Madin-logo-carre-bis-bis-bis.png\",\"width\":512,\"height\":507,\"caption\":\"Mad In\"},\"image\":{\"@id\":\"https:\\\/\\\/madin.fr\\\/#\\\/schema\\\/logo\\\/image\\\/\"},\"sameAs\":[\"https:\\\/\\\/www.facebook.com\\\/madin.wheels\\\/\",\"https:\\\/\\\/www.instagram.com\\\/madinwheels\\\/\"]}]}<\/script>\n<!-- \/ Yoast SEO plugin. -->","yoast_head_json":{"title":"Mad In - B05 - Schmiedefelgen. Felgen nach Ma\u00df. Made in France. Seit 1975.","description":"R\u00fcsten Sie Ihr Auto mit Schmiedefelgen aus. Design nach Ihrem Wunsch ! Unsere dreiteilige Felgen sind leicht, leistungsf\u00e4hig und robust. In 13 bis 21 Zoll erh\u00e4ltlich!","robots":{"index":"index","follow":"follow","max-snippet":"max-snippet:-1","max-image-preview":"max-image-preview:large","max-video-preview":"max-video-preview:-1"},"canonical":"https:\/\/madin.fr\/de\/produkt\/b05-schmiedefelge\/","og_locale":"de_DE","og_type":"article","og_title":"Jante forg\u00e9e B05 - Mad In - Jantes sur-mesure","og_description":"Equipez votre voiture de jantes en aluminium forg\u00e9. L\u00e9g\u00e8res, performantes, solides et personnalisables. La B05 est disponible en 13 \u00e0 21 pouces !","og_url":"https:\/\/madin.fr\/de\/produkt\/b05-schmiedefelge\/","og_site_name":"Mad In - Jantes sur-mesure","article_publisher":"https:\/\/www.facebook.com\/madin.wheels\/","article_modified_time":"2022-02-17T15:49:55+00:00","og_image":[{"width":868,"height":868,"url":"https:\/\/madin.fr\/wp-content\/uploads\/2021\/09\/Jante-modele-B05-e-19-pouces-gris-clair-argente-e1631023131265.jpg","type":"image\/jpeg"}],"twitter_card":"summary_large_image","schema":{"@context":"https:\/\/schema.org","@graph":[{"@type":"WebPage","@id":"https:\/\/madin.fr\/produit\/jante-b05\/","url":"https:\/\/madin.fr\/produit\/jante-b05\/","name":"Mad In - B05 - Schmiedefelgen. Felgen nach Ma\u00df. Made in France. Seit 1975.","isPartOf":{"@id":"https:\/\/madin.fr\/#website"},"primaryImageOfPage":{"@id":"https:\/\/madin.fr\/produit\/jante-b05\/#primaryimage"},"image":{"@id":"https:\/\/madin.fr\/produit\/jante-b05\/#primaryimage"},"thumbnailUrl":"https:\/\/madin.fr\/wp-content\/uploads\/2021\/09\/Jante-modele-B05-e-19-pouces-gris-clair-argente-e1631023131265.jpg","datePublished":"2021-09-07T13:59:08+00:00","dateModified":"2022-02-17T15:49:55+00:00","description":"R\u00fcsten Sie Ihr Auto mit Schmiedefelgen aus. Design nach Ihrem Wunsch ! Unsere dreiteilige Felgen sind leicht, leistungsf\u00e4hig und robust. In 13 bis 21 Zoll erh\u00e4ltlich!","breadcrumb":{"@id":"https:\/\/madin.fr\/produit\/jante-b05\/#breadcrumb"},"inLanguage":"de","potentialAction":[{"@type":"ReadAction","target":["https:\/\/madin.fr\/produit\/jante-b05\/"]}]},{"@type":"ImageObject","inLanguage":"de","@id":"https:\/\/madin.fr\/produit\/jante-b05\/#primaryimage","url":"https:\/\/madin.fr\/wp-content\/uploads\/2021\/09\/Jante-modele-B05-e-19-pouces-gris-clair-argente-e1631023131265.jpg","contentUrl":"https:\/\/madin.fr\/wp-content\/uploads\/2021\/09\/Jante-modele-B05-e-19-pouces-gris-clair-argente-e1631023131265.jpg","width":868,"height":868},{"@type":"BreadcrumbList","@id":"https:\/\/madin.fr\/produit\/jante-b05\/#breadcrumb","itemListElement":[{"@type":"ListItem","position":1,"name":"Accueil","item":"https:\/\/madin.fr\/"},{"@type":"ListItem","position":2,"name":"Produits","item":"https:\/\/madin.fr\/shop\/"},{"@type":"ListItem","position":3,"name":"B05"}]},{"@type":"WebSite","@id":"https:\/\/madin.fr\/#website","url":"https:\/\/madin.fr\/","name":"Mad In - Felgen nach Ma\u00df","description":"","publisher":{"@id":"https:\/\/madin.fr\/#organization"},"potentialAction":[{"@type":"SearchAction","target":{"@type":"EntryPoint","urlTemplate":"https:\/\/madin.fr\/?s={search_term_string}"},"query-input":{"@type":"PropertyValueSpecification","valueRequired":true,"valueName":"search_term_string"}}],"inLanguage":"de"},{"@type":"Organization","@id":"https:\/\/madin.fr\/#organization","name":"Mad In","url":"https:\/\/madin.fr\/","logo":{"@type":"ImageObject","inLanguage":"de","@id":"https:\/\/madin.fr\/#\/schema\/logo\/image\/","url":"https:\/\/madin.fr\/wp-content\/uploads\/2021\/09\/Madin-logo-carre-bis-bis-bis.png","contentUrl":"https:\/\/madin.fr\/wp-content\/uploads\/2021\/09\/Madin-logo-carre-bis-bis-bis.png","width":512,"height":507,"caption":"Mad In"},"image":{"@id":"https:\/\/madin.fr\/#\/schema\/logo\/image\/"},"sameAs":["https:\/\/www.facebook.com\/madin.wheels\/","https:\/\/www.instagram.com\/madinwheels\/"]}]}},"jetpack_sharing_enabled":true,"_links":{"self":[{"href":"https:\/\/madin.fr\/de\/wp-json\/wp\/v2\/product\/1969","targetHints":{"allow":["GET"]}}],"collection":[{"href":"https:\/\/madin.fr\/de\/wp-json\/wp\/v2\/product"}],"about":[{"href":"https:\/\/madin.fr\/de\/wp-json\/wp\/v2\/types\/product"}],"replies":[{"embeddable":true,"href":"https:\/\/madin.fr\/de\/wp-json\/wp\/v2\/comments?post=1969"}],"wp:featuredmedia":[{"embeddable":true,"href":"https:\/\/madin.fr\/de\/wp-json\/wp\/v2\/media\/1970"}],"wp:attachment":[{"href":"https:\/\/madin.fr\/de\/wp-json\/wp\/v2\/media?parent=1969"}],"wp:term":[{"taxonomy":"product_brand","embeddable":true,"href":"https:\/\/madin.fr\/de\/wp-json\/wp\/v2\/product_brand?post=1969"},{"taxonomy":"product_cat","embeddable":true,"href":"https:\/\/madin.fr\/de\/wp-json\/wp\/v2\/product_cat?post=1969"},{"taxonomy":"product_tag","embeddable":true,"href":"https:\/\/madin.fr\/de\/wp-json\/wp\/v2\/product_tag?post=1969"}],"curies":[{"name":"wp","href":"https:\/\/api.w.org\/{rel}","templated":true}]}}