{"id":1971,"date":"2021-09-07T16:06:23","date_gmt":"2021-09-07T14:06:23","guid":{"rendered":"https:\/\/madinjantessurmesur.live-website.com\/?post_type=product&#038;p=1971"},"modified":"2024-01-25T12:31:16","modified_gmt":"2024-01-25T11:31:16","slug":"jante-bbs-replica","status":"publish","type":"product","link":"https:\/\/madin.fr\/de\/produkt\/bbs-replica-schmiedefelge\/","title":{"rendered":"BBS Replica"},"content":{"rendered":"<p style=\"text-align: justify;\">Diese Felge ist eine Replik der sehr beliebte <strong>E50 oder \u00ab Honeycomb \u00bb<\/strong>.<\/p>\n<p style=\"text-align: justify;\" class=\"translation-block\"><p style=\"text-align: justify\">Die BBS Honeycomb ist auf dem Gebrauchtmarkt immer schwieriger zu finden, vor allem in einem guten Zustand. Eine <strong>L\u00f6sung<\/strong>, wenn Sie Ihr Fahrzeug mit dieser mythischen Felge ausstatten m\u00f6chten, ist die Anfertigung <strong>nach Ma\u00df<\/strong>, die wir hier anbieten. Das gleiche gilt f\u00fcr andere BBS-Stil Felgen, wie die BBS RS, LM oder CH-R<\/p><\/p>\n<p style=\"text-align: justify;\" class=\"translation-block\">Unsere Beherrschung des geschmiedeten Aluminiums erm\u00f6glicht es Ihnen auch, <strong>au\u00dfergew\u00f6hnliche Leistungen<\/strong> zu erzielen. Tats\u00e4chlich bieten geschmiedeten Felgen ein ausgezeichnetes Gewicht-Leistung-K\u00fchlung Verh\u00e4ltnis.<\/p>\n<p style=\"text-align: justify;\" class=\"translation-block\">Da wir diese Felgen nach Ma\u00df fertigen, k\u00f6nne wir es genau an Ihre Bremsen und Ihren Radlauf angepassen. Die Madin Felgen k\u00f6nne daher daher <strong>an jedes Fahrzeug angepasst werden, ob neu oder alt<\/strong>: Tesla, Corvette, Lotus, BMW, Audi, Alpine usw.<\/p>\n<p style=\"text-align: justify;\">Wie bei unseren anderen geschmiedeten Modellen k\u00f6nnen Sie den Lochkreisdurchmesser (5\u00d7130, 4\u00d7108, 4\u00d795,25 usw.), die Breiten der Betten, das Finish usw. w\u00e4hlen.<\/p>\n<p style=\"text-align: justify;\">Im Nachhinein k\u00f6nnen Sie eine Nabenkappe mit dem Logo Ihrer Wahl montieren.<\/p>","protected":false},"excerpt":{"rendered":"<p style=\"text-align: justify;\" class=\"translation-block\">Die BBS Replica ist eine <strong>klassische und dynamische Felge<\/strong> aus geschmiedetes Aluminium, die ein Nachbau der BBS Honeycomb Kultfelge ist.<\/p>\n<p style=\"text-align: justify;\">Sie kann an jedes Fahrzeug angepasst werden.<\/p>\n<hr \/>\n<p style=\"text-align: justify;\" class=\"translation-block\">Dieser BBS Nachbau <strong>wird nach Ma\u00df hergestellt<\/strong>. Dadurch k\u00f6nnen sie den Mittenlochdurchmesser, die Anzahl der Befestigungsl\u00f6cher, die Farbe, die Breite der Felgenbetten oder die Gr\u00f6sse der Felge (von 13 Zoll bis 21 Zoll), frei bestimmen.<\/p>\n<p style=\"text-align: justify;\"><em><em>Farben : wei\u00df, gelb, orange, rot, blau, leicht grau, anthrazitgrau, schwarz gl\u00e4nzend, schwarz matt und vintage gold.<\/em><\/em><\/p>\n<p style=\"text-align: justify;\" class=\"translation-block\">Unser Team steht zu Ihrer Verf\u00fcgung um Sie zu beraten : <a href=\"mailto:info@madin.fr\" target=\"_self\">info@madin.fr<\/a> oder +33 3 85 57 75 88 (Montag bis Freitag : 9:30-17:30 UTC +1). Wir sprechen Deutsch !<\/p>\n<hr \/>\n<p style=\"text-align: justify;\"><strong>Preis : auf Anfrage<\/strong><\/p>\n<p><a class=\"maxbutton-1 maxbutton maxbutton-nous-contacter\" href=\"https:\/\/madin.fr\/de\/kontakt\/\"><span class='mb-text'>Kontakt<\/span><\/a><\/p>","protected":false},"featured_media":4287,"comment_status":"open","ping_status":"closed","template":"","meta":{"_monsterinsights_skip_tracking":false,"_monsterinsights_sitenote_active":false,"_monsterinsights_sitenote_note":"","_monsterinsights_sitenote_category":0,"neve_meta_sidebar":"","neve_meta_container":"","neve_meta_enable_content_width":"on","neve_meta_content_width":80,"neve_meta_title_alignment":"","neve_meta_author_avatar":"","neve_post_elements_order":"","neve_meta_disable_header":"","neve_meta_disable_footer":"","neve_meta_disable_title":"","_themeisle_gutenberg_block_has_review":false},"product_brand":[],"product_cat":[65],"product_tag":[],"class_list":{"0":"post-1971","1":"product","2":"type-product","3":"status-publish","4":"has-post-thumbnail","6":"product_cat-jante-forgee","8":"first","9":"instock","10":"taxable","11":"shipping-taxable","12":"product-type-simple"},"yoast_head":"<!-- This site is optimized with the Yoast SEO plugin v27.4 - https:\/\/yoast.com\/product\/yoast-seo-wordpress\/ -->\n<title>Jante forg\u00e9e BBS Replica - Mad In - Jantes sur-mesure<\/title>\n<meta name=\"description\" content=\"Equipez votre voiture de jantes en aluminium forg\u00e9. L\u00e9g\u00e8res, performantes, solides et personnalisables. La BBS Replica est disponible en 13 \u00e0 21 pouces !\" \/>\n<meta name=\"robots\" content=\"index, follow, max-snippet:-1, max-image-preview:large, max-video-preview:-1\" \/>\n<link rel=\"canonical\" href=\"https:\/\/madin.fr\/de\/produkt\/bbs-replica-schmiedefelge\/\" \/>\n<meta property=\"og:locale\" content=\"de_DE\" \/>\n<meta property=\"og:type\" content=\"article\" \/>\n<meta property=\"og:title\" content=\"Jante forg\u00e9e BBS Replica - Mad In - Jantes sur-mesure\" \/>\n<meta property=\"og:description\" content=\"Equipez votre voiture de jantes en aluminium forg\u00e9. L\u00e9g\u00e8res, performantes, solides et personnalisables. La BBS Replica est disponible en 13 \u00e0 21 pouces !\" \/>\n<meta property=\"og:url\" content=\"https:\/\/madin.fr\/de\/produkt\/bbs-replica-schmiedefelge\/\" \/>\n<meta property=\"og:site_name\" content=\"Mad In - Jantes sur-mesure\" \/>\n<meta property=\"article:publisher\" content=\"https:\/\/www.facebook.com\/madin.wheels\/\" \/>\n<meta property=\"article:modified_time\" content=\"2024-01-25T11:31:16+00:00\" \/>\n<meta property=\"og:image\" content=\"https:\/\/madin.fr\/wp-content\/uploads\/2021\/09\/DSCF4403-5200k-contraste-redim-carre.jpg\" \/>\n\t<meta property=\"og:image:width\" content=\"1024\" \/>\n\t<meta property=\"og:image:height\" content=\"1024\" \/>\n\t<meta property=\"og:image:type\" content=\"image\/jpeg\" \/>\n<meta name=\"twitter:card\" content=\"summary_large_image\" \/>\n<meta name=\"twitter:label1\" content=\"Gesch\u00e4tzte Lesezeit\" \/>\n\t<meta name=\"twitter:data1\" content=\"1\u00a0Minute\" \/>\n<script type=\"application\/ld+json\" class=\"yoast-schema-graph\">{\"@context\":\"https:\\\/\\\/schema.org\",\"@graph\":[{\"@type\":\"WebPage\",\"@id\":\"https:\\\/\\\/madin.fr\\\/produit\\\/jante-bbs-replica\\\/\",\"url\":\"https:\\\/\\\/madin.fr\\\/produit\\\/jante-bbs-replica\\\/\",\"name\":\"Jante forg\u00e9e BBS Replica - Mad In - Jantes sur-mesure\",\"isPartOf\":{\"@id\":\"https:\\\/\\\/madin.fr\\\/#website\"},\"primaryImageOfPage\":{\"@id\":\"https:\\\/\\\/madin.fr\\\/produit\\\/jante-bbs-replica\\\/#primaryimage\"},\"image\":{\"@id\":\"https:\\\/\\\/madin.fr\\\/produit\\\/jante-bbs-replica\\\/#primaryimage\"},\"thumbnailUrl\":\"https:\\\/\\\/madin.fr\\\/wp-content\\\/uploads\\\/2021\\\/09\\\/DSCF4403-5200k-contraste-redim-carre.jpg\",\"datePublished\":\"2021-09-07T14:06:23+00:00\",\"dateModified\":\"2024-01-25T11:31:16+00:00\",\"description\":\"Equipez votre voiture de jantes en aluminium forg\u00e9. L\u00e9g\u00e8res, performantes, solides et personnalisables. La BBS Replica est disponible en 13 \u00e0 21 pouces !\",\"breadcrumb\":{\"@id\":\"https:\\\/\\\/madin.fr\\\/produit\\\/jante-bbs-replica\\\/#breadcrumb\"},\"inLanguage\":\"de\",\"potentialAction\":[{\"@type\":\"ReadAction\",\"target\":[\"https:\\\/\\\/madin.fr\\\/produit\\\/jante-bbs-replica\\\/\"]}]},{\"@type\":\"ImageObject\",\"inLanguage\":\"de\",\"@id\":\"https:\\\/\\\/madin.fr\\\/produit\\\/jante-bbs-replica\\\/#primaryimage\",\"url\":\"https:\\\/\\\/madin.fr\\\/wp-content\\\/uploads\\\/2021\\\/09\\\/DSCF4403-5200k-contraste-redim-carre.jpg\",\"contentUrl\":\"https:\\\/\\\/madin.fr\\\/wp-content\\\/uploads\\\/2021\\\/09\\\/DSCF4403-5200k-contraste-redim-carre.jpg\",\"width\":1024,\"height\":1024,\"caption\":\"Jantes forg\u00e9es\"},{\"@type\":\"BreadcrumbList\",\"@id\":\"https:\\\/\\\/madin.fr\\\/produit\\\/jante-bbs-replica\\\/#breadcrumb\",\"itemListElement\":[{\"@type\":\"ListItem\",\"position\":1,\"name\":\"Accueil\",\"item\":\"https:\\\/\\\/madin.fr\\\/\"},{\"@type\":\"ListItem\",\"position\":2,\"name\":\"Produits\",\"item\":\"https:\\\/\\\/madin.fr\\\/shop\\\/\"},{\"@type\":\"ListItem\",\"position\":3,\"name\":\"BBS Replica\"}]},{\"@type\":\"WebSite\",\"@id\":\"https:\\\/\\\/madin.fr\\\/#website\",\"url\":\"https:\\\/\\\/madin.fr\\\/\",\"name\":\"Mad In - Jantes sur-mesure\",\"description\":\"\",\"publisher\":{\"@id\":\"https:\\\/\\\/madin.fr\\\/#organization\"},\"potentialAction\":[{\"@type\":\"SearchAction\",\"target\":{\"@type\":\"EntryPoint\",\"urlTemplate\":\"https:\\\/\\\/madin.fr\\\/?s={search_term_string}\"},\"query-input\":{\"@type\":\"PropertyValueSpecification\",\"valueRequired\":true,\"valueName\":\"search_term_string\"}}],\"inLanguage\":\"de\"},{\"@type\":\"Organization\",\"@id\":\"https:\\\/\\\/madin.fr\\\/#organization\",\"name\":\"Mad In\",\"url\":\"https:\\\/\\\/madin.fr\\\/\",\"logo\":{\"@type\":\"ImageObject\",\"inLanguage\":\"de\",\"@id\":\"https:\\\/\\\/madin.fr\\\/#\\\/schema\\\/logo\\\/image\\\/\",\"url\":\"https:\\\/\\\/madin.fr\\\/wp-content\\\/uploads\\\/2021\\\/09\\\/Madin-logo-carre-bis-bis-bis.png\",\"contentUrl\":\"https:\\\/\\\/madin.fr\\\/wp-content\\\/uploads\\\/2021\\\/09\\\/Madin-logo-carre-bis-bis-bis.png\",\"width\":512,\"height\":507,\"caption\":\"Mad In\"},\"image\":{\"@id\":\"https:\\\/\\\/madin.fr\\\/#\\\/schema\\\/logo\\\/image\\\/\"},\"sameAs\":[\"https:\\\/\\\/www.facebook.com\\\/madin.wheels\\\/\",\"https:\\\/\\\/www.instagram.com\\\/madinwheels\\\/\"]}]}<\/script>\n<!-- \/ Yoast SEO plugin. -->","yoast_head_json":{"title":"Mad In - BBS Replica - Schmiedefelgen. Felgen nach Ma\u00df. Made in France. Seit 1975.","description":"R\u00fcsten Sie Ihr Auto mit Schmiedefelgen aus. Design nach Ihrem Wunsch ! Unsere dreiteilige Felgen sind leicht, leistungsf\u00e4hig und robust. In 13 bis 21 Zoll erh\u00e4ltlich!","robots":{"index":"index","follow":"follow","max-snippet":"max-snippet:-1","max-image-preview":"max-image-preview:large","max-video-preview":"max-video-preview:-1"},"canonical":"https:\/\/madin.fr\/de\/produkt\/bbs-replica-schmiedefelge\/","og_locale":"de_DE","og_type":"article","og_title":"Jante forg\u00e9e BBS Replica - Mad In - Jantes sur-mesure","og_description":"Equipez votre voiture de jantes en aluminium forg\u00e9. L\u00e9g\u00e8res, performantes, solides et personnalisables. La BBS Replica est disponible en 13 \u00e0 21 pouces !","og_url":"https:\/\/madin.fr\/de\/produkt\/bbs-replica-schmiedefelge\/","og_site_name":"Mad In - Jantes sur-mesure","article_publisher":"https:\/\/www.facebook.com\/madin.wheels\/","article_modified_time":"2024-01-25T11:31:16+00:00","og_image":[{"width":1024,"height":1024,"url":"https:\/\/madin.fr\/wp-content\/uploads\/2021\/09\/DSCF4403-5200k-contraste-redim-carre.jpg","type":"image\/jpeg"}],"twitter_card":"summary_large_image","twitter_misc":{"Gesch\u00e4tzte Lesezeit":"1\u00a0Minute"},"schema":{"@context":"https:\/\/schema.org","@graph":[{"@type":"WebPage","@id":"https:\/\/madin.fr\/produit\/jante-bbs-replica\/","url":"https:\/\/madin.fr\/produit\/jante-bbs-replica\/","name":"Mad In - BBS Replica - Schmiedefelgen. Felgen nach Ma\u00df. Made in France. Seit 1975.","isPartOf":{"@id":"https:\/\/madin.fr\/#website"},"primaryImageOfPage":{"@id":"https:\/\/madin.fr\/produit\/jante-bbs-replica\/#primaryimage"},"image":{"@id":"https:\/\/madin.fr\/produit\/jante-bbs-replica\/#primaryimage"},"thumbnailUrl":"https:\/\/madin.fr\/wp-content\/uploads\/2021\/09\/DSCF4403-5200k-contraste-redim-carre.jpg","datePublished":"2021-09-07T14:06:23+00:00","dateModified":"2024-01-25T11:31:16+00:00","description":"R\u00fcsten Sie Ihr Auto mit Schmiedefelgen aus. Design nach Ihrem Wunsch ! Unsere dreiteilige Felgen sind leicht, leistungsf\u00e4hig und robust. In 13 bis 21 Zoll erh\u00e4ltlich!","breadcrumb":{"@id":"https:\/\/madin.fr\/produit\/jante-bbs-replica\/#breadcrumb"},"inLanguage":"de","potentialAction":[{"@type":"ReadAction","target":["https:\/\/madin.fr\/produit\/jante-bbs-replica\/"]}]},{"@type":"ImageObject","inLanguage":"de","@id":"https:\/\/madin.fr\/produit\/jante-bbs-replica\/#primaryimage","url":"https:\/\/madin.fr\/wp-content\/uploads\/2021\/09\/DSCF4403-5200k-contraste-redim-carre.jpg","contentUrl":"https:\/\/madin.fr\/wp-content\/uploads\/2021\/09\/DSCF4403-5200k-contraste-redim-carre.jpg","width":1024,"height":1024,"caption":"Jantes forg\u00e9es"},{"@type":"BreadcrumbList","@id":"https:\/\/madin.fr\/produit\/jante-bbs-replica\/#breadcrumb","itemListElement":[{"@type":"ListItem","position":1,"name":"Accueil","item":"https:\/\/madin.fr\/"},{"@type":"ListItem","position":2,"name":"Produits","item":"https:\/\/madin.fr\/shop\/"},{"@type":"ListItem","position":3,"name":"BBS Replica"}]},{"@type":"WebSite","@id":"https:\/\/madin.fr\/#website","url":"https:\/\/madin.fr\/","name":"Mad In - Felgen nach Ma\u00df","description":"","publisher":{"@id":"https:\/\/madin.fr\/#organization"},"potentialAction":[{"@type":"SearchAction","target":{"@type":"EntryPoint","urlTemplate":"https:\/\/madin.fr\/?s={search_term_string}"},"query-input":{"@type":"PropertyValueSpecification","valueRequired":true,"valueName":"search_term_string"}}],"inLanguage":"de"},{"@type":"Organization","@id":"https:\/\/madin.fr\/#organization","name":"Mad In","url":"https:\/\/madin.fr\/","logo":{"@type":"ImageObject","inLanguage":"de","@id":"https:\/\/madin.fr\/#\/schema\/logo\/image\/","url":"https:\/\/madin.fr\/wp-content\/uploads\/2021\/09\/Madin-logo-carre-bis-bis-bis.png","contentUrl":"https:\/\/madin.fr\/wp-content\/uploads\/2021\/09\/Madin-logo-carre-bis-bis-bis.png","width":512,"height":507,"caption":"Mad In"},"image":{"@id":"https:\/\/madin.fr\/#\/schema\/logo\/image\/"},"sameAs":["https:\/\/www.facebook.com\/madin.wheels\/","https:\/\/www.instagram.com\/madinwheels\/"]}]}},"jetpack_sharing_enabled":true,"_links":{"self":[{"href":"https:\/\/madin.fr\/de\/wp-json\/wp\/v2\/product\/1971","targetHints":{"allow":["GET"]}}],"collection":[{"href":"https:\/\/madin.fr\/de\/wp-json\/wp\/v2\/product"}],"about":[{"href":"https:\/\/madin.fr\/de\/wp-json\/wp\/v2\/types\/product"}],"replies":[{"embeddable":true,"href":"https:\/\/madin.fr\/de\/wp-json\/wp\/v2\/comments?post=1971"}],"wp:featuredmedia":[{"embeddable":true,"href":"https:\/\/madin.fr\/de\/wp-json\/wp\/v2\/media\/4287"}],"wp:attachment":[{"href":"https:\/\/madin.fr\/de\/wp-json\/wp\/v2\/media?parent=1971"}],"wp:term":[{"taxonomy":"product_brand","embeddable":true,"href":"https:\/\/madin.fr\/de\/wp-json\/wp\/v2\/product_brand?post=1971"},{"taxonomy":"product_cat","embeddable":true,"href":"https:\/\/madin.fr\/de\/wp-json\/wp\/v2\/product_cat?post=1971"},{"taxonomy":"product_tag","embeddable":true,"href":"https:\/\/madin.fr\/de\/wp-json\/wp\/v2\/product_tag?post=1971"}],"curies":[{"name":"wp","href":"https:\/\/api.w.org\/{rel}","templated":true}]}}