{"id":2428,"date":"2021-09-15T10:19:23","date_gmt":"2021-09-15T08:19:23","guid":{"rendered":"https:\/\/madinjantessurmesur.live-website.com\/?post_type=product&#038;p=2428"},"modified":"2023-08-03T12:45:01","modified_gmt":"2023-08-03T10:45:01","slug":"jante-3c-13-14-pouces","status":"publish","type":"product","link":"https:\/\/madin.fr\/de\/produkt\/3c-felge-13-14zoll\/","title":{"rendered":"3C Felgen (13 und 14 Zoll)"},"content":{"rendered":"<h4>Zus\u00e4tzliche Informationen \u00fcber diese Felge<\/h4>\n<p>Die 3C Felge ist eine dreiteilige Gussfelge, die in Frankreich hergestellt wird und die auf alle Fahrzeuge mit 13 oder 14 Zoll Felgen und 4 L\u00f6cher montiert werden kann.<\/p>\n<p>Die Madin 3C Felge kann an folgende Lochkreise angepasst werden :<\/p>\n<ul>\n<li>4\u00d795,25\u00a0: Mini Austin, Rover Metro, Rover Maestro\u2026<\/li>\n<li>4&#215;98\u00a0: Alfasud, Alfa Sprint, Proto ARC, Fiat Panda, Fiat Ritmo, Fiat 127, Fiat 126p, R5 Turbo, Talbot Rallye 2, Simca 1000 Rallye 2\u2026<\/li>\n<li>4&#215;100\u00a0: Fun Boost, Opel Manta, Opel Ascona, Opel Kadett, Opel Corsa, VW Polo, Renault Twingo \u2026<\/li>\n<li>4&#215;101,6\u00a0: MG Metro, Mini Cooper\u2026<\/li>\n<li>4&#215;108\u00a0: Alfa Spider, Alfa Montreal, Citroen AX GTI, Citroen Visa GTI, Ford Sierra, Ford Fiesta (Mk1, mk2, mk3), Ford Escort (mk1, mk2, mk3, mk4), Ford Capri, Peugeot 205 (GTI), Peugeot 106, Talbot Sunbeam Lotus\u2026<\/li>\n<li>4&#215;110\u00a0: Daihatsu Charade, Daihatsu Hijet, Daihatsu Cuore, Mazda 626 mk1\u2026<\/li>\n<li>4&#215;114,3\u00a0: Austin Allegro, Mazda 323, Mitsubishi Colt, Nissan Primera, Toyota Celica Mk1\u2026<\/li>\n<\/ul>\n<p>Die 3C Felge kann als Ersatz zu folgenden Felgen montiert werden : Minilite, Revolite, Gotti 073A, Gotti 073S, Gotti 5T13, Ronal LS, Speedline 13 Zoll, Team Dynamics 13 Zoll, Targa 13 Zoll usw.<\/p>\n<p>Sie k\u00f6nnen Ihren Lochkreis <a href=\"https:\/\/madin.fr\/de\/wie-man-den-mittelrand-misst\/\">dank dieser Seite finden<\/a>. <\/p>\n<hr \/>\n<h4>Au\u00dfenbett, Innenbett und Zubeh\u00f6r<\/h4>\n<p>Sie k\u00f6nnen Felgenbetten f\u00fcr die 3C Felge <a href=\"https:\/\/madin.fr\/de\/produkt\/13-zoll-felgenbett\/\">auf dieser Seite finden<\/a>.<\/p>\n<p>Eine gro\u00dfe Auswahl an Zubeh\u00f6r (<a href=\"https:\/\/madin.fr\/de\/produkt\/felgen-ventile\/\">Ventile<\/a>, <a href=\"https:\/\/madin.fr\/de\/produkt\/schrauben-felgen\/\">Schrauben<\/a>, <a href=\"https:\/\/madin.fr\/de\/produkt\/mad-in-aufkleber\/\">Aufkleber<\/a>) k\u00f6nnen Sie <a href=\"https:\/\/madin.fr\/de\/online-shop\/zubehor-mehrteilige-felgen\/\">auf dieser Seite finden<\/a>.<\/p>\n<hr \/>\n<p><em>Auf den <strong>Bildern<\/strong> hier\u00fcber, k\u00f6nnen Sie die Madin 3C Felge auf folgen Wagen sehen : Morris Mini, Simca Rallye, Peugeot 106, ein Prototyp, ein Jid\u00e9.<\/em><\/p>","protected":false},"excerpt":{"rendered":"<p style=\"text-align: justify;\">Die 3C Felge ist eine Felge in <strong>13 oder 14 Zoll<\/strong> . Die 3C Felge hat ein \u00e4hnliches Design wie die <a href=\"https:\/\/madin.fr\/de\/produit\/jante-3c\/\">2F<\/a> und ist <strong>leichte und robuste<\/strong> . Es ist eine unserer historischen Felgen.<\/p>\n<p style=\"text-align: justify;\" class=\"translation-block\">Der Felgenstern wiegt gerade einmal <strong>1,38 kg<\/strong> und ist genau das Richtige f\u00fcr alle, die ein perfektes Gleichgewicht zwischen Leichtigkeit und St\u00e4rke f\u00fcr <strong>mehr Leistung<\/strong> suchen.<\/p>\n<p style=\"text-align: justify;\" class=\"translation-block\">Dank seines <strong>einzigartigen Designs<\/strong> mit den 8 Speichen und der gro\u00dfen Anzahl an verf\u00fcgbaren Farben, <strong>werden Sie nicht unter dem Radar bleiben!<\/strong><\/p>\n<hr \/>\n<p><strong><u>Technische Daten<\/u> : <\/strong><\/p>\n<p style=\"text-align: justify;\"><em><strong>L\u00f6cher<\/strong> 4 L\u00f6cher | <strong>Lochkreis<\/strong> min. 95 max. 115 | <strong>Mittenlochdurchmesser<\/strong> min. 57 | <strong>ET<\/strong> : von ET -86 bis zu ET 51 | <strong>Gewicht<\/strong> (Felgenstern) : 1,38kg<\/em><\/p>\n<p><em><strong>Verf\u00fcgbare Farben<\/strong> : wei\u00df, gelb, orange, rot, blau, leicht grau, anthrazitgrau, schwarz gl\u00e4nzend, schwarz matt und vintage gold.<\/em><\/p>\n<hr \/>\n<p><strong><u>Bestellungsprozess<\/u> : <\/strong><\/p>\n<p style=\"text-align: justify;\"><strong>Rufen Sie uns an : <a href=\"tel:+33385577588\"><strong>03.85.57.75.88<\/strong><\/a> oder <strong>schicken Sie uns eine Email (<a href=\"mailto:info@madin.fr\">info@madin.fr<\/a>)<\/strong>, wir werden Ihnen bei der Wahl der perfekten Felgen f\u00fcr Ihr Fahrzeug beraten (Farbe, Einpresstiefe, Bettbreiten usw.)<\/strong><\/p>\n<hr \/>\n<p style=\"text-align: justify;\"><strong>Der Preis ist von der Breite abh\u00e4ngig. <\/strong><\/p>\n<p style=\"text-align: center;\"><a class=\"maxbutton-1 maxbutton maxbutton-nous-contacter\" href=\"https:\/\/madin.fr\/de\/kontakt\/\"><span class='mb-text'>Kontakt<\/span><\/a><\/p>","protected":false},"featured_media":4584,"comment_status":"open","ping_status":"closed","template":"","meta":{"_monsterinsights_skip_tracking":false,"_monsterinsights_sitenote_active":false,"_monsterinsights_sitenote_note":"","_monsterinsights_sitenote_category":0,"neve_meta_sidebar":"","neve_meta_container":"","neve_meta_enable_content_width":"on","neve_meta_content_width":80,"neve_meta_title_alignment":"","neve_meta_author_avatar":"","neve_post_elements_order":"","neve_meta_disable_header":"","neve_meta_disable_footer":"","neve_meta_disable_title":"","_themeisle_gutenberg_block_has_review":false},"product_brand":[],"product_cat":[18],"product_tag":[],"class_list":{"0":"post-2428","1":"product","2":"type-product","3":"status-publish","4":"has-post-thumbnail","6":"product_cat-jante","7":"product_shipping_class-jantes","9":"first","10":"instock","11":"taxable","12":"shipping-taxable","13":"product-type-simple"},"yoast_head":"<!-- This site is optimized with the Yoast SEO plugin v27.4 - https:\/\/yoast.com\/product\/yoast-seo-wordpress\/ -->\n<title>Mad In - Jante 3C (13 et 14 pouces) - Mad In - Jantes sur-mesure<\/title>\n<meta name=\"description\" content=\"Jante 13 ou 14 pouces en 4 trous. Style vintage, retro, VHC. Toutes couleurs. Pour Simca, Mini, Austin, Peugeot 106, Scora, Fiat 126p, R5 Turbo, Alfa GTV6 etc.\" \/>\n<meta name=\"robots\" content=\"index, follow, max-snippet:-1, max-image-preview:large, max-video-preview:-1\" \/>\n<link rel=\"canonical\" href=\"https:\/\/madin.fr\/de\/produkt\/3c-felge-13-14zoll\/\" \/>\n<meta property=\"og:locale\" content=\"de_DE\" \/>\n<meta property=\"og:type\" content=\"article\" \/>\n<meta property=\"og:title\" content=\"Mad In - Jante 3C (13 et 14 pouces) - Mad In - Jantes sur-mesure\" \/>\n<meta property=\"og:description\" content=\"Jante 13 ou 14 pouces en 4 trous. Style vintage, retro, VHC. Toutes couleurs. Pour Simca, Mini, Austin, Peugeot 106, Scora, Fiat 126p, R5 Turbo, Alfa GTV6 etc.\" \/>\n<meta property=\"og:url\" content=\"https:\/\/madin.fr\/de\/produkt\/3c-felge-13-14zoll\/\" \/>\n<meta property=\"og:site_name\" content=\"Mad In - Jantes sur-mesure\" \/>\n<meta property=\"article:publisher\" content=\"https:\/\/www.facebook.com\/madin.wheels\/\" \/>\n<meta property=\"article:modified_time\" content=\"2023-08-03T10:45:01+00:00\" \/>\n<meta property=\"og:image\" content=\"https:\/\/madin.fr\/wp-content\/uploads\/2021\/09\/3C_blanc-scaled.jpg\" \/>\n\t<meta property=\"og:image:width\" content=\"2560\" \/>\n\t<meta property=\"og:image:height\" content=\"1707\" \/>\n\t<meta property=\"og:image:type\" content=\"image\/jpeg\" \/>\n<meta name=\"twitter:card\" content=\"summary_large_image\" \/>\n<meta name=\"twitter:label1\" content=\"Gesch\u00e4tzte Lesezeit\" \/>\n\t<meta name=\"twitter:data1\" content=\"2\u00a0Minuten\" \/>\n<script type=\"application\/ld+json\" class=\"yoast-schema-graph\">{\"@context\":\"https:\\\/\\\/schema.org\",\"@graph\":[{\"@type\":\"WebPage\",\"@id\":\"https:\\\/\\\/madin.fr\\\/produit\\\/jante-3c-13-14-pouces\\\/\",\"url\":\"https:\\\/\\\/madin.fr\\\/produit\\\/jante-3c-13-14-pouces\\\/\",\"name\":\"Mad In - Jante 3C (13 et 14 pouces) - Mad In - Jantes sur-mesure\",\"isPartOf\":{\"@id\":\"https:\\\/\\\/madin.fr\\\/#website\"},\"primaryImageOfPage\":{\"@id\":\"https:\\\/\\\/madin.fr\\\/produit\\\/jante-3c-13-14-pouces\\\/#primaryimage\"},\"image\":{\"@id\":\"https:\\\/\\\/madin.fr\\\/produit\\\/jante-3c-13-14-pouces\\\/#primaryimage\"},\"thumbnailUrl\":\"https:\\\/\\\/madin.fr\\\/wp-content\\\/uploads\\\/2021\\\/09\\\/3C_blanc-scaled.jpg\",\"datePublished\":\"2021-09-15T08:19:23+00:00\",\"dateModified\":\"2023-08-03T10:45:01+00:00\",\"description\":\"Jante 13 ou 14 pouces en 4 trous. Style vintage, retro, VHC. Toutes couleurs. Pour Simca, Mini, Austin, Peugeot 106, Scora, Fiat 126p, R5 Turbo, Alfa GTV6 etc.\",\"breadcrumb\":{\"@id\":\"https:\\\/\\\/madin.fr\\\/produit\\\/jante-3c-13-14-pouces\\\/#breadcrumb\"},\"inLanguage\":\"de\",\"potentialAction\":[{\"@type\":\"ReadAction\",\"target\":[\"https:\\\/\\\/madin.fr\\\/produit\\\/jante-3c-13-14-pouces\\\/\"]}]},{\"@type\":\"ImageObject\",\"inLanguage\":\"de\",\"@id\":\"https:\\\/\\\/madin.fr\\\/produit\\\/jante-3c-13-14-pouces\\\/#primaryimage\",\"url\":\"https:\\\/\\\/madin.fr\\\/wp-content\\\/uploads\\\/2021\\\/09\\\/3C_blanc-scaled.jpg\",\"contentUrl\":\"https:\\\/\\\/madin.fr\\\/wp-content\\\/uploads\\\/2021\\\/09\\\/3C_blanc-scaled.jpg\",\"width\":2560,\"height\":1707,\"caption\":\"jante 3c madin 13 pouces simca\"},{\"@type\":\"BreadcrumbList\",\"@id\":\"https:\\\/\\\/madin.fr\\\/produit\\\/jante-3c-13-14-pouces\\\/#breadcrumb\",\"itemListElement\":[{\"@type\":\"ListItem\",\"position\":1,\"name\":\"Accueil\",\"item\":\"https:\\\/\\\/madin.fr\\\/\"},{\"@type\":\"ListItem\",\"position\":2,\"name\":\"Produits\",\"item\":\"https:\\\/\\\/madin.fr\\\/shop\\\/\"},{\"@type\":\"ListItem\",\"position\":3,\"name\":\"Jante 3C (13 et 14 pouces)\"}]},{\"@type\":\"WebSite\",\"@id\":\"https:\\\/\\\/madin.fr\\\/#website\",\"url\":\"https:\\\/\\\/madin.fr\\\/\",\"name\":\"Mad In - Jantes sur-mesure\",\"description\":\"\",\"publisher\":{\"@id\":\"https:\\\/\\\/madin.fr\\\/#organization\"},\"potentialAction\":[{\"@type\":\"SearchAction\",\"target\":{\"@type\":\"EntryPoint\",\"urlTemplate\":\"https:\\\/\\\/madin.fr\\\/?s={search_term_string}\"},\"query-input\":{\"@type\":\"PropertyValueSpecification\",\"valueRequired\":true,\"valueName\":\"search_term_string\"}}],\"inLanguage\":\"de\"},{\"@type\":\"Organization\",\"@id\":\"https:\\\/\\\/madin.fr\\\/#organization\",\"name\":\"Mad In\",\"url\":\"https:\\\/\\\/madin.fr\\\/\",\"logo\":{\"@type\":\"ImageObject\",\"inLanguage\":\"de\",\"@id\":\"https:\\\/\\\/madin.fr\\\/#\\\/schema\\\/logo\\\/image\\\/\",\"url\":\"https:\\\/\\\/madin.fr\\\/wp-content\\\/uploads\\\/2021\\\/09\\\/Madin-logo-carre-bis-bis-bis.png\",\"contentUrl\":\"https:\\\/\\\/madin.fr\\\/wp-content\\\/uploads\\\/2021\\\/09\\\/Madin-logo-carre-bis-bis-bis.png\",\"width\":512,\"height\":507,\"caption\":\"Mad In\"},\"image\":{\"@id\":\"https:\\\/\\\/madin.fr\\\/#\\\/schema\\\/logo\\\/image\\\/\"},\"sameAs\":[\"https:\\\/\\\/www.facebook.com\\\/madin.wheels\\\/\",\"https:\\\/\\\/www.instagram.com\\\/madinwheels\\\/\"]}]}<\/script>\n<!-- \/ Yoast SEO plugin. -->","yoast_head_json":{"title":"Mad In - 3C Felgen (13 und 14 Zoll) - Felgen nach Mass","description":"13 und 14 Zoll 3-teilige Felge. 4 L\u00f6cher. Vintage und sportlich : f\u00fcr Simca, Mini, Austin, Peugeot 106, Scora, Fait 126p, R5 Turbo, Alfa GTV6 usw. Alle Farben. Alle Breiten.","robots":{"index":"index","follow":"follow","max-snippet":"max-snippet:-1","max-image-preview":"max-image-preview:large","max-video-preview":"max-video-preview:-1"},"canonical":"https:\/\/madin.fr\/de\/produkt\/3c-felge-13-14zoll\/","og_locale":"de_DE","og_type":"article","og_title":"Mad In - Jante 3C (13 et 14 pouces) - Mad In - Jantes sur-mesure","og_description":"Jante 13 ou 14 pouces en 4 trous. Style vintage, retro, VHC. Toutes couleurs. Pour Simca, Mini, Austin, Peugeot 106, Scora, Fiat 126p, R5 Turbo, Alfa GTV6 etc.","og_url":"https:\/\/madin.fr\/de\/produkt\/3c-felge-13-14zoll\/","og_site_name":"Mad In - Jantes sur-mesure","article_publisher":"https:\/\/www.facebook.com\/madin.wheels\/","article_modified_time":"2023-08-03T10:45:01+00:00","og_image":[{"width":2560,"height":1707,"url":"https:\/\/madin.fr\/wp-content\/uploads\/2021\/09\/3C_blanc-scaled.jpg","type":"image\/jpeg"}],"twitter_card":"summary_large_image","twitter_misc":{"Gesch\u00e4tzte Lesezeit":"2\u00a0Minuten"},"schema":{"@context":"https:\/\/schema.org","@graph":[{"@type":"WebPage","@id":"https:\/\/madin.fr\/produit\/jante-3c-13-14-pouces\/","url":"https:\/\/madin.fr\/produit\/jante-3c-13-14-pouces\/","name":"Mad In - 3C Felgen (13 und 14 Zoll) - Felgen nach Mass","isPartOf":{"@id":"https:\/\/madin.fr\/#website"},"primaryImageOfPage":{"@id":"https:\/\/madin.fr\/produit\/jante-3c-13-14-pouces\/#primaryimage"},"image":{"@id":"https:\/\/madin.fr\/produit\/jante-3c-13-14-pouces\/#primaryimage"},"thumbnailUrl":"https:\/\/madin.fr\/wp-content\/uploads\/2021\/09\/3C_blanc-scaled.jpg","datePublished":"2021-09-15T08:19:23+00:00","dateModified":"2023-08-03T10:45:01+00:00","description":"13 und 14 Zoll 3-teilige Felge. 4 L\u00f6cher. Vintage und sportlich : f\u00fcr Simca, Mini, Austin, Peugeot 106, Scora, Fait 126p, R5 Turbo, Alfa GTV6 usw. Alle Farben. Alle Breiten.","breadcrumb":{"@id":"https:\/\/madin.fr\/produit\/jante-3c-13-14-pouces\/#breadcrumb"},"inLanguage":"de","potentialAction":[{"@type":"ReadAction","target":["https:\/\/madin.fr\/produit\/jante-3c-13-14-pouces\/"]}]},{"@type":"ImageObject","inLanguage":"de","@id":"https:\/\/madin.fr\/produit\/jante-3c-13-14-pouces\/#primaryimage","url":"https:\/\/madin.fr\/wp-content\/uploads\/2021\/09\/3C_blanc-scaled.jpg","contentUrl":"https:\/\/madin.fr\/wp-content\/uploads\/2021\/09\/3C_blanc-scaled.jpg","width":2560,"height":1707,"caption":"jante 3c madin 13 pouces simca"},{"@type":"BreadcrumbList","@id":"https:\/\/madin.fr\/produit\/jante-3c-13-14-pouces\/#breadcrumb","itemListElement":[{"@type":"ListItem","position":1,"name":"Accueil","item":"https:\/\/madin.fr\/"},{"@type":"ListItem","position":2,"name":"Produits","item":"https:\/\/madin.fr\/shop\/"},{"@type":"ListItem","position":3,"name":"Jante 3C (13 et 14 pouces)"}]},{"@type":"WebSite","@id":"https:\/\/madin.fr\/#website","url":"https:\/\/madin.fr\/","name":"Mad In - Felgen nach Ma\u00df","description":"","publisher":{"@id":"https:\/\/madin.fr\/#organization"},"potentialAction":[{"@type":"SearchAction","target":{"@type":"EntryPoint","urlTemplate":"https:\/\/madin.fr\/?s={search_term_string}"},"query-input":{"@type":"PropertyValueSpecification","valueRequired":true,"valueName":"search_term_string"}}],"inLanguage":"de"},{"@type":"Organization","@id":"https:\/\/madin.fr\/#organization","name":"Mad In","url":"https:\/\/madin.fr\/","logo":{"@type":"ImageObject","inLanguage":"de","@id":"https:\/\/madin.fr\/#\/schema\/logo\/image\/","url":"https:\/\/madin.fr\/wp-content\/uploads\/2021\/09\/Madin-logo-carre-bis-bis-bis.png","contentUrl":"https:\/\/madin.fr\/wp-content\/uploads\/2021\/09\/Madin-logo-carre-bis-bis-bis.png","width":512,"height":507,"caption":"Mad In"},"image":{"@id":"https:\/\/madin.fr\/#\/schema\/logo\/image\/"},"sameAs":["https:\/\/www.facebook.com\/madin.wheels\/","https:\/\/www.instagram.com\/madinwheels\/"]}]}},"jetpack_sharing_enabled":true,"_links":{"self":[{"href":"https:\/\/madin.fr\/de\/wp-json\/wp\/v2\/product\/2428","targetHints":{"allow":["GET"]}}],"collection":[{"href":"https:\/\/madin.fr\/de\/wp-json\/wp\/v2\/product"}],"about":[{"href":"https:\/\/madin.fr\/de\/wp-json\/wp\/v2\/types\/product"}],"replies":[{"embeddable":true,"href":"https:\/\/madin.fr\/de\/wp-json\/wp\/v2\/comments?post=2428"}],"wp:featuredmedia":[{"embeddable":true,"href":"https:\/\/madin.fr\/de\/wp-json\/wp\/v2\/media\/4584"}],"wp:attachment":[{"href":"https:\/\/madin.fr\/de\/wp-json\/wp\/v2\/media?parent=2428"}],"wp:term":[{"taxonomy":"product_brand","embeddable":true,"href":"https:\/\/madin.fr\/de\/wp-json\/wp\/v2\/product_brand?post=2428"},{"taxonomy":"product_cat","embeddable":true,"href":"https:\/\/madin.fr\/de\/wp-json\/wp\/v2\/product_cat?post=2428"},{"taxonomy":"product_tag","embeddable":true,"href":"https:\/\/madin.fr\/de\/wp-json\/wp\/v2\/product_tag?post=2428"}],"curies":[{"name":"wp","href":"https:\/\/api.w.org\/{rel}","templated":true}]}}