{"id":3496,"date":"2021-10-19T12:29:45","date_gmt":"2021-10-19T10:29:45","guid":{"rendered":"https:\/\/madinjantessurmesur.live-website.com\/?post_type=product&#038;p=3496"},"modified":"2021-11-05T15:43:04","modified_gmt":"2021-11-05T14:43:04","slug":"voiles-de-jantes-exterieurs-16-pouces-inox","status":"publish","type":"product","link":"https:\/\/madin.fr\/de\/produkt\/voiles-de-jantes-exterieurs-16-pouces-inox\/","title":{"rendered":"Voiles de jantes ext\u00e9rieurs Mad In &#8211; 16 pouces INOX"},"content":{"rendered":"","protected":false},"excerpt":{"rendered":"<p>Aussi appel\u00e9s couronnes ou flasques, les voiles de jante ext\u00e9rieurs en inox en <strong>16 pouces<\/strong> Felgenbetten k\u00f6nnen auf die Mad In <a href=\"https:\/\/madin.fr\/de\/produkt\/164-165-16-zoll-felge\/\">164\/165C<\/a>.<\/p>\n<p>Les voiles en inox sont plus denses et plus fins que les voiles en aluminium et n\u00e9cessitent moins d&rsquo;entretien.<\/p>\n<p>Unsere Felgenbetten sind aus <strong>inox 304L<\/strong>, repouss\u00e9s selon la <a href=\"https:\/\/madin.fr\/de\/felgen-know-how\/technik\/\">\"RimTec Inside\"<\/a> Technologie, die von Mad In entwickelt wurde.<\/p>\n<p>Nous r\u00e9alisons des voiles pour jantes d&rsquo;autres marques et autres tailles <a href=\"https:\/\/madin.fr\/de\/kontakt\/\">auf Anfrage<\/a>.<\/p>","protected":false},"featured_media":3758,"comment_status":"open","ping_status":"closed","template":"","meta":{"_monsterinsights_skip_tracking":false,"_monsterinsights_sitenote_active":false,"_monsterinsights_sitenote_note":"","_monsterinsights_sitenote_category":0,"neve_meta_sidebar":"","neve_meta_container":"","neve_meta_enable_content_width":"on","neve_meta_content_width":80,"neve_meta_title_alignment":"","neve_meta_author_avatar":"","neve_post_elements_order":"","neve_meta_disable_header":"","neve_meta_disable_footer":"","neve_meta_disable_title":"","_themeisle_gutenberg_block_has_review":false},"product_brand":[],"product_cat":[121],"product_tag":[],"class_list":{"0":"post-3496","1":"product","2":"type-product","3":"status-publish","4":"has-post-thumbnail","6":"product_cat-couronnes-inox","8":"first","9":"instock","10":"taxable","11":"shipping-taxable","12":"purchasable","13":"product-type-variable"},"yoast_head":"<!-- This site is optimized with the Yoast SEO plugin v27.4 - https:\/\/yoast.com\/product\/yoast-seo-wordpress\/ -->\n<title>Voiles de jantes ext\u00e9rieurs Mad In - 16 pouces INOX - Mad In - Jantes sur-mesure<\/title>\n<meta name=\"description\" content=\"Voiles de jantes 16 pouces et autres tailles \/ Inox ou Aluminium \/ Mad In, Gotti, PLS, Compomotive, Schmidt, BBS, OZ et autres.\" \/>\n<meta name=\"robots\" content=\"index, follow, max-snippet:-1, max-image-preview:large, max-video-preview:-1\" \/>\n<link rel=\"canonical\" href=\"https:\/\/madin.fr\/de\/produkt\/voiles-de-jantes-exterieurs-16-pouces-inox\/\" \/>\n<meta property=\"og:locale\" content=\"de_DE\" \/>\n<meta property=\"og:type\" content=\"article\" \/>\n<meta property=\"og:title\" content=\"Voiles de jantes ext\u00e9rieurs Mad In - 16 pouces INOX - Mad In - Jantes sur-mesure\" \/>\n<meta property=\"og:description\" content=\"Voiles de jantes 16 pouces et autres tailles \/ Inox ou Aluminium \/ Mad In, Gotti, PLS, Compomotive, Schmidt, BBS, OZ et autres.\" \/>\n<meta property=\"og:url\" content=\"https:\/\/madin.fr\/de\/produkt\/voiles-de-jantes-exterieurs-16-pouces-inox\/\" \/>\n<meta property=\"og:site_name\" content=\"Mad In - Jantes sur-mesure\" \/>\n<meta property=\"article:publisher\" content=\"https:\/\/www.facebook.com\/madin.wheels\/\" \/>\n<meta property=\"article:modified_time\" content=\"2021-11-05T14:43:04+00:00\" \/>\n<meta property=\"og:image\" content=\"https:\/\/madin.fr\/wp-content\/uploads\/2021\/10\/voile-inox-16-pouces-carre-scaled.jpg\" \/>\n\t<meta property=\"og:image:width\" content=\"2560\" \/>\n\t<meta property=\"og:image:height\" content=\"2560\" \/>\n\t<meta property=\"og:image:type\" content=\"image\/jpeg\" \/>\n<meta name=\"twitter:card\" content=\"summary_large_image\" \/>\n<script type=\"application\/ld+json\" class=\"yoast-schema-graph\">{\"@context\":\"https:\\\/\\\/schema.org\",\"@graph\":[{\"@type\":\"WebPage\",\"@id\":\"https:\\\/\\\/madin.fr\\\/produit\\\/voiles-de-jantes-exterieurs-16-pouces-inox\\\/\",\"url\":\"https:\\\/\\\/madin.fr\\\/produit\\\/voiles-de-jantes-exterieurs-16-pouces-inox\\\/\",\"name\":\"Voiles de jantes ext\u00e9rieurs Mad In - 16 pouces INOX - Mad In - Jantes sur-mesure\",\"isPartOf\":{\"@id\":\"https:\\\/\\\/madin.fr\\\/#website\"},\"primaryImageOfPage\":{\"@id\":\"https:\\\/\\\/madin.fr\\\/produit\\\/voiles-de-jantes-exterieurs-16-pouces-inox\\\/#primaryimage\"},\"image\":{\"@id\":\"https:\\\/\\\/madin.fr\\\/produit\\\/voiles-de-jantes-exterieurs-16-pouces-inox\\\/#primaryimage\"},\"thumbnailUrl\":\"https:\\\/\\\/madin.fr\\\/wp-content\\\/uploads\\\/2021\\\/10\\\/voile-inox-16-pouces-carre-scaled.jpg\",\"datePublished\":\"2021-10-19T10:29:45+00:00\",\"dateModified\":\"2021-11-05T14:43:04+00:00\",\"description\":\"Voiles de jantes 16 pouces et autres tailles \\\/ Inox ou Aluminium \\\/ Mad In, Gotti, PLS, Compomotive, Schmidt, BBS, OZ et autres.\",\"breadcrumb\":{\"@id\":\"https:\\\/\\\/madin.fr\\\/produit\\\/voiles-de-jantes-exterieurs-16-pouces-inox\\\/#breadcrumb\"},\"inLanguage\":\"de\",\"potentialAction\":[{\"@type\":\"ReadAction\",\"target\":[\"https:\\\/\\\/madin.fr\\\/produit\\\/voiles-de-jantes-exterieurs-16-pouces-inox\\\/\"]}]},{\"@type\":\"ImageObject\",\"inLanguage\":\"de\",\"@id\":\"https:\\\/\\\/madin.fr\\\/produit\\\/voiles-de-jantes-exterieurs-16-pouces-inox\\\/#primaryimage\",\"url\":\"https:\\\/\\\/madin.fr\\\/wp-content\\\/uploads\\\/2021\\\/10\\\/voile-inox-16-pouces-carre-scaled.jpg\",\"contentUrl\":\"https:\\\/\\\/madin.fr\\\/wp-content\\\/uploads\\\/2021\\\/10\\\/voile-inox-16-pouces-carre-scaled.jpg\",\"width\":2560,\"height\":2560},{\"@type\":\"BreadcrumbList\",\"@id\":\"https:\\\/\\\/madin.fr\\\/produit\\\/voiles-de-jantes-exterieurs-16-pouces-inox\\\/#breadcrumb\",\"itemListElement\":[{\"@type\":\"ListItem\",\"position\":1,\"name\":\"Accueil\",\"item\":\"https:\\\/\\\/madin.fr\\\/\"},{\"@type\":\"ListItem\",\"position\":2,\"name\":\"Produits\",\"item\":\"https:\\\/\\\/madin.fr\\\/shop\\\/\"},{\"@type\":\"ListItem\",\"position\":3,\"name\":\"Voiles de jantes ext\u00e9rieurs Mad In &#8211; 16 pouces INOX\"}]},{\"@type\":\"WebSite\",\"@id\":\"https:\\\/\\\/madin.fr\\\/#website\",\"url\":\"https:\\\/\\\/madin.fr\\\/\",\"name\":\"Mad In - Jantes sur-mesure\",\"description\":\"\",\"publisher\":{\"@id\":\"https:\\\/\\\/madin.fr\\\/#organization\"},\"potentialAction\":[{\"@type\":\"SearchAction\",\"target\":{\"@type\":\"EntryPoint\",\"urlTemplate\":\"https:\\\/\\\/madin.fr\\\/?s={search_term_string}\"},\"query-input\":{\"@type\":\"PropertyValueSpecification\",\"valueRequired\":true,\"valueName\":\"search_term_string\"}}],\"inLanguage\":\"de\"},{\"@type\":\"Organization\",\"@id\":\"https:\\\/\\\/madin.fr\\\/#organization\",\"name\":\"Mad In\",\"url\":\"https:\\\/\\\/madin.fr\\\/\",\"logo\":{\"@type\":\"ImageObject\",\"inLanguage\":\"de\",\"@id\":\"https:\\\/\\\/madin.fr\\\/#\\\/schema\\\/logo\\\/image\\\/\",\"url\":\"https:\\\/\\\/madin.fr\\\/wp-content\\\/uploads\\\/2021\\\/09\\\/Madin-logo-carre-bis-bis-bis.png\",\"contentUrl\":\"https:\\\/\\\/madin.fr\\\/wp-content\\\/uploads\\\/2021\\\/09\\\/Madin-logo-carre-bis-bis-bis.png\",\"width\":512,\"height\":507,\"caption\":\"Mad In\"},\"image\":{\"@id\":\"https:\\\/\\\/madin.fr\\\/#\\\/schema\\\/logo\\\/image\\\/\"},\"sameAs\":[\"https:\\\/\\\/www.facebook.com\\\/madin.wheels\\\/\",\"https:\\\/\\\/www.instagram.com\\\/madinwheels\\\/\"]}]}<\/script>\n<!-- \/ Yoast SEO plugin. -->","yoast_head_json":{"title":"Voiles de jantes ext\u00e9rieurs Mad In - 16 pouces INOX - Mad In - Jantes sur-mesure","description":"Voiles de jantes 16 pouces et autres tailles \/ Inox ou Aluminium \/ Mad In, Gotti, PLS, Compomotive, Schmidt, BBS, OZ et autres.","robots":{"index":"index","follow":"follow","max-snippet":"max-snippet:-1","max-image-preview":"max-image-preview:large","max-video-preview":"max-video-preview:-1"},"canonical":"https:\/\/madin.fr\/de\/produkt\/voiles-de-jantes-exterieurs-16-pouces-inox\/","og_locale":"de_DE","og_type":"article","og_title":"Voiles de jantes ext\u00e9rieurs Mad In - 16 pouces INOX - Mad In - Jantes sur-mesure","og_description":"Voiles de jantes 16 pouces et autres tailles \/ Inox ou Aluminium \/ Mad In, Gotti, PLS, Compomotive, Schmidt, BBS, OZ et autres.","og_url":"https:\/\/madin.fr\/de\/produkt\/voiles-de-jantes-exterieurs-16-pouces-inox\/","og_site_name":"Mad In - Jantes sur-mesure","article_publisher":"https:\/\/www.facebook.com\/madin.wheels\/","article_modified_time":"2021-11-05T14:43:04+00:00","og_image":[{"width":2560,"height":2560,"url":"https:\/\/madin.fr\/wp-content\/uploads\/2021\/10\/voile-inox-16-pouces-carre-scaled.jpg","type":"image\/jpeg"}],"twitter_card":"summary_large_image","schema":{"@context":"https:\/\/schema.org","@graph":[{"@type":"WebPage","@id":"https:\/\/madin.fr\/produit\/voiles-de-jantes-exterieurs-16-pouces-inox\/","url":"https:\/\/madin.fr\/produit\/voiles-de-jantes-exterieurs-16-pouces-inox\/","name":"Voiles de jantes ext\u00e9rieurs Mad In - 16 pouces INOX - Mad In - Jantes sur-mesure","isPartOf":{"@id":"https:\/\/madin.fr\/#website"},"primaryImageOfPage":{"@id":"https:\/\/madin.fr\/produit\/voiles-de-jantes-exterieurs-16-pouces-inox\/#primaryimage"},"image":{"@id":"https:\/\/madin.fr\/produit\/voiles-de-jantes-exterieurs-16-pouces-inox\/#primaryimage"},"thumbnailUrl":"https:\/\/madin.fr\/wp-content\/uploads\/2021\/10\/voile-inox-16-pouces-carre-scaled.jpg","datePublished":"2021-10-19T10:29:45+00:00","dateModified":"2021-11-05T14:43:04+00:00","description":"Voiles de jantes 16 pouces et autres tailles \/ Inox ou Aluminium \/ Mad In, Gotti, PLS, Compomotive, Schmidt, BBS, OZ et autres.","breadcrumb":{"@id":"https:\/\/madin.fr\/produit\/voiles-de-jantes-exterieurs-16-pouces-inox\/#breadcrumb"},"inLanguage":"de","potentialAction":[{"@type":"ReadAction","target":["https:\/\/madin.fr\/produit\/voiles-de-jantes-exterieurs-16-pouces-inox\/"]}]},{"@type":"ImageObject","inLanguage":"de","@id":"https:\/\/madin.fr\/produit\/voiles-de-jantes-exterieurs-16-pouces-inox\/#primaryimage","url":"https:\/\/madin.fr\/wp-content\/uploads\/2021\/10\/voile-inox-16-pouces-carre-scaled.jpg","contentUrl":"https:\/\/madin.fr\/wp-content\/uploads\/2021\/10\/voile-inox-16-pouces-carre-scaled.jpg","width":2560,"height":2560},{"@type":"BreadcrumbList","@id":"https:\/\/madin.fr\/produit\/voiles-de-jantes-exterieurs-16-pouces-inox\/#breadcrumb","itemListElement":[{"@type":"ListItem","position":1,"name":"Accueil","item":"https:\/\/madin.fr\/"},{"@type":"ListItem","position":2,"name":"Produits","item":"https:\/\/madin.fr\/shop\/"},{"@type":"ListItem","position":3,"name":"Voiles de jantes ext\u00e9rieurs Mad In &#8211; 16 pouces INOX"}]},{"@type":"WebSite","@id":"https:\/\/madin.fr\/#website","url":"https:\/\/madin.fr\/","name":"Mad In - Felgen nach Ma\u00df","description":"","publisher":{"@id":"https:\/\/madin.fr\/#organization"},"potentialAction":[{"@type":"SearchAction","target":{"@type":"EntryPoint","urlTemplate":"https:\/\/madin.fr\/?s={search_term_string}"},"query-input":{"@type":"PropertyValueSpecification","valueRequired":true,"valueName":"search_term_string"}}],"inLanguage":"de"},{"@type":"Organization","@id":"https:\/\/madin.fr\/#organization","name":"Mad In","url":"https:\/\/madin.fr\/","logo":{"@type":"ImageObject","inLanguage":"de","@id":"https:\/\/madin.fr\/#\/schema\/logo\/image\/","url":"https:\/\/madin.fr\/wp-content\/uploads\/2021\/09\/Madin-logo-carre-bis-bis-bis.png","contentUrl":"https:\/\/madin.fr\/wp-content\/uploads\/2021\/09\/Madin-logo-carre-bis-bis-bis.png","width":512,"height":507,"caption":"Mad In"},"image":{"@id":"https:\/\/madin.fr\/#\/schema\/logo\/image\/"},"sameAs":["https:\/\/www.facebook.com\/madin.wheels\/","https:\/\/www.instagram.com\/madinwheels\/"]}]}},"jetpack_sharing_enabled":true,"_links":{"self":[{"href":"https:\/\/madin.fr\/de\/wp-json\/wp\/v2\/product\/3496","targetHints":{"allow":["GET"]}}],"collection":[{"href":"https:\/\/madin.fr\/de\/wp-json\/wp\/v2\/product"}],"about":[{"href":"https:\/\/madin.fr\/de\/wp-json\/wp\/v2\/types\/product"}],"replies":[{"embeddable":true,"href":"https:\/\/madin.fr\/de\/wp-json\/wp\/v2\/comments?post=3496"}],"wp:featuredmedia":[{"embeddable":true,"href":"https:\/\/madin.fr\/de\/wp-json\/wp\/v2\/media\/3758"}],"wp:attachment":[{"href":"https:\/\/madin.fr\/de\/wp-json\/wp\/v2\/media?parent=3496"}],"wp:term":[{"taxonomy":"product_brand","embeddable":true,"href":"https:\/\/madin.fr\/de\/wp-json\/wp\/v2\/product_brand?post=3496"},{"taxonomy":"product_cat","embeddable":true,"href":"https:\/\/madin.fr\/de\/wp-json\/wp\/v2\/product_cat?post=3496"},{"taxonomy":"product_tag","embeddable":true,"href":"https:\/\/madin.fr\/de\/wp-json\/wp\/v2\/product_tag?post=3496"}],"curies":[{"name":"wp","href":"https:\/\/api.w.org\/{rel}","templated":true}]}}