{"id":4477,"date":"2022-06-29T16:15:52","date_gmt":"2022-06-29T14:15:52","guid":{"rendered":"https:\/\/madin.fr\/?post_type=product&#038;p=4477"},"modified":"2023-04-19T10:23:11","modified_gmt":"2023-04-19T08:23:11","slug":"3x","status":"publish","type":"product","link":"https:\/\/madin.fr\/de\/produkt\/3x\/","title":{"rendered":"3X"},"content":{"rendered":"","protected":false},"excerpt":{"rendered":"<p style=\"text-align: justify;\">Die 3X Felge wurde urspr\u00fcnglich f\u00fcr eine Smarlinette entwickelt, um an die <strong>gro\u00dfe Zeiten des franz\u00f6sischen Rallye der 70er und 80er zu erinnern.<\/strong>. Sie kann an die Ma\u00dfen Ihres Fahrzeugs angefertigt werden, von 13 bis 16 Zoll.<\/p>\n<p style=\"text-align: justify;\">Es ist eine <strong>dreiteilige Felge<\/strong> , die einem Oldtimer oder Youngtimer super stehen w\u00fcrde (Alpine, Matra, Peugeot, Renault), aber die auch Sinn macht f\u00fcr jemand der seinem Auto einen vintage Hauch verleihen m\u00f6chte. <strong>Leicht<\/strong> und <strong>solide<\/strong>, diese 3X Schmiedefelgen verbessern die <strong>Leistungen ihres Fahrzeugs<\/strong>.<\/p>\n<hr>\n<p style=\"text-align: justify;\" class=\"translation-block\">Die Felge X3 wird <strong>nach Ma\u00df<\/strong> produziert. So k\u00f6nnen Sie den Lochkreis, die Einpresstiefe, die Farbe, die Anzahl der Befestigungsl\u00f6cher (von 3 bis 6 oder Zentralverschluss ), die Breite der Betten oder den Durchmesser (von 13 bis 21 Zoll) frei w\u00e4hlen.<\/p>\n<p style=\"text-align: justify;\"><em><strong><em><strong>Farben <\/strong><\/strong> : wei\u00df, gelb, orange, rot, blau, leicht grau, anthrazitgrau, schwarz gl\u00e4nzend, schwarz matt und vintage gold.<\/em><\/em><\/p>\n<p style=\"text-align: justify;\" class=\"translation-block\">Unser Team steht zu Ihrer Verf\u00fcgung um Sie zu beraten : <a href=\"mailto:info@madin.fr\" target=\"_self\">info@madin.fr<\/a> oder +33 3 85 57 75 88 (Montag bis Freitag : 9:30-17:30 UTC +1). Wir sprechen Deutsch !<\/p>\n<hr>\n<p style=\"text-align: justify;\"><strong>Preis : auf Anfrage<\/strong><\/p>\n<p><a class=\"maxbutton-1 maxbutton maxbutton-nous-contacter\" href=\"https:\/\/madin.fr\/de\/kontakt\/\"><span class='mb-text'>Kontakt<\/span><\/a><\/p>","protected":false},"featured_media":4478,"comment_status":"open","ping_status":"closed","template":"","meta":{"_monsterinsights_skip_tracking":false,"_monsterinsights_sitenote_active":false,"_monsterinsights_sitenote_note":"","_monsterinsights_sitenote_category":0,"neve_meta_sidebar":"","neve_meta_container":"","neve_meta_enable_content_width":"on","neve_meta_content_width":80,"neve_meta_title_alignment":"","neve_meta_author_avatar":"","neve_post_elements_order":"","neve_meta_disable_header":"","neve_meta_disable_footer":"","neve_meta_disable_title":"","_themeisle_gutenberg_block_has_review":false},"product_brand":[],"product_cat":[65],"product_tag":[],"class_list":{"0":"post-4477","1":"product","2":"type-product","3":"status-publish","4":"has-post-thumbnail","6":"product_cat-jante-forgee","8":"first","9":"instock","10":"taxable","11":"shipping-taxable","12":"product-type-simple"},"yoast_head":"<!-- This site is optimized with the Yoast SEO plugin v27.4 - https:\/\/yoast.com\/product\/yoast-seo-wordpress\/ -->\n<title>3X - Mad In - Jantes sur-mesure<\/title>\n<meta name=\"description\" content=\"Jante forg\u00e9e sur mesure 3X : Entraxe 3 trous, du 13 au 16 pouces ! Jantes 3 parties style oldtimer et youngtimer, fabriqu\u00e9es en France.\" \/>\n<meta name=\"robots\" content=\"index, follow, max-snippet:-1, max-image-preview:large, max-video-preview:-1\" \/>\n<link rel=\"canonical\" href=\"https:\/\/madin.fr\/de\/produkt\/3x\/\" \/>\n<meta property=\"og:locale\" content=\"de_DE\" \/>\n<meta property=\"og:type\" content=\"article\" \/>\n<meta property=\"og:title\" content=\"3X - Mad In - Jantes sur-mesure\" \/>\n<meta property=\"og:description\" content=\"Jante forg\u00e9e sur mesure 3X : Entraxe 3 trous, du 13 au 16 pouces ! Jantes 3 parties style oldtimer et youngtimer, fabriqu\u00e9es en France.\" \/>\n<meta property=\"og:url\" content=\"https:\/\/madin.fr\/de\/produkt\/3x\/\" \/>\n<meta property=\"og:site_name\" content=\"Mad In - Jantes sur-mesure\" \/>\n<meta property=\"article:publisher\" content=\"https:\/\/www.facebook.com\/madin.wheels\/\" \/>\n<meta property=\"article:modified_time\" content=\"2023-04-19T08:23:11+00:00\" \/>\n<meta property=\"og:image\" content=\"https:\/\/madin.fr\/wp-content\/uploads\/2022\/06\/DSCF4299-Copier-e1656511658620.jpg\" \/>\n\t<meta property=\"og:image:width\" content=\"1044\" \/>\n\t<meta property=\"og:image:height\" content=\"1044\" \/>\n\t<meta property=\"og:image:type\" content=\"image\/jpeg\" \/>\n<meta name=\"twitter:card\" content=\"summary_large_image\" \/>\n<script type=\"application\/ld+json\" class=\"yoast-schema-graph\">{\"@context\":\"https:\\\/\\\/schema.org\",\"@graph\":[{\"@type\":\"WebPage\",\"@id\":\"https:\\\/\\\/madin.fr\\\/produit\\\/3x\\\/\",\"url\":\"https:\\\/\\\/madin.fr\\\/produit\\\/3x\\\/\",\"name\":\"3X - Mad In - Jantes sur-mesure\",\"isPartOf\":{\"@id\":\"https:\\\/\\\/madin.fr\\\/#website\"},\"primaryImageOfPage\":{\"@id\":\"https:\\\/\\\/madin.fr\\\/produit\\\/3x\\\/#primaryimage\"},\"image\":{\"@id\":\"https:\\\/\\\/madin.fr\\\/produit\\\/3x\\\/#primaryimage\"},\"thumbnailUrl\":\"https:\\\/\\\/madin.fr\\\/wp-content\\\/uploads\\\/2022\\\/06\\\/DSCF4299-Copier-e1656511658620.jpg\",\"datePublished\":\"2022-06-29T14:15:52+00:00\",\"dateModified\":\"2023-04-19T08:23:11+00:00\",\"description\":\"Jante forg\u00e9e sur mesure 3X : Entraxe 3 trous, du 13 au 16 pouces ! Jantes 3 parties style oldtimer et youngtimer, fabriqu\u00e9es en France.\",\"breadcrumb\":{\"@id\":\"https:\\\/\\\/madin.fr\\\/produit\\\/3x\\\/#breadcrumb\"},\"inLanguage\":\"de\",\"potentialAction\":[{\"@type\":\"ReadAction\",\"target\":[\"https:\\\/\\\/madin.fr\\\/produit\\\/3x\\\/\"]}]},{\"@type\":\"ImageObject\",\"inLanguage\":\"de\",\"@id\":\"https:\\\/\\\/madin.fr\\\/produit\\\/3x\\\/#primaryimage\",\"url\":\"https:\\\/\\\/madin.fr\\\/wp-content\\\/uploads\\\/2022\\\/06\\\/DSCF4299-Copier-e1656511658620.jpg\",\"contentUrl\":\"https:\\\/\\\/madin.fr\\\/wp-content\\\/uploads\\\/2022\\\/06\\\/DSCF4299-Copier-e1656511658620.jpg\",\"width\":1044,\"height\":1044,\"caption\":\"jante 3X Madin\"},{\"@type\":\"BreadcrumbList\",\"@id\":\"https:\\\/\\\/madin.fr\\\/produit\\\/3x\\\/#breadcrumb\",\"itemListElement\":[{\"@type\":\"ListItem\",\"position\":1,\"name\":\"Accueil\",\"item\":\"https:\\\/\\\/madin.fr\\\/\"},{\"@type\":\"ListItem\",\"position\":2,\"name\":\"Produits\",\"item\":\"https:\\\/\\\/madin.fr\\\/shop\\\/\"},{\"@type\":\"ListItem\",\"position\":3,\"name\":\"3X\"}]},{\"@type\":\"WebSite\",\"@id\":\"https:\\\/\\\/madin.fr\\\/#website\",\"url\":\"https:\\\/\\\/madin.fr\\\/\",\"name\":\"Mad In - Jantes sur-mesure\",\"description\":\"\",\"publisher\":{\"@id\":\"https:\\\/\\\/madin.fr\\\/#organization\"},\"potentialAction\":[{\"@type\":\"SearchAction\",\"target\":{\"@type\":\"EntryPoint\",\"urlTemplate\":\"https:\\\/\\\/madin.fr\\\/?s={search_term_string}\"},\"query-input\":{\"@type\":\"PropertyValueSpecification\",\"valueRequired\":true,\"valueName\":\"search_term_string\"}}],\"inLanguage\":\"de\"},{\"@type\":\"Organization\",\"@id\":\"https:\\\/\\\/madin.fr\\\/#organization\",\"name\":\"Mad In\",\"url\":\"https:\\\/\\\/madin.fr\\\/\",\"logo\":{\"@type\":\"ImageObject\",\"inLanguage\":\"de\",\"@id\":\"https:\\\/\\\/madin.fr\\\/#\\\/schema\\\/logo\\\/image\\\/\",\"url\":\"https:\\\/\\\/madin.fr\\\/wp-content\\\/uploads\\\/2021\\\/09\\\/Madin-logo-carre-bis-bis-bis.png\",\"contentUrl\":\"https:\\\/\\\/madin.fr\\\/wp-content\\\/uploads\\\/2021\\\/09\\\/Madin-logo-carre-bis-bis-bis.png\",\"width\":512,\"height\":507,\"caption\":\"Mad In\"},\"image\":{\"@id\":\"https:\\\/\\\/madin.fr\\\/#\\\/schema\\\/logo\\\/image\\\/\"},\"sameAs\":[\"https:\\\/\\\/www.facebook.com\\\/madin.wheels\\\/\",\"https:\\\/\\\/www.instagram.com\\\/madinwheels\\\/\"]}]}<\/script>\n<!-- \/ Yoast SEO plugin. -->","yoast_head_json":{"title":"3X - Mad In - Jantes sur-mesure","description":"Jante forg\u00e9e sur mesure 3X : Entraxe 3 trous, du 13 au 16 pouces ! Jantes 3 parties style oldtimer et youngtimer, fabriqu\u00e9es en France.","robots":{"index":"index","follow":"follow","max-snippet":"max-snippet:-1","max-image-preview":"max-image-preview:large","max-video-preview":"max-video-preview:-1"},"canonical":"https:\/\/madin.fr\/de\/produkt\/3x\/","og_locale":"de_DE","og_type":"article","og_title":"3X - Mad In - Jantes sur-mesure","og_description":"Jante forg\u00e9e sur mesure 3X : Entraxe 3 trous, du 13 au 16 pouces ! Jantes 3 parties style oldtimer et youngtimer, fabriqu\u00e9es en France.","og_url":"https:\/\/madin.fr\/de\/produkt\/3x\/","og_site_name":"Mad In - Jantes sur-mesure","article_publisher":"https:\/\/www.facebook.com\/madin.wheels\/","article_modified_time":"2023-04-19T08:23:11+00:00","og_image":[{"width":1044,"height":1044,"url":"https:\/\/madin.fr\/wp-content\/uploads\/2022\/06\/DSCF4299-Copier-e1656511658620.jpg","type":"image\/jpeg"}],"twitter_card":"summary_large_image","schema":{"@context":"https:\/\/schema.org","@graph":[{"@type":"WebPage","@id":"https:\/\/madin.fr\/produit\/3x\/","url":"https:\/\/madin.fr\/produit\/3x\/","name":"3X - Mad In - Jantes sur-mesure","isPartOf":{"@id":"https:\/\/madin.fr\/#website"},"primaryImageOfPage":{"@id":"https:\/\/madin.fr\/produit\/3x\/#primaryimage"},"image":{"@id":"https:\/\/madin.fr\/produit\/3x\/#primaryimage"},"thumbnailUrl":"https:\/\/madin.fr\/wp-content\/uploads\/2022\/06\/DSCF4299-Copier-e1656511658620.jpg","datePublished":"2022-06-29T14:15:52+00:00","dateModified":"2023-04-19T08:23:11+00:00","description":"Jante forg\u00e9e sur mesure 3X : Entraxe 3 trous, du 13 au 16 pouces ! Jantes 3 parties style oldtimer et youngtimer, fabriqu\u00e9es en France.","breadcrumb":{"@id":"https:\/\/madin.fr\/produit\/3x\/#breadcrumb"},"inLanguage":"de","potentialAction":[{"@type":"ReadAction","target":["https:\/\/madin.fr\/produit\/3x\/"]}]},{"@type":"ImageObject","inLanguage":"de","@id":"https:\/\/madin.fr\/produit\/3x\/#primaryimage","url":"https:\/\/madin.fr\/wp-content\/uploads\/2022\/06\/DSCF4299-Copier-e1656511658620.jpg","contentUrl":"https:\/\/madin.fr\/wp-content\/uploads\/2022\/06\/DSCF4299-Copier-e1656511658620.jpg","width":1044,"height":1044,"caption":"jante 3X Madin"},{"@type":"BreadcrumbList","@id":"https:\/\/madin.fr\/produit\/3x\/#breadcrumb","itemListElement":[{"@type":"ListItem","position":1,"name":"Accueil","item":"https:\/\/madin.fr\/"},{"@type":"ListItem","position":2,"name":"Produits","item":"https:\/\/madin.fr\/shop\/"},{"@type":"ListItem","position":3,"name":"3X"}]},{"@type":"WebSite","@id":"https:\/\/madin.fr\/#website","url":"https:\/\/madin.fr\/","name":"Mad In - Felgen nach Ma\u00df","description":"","publisher":{"@id":"https:\/\/madin.fr\/#organization"},"potentialAction":[{"@type":"SearchAction","target":{"@type":"EntryPoint","urlTemplate":"https:\/\/madin.fr\/?s={search_term_string}"},"query-input":{"@type":"PropertyValueSpecification","valueRequired":true,"valueName":"search_term_string"}}],"inLanguage":"de"},{"@type":"Organization","@id":"https:\/\/madin.fr\/#organization","name":"Mad In","url":"https:\/\/madin.fr\/","logo":{"@type":"ImageObject","inLanguage":"de","@id":"https:\/\/madin.fr\/#\/schema\/logo\/image\/","url":"https:\/\/madin.fr\/wp-content\/uploads\/2021\/09\/Madin-logo-carre-bis-bis-bis.png","contentUrl":"https:\/\/madin.fr\/wp-content\/uploads\/2021\/09\/Madin-logo-carre-bis-bis-bis.png","width":512,"height":507,"caption":"Mad In"},"image":{"@id":"https:\/\/madin.fr\/#\/schema\/logo\/image\/"},"sameAs":["https:\/\/www.facebook.com\/madin.wheels\/","https:\/\/www.instagram.com\/madinwheels\/"]}]}},"jetpack_sharing_enabled":true,"_links":{"self":[{"href":"https:\/\/madin.fr\/de\/wp-json\/wp\/v2\/product\/4477","targetHints":{"allow":["GET"]}}],"collection":[{"href":"https:\/\/madin.fr\/de\/wp-json\/wp\/v2\/product"}],"about":[{"href":"https:\/\/madin.fr\/de\/wp-json\/wp\/v2\/types\/product"}],"replies":[{"embeddable":true,"href":"https:\/\/madin.fr\/de\/wp-json\/wp\/v2\/comments?post=4477"}],"wp:featuredmedia":[{"embeddable":true,"href":"https:\/\/madin.fr\/de\/wp-json\/wp\/v2\/media\/4478"}],"wp:attachment":[{"href":"https:\/\/madin.fr\/de\/wp-json\/wp\/v2\/media?parent=4477"}],"wp:term":[{"taxonomy":"product_brand","embeddable":true,"href":"https:\/\/madin.fr\/de\/wp-json\/wp\/v2\/product_brand?post=4477"},{"taxonomy":"product_cat","embeddable":true,"href":"https:\/\/madin.fr\/de\/wp-json\/wp\/v2\/product_cat?post=4477"},{"taxonomy":"product_tag","embeddable":true,"href":"https:\/\/madin.fr\/de\/wp-json\/wp\/v2\/product_tag?post=4477"}],"curies":[{"name":"wp","href":"https:\/\/api.w.org\/{rel}","templated":true}]}}