{"id":63,"date":"2021-09-01T11:48:29","date_gmt":"2021-09-01T09:48:29","guid":{"rendered":"https:\/\/madinjantessurmesur.live-website.com\/produit\/hoodie-with-logo\/"},"modified":"2024-01-25T15:17:50","modified_gmt":"2024-01-25T14:17:50","slug":"jante-1c-13-14-pouces","status":"publish","type":"product","link":"https:\/\/madin.fr\/de\/produkt\/1c-13-zoll-felge\/","title":{"rendered":"1C Felge (13 &amp; 14 Zoll)"},"content":{"rendered":"<h4>Zus\u00e4tzliche Informationen \u00fcber diese Felge<\/h4>\n<p>Unsere 1C-Felge ist eine 13 Zoll 3-teilige Felge im Retro- und Vintage-Stil, die oft an historischen Rennfahrzeuge verbaut wird. Sie kann an den gleichen Fahrzeugen wie eine Gotti Felge (X13, R17, N\u00b07, A53), wie eine PLS 313, Monaco oder Imola Felge oder wie Elia oder Targa Felgen mit 3 L\u00f6cher, montiert werden.<\/p>\n<p>Lochkreisdurchmesser- und Montierungs- M\u00f6glichkeiten der Madin 1C Felge : 3\u00d7150 (Alpine A110, R8, R12, R17), 3\u00d7130 (Renault 5, R5 Turbo, R5 Alpine, R5 Calberson).<\/p>\n<p>Sie k\u00f6nnen Ihren Lochkreis <a href=\"https:\/\/madin.fr\/de\/wie-man-den-mittelrand-misst\/\">dank dieser Seite finden<\/a>.<\/p>\n<p>Weil die 2F Felge eine dreiteilige Felge ist, k\u00f6nnen wir die Einpresstiefe und die Breite der Felge genau an ihrem Fahrzeug anpassen !<\/p>\n<hr \/>\n<h4>Au\u00dfenbett, Innenbett und Zubeh\u00f6r<\/h4>\n<p>Sie k\u00f6nnen Felgenbetten f\u00fcr die 1C Felge <a href=\"https:\/\/madin.fr\/de\/produkt\/13-zoll-felgenbett\/\">auf dieser Seite finden<\/a>.<\/p>\n<p>Eine gro\u00dfe Auswahl an Zubeh\u00f6r (<a href=\"https:\/\/madin.fr\/de\/produkt\/felgen-ventile\/\">Ventile<\/a>, <a href=\"https:\/\/madin.fr\/de\/produkt\/schrauben-felgen\/\">Schrauben<\/a>, <a href=\"https:\/\/madin.fr\/de\/produkt\/mad-in-aufkleber\/\">Aufkleber<\/a>) k\u00f6nnen Sie <a href=\"https:\/\/madin.fr\/de\/online-shop\/zubehor-mehrteilige-felgen\/\">auf dieser Seite finden<\/a>.<\/p>\n<hr \/>\n<p><em>Auf den <strong>Bildern<\/strong> hier\u00fcber k\u00f6nnen Sie die 1C Felge auf folgende Fahrzeuge sehen : R8 Gordini, Alpine A110 Groupe 4 (Berlinette), R5 Alpine Turbo Groupe 2 (Typ Calberson), Buggy Buffalo, Proto Dauphine Queron, R8 S, Marcadier Barzoi, Alpine A110 Groupe 4, Fournier-Marcadier FM01 Einsitzer, R5 Alpine Gruppe 2, R12 Gordini.\u00a0<\/em><\/p>","protected":false},"excerpt":{"rendered":"<p style=\"text-align: justify;\">Die 1C ist eine <strong>leichte und robuste<\/strong> Felge, die f\u00fcr Fahrzeuge mit 13-Zoll-Ausstattung bestimmt ist. Es ist die erste Felge, die wir 1975 geschaffen haben!<\/p>\n<p style=\"text-align: justify;\">Historisch gesehen wurde die 1C Felge bei den Rallye-Erfolgen einiger Alpine A110 (Berlinette) verwendet ( <a href=\"https:\/\/www.youtube.com\/watch?v=29ykOiaGx3o\" target=\"_blank\" rel=\"noopener\">Link zum Video<\/a> )<\/p>\n<p style=\"text-align: justify;\">Diese stilvollen dreiteilige Felgen passen perfekt f\u00fcr Berlinette (A110), Alpine A310, R8 Gordini, R12, Renault Dauphine, R5 Turbo, Matra Djet oder sogar f\u00fcr Buggys.<\/p>\n<p style=\"text-align: justify;\">Et aussi tous les mod\u00e8les de v\u00e9hicules en 13\/14 pouces et avec un per\u00e7age en 3 trous.<\/p>\n<p style=\"text-align: justify;\">Brauchen Sie einen Lochkreis mit 4 L\u00f6cher ? Dann bieten wir Ihnen unsere <a href=\"https:\/\/madin.fr\/de\/produit\/jante-3c\/\">2F<\/a> oder <a href=\"https:\/\/madin.fr\/de\/produit\/jante-3c-13-pouces\/\">3C<\/a> !<\/p>\n<hr \/>\n<p><strong><u>Technische Daten<\/u> : <\/strong><\/p>\n<p style=\"text-align: justify;\"><em><strong>L\u00f6cher<\/strong> 3 L\u00f6cher | <strong>Lochkreis<\/strong> min. 130 max. 150 | <strong>Mittenlochdurchmesser<\/strong> min. 62 | <strong>ET<\/strong> : von ET -94 bis ET44 | <strong>Gewicht<\/strong> (Felgenstern) : 1,2kg<\/em><\/p>\n<p><em><strong>Verf\u00fcgbare Farben<\/strong> : wei\u00df, gelb, orange, rot, blau, leicht grau, anthrazitgrau, schwarz gl\u00e4nzend, schwarz matt und vintage gold.<\/em><\/p>\n<hr \/>\n<p><strong><u>Bestellungsprozess<\/u> : <\/strong><\/p>\n<p style=\"text-align: justify;\"><strong>Rufen Sie uns an : <a href=\"tel:+33385577588\"><strong>03.85.57.75.88<\/strong><\/a> oder <strong>schicken Sie uns eine Email (<a href=\"mailto:info@madin.fr\">info@madin.fr<\/a>)<\/strong>, wir werden Ihnen bei der Wahl der perfekten Felgen f\u00fcr Ihr Fahrzeug beraten (Farbe, Einpresstiefe, Bettbreiten usw.)<\/strong><\/p>\n<hr \/>\n<p style=\"text-align: justify;\"><strong>Der Preis ist von der Breite abh\u00e4ngig. <\/strong><\/p>\n<p style=\"text-align: center;\"><a class=\"maxbutton-1 maxbutton maxbutton-nous-contacter\" href=\"https:\/\/madin.fr\/de\/kontakt\/\"><span class='mb-text'>Kontakt<\/span><\/a><\/p>","protected":false},"featured_media":4585,"comment_status":"open","ping_status":"closed","template":"","meta":{"_monsterinsights_skip_tracking":false,"_monsterinsights_sitenote_active":false,"_monsterinsights_sitenote_note":"","_monsterinsights_sitenote_category":0,"neve_meta_sidebar":"","neve_meta_container":"","neve_meta_enable_content_width":"on","neve_meta_content_width":80,"neve_meta_title_alignment":"","neve_meta_author_avatar":"","neve_post_elements_order":"","neve_meta_disable_header":"","neve_meta_disable_footer":"","neve_meta_disable_title":"","_themeisle_gutenberg_block_has_review":false},"product_brand":[],"product_cat":[18],"product_tag":[],"class_list":{"0":"post-63","1":"product","2":"type-product","3":"status-publish","4":"has-post-thumbnail","6":"product_cat-jante","7":"product_shipping_class-jantes","9":"first","10":"instock","11":"taxable","12":"shipping-taxable","13":"product-type-simple"},"yoast_head":"<!-- This site is optimized with the Yoast SEO plugin v27.4 - https:\/\/yoast.com\/product\/yoast-seo-wordpress\/ -->\n<title>Mad In - Jante 1C (13 et 14 pouces) - Mad In - Jantes sur-mesure<\/title>\n<meta name=\"description\" content=\"Jante 13 et 14 pouces style vintage, historique pour v\u00e9hicules Alpine, R5, R8 Gordini, R12, Prototypes, Buggy etc. Toutes largeurs. Toutes couleurs.\" \/>\n<meta name=\"robots\" content=\"index, follow, max-snippet:-1, max-image-preview:large, max-video-preview:-1\" \/>\n<link rel=\"canonical\" href=\"https:\/\/madin.fr\/de\/produkt\/1c-13-zoll-felge\/\" \/>\n<meta property=\"og:locale\" content=\"de_DE\" \/>\n<meta property=\"og:type\" content=\"article\" \/>\n<meta property=\"og:title\" content=\"Mad In - Jante 1C (13 et 14 pouces) - Mad In - Jantes sur-mesure\" \/>\n<meta property=\"og:description\" content=\"Jante 13 et 14 pouces style vintage, historique pour v\u00e9hicules Alpine, R5, R8 Gordini, R12, Prototypes, Buggy etc. Toutes largeurs. Toutes couleurs.\" \/>\n<meta property=\"og:url\" content=\"https:\/\/madin.fr\/de\/produkt\/1c-13-zoll-felge\/\" \/>\n<meta property=\"og:site_name\" content=\"Mad In - Jantes sur-mesure\" \/>\n<meta property=\"article:publisher\" content=\"https:\/\/www.facebook.com\/madin.wheels\/\" \/>\n<meta property=\"article:modified_time\" content=\"2024-01-25T14:17:50+00:00\" \/>\n<meta property=\"og:image\" content=\"https:\/\/madin.fr\/wp-content\/uploads\/2021\/09\/1C_jaune-scaled.jpg\" \/>\n\t<meta property=\"og:image:width\" content=\"2560\" \/>\n\t<meta property=\"og:image:height\" content=\"1707\" \/>\n\t<meta property=\"og:image:type\" content=\"image\/jpeg\" \/>\n<meta name=\"twitter:card\" content=\"summary_large_image\" \/>\n<meta name=\"twitter:label1\" content=\"Gesch\u00e4tzte Lesezeit\" \/>\n\t<meta name=\"twitter:data1\" content=\"2\u00a0Minuten\" \/>\n<script type=\"application\/ld+json\" class=\"yoast-schema-graph\">{\"@context\":\"https:\\\/\\\/schema.org\",\"@graph\":[{\"@type\":\"WebPage\",\"@id\":\"https:\\\/\\\/madin.fr\\\/produit\\\/jante-1c-13-14-pouces\\\/\",\"url\":\"https:\\\/\\\/madin.fr\\\/produit\\\/jante-1c-13-14-pouces\\\/\",\"name\":\"Mad In - Jante 1C (13 et 14 pouces) - Mad In - Jantes sur-mesure\",\"isPartOf\":{\"@id\":\"https:\\\/\\\/madin.fr\\\/#website\"},\"primaryImageOfPage\":{\"@id\":\"https:\\\/\\\/madin.fr\\\/produit\\\/jante-1c-13-14-pouces\\\/#primaryimage\"},\"image\":{\"@id\":\"https:\\\/\\\/madin.fr\\\/produit\\\/jante-1c-13-14-pouces\\\/#primaryimage\"},\"thumbnailUrl\":\"https:\\\/\\\/madin.fr\\\/wp-content\\\/uploads\\\/2021\\\/09\\\/1C_jaune-scaled.jpg\",\"datePublished\":\"2021-09-01T09:48:29+00:00\",\"dateModified\":\"2024-01-25T14:17:50+00:00\",\"description\":\"Jante 13 et 14 pouces style vintage, historique pour v\u00e9hicules Alpine, R5, R8 Gordini, R12, Prototypes, Buggy etc. Toutes largeurs. Toutes couleurs.\",\"breadcrumb\":{\"@id\":\"https:\\\/\\\/madin.fr\\\/produit\\\/jante-1c-13-14-pouces\\\/#breadcrumb\"},\"inLanguage\":\"de\",\"potentialAction\":[{\"@type\":\"ReadAction\",\"target\":[\"https:\\\/\\\/madin.fr\\\/produit\\\/jante-1c-13-14-pouces\\\/\"]}]},{\"@type\":\"ImageObject\",\"inLanguage\":\"de\",\"@id\":\"https:\\\/\\\/madin.fr\\\/produit\\\/jante-1c-13-14-pouces\\\/#primaryimage\",\"url\":\"https:\\\/\\\/madin.fr\\\/wp-content\\\/uploads\\\/2021\\\/09\\\/1C_jaune-scaled.jpg\",\"contentUrl\":\"https:\\\/\\\/madin.fr\\\/wp-content\\\/uploads\\\/2021\\\/09\\\/1C_jaune-scaled.jpg\",\"width\":2560,\"height\":1707,\"caption\":\"Jantes historiques\"},{\"@type\":\"BreadcrumbList\",\"@id\":\"https:\\\/\\\/madin.fr\\\/produit\\\/jante-1c-13-14-pouces\\\/#breadcrumb\",\"itemListElement\":[{\"@type\":\"ListItem\",\"position\":1,\"name\":\"Accueil\",\"item\":\"https:\\\/\\\/madin.fr\\\/\"},{\"@type\":\"ListItem\",\"position\":2,\"name\":\"Produits\",\"item\":\"https:\\\/\\\/madin.fr\\\/shop\\\/\"},{\"@type\":\"ListItem\",\"position\":3,\"name\":\"Jante 1C (13 et 14 pouces)\"}]},{\"@type\":\"WebSite\",\"@id\":\"https:\\\/\\\/madin.fr\\\/#website\",\"url\":\"https:\\\/\\\/madin.fr\\\/\",\"name\":\"Mad In - Jantes sur-mesure\",\"description\":\"\",\"publisher\":{\"@id\":\"https:\\\/\\\/madin.fr\\\/#organization\"},\"potentialAction\":[{\"@type\":\"SearchAction\",\"target\":{\"@type\":\"EntryPoint\",\"urlTemplate\":\"https:\\\/\\\/madin.fr\\\/?s={search_term_string}\"},\"query-input\":{\"@type\":\"PropertyValueSpecification\",\"valueRequired\":true,\"valueName\":\"search_term_string\"}}],\"inLanguage\":\"de\"},{\"@type\":\"Organization\",\"@id\":\"https:\\\/\\\/madin.fr\\\/#organization\",\"name\":\"Mad In\",\"url\":\"https:\\\/\\\/madin.fr\\\/\",\"logo\":{\"@type\":\"ImageObject\",\"inLanguage\":\"de\",\"@id\":\"https:\\\/\\\/madin.fr\\\/#\\\/schema\\\/logo\\\/image\\\/\",\"url\":\"https:\\\/\\\/madin.fr\\\/wp-content\\\/uploads\\\/2021\\\/09\\\/Madin-logo-carre-bis-bis-bis.png\",\"contentUrl\":\"https:\\\/\\\/madin.fr\\\/wp-content\\\/uploads\\\/2021\\\/09\\\/Madin-logo-carre-bis-bis-bis.png\",\"width\":512,\"height\":507,\"caption\":\"Mad In\"},\"image\":{\"@id\":\"https:\\\/\\\/madin.fr\\\/#\\\/schema\\\/logo\\\/image\\\/\"},\"sameAs\":[\"https:\\\/\\\/www.facebook.com\\\/madin.wheels\\\/\",\"https:\\\/\\\/www.instagram.com\\\/madinwheels\\\/\"]}]}<\/script>\n<!-- \/ Yoast SEO plugin. -->","yoast_head_json":{"title":"Mad In - 1C Felgen (13 oder 14 Zoll) - Felgen nach Mass","description":"13 und 14 Zoll 3-teilige Felge mit einem Vintage Hauch, f\u00fcr Rennwagen, Oldtimer wie : Alpine, Renault 5, R8 Gordini, R12, Prototype usw. Alle Breiten, alle Farben.","robots":{"index":"index","follow":"follow","max-snippet":"max-snippet:-1","max-image-preview":"max-image-preview:large","max-video-preview":"max-video-preview:-1"},"canonical":"https:\/\/madin.fr\/de\/produkt\/1c-13-zoll-felge\/","og_locale":"de_DE","og_type":"article","og_title":"Mad In - Jante 1C (13 et 14 pouces) - Mad In - Jantes sur-mesure","og_description":"Jante 13 et 14 pouces style vintage, historique pour v\u00e9hicules Alpine, R5, R8 Gordini, R12, Prototypes, Buggy etc. Toutes largeurs. Toutes couleurs.","og_url":"https:\/\/madin.fr\/de\/produkt\/1c-13-zoll-felge\/","og_site_name":"Mad In - Jantes sur-mesure","article_publisher":"https:\/\/www.facebook.com\/madin.wheels\/","article_modified_time":"2024-01-25T14:17:50+00:00","og_image":[{"width":2560,"height":1707,"url":"https:\/\/madin.fr\/wp-content\/uploads\/2021\/09\/1C_jaune-scaled.jpg","type":"image\/jpeg"}],"twitter_card":"summary_large_image","twitter_misc":{"Gesch\u00e4tzte Lesezeit":"2\u00a0Minuten"},"schema":{"@context":"https:\/\/schema.org","@graph":[{"@type":"WebPage","@id":"https:\/\/madin.fr\/produit\/jante-1c-13-14-pouces\/","url":"https:\/\/madin.fr\/produit\/jante-1c-13-14-pouces\/","name":"Mad In - 1C Felgen (13 oder 14 Zoll) - Felgen nach Mass","isPartOf":{"@id":"https:\/\/madin.fr\/#website"},"primaryImageOfPage":{"@id":"https:\/\/madin.fr\/produit\/jante-1c-13-14-pouces\/#primaryimage"},"image":{"@id":"https:\/\/madin.fr\/produit\/jante-1c-13-14-pouces\/#primaryimage"},"thumbnailUrl":"https:\/\/madin.fr\/wp-content\/uploads\/2021\/09\/1C_jaune-scaled.jpg","datePublished":"2021-09-01T09:48:29+00:00","dateModified":"2024-01-25T14:17:50+00:00","description":"13 und 14 Zoll 3-teilige Felge mit einem Vintage Hauch, f\u00fcr Rennwagen, Oldtimer wie : Alpine, Renault 5, R8 Gordini, R12, Prototype usw. Alle Breiten, alle Farben.","breadcrumb":{"@id":"https:\/\/madin.fr\/produit\/jante-1c-13-14-pouces\/#breadcrumb"},"inLanguage":"de","potentialAction":[{"@type":"ReadAction","target":["https:\/\/madin.fr\/produit\/jante-1c-13-14-pouces\/"]}]},{"@type":"ImageObject","inLanguage":"de","@id":"https:\/\/madin.fr\/produit\/jante-1c-13-14-pouces\/#primaryimage","url":"https:\/\/madin.fr\/wp-content\/uploads\/2021\/09\/1C_jaune-scaled.jpg","contentUrl":"https:\/\/madin.fr\/wp-content\/uploads\/2021\/09\/1C_jaune-scaled.jpg","width":2560,"height":1707,"caption":"Jantes historiques"},{"@type":"BreadcrumbList","@id":"https:\/\/madin.fr\/produit\/jante-1c-13-14-pouces\/#breadcrumb","itemListElement":[{"@type":"ListItem","position":1,"name":"Accueil","item":"https:\/\/madin.fr\/"},{"@type":"ListItem","position":2,"name":"Produits","item":"https:\/\/madin.fr\/shop\/"},{"@type":"ListItem","position":3,"name":"Jante 1C (13 et 14 pouces)"}]},{"@type":"WebSite","@id":"https:\/\/madin.fr\/#website","url":"https:\/\/madin.fr\/","name":"Mad In - Felgen nach Ma\u00df","description":"","publisher":{"@id":"https:\/\/madin.fr\/#organization"},"potentialAction":[{"@type":"SearchAction","target":{"@type":"EntryPoint","urlTemplate":"https:\/\/madin.fr\/?s={search_term_string}"},"query-input":{"@type":"PropertyValueSpecification","valueRequired":true,"valueName":"search_term_string"}}],"inLanguage":"de"},{"@type":"Organization","@id":"https:\/\/madin.fr\/#organization","name":"Mad In","url":"https:\/\/madin.fr\/","logo":{"@type":"ImageObject","inLanguage":"de","@id":"https:\/\/madin.fr\/#\/schema\/logo\/image\/","url":"https:\/\/madin.fr\/wp-content\/uploads\/2021\/09\/Madin-logo-carre-bis-bis-bis.png","contentUrl":"https:\/\/madin.fr\/wp-content\/uploads\/2021\/09\/Madin-logo-carre-bis-bis-bis.png","width":512,"height":507,"caption":"Mad In"},"image":{"@id":"https:\/\/madin.fr\/#\/schema\/logo\/image\/"},"sameAs":["https:\/\/www.facebook.com\/madin.wheels\/","https:\/\/www.instagram.com\/madinwheels\/"]}]}},"jetpack_sharing_enabled":true,"_links":{"self":[{"href":"https:\/\/madin.fr\/de\/wp-json\/wp\/v2\/product\/63","targetHints":{"allow":["GET"]}}],"collection":[{"href":"https:\/\/madin.fr\/de\/wp-json\/wp\/v2\/product"}],"about":[{"href":"https:\/\/madin.fr\/de\/wp-json\/wp\/v2\/types\/product"}],"replies":[{"embeddable":true,"href":"https:\/\/madin.fr\/de\/wp-json\/wp\/v2\/comments?post=63"}],"wp:featuredmedia":[{"embeddable":true,"href":"https:\/\/madin.fr\/de\/wp-json\/wp\/v2\/media\/4585"}],"wp:attachment":[{"href":"https:\/\/madin.fr\/de\/wp-json\/wp\/v2\/media?parent=63"}],"wp:term":[{"taxonomy":"product_brand","embeddable":true,"href":"https:\/\/madin.fr\/de\/wp-json\/wp\/v2\/product_brand?post=63"},{"taxonomy":"product_cat","embeddable":true,"href":"https:\/\/madin.fr\/de\/wp-json\/wp\/v2\/product_cat?post=63"},{"taxonomy":"product_tag","embeddable":true,"href":"https:\/\/madin.fr\/de\/wp-json\/wp\/v2\/product_tag?post=63"}],"curies":[{"name":"wp","href":"https:\/\/api.w.org\/{rel}","templated":true}]}}