{"id":2443,"date":"2021-09-15T14:42:02","date_gmt":"2021-09-15T12:42:02","guid":{"rendered":"https:\/\/madinjantessurmesur.live-website.com\/?page_id=2443"},"modified":"2025-10-02T13:23:31","modified_gmt":"2025-10-02T11:23:31","slug":"schema-de-prise-de-cotes","status":"publish","type":"page","link":"https:\/\/madin.fr\/en\/wheels-measuring-diagram\/","title":{"rendered":"Measuring diagram"},"content":{"rendered":"<style>.wp-block-kadence-spacer.kt-block-spacer-2443_1f5da6-d0 .kt-block-spacer{height:100px;}.wp-block-kadence-spacer.kt-block-spacer-2443_1f5da6-d0 .kt-divider{border-top-width:1px;height:1px;width:80%;border-top-style:solid;}<\/style>\n<div class=\"wp-block-kadence-spacer aligncenter kt-block-spacer-2443_1f5da6-d0\"><div class=\"kt-block-spacer kt-block-spacer-halign-center\"><hr class=\"kt-divider\"\/><\/div><\/div>\n\n\n\n<p class=\"has-neve-link-color-color has-text-color has-link-color has-x-large-font-size wp-elements-88fb3ca2fa92bcbe95b326efc7b1eb53\"><strong>SCHEMA DE PRISE DE COTES<\/strong><\/p>\n\n\n<style>.wp-block-kadence-spacer.kt-block-spacer-2443_46eb0f-00 .kt-block-spacer{height:60px;}.wp-block-kadence-spacer.kt-block-spacer-2443_46eb0f-00 .kt-divider{border-top-width:1px;height:1px;width:80%;border-top-style:solid;}<\/style>\n<div class=\"wp-block-kadence-spacer aligncenter kt-block-spacer-2443_46eb0f-00\"><div class=\"kt-block-spacer kt-block-spacer-halign-center\"><hr class=\"kt-divider\"\/><\/div><\/div>\n\n\n\n<p>Afin que nous puissions \u00e9quiper votre v\u00e9hicule des jantes sur-mesure ad\u00e9quates, veuillez prendre connaissance de ce plan en coupe d&rsquo;un passage de roues et remplir le formulaire qui se trouve \u00e0 c\u00f4t\u00e9 de l&rsquo;image, puis cliquez sur \u00ab\u00a0Envoyer\u00a0\u00bb en bas du formulaire. <\/p>\n\n\n\n<p>Vous pouvez \u00e9galement t\u00e9l\u00e9charger ce formulaire avec ce sch\u00e9ma au format .pdf en suivant <a href=\"https:\/\/madin.fr\/wp-content\/uploads\/2023\/10\/Mad-In-schema-de-prise-de-cotes.pdf\" target=\"_blank\" rel=\"noreferrer noopener\">ce lien<\/a>.<\/p>\n\n\n\n<div class=\"wp-block-columns is-layout-flex wp-container-core-columns-is-layout-9d6595d7 wp-block-columns-is-layout-flex\">\n<div class=\"wp-block-column is-layout-flow wp-block-column-is-layout-flow\">\n<figure class=\"wp-block-image size-large\"><img fetchpriority=\"high\" decoding=\"async\" width=\"729\" height=\"1024\" src=\"https:\/\/madin.fr\/wp-content\/uploads\/2021\/12\/madin-schema-prise-de-cotes-729x1024.png\" alt=\"\" class=\"wp-image-4169\" srcset=\"https:\/\/madin.fr\/wp-content\/uploads\/2021\/12\/madin-schema-prise-de-cotes-729x1024.png 729w, https:\/\/madin.fr\/wp-content\/uploads\/2021\/12\/madin-schema-prise-de-cotes-214x300.png 214w, https:\/\/madin.fr\/wp-content\/uploads\/2021\/12\/madin-schema-prise-de-cotes-9x12.png 9w, https:\/\/madin.fr\/wp-content\/uploads\/2021\/12\/madin-schema-prise-de-cotes-600x843.png 600w, https:\/\/madin.fr\/wp-content\/uploads\/2021\/12\/madin-schema-prise-de-cotes.png 768w\" sizes=\"(max-width: 729px) 100vw, 729px\" \/><\/figure>\n<\/div>\n\n\n\n<div class=\"wp-block-column is-layout-flow wp-block-column-is-layout-flow\"><div class=\"wpforms-container wpforms-container-full wpforms-block wpforms-block-53da18b2-c40a-4855-9d99-e23da7d456fd\" id=\"wpforms-2446\"><form id=\"wpforms-form-2446\" class=\"wpforms-validate wpforms-form wpforms-ajax-form\" data-formid=\"2446\" method=\"post\" enctype=\"multipart\/form-data\" action=\"\/en\/wp-json\/wp\/v2\/pages\/2443\" data-token=\"a9a87d95a2dc641a4c5b715f12a86501\" data-token-time=\"1776168273\"><noscript class=\"wpforms-error-noscript\">Please enable JavaScript in your browser to complete this form.<\/noscript><div class=\"wpforms-field-container\"><div id=\"wpforms-2446-field_2-container\" class=\"wpforms-field wpforms-field-email\" data-field-id=\"2\"><label class=\"wpforms-field-label\" for=\"wpforms-2446-field_2\">E-mail <span class=\"wpforms-required-label\">*<\/span><\/label><input type=\"email\" id=\"wpforms-2446-field_2\" class=\"wpforms-field-medium wpforms-field-required\" name=\"wpforms[fields][2]\" spellcheck=\"false\" required><\/div><div id=\"wpforms-2446-field_3-container\" class=\"wpforms-field wpforms-field-text wpforms-one-half wpforms-first\" data-field-id=\"3\"><label class=\"wpforms-field-label\" for=\"wpforms-2446-field_3\">1. Jante AVANT &#8211; Espace ext\u00e9rieur <\/label><input type=\"text\" id=\"wpforms-2446-field_3\" class=\"wpforms-field-medium\" name=\"wpforms[fields][3]\" ><\/div><div id=\"wpforms-2446-field_4-container\" class=\"wpforms-field wpforms-field-text wpforms-one-half\" data-field-id=\"4\"><label class=\"wpforms-field-label\" for=\"wpforms-2446-field_4\">1. Jante ARRIERE- Espace ext\u00e9rieur<\/label><input type=\"text\" id=\"wpforms-2446-field_4\" class=\"wpforms-field-medium\" name=\"wpforms[fields][4]\" ><\/div><div id=\"wpforms-2446-field_5-container\" class=\"wpforms-field wpforms-field-text wpforms-one-half wpforms-first\" data-field-id=\"5\"><label class=\"wpforms-field-label\" for=\"wpforms-2446-field_5\">2. Jante AVANT &#8211; Espace int\u00e9rieur<\/label><input type=\"text\" id=\"wpforms-2446-field_5\" class=\"wpforms-field-medium\" name=\"wpforms[fields][5]\" ><\/div><div id=\"wpforms-2446-field_6-container\" class=\"wpforms-field wpforms-field-text wpforms-one-half\" data-field-id=\"6\"><label class=\"wpforms-field-label\" for=\"wpforms-2446-field_6\">2. Jante ARRIERE- Espace int\u00e9rieur<\/label><input type=\"text\" id=\"wpforms-2446-field_6\" class=\"wpforms-field-medium\" name=\"wpforms[fields][6]\" ><\/div><div id=\"wpforms-2446-field_7-container\" class=\"wpforms-field wpforms-field-text wpforms-one-half wpforms-first\" data-field-id=\"7\"><label class=\"wpforms-field-label\" for=\"wpforms-2446-field_7\">3. Jante AVANT &#8211; D\u00e9passement \u00e9trier<\/label><input type=\"text\" id=\"wpforms-2446-field_7\" class=\"wpforms-field-medium\" name=\"wpforms[fields][7]\" ><\/div><div id=\"wpforms-2446-field_8-container\" class=\"wpforms-field wpforms-field-text wpforms-one-half\" data-field-id=\"8\"><label class=\"wpforms-field-label\" for=\"wpforms-2446-field_8\">3. Jante ARRIERE &#8211; D\u00e9passement \u00e9trier<\/label><input type=\"text\" id=\"wpforms-2446-field_8\" class=\"wpforms-field-medium\" name=\"wpforms[fields][8]\" ><\/div><div id=\"wpforms-2446-field_9-container\" class=\"wpforms-field wpforms-field-text wpforms-one-half wpforms-first\" data-field-id=\"9\"><label class=\"wpforms-field-label\" for=\"wpforms-2446-field_9\">4. Jante AVANT &#8211; Hauteur \u00e9trier<\/label><input type=\"text\" id=\"wpforms-2446-field_9\" class=\"wpforms-field-medium\" name=\"wpforms[fields][9]\" ><\/div><div id=\"wpforms-2446-field_10-container\" class=\"wpforms-field wpforms-field-text wpforms-one-half\" data-field-id=\"10\"><label class=\"wpforms-field-label\" for=\"wpforms-2446-field_10\">4. Jante ARRIERE &#8211; Hauteur \u00e9trier<\/label><input type=\"text\" id=\"wpforms-2446-field_10\" class=\"wpforms-field-medium\" name=\"wpforms[fields][10]\" ><\/div><div id=\"wpforms-2446-field_11-container\" class=\"wpforms-field wpforms-field-text wpforms-one-half wpforms-first\" data-field-id=\"11\"><label class=\"wpforms-field-label\" for=\"wpforms-2446-field_11\">5. Jante AVANT &#8211; D\u00e9part \u00e9trier<\/label><input type=\"text\" id=\"wpforms-2446-field_11\" class=\"wpforms-field-medium\" name=\"wpforms[fields][11]\" ><\/div><div id=\"wpforms-2446-field_12-container\" class=\"wpforms-field wpforms-field-text wpforms-one-half\" data-field-id=\"12\"><label class=\"wpforms-field-label\" for=\"wpforms-2446-field_12\">5. Jante ARRIERE &#8211; D\u00e9part \u00e9trier<\/label><input type=\"text\" id=\"wpforms-2446-field_12\" class=\"wpforms-field-medium\" name=\"wpforms[fields][12]\" ><\/div><div id=\"wpforms-2446-field_13-container\" class=\"wpforms-field wpforms-field-text wpforms-one-half wpforms-first\" data-field-id=\"13\"><label class=\"wpforms-field-label\" for=\"wpforms-2446-field_13\">6. Jante AVANT &#8211; D\u00e9passement centreur<\/label><input type=\"text\" id=\"wpforms-2446-field_13\" class=\"wpforms-field-medium\" name=\"wpforms[fields][13]\" ><\/div><div id=\"wpforms-2446-field_14-container\" class=\"wpforms-field wpforms-field-text wpforms-one-half\" data-field-id=\"14\"><label class=\"wpforms-field-label\" for=\"wpforms-2446-field_14\">6. Jante ARRIERE &#8211; D\u00e9passement centreur <\/label><input type=\"text\" id=\"wpforms-2446-field_14\" class=\"wpforms-field-medium\" name=\"wpforms[fields][14]\" ><\/div><div id=\"wpforms-2446-field_15-container\" class=\"wpforms-field wpforms-field-text wpforms-one-half wpforms-first\" data-field-id=\"15\"><label class=\"wpforms-field-label\" for=\"wpforms-2446-field_15\">7. Jante AVANT &#8211; Diam\u00e8tre centreur<\/label><input type=\"text\" id=\"wpforms-2446-field_15\" class=\"wpforms-field-medium\" name=\"wpforms[fields][15]\" ><\/div><div id=\"wpforms-2446-field_16-container\" class=\"wpforms-field wpforms-field-text wpforms-one-half\" data-field-id=\"16\"><label class=\"wpforms-field-label\" for=\"wpforms-2446-field_16\">7. Jante ARRIERE &#8211; Diam\u00e8tre centreur<\/label><input type=\"text\" id=\"wpforms-2446-field_16\" class=\"wpforms-field-medium\" name=\"wpforms[fields][16]\" ><\/div><div id=\"wpforms-2446-field_18-container\" class=\"wpforms-field wpforms-field-textarea\" data-field-id=\"18\"><label class=\"wpforms-field-label\" for=\"wpforms-2446-field_18\">Avez-vous des pr\u00e9cisions ? des souhaits ?<\/label><textarea id=\"wpforms-2446-field_18\" class=\"wpforms-field-medium\" name=\"wpforms[fields][18]\" ><\/textarea><\/div><\/div><!-- .wpforms-field-container --><div class=\"wpforms-submit-container\" ><input type=\"hidden\" name=\"wpforms[id]\" value=\"2446\"><input type=\"hidden\" name=\"page_title\" value=\"\"><input type=\"hidden\" name=\"page_url\" value=\"https:\/\/madin.fr\/en\/wp-json\/wp\/v2\/pages\/2443\"><input type=\"hidden\" name=\"url_referer\" value=\"\"><button type=\"submit\" name=\"wpforms[submit]\" id=\"wpforms-submit-2446\" class=\"wpforms-submit\" data-alt-text=\"Envoi...\" data-submit-text=\"Envoyer\" aria-live=\"assertive\" value=\"wpforms-submit\">Envoyer<\/button><img decoding=\"async\" src=\"https:\/\/madin.fr\/wp-content\/plugins\/wpforms-lite\/assets\/images\/submit-spin.svg\" class=\"wpforms-submit-spinner\" style=\"display: none;\" width=\"26\" height=\"26\" alt=\"Loading\"><\/div><\/form><\/div>  <!-- .wpforms-container --><\/div>\n<\/div>\n","protected":false},"excerpt":{"rendered":"<p>SCHEMA DE PRISE DE COTES Afin que nous puissions \u00e9quiper votre v\u00e9hicule des jantes sur-mesure ad\u00e9quates, veuillez prendre connaissance de ce plan en coupe d&rsquo;un passage de roues et remplir le formulaire qui se trouve \u00e0 c\u00f4t\u00e9 de l&rsquo;image, puis cliquez sur \u00ab\u00a0Envoyer\u00a0\u00bb en bas du formulaire. Vous pouvez \u00e9galement t\u00e9l\u00e9charger ce formulaire avec ce&hellip;&nbsp;<a href=\"https:\/\/madin.fr\/en\/wheels-measuring-diagram\/\" rel=\"bookmark\">Read More &raquo;<span class=\"screen-reader-text\">Measuring diagram<\/span><\/a><\/p>","protected":false},"author":1,"featured_media":0,"parent":0,"menu_order":0,"comment_status":"closed","ping_status":"closed","template":"","meta":{"_monsterinsights_skip_tracking":false,"_monsterinsights_sitenote_active":false,"_monsterinsights_sitenote_note":"","_monsterinsights_sitenote_category":0,"neve_meta_sidebar":"","neve_meta_container":"","neve_meta_enable_content_width":"on","neve_meta_content_width":80,"neve_meta_title_alignment":"","neve_meta_author_avatar":"","neve_post_elements_order":"","neve_meta_disable_header":"","neve_meta_disable_footer":"","neve_meta_disable_title":"on","_themeisle_gutenberg_block_has_review":false,"footnotes":""},"class_list":["post-2443","page","type-page","status-publish","hentry"],"yoast_head":"<!-- This site is optimized with the Yoast SEO plugin v27.3 - https:\/\/yoast.com\/product\/yoast-seo-wordpress\/ -->\n<title>Sch\u00e9ma de prise de cotes - Mad In - Jantes sur-mesure<\/title>\n<meta name=\"description\" content=\"Cette page va vous aider \u00e0 d\u00e9terminer les largeurs de jantes et de voiles possibles sur votre v\u00e9hicule. Gr\u00e2ce \u00e0 une vue sch\u00e9matique d&#039;un passage de roue.\" \/>\n<meta name=\"robots\" content=\"index, follow, max-snippet:-1, max-image-preview:large, max-video-preview:-1\" \/>\n<link rel=\"canonical\" href=\"https:\/\/madin.fr\/en\/wheels-measuring-diagram\/\" \/>\n<meta property=\"og:locale\" content=\"en_GB\" \/>\n<meta property=\"og:type\" content=\"article\" \/>\n<meta property=\"og:title\" content=\"Sch\u00e9ma de prise de cotes - Mad In - Jantes sur-mesure\" \/>\n<meta property=\"og:description\" content=\"Cette page va vous aider \u00e0 d\u00e9terminer les largeurs de jantes et de voiles possibles sur votre v\u00e9hicule. Gr\u00e2ce \u00e0 une vue sch\u00e9matique d&#039;un passage de roue.\" \/>\n<meta property=\"og:url\" content=\"https:\/\/madin.fr\/en\/wheels-measuring-diagram\/\" \/>\n<meta property=\"og:site_name\" content=\"Mad In - Jantes sur-mesure\" \/>\n<meta property=\"article:publisher\" content=\"https:\/\/www.facebook.com\/madin.wheels\/\" \/>\n<meta property=\"article:modified_time\" content=\"2025-10-02T11:23:31+00:00\" \/>\n<meta property=\"og:image\" content=\"https:\/\/madin.fr\/wp-content\/uploads\/2021\/12\/madin-schema-prise-de-cotes.png\" \/>\n\t<meta property=\"og:image:width\" content=\"768\" \/>\n\t<meta property=\"og:image:height\" content=\"1079\" \/>\n\t<meta property=\"og:image:type\" content=\"image\/png\" \/>\n<meta name=\"twitter:card\" content=\"summary_large_image\" \/>\n<meta name=\"twitter:label1\" content=\"Estimated reading time\" \/>\n\t<meta name=\"twitter:data1\" content=\"1 minute\" \/>\n<script type=\"application\/ld+json\" class=\"yoast-schema-graph\">{\"@context\":\"https:\\\/\\\/schema.org\",\"@graph\":[{\"@type\":\"WebPage\",\"@id\":\"https:\\\/\\\/madin.fr\\\/schema-de-prise-de-cotes\\\/\",\"url\":\"https:\\\/\\\/madin.fr\\\/schema-de-prise-de-cotes\\\/\",\"name\":\"Sch\u00e9ma de prise de cotes - Mad In - Jantes sur-mesure\",\"isPartOf\":{\"@id\":\"https:\\\/\\\/madin.fr\\\/#website\"},\"primaryImageOfPage\":{\"@id\":\"https:\\\/\\\/madin.fr\\\/schema-de-prise-de-cotes\\\/#primaryimage\"},\"image\":{\"@id\":\"https:\\\/\\\/madin.fr\\\/schema-de-prise-de-cotes\\\/#primaryimage\"},\"thumbnailUrl\":\"https:\\\/\\\/madin.fr\\\/wp-content\\\/uploads\\\/2021\\\/12\\\/madin-schema-prise-de-cotes-729x1024.png\",\"datePublished\":\"2021-09-15T12:42:02+00:00\",\"dateModified\":\"2025-10-02T11:23:31+00:00\",\"description\":\"Cette page va vous aider \u00e0 d\u00e9terminer les largeurs de jantes et de voiles possibles sur votre v\u00e9hicule. Gr\u00e2ce \u00e0 une vue sch\u00e9matique d'un passage de roue.\",\"breadcrumb\":{\"@id\":\"https:\\\/\\\/madin.fr\\\/schema-de-prise-de-cotes\\\/#breadcrumb\"},\"inLanguage\":\"en-GB\",\"potentialAction\":[{\"@type\":\"ReadAction\",\"target\":[\"https:\\\/\\\/madin.fr\\\/schema-de-prise-de-cotes\\\/\"]}]},{\"@type\":\"ImageObject\",\"inLanguage\":\"en-GB\",\"@id\":\"https:\\\/\\\/madin.fr\\\/schema-de-prise-de-cotes\\\/#primaryimage\",\"url\":\"https:\\\/\\\/madin.fr\\\/wp-content\\\/uploads\\\/2021\\\/12\\\/madin-schema-prise-de-cotes-729x1024.png\",\"contentUrl\":\"https:\\\/\\\/madin.fr\\\/wp-content\\\/uploads\\\/2021\\\/12\\\/madin-schema-prise-de-cotes-729x1024.png\"},{\"@type\":\"BreadcrumbList\",\"@id\":\"https:\\\/\\\/madin.fr\\\/schema-de-prise-de-cotes\\\/#breadcrumb\",\"itemListElement\":[{\"@type\":\"ListItem\",\"position\":1,\"name\":\"Accueil\",\"item\":\"https:\\\/\\\/madin.fr\\\/\"},{\"@type\":\"ListItem\",\"position\":2,\"name\":\"Sch\u00e9ma de prise de cotes\"}]},{\"@type\":\"WebSite\",\"@id\":\"https:\\\/\\\/madin.fr\\\/#website\",\"url\":\"https:\\\/\\\/madin.fr\\\/\",\"name\":\"Mad In - Jantes sur-mesure\",\"description\":\"\",\"publisher\":{\"@id\":\"https:\\\/\\\/madin.fr\\\/#organization\"},\"potentialAction\":[{\"@type\":\"SearchAction\",\"target\":{\"@type\":\"EntryPoint\",\"urlTemplate\":\"https:\\\/\\\/madin.fr\\\/?s={search_term_string}\"},\"query-input\":{\"@type\":\"PropertyValueSpecification\",\"valueRequired\":true,\"valueName\":\"search_term_string\"}}],\"inLanguage\":\"en-GB\"},{\"@type\":\"Organization\",\"@id\":\"https:\\\/\\\/madin.fr\\\/#organization\",\"name\":\"Mad In\",\"url\":\"https:\\\/\\\/madin.fr\\\/\",\"logo\":{\"@type\":\"ImageObject\",\"inLanguage\":\"en-GB\",\"@id\":\"https:\\\/\\\/madin.fr\\\/#\\\/schema\\\/logo\\\/image\\\/\",\"url\":\"https:\\\/\\\/madin.fr\\\/wp-content\\\/uploads\\\/2021\\\/09\\\/Madin-logo-carre-bis-bis-bis.png\",\"contentUrl\":\"https:\\\/\\\/madin.fr\\\/wp-content\\\/uploads\\\/2021\\\/09\\\/Madin-logo-carre-bis-bis-bis.png\",\"width\":512,\"height\":507,\"caption\":\"Mad In\"},\"image\":{\"@id\":\"https:\\\/\\\/madin.fr\\\/#\\\/schema\\\/logo\\\/image\\\/\"},\"sameAs\":[\"https:\\\/\\\/www.facebook.com\\\/madin.wheels\\\/\",\"https:\\\/\\\/www.instagram.com\\\/madinwheels\\\/\"]}]}<\/script>\n<!-- \/ Yoast SEO plugin. -->","yoast_head_json":{"title":"Mad In - Measuring diagram for your wheels - Custom wheels. Made in France. Since 1975.","description":"Cette page va vous aider \u00e0 d\u00e9terminer les largeurs de jantes et de voiles possibles sur votre v\u00e9hicule. Gr\u00e2ce \u00e0 une vue sch\u00e9matique d'un passage de roue.","robots":{"index":"index","follow":"follow","max-snippet":"max-snippet:-1","max-image-preview":"max-image-preview:large","max-video-preview":"max-video-preview:-1"},"canonical":"https:\/\/madin.fr\/en\/wheels-measuring-diagram\/","og_locale":"en_GB","og_type":"article","og_title":"Sch\u00e9ma de prise de cotes - Mad In - Jantes sur-mesure","og_description":"Cette page va vous aider \u00e0 d\u00e9terminer les largeurs de jantes et de voiles possibles sur votre v\u00e9hicule. Gr\u00e2ce \u00e0 une vue sch\u00e9matique d'un passage de roue.","og_url":"https:\/\/madin.fr\/en\/wheels-measuring-diagram\/","og_site_name":"Mad In - Jantes sur-mesure","article_publisher":"https:\/\/www.facebook.com\/madin.wheels\/","article_modified_time":"2025-10-02T11:23:31+00:00","og_image":[{"width":768,"height":1079,"url":"https:\/\/madin.fr\/wp-content\/uploads\/2021\/12\/madin-schema-prise-de-cotes.png","type":"image\/png"}],"twitter_card":"summary_large_image","twitter_misc":{"Estimated reading time":"1 minute"},"schema":{"@context":"https:\/\/schema.org","@graph":[{"@type":"WebPage","@id":"https:\/\/madin.fr\/schema-de-prise-de-cotes\/","url":"https:\/\/madin.fr\/schema-de-prise-de-cotes\/","name":"Mad In - Measuring diagram for your wheels - Custom wheels. Made in France. Since 1975.","isPartOf":{"@id":"https:\/\/madin.fr\/#website"},"primaryImageOfPage":{"@id":"https:\/\/madin.fr\/schema-de-prise-de-cotes\/#primaryimage"},"image":{"@id":"https:\/\/madin.fr\/schema-de-prise-de-cotes\/#primaryimage"},"thumbnailUrl":"https:\/\/madin.fr\/wp-content\/uploads\/2021\/12\/madin-schema-prise-de-cotes-729x1024.png","datePublished":"2021-09-15T12:42:02+00:00","dateModified":"2025-10-02T11:23:31+00:00","description":"Cette page va vous aider \u00e0 d\u00e9terminer les largeurs de jantes et de voiles possibles sur votre v\u00e9hicule. Gr\u00e2ce \u00e0 une vue sch\u00e9matique d'un passage de roue.","breadcrumb":{"@id":"https:\/\/madin.fr\/schema-de-prise-de-cotes\/#breadcrumb"},"inLanguage":"en-GB","potentialAction":[{"@type":"ReadAction","target":["https:\/\/madin.fr\/schema-de-prise-de-cotes\/"]}]},{"@type":"ImageObject","inLanguage":"en-GB","@id":"https:\/\/madin.fr\/schema-de-prise-de-cotes\/#primaryimage","url":"https:\/\/madin.fr\/wp-content\/uploads\/2021\/12\/madin-schema-prise-de-cotes-729x1024.png","contentUrl":"https:\/\/madin.fr\/wp-content\/uploads\/2021\/12\/madin-schema-prise-de-cotes-729x1024.png"},{"@type":"BreadcrumbList","@id":"https:\/\/madin.fr\/schema-de-prise-de-cotes\/#breadcrumb","itemListElement":[{"@type":"ListItem","position":1,"name":"Accueil","item":"https:\/\/madin.fr\/"},{"@type":"ListItem","position":2,"name":"Sch\u00e9ma de prise de cotes"}]},{"@type":"WebSite","@id":"https:\/\/madin.fr\/#website","url":"https:\/\/madin.fr\/","name":"Mad In - Tailored wheels","description":"","publisher":{"@id":"https:\/\/madin.fr\/#organization"},"potentialAction":[{"@type":"SearchAction","target":{"@type":"EntryPoint","urlTemplate":"https:\/\/madin.fr\/?s={search_term_string}"},"query-input":{"@type":"PropertyValueSpecification","valueRequired":true,"valueName":"search_term_string"}}],"inLanguage":"en-GB"},{"@type":"Organization","@id":"https:\/\/madin.fr\/#organization","name":"Mad In","url":"https:\/\/madin.fr\/","logo":{"@type":"ImageObject","inLanguage":"en-GB","@id":"https:\/\/madin.fr\/#\/schema\/logo\/image\/","url":"https:\/\/madin.fr\/wp-content\/uploads\/2021\/09\/Madin-logo-carre-bis-bis-bis.png","contentUrl":"https:\/\/madin.fr\/wp-content\/uploads\/2021\/09\/Madin-logo-carre-bis-bis-bis.png","width":512,"height":507,"caption":"Mad In"},"image":{"@id":"https:\/\/madin.fr\/#\/schema\/logo\/image\/"},"sameAs":["https:\/\/www.facebook.com\/madin.wheels\/","https:\/\/www.instagram.com\/madinwheels\/"]}]}},"jetpack_sharing_enabled":true,"_links":{"self":[{"href":"https:\/\/madin.fr\/en\/wp-json\/wp\/v2\/pages\/2443","targetHints":{"allow":["GET"]}}],"collection":[{"href":"https:\/\/madin.fr\/en\/wp-json\/wp\/v2\/pages"}],"about":[{"href":"https:\/\/madin.fr\/en\/wp-json\/wp\/v2\/types\/page"}],"author":[{"embeddable":true,"href":"https:\/\/madin.fr\/en\/wp-json\/wp\/v2\/users\/1"}],"replies":[{"embeddable":true,"href":"https:\/\/madin.fr\/en\/wp-json\/wp\/v2\/comments?post=2443"}],"version-history":[{"count":13,"href":"https:\/\/madin.fr\/en\/wp-json\/wp\/v2\/pages\/2443\/revisions"}],"predecessor-version":[{"id":5252,"href":"https:\/\/madin.fr\/en\/wp-json\/wp\/v2\/pages\/2443\/revisions\/5252"}],"wp:attachment":[{"href":"https:\/\/madin.fr\/en\/wp-json\/wp\/v2\/media?parent=2443"}],"curies":[{"name":"wp","href":"https:\/\/api.w.org\/{rel}","templated":true}]}}