{"id":2459,"date":"2021-09-15T16:08:28","date_gmt":"2021-09-15T14:08:28","guid":{"rendered":"https:\/\/madinjantessurmesur.live-website.com\/?page_id=2459"},"modified":"2025-10-02T12:03:48","modified_gmt":"2025-10-02T10:03:48","slug":"largeur-des-jantes","status":"publish","type":"page","link":"https:\/\/madin.fr\/en\/wheels-widths\/","title":{"rendered":"Wheels' width"},"content":{"rendered":"<style>.wp-block-kadence-spacer.kt-block-spacer-2459_3c5103-80 .kt-block-spacer{height:100px;}.wp-block-kadence-spacer.kt-block-spacer-2459_3c5103-80 .kt-divider{border-top-width:1px;height:1px;width:80%;border-top-style:solid;}<\/style>\n<div class=\"wp-block-kadence-spacer aligncenter kt-block-spacer-2459_3c5103-80\"><div class=\"kt-block-spacer kt-block-spacer-halign-center\"><hr class=\"kt-divider\"\/><\/div><\/div>\n\n\n\n<p class=\"has-neve-link-color-color has-text-color has-link-color has-x-large-font-size wp-elements-76133bb7e3d0fed0a0dda581ede5b9e5\"><strong>Wheels' width<\/strong><\/p>\n\n\n<style>.wp-block-kadence-spacer.kt-block-spacer-2459_a356b3-18 .kt-block-spacer{height:60px;}.wp-block-kadence-spacer.kt-block-spacer-2459_a356b3-18 .kt-divider{border-top-width:1px;height:1px;width:80%;border-top-style:solid;}<\/style>\n<div class=\"wp-block-kadence-spacer aligncenter kt-block-spacer-2459_a356b3-18\"><div class=\"kt-block-spacer kt-block-spacer-halign-center\"><hr class=\"kt-divider\"\/><\/div><\/div>\n\n\n\n<p>On the image hereunder, you will find the matches between Mad In wheels' indicated widths (in inches) and the wheels' widths as measured on the wheel, in millimeters. <\/p>\n\n\n\n<p>Beware : As shown on the image, the \"L\" size includes the edges ! <\/p>\n\n\n\n<figure class=\"wp-block-image size-large\"><img fetchpriority=\"high\" decoding=\"async\" width=\"1024\" height=\"724\" src=\"https:\/\/madin.fr\/wp-content\/uploads\/2021\/09\/largeur-jante-complete-page-001-1024x724.jpg\" alt=\"Diagram about the width of our split rims. In inches and centimeters. \" class=\"wp-image-2460\" srcset=\"https:\/\/madin.fr\/wp-content\/uploads\/2021\/09\/largeur-jante-complete-page-001-1024x724.jpg 1024w, https:\/\/madin.fr\/wp-content\/uploads\/2021\/09\/largeur-jante-complete-page-001-scaled-600x424.jpg 600w, https:\/\/madin.fr\/wp-content\/uploads\/2021\/09\/largeur-jante-complete-page-001-300x212.jpg 300w, https:\/\/madin.fr\/wp-content\/uploads\/2021\/09\/largeur-jante-complete-page-001-768x543.jpg 768w, https:\/\/madin.fr\/wp-content\/uploads\/2021\/09\/largeur-jante-complete-page-001-1536x1086.jpg 1536w, https:\/\/madin.fr\/wp-content\/uploads\/2021\/09\/largeur-jante-complete-page-001-2048x1448.jpg 2048w, https:\/\/madin.fr\/wp-content\/uploads\/2021\/09\/largeur-jante-complete-page-001-1320x934.jpg 1320w\" sizes=\"(max-width: 1024px) 100vw, 1024px\" \/><\/figure>\n\n\n\n<p>On this diagram you can learn which wheel size it is possible to mount on your vehicle, or what is the size equivalence between centimeters and inches. <\/p>\n\n\n\n<p>If you have any doubt, please <a href=\"https:\/\/madin.fr\/en\/contact-us\/\">contact us<\/a>. <\/p>","protected":false},"excerpt":{"rendered":"<p>LARGEUR DES JANTES MAD IN Sur l&rsquo;image ci-dessous vous retrouverez les correspondances entre les largeur de jantes Mad In, indiqu\u00e9es en pouces, et la largeur mesur\u00e9e en millim\u00e8tres sur la jante. Veuillez noter que la largeur L inclut les bordures ! Sur ce sch\u00e9ma, vous apprendrez par exemple quelle largeur de jantes est possible sur&hellip;&nbsp;<a href=\"https:\/\/madin.fr\/en\/wheels-widths\/\" rel=\"bookmark\">Read More &raquo;<span class=\"screen-reader-text\">Wheels' width<\/span><\/a><\/p>","protected":false},"author":1,"featured_media":0,"parent":0,"menu_order":0,"comment_status":"closed","ping_status":"closed","template":"","meta":{"_monsterinsights_skip_tracking":false,"_monsterinsights_sitenote_active":false,"_monsterinsights_sitenote_note":"","_monsterinsights_sitenote_category":0,"neve_meta_sidebar":"","neve_meta_container":"","neve_meta_enable_content_width":"on","neve_meta_content_width":66,"neve_meta_title_alignment":"","neve_meta_author_avatar":"","neve_post_elements_order":"","neve_meta_disable_header":"","neve_meta_disable_footer":"","neve_meta_disable_title":"on","_themeisle_gutenberg_block_has_review":false,"footnotes":""},"class_list":["post-2459","page","type-page","status-publish","hentry"],"yoast_head":"<!-- This site is optimized with the Yoast SEO plugin v27.4 - https:\/\/yoast.com\/product\/yoast-seo-wordpress\/ -->\n<title>Largeur des jantes Mad In - Mad In - Jantes sur-mesure<\/title>\n<meta name=\"description\" content=\"Tout savoir sur les largeurs des jantes d\u00e9montables, 2 et 3 parties... Correspondance entre pouces et centim\u00e8tres, prise en compte ou non de la bordure.\" \/>\n<meta name=\"robots\" content=\"index, follow, max-snippet:-1, max-image-preview:large, max-video-preview:-1\" \/>\n<link rel=\"canonical\" href=\"https:\/\/madin.fr\/en\/wheels-widths\/\" \/>\n<meta property=\"og:locale\" content=\"en_GB\" \/>\n<meta property=\"og:type\" content=\"article\" \/>\n<meta property=\"og:title\" content=\"Largeur des jantes Mad In - Mad In - Jantes sur-mesure\" \/>\n<meta property=\"og:description\" content=\"Tout savoir sur les largeurs des jantes d\u00e9montables, 2 et 3 parties... Correspondance entre pouces et centim\u00e8tres, prise en compte ou non de la bordure.\" \/>\n<meta property=\"og:url\" content=\"https:\/\/madin.fr\/en\/wheels-widths\/\" \/>\n<meta property=\"og:site_name\" content=\"Mad In - Jantes sur-mesure\" \/>\n<meta property=\"article:publisher\" content=\"https:\/\/www.facebook.com\/madin.wheels\/\" \/>\n<meta property=\"article:modified_time\" content=\"2025-10-02T10:03:48+00:00\" \/>\n<meta property=\"og:image\" content=\"https:\/\/madin.fr\/wp-content\/uploads\/2021\/09\/largeur-jante-complete-page-001-scaled.jpg\" \/>\n\t<meta property=\"og:image:width\" content=\"2560\" \/>\n\t<meta property=\"og:image:height\" content=\"1811\" \/>\n\t<meta property=\"og:image:type\" content=\"image\/jpeg\" \/>\n<meta name=\"twitter:card\" content=\"summary_large_image\" \/>\n<meta name=\"twitter:label1\" content=\"Estimated reading time\" \/>\n\t<meta name=\"twitter:data1\" content=\"1 minute\" \/>\n<script type=\"application\/ld+json\" class=\"yoast-schema-graph\">{\"@context\":\"https:\\\/\\\/schema.org\",\"@graph\":[{\"@type\":\"WebPage\",\"@id\":\"https:\\\/\\\/madin.fr\\\/largeur-des-jantes\\\/\",\"url\":\"https:\\\/\\\/madin.fr\\\/largeur-des-jantes\\\/\",\"name\":\"Largeur des jantes Mad In - Mad In - Jantes sur-mesure\",\"isPartOf\":{\"@id\":\"https:\\\/\\\/madin.fr\\\/#website\"},\"primaryImageOfPage\":{\"@id\":\"https:\\\/\\\/madin.fr\\\/largeur-des-jantes\\\/#primaryimage\"},\"image\":{\"@id\":\"https:\\\/\\\/madin.fr\\\/largeur-des-jantes\\\/#primaryimage\"},\"thumbnailUrl\":\"https:\\\/\\\/madin.fr\\\/wp-content\\\/uploads\\\/2021\\\/09\\\/largeur-jante-complete-page-001-1024x724.jpg\",\"datePublished\":\"2021-09-15T14:08:28+00:00\",\"dateModified\":\"2025-10-02T10:03:48+00:00\",\"description\":\"Tout savoir sur les largeurs des jantes d\u00e9montables, 2 et 3 parties... Correspondance entre pouces et centim\u00e8tres, prise en compte ou non de la bordure.\",\"breadcrumb\":{\"@id\":\"https:\\\/\\\/madin.fr\\\/largeur-des-jantes\\\/#breadcrumb\"},\"inLanguage\":\"en-GB\",\"potentialAction\":[{\"@type\":\"ReadAction\",\"target\":[\"https:\\\/\\\/madin.fr\\\/largeur-des-jantes\\\/\"]}]},{\"@type\":\"ImageObject\",\"inLanguage\":\"en-GB\",\"@id\":\"https:\\\/\\\/madin.fr\\\/largeur-des-jantes\\\/#primaryimage\",\"url\":\"https:\\\/\\\/madin.fr\\\/wp-content\\\/uploads\\\/2021\\\/09\\\/largeur-jante-complete-page-001-1024x724.jpg\",\"contentUrl\":\"https:\\\/\\\/madin.fr\\\/wp-content\\\/uploads\\\/2021\\\/09\\\/largeur-jante-complete-page-001-1024x724.jpg\"},{\"@type\":\"BreadcrumbList\",\"@id\":\"https:\\\/\\\/madin.fr\\\/largeur-des-jantes\\\/#breadcrumb\",\"itemListElement\":[{\"@type\":\"ListItem\",\"position\":1,\"name\":\"Accueil\",\"item\":\"https:\\\/\\\/madin.fr\\\/\"},{\"@type\":\"ListItem\",\"position\":2,\"name\":\"Largeur des jantes Mad In\"}]},{\"@type\":\"WebSite\",\"@id\":\"https:\\\/\\\/madin.fr\\\/#website\",\"url\":\"https:\\\/\\\/madin.fr\\\/\",\"name\":\"Mad In - Jantes sur-mesure\",\"description\":\"\",\"publisher\":{\"@id\":\"https:\\\/\\\/madin.fr\\\/#organization\"},\"potentialAction\":[{\"@type\":\"SearchAction\",\"target\":{\"@type\":\"EntryPoint\",\"urlTemplate\":\"https:\\\/\\\/madin.fr\\\/?s={search_term_string}\"},\"query-input\":{\"@type\":\"PropertyValueSpecification\",\"valueRequired\":true,\"valueName\":\"search_term_string\"}}],\"inLanguage\":\"en-GB\"},{\"@type\":\"Organization\",\"@id\":\"https:\\\/\\\/madin.fr\\\/#organization\",\"name\":\"Mad In\",\"url\":\"https:\\\/\\\/madin.fr\\\/\",\"logo\":{\"@type\":\"ImageObject\",\"inLanguage\":\"en-GB\",\"@id\":\"https:\\\/\\\/madin.fr\\\/#\\\/schema\\\/logo\\\/image\\\/\",\"url\":\"https:\\\/\\\/madin.fr\\\/wp-content\\\/uploads\\\/2021\\\/09\\\/Madin-logo-carre-bis-bis-bis.png\",\"contentUrl\":\"https:\\\/\\\/madin.fr\\\/wp-content\\\/uploads\\\/2021\\\/09\\\/Madin-logo-carre-bis-bis-bis.png\",\"width\":512,\"height\":507,\"caption\":\"Mad In\"},\"image\":{\"@id\":\"https:\\\/\\\/madin.fr\\\/#\\\/schema\\\/logo\\\/image\\\/\"},\"sameAs\":[\"https:\\\/\\\/www.facebook.com\\\/madin.wheels\\\/\",\"https:\\\/\\\/www.instagram.com\\\/madinwheels\\\/\"]}]}<\/script>\n<!-- \/ Yoast SEO plugin. -->","yoast_head_json":{"title":"Wheel width - Mad In - Custom wheels","description":"On the image hereunder, you will find the matches between Mad In wheels' indicated widths (in inches) and the wheels' widths as measured on the wheel, in millimeters.","robots":{"index":"index","follow":"follow","max-snippet":"max-snippet:-1","max-image-preview":"max-image-preview:large","max-video-preview":"max-video-preview:-1"},"canonical":"https:\/\/madin.fr\/en\/wheels-widths\/","og_locale":"en_GB","og_type":"article","og_title":"Largeur des jantes Mad In - Mad In - Jantes sur-mesure","og_description":"Tout savoir sur les largeurs des jantes d\u00e9montables, 2 et 3 parties... Correspondance entre pouces et centim\u00e8tres, prise en compte ou non de la bordure.","og_url":"https:\/\/madin.fr\/en\/wheels-widths\/","og_site_name":"Mad In - Jantes sur-mesure","article_publisher":"https:\/\/www.facebook.com\/madin.wheels\/","article_modified_time":"2025-10-02T10:03:48+00:00","og_image":[{"width":2560,"height":1811,"url":"https:\/\/madin.fr\/wp-content\/uploads\/2021\/09\/largeur-jante-complete-page-001-scaled.jpg","type":"image\/jpeg"}],"twitter_card":"summary_large_image","twitter_misc":{"Estimated reading time":"1 minute"},"schema":{"@context":"https:\/\/schema.org","@graph":[{"@type":"WebPage","@id":"https:\/\/madin.fr\/largeur-des-jantes\/","url":"https:\/\/madin.fr\/largeur-des-jantes\/","name":"Wheel width - Mad In - Custom wheels","isPartOf":{"@id":"https:\/\/madin.fr\/#website"},"primaryImageOfPage":{"@id":"https:\/\/madin.fr\/largeur-des-jantes\/#primaryimage"},"image":{"@id":"https:\/\/madin.fr\/largeur-des-jantes\/#primaryimage"},"thumbnailUrl":"https:\/\/madin.fr\/wp-content\/uploads\/2021\/09\/largeur-jante-complete-page-001-1024x724.jpg","datePublished":"2021-09-15T14:08:28+00:00","dateModified":"2025-10-02T10:03:48+00:00","description":"On the image hereunder, you will find the matches between Mad In wheels' indicated widths (in inches) and the wheels' widths as measured on the wheel, in millimeters.","breadcrumb":{"@id":"https:\/\/madin.fr\/largeur-des-jantes\/#breadcrumb"},"inLanguage":"en-GB","potentialAction":[{"@type":"ReadAction","target":["https:\/\/madin.fr\/largeur-des-jantes\/"]}]},{"@type":"ImageObject","inLanguage":"en-GB","@id":"https:\/\/madin.fr\/largeur-des-jantes\/#primaryimage","url":"https:\/\/madin.fr\/wp-content\/uploads\/2021\/09\/largeur-jante-complete-page-001-1024x724.jpg","contentUrl":"https:\/\/madin.fr\/wp-content\/uploads\/2021\/09\/largeur-jante-complete-page-001-1024x724.jpg"},{"@type":"BreadcrumbList","@id":"https:\/\/madin.fr\/largeur-des-jantes\/#breadcrumb","itemListElement":[{"@type":"ListItem","position":1,"name":"Accueil","item":"https:\/\/madin.fr\/"},{"@type":"ListItem","position":2,"name":"Largeur des jantes Mad In"}]},{"@type":"WebSite","@id":"https:\/\/madin.fr\/#website","url":"https:\/\/madin.fr\/","name":"Mad In - Tailored wheels","description":"","publisher":{"@id":"https:\/\/madin.fr\/#organization"},"potentialAction":[{"@type":"SearchAction","target":{"@type":"EntryPoint","urlTemplate":"https:\/\/madin.fr\/?s={search_term_string}"},"query-input":{"@type":"PropertyValueSpecification","valueRequired":true,"valueName":"search_term_string"}}],"inLanguage":"en-GB"},{"@type":"Organization","@id":"https:\/\/madin.fr\/#organization","name":"Mad In","url":"https:\/\/madin.fr\/","logo":{"@type":"ImageObject","inLanguage":"en-GB","@id":"https:\/\/madin.fr\/#\/schema\/logo\/image\/","url":"https:\/\/madin.fr\/wp-content\/uploads\/2021\/09\/Madin-logo-carre-bis-bis-bis.png","contentUrl":"https:\/\/madin.fr\/wp-content\/uploads\/2021\/09\/Madin-logo-carre-bis-bis-bis.png","width":512,"height":507,"caption":"Mad In"},"image":{"@id":"https:\/\/madin.fr\/#\/schema\/logo\/image\/"},"sameAs":["https:\/\/www.facebook.com\/madin.wheels\/","https:\/\/www.instagram.com\/madinwheels\/"]}]}},"jetpack_sharing_enabled":true,"_links":{"self":[{"href":"https:\/\/madin.fr\/en\/wp-json\/wp\/v2\/pages\/2459","targetHints":{"allow":["GET"]}}],"collection":[{"href":"https:\/\/madin.fr\/en\/wp-json\/wp\/v2\/pages"}],"about":[{"href":"https:\/\/madin.fr\/en\/wp-json\/wp\/v2\/types\/page"}],"author":[{"embeddable":true,"href":"https:\/\/madin.fr\/en\/wp-json\/wp\/v2\/users\/1"}],"replies":[{"embeddable":true,"href":"https:\/\/madin.fr\/en\/wp-json\/wp\/v2\/comments?post=2459"}],"version-history":[{"count":6,"href":"https:\/\/madin.fr\/en\/wp-json\/wp\/v2\/pages\/2459\/revisions"}],"predecessor-version":[{"id":5243,"href":"https:\/\/madin.fr\/en\/wp-json\/wp\/v2\/pages\/2459\/revisions\/5243"}],"wp:attachment":[{"href":"https:\/\/madin.fr\/en\/wp-json\/wp\/v2\/media?parent=2459"}],"curies":[{"name":"wp","href":"https:\/\/api.w.org\/{rel}","templated":true}]}}