{"id":2559,"date":"2021-09-17T14:21:03","date_gmt":"2021-09-17T12:21:03","guid":{"rendered":"https:\/\/madinjantessurmesur.live-website.com\/?page_id=2559"},"modified":"2025-10-02T10:16:54","modified_gmt":"2025-10-02T08:16:54","slug":"les-avantages","status":"publish","type":"page","link":"https:\/\/madin.fr\/en\/threepiece-wheels\/benefits-of-split-rims\/","title":{"rendered":"Benefits of 3-piece wheels"},"content":{"rendered":"<style>.wp-block-kadence-spacer.kt-block-spacer-2559_acfbf1-59 .kt-block-spacer{height:100px;}.wp-block-kadence-spacer.kt-block-spacer-2559_acfbf1-59 .kt-divider{border-top-width:1px;height:1px;width:80%;border-top-style:solid;}<\/style>\n<div class=\"wp-block-kadence-spacer aligncenter kt-block-spacer-2559_acfbf1-59\"><div class=\"kt-block-spacer kt-block-spacer-halign-center\"><hr class=\"kt-divider\"\/><\/div><\/div>\n\n\n\n<p class=\"has-neve-link-color-color has-text-color has-link-color has-x-large-font-size wp-elements-430556b0c4d61ad463d4dd6984f47e52\"><strong>BENEFITS OF 3-PIECE WHEELS<\/strong><\/p>\n\n\n<style>.wp-block-kadence-spacer.kt-block-spacer-2559_3d8200-00 .kt-block-spacer{height:60px;}.wp-block-kadence-spacer.kt-block-spacer-2559_3d8200-00 .kt-divider{border-top-width:1px;height:1px;border-top-color:#eee;width:80%;border-top-style:solid;}<\/style>\n<div class=\"wp-block-kadence-spacer aligncenter kt-block-spacer-2559_3d8200-00\"><div class=\"kt-block-spacer kt-block-spacer-halign-center\"><hr class=\"kt-divider\"\/><\/div><\/div>\n\n\n<p align=\"justify\"><strong>You don't know whether you should get one piece or three piece wheels ?<\/strong><br \/><strong>Believe us, it's worth to invest in 3-piece wheels !<\/strong><br \/><strong>Three piece wheels have a lot of advantages. Here are some :&nbsp;<\/strong><\/p>\n\n\n<h3 class=\"wp-block-heading\"><strong>Lightweight and performance<\/strong><\/h3>\n\n\n<p align=\"justify\">Thanks to their lower weight, 3-piece wheels make your car more performing. Due to our specific metal spinning process <a href=\"https:\/\/madin.fr\/en\/wheels-know-how\/engineering\/\">we use<\/a> for our lips and barrels, our three piece wheels are lighter than one piece wheels. What's more, the resistance value <strong>a high resistance degree<\/strong> is also higher.<\/p>\n<p align=\"justify\"><strong>Weight has an impact on acceleration, braking and <a href=\"https:\/\/madin.fr\/en\/how-to-consume-less-of-fuel\/\">fuel consumption<\/a><\/strong>. Unsprung mass on the vehicle, such as the wheels have an even stronger impact on those. 1 pound of unsprung mass removed equals 10 pounds of sprung mass (car body, seats, cockpit)! Hence, if you want your car to reach better performance, one of the best strategies is to lighten unsprung masses!<\/p>\n<p align=\"justify\"><em>Let's take for <strong>example<\/strong> the owner of a Clio 16S that would like to make his car more performant. Originally, the Clio 16S is equiped with Speedline wheels, weighting 15,5 pounds each. If he replace them with <a href=\"https:\/\/madin.fr\/en\/product\/15c-light-15-inch-wheel\/\" data-type=\"product\" data-id=\"1916\">Mad in 15C Light<\/a>wheels, he will save 4.40 pounds per wheel, so 17.60 pounds for 4 wheels. <strong>This equals to as much as 236 pounds of sprung masses<\/strong> stripped away from your car !&nbsp;&nbsp;<\/em><\/p>\n\n\n<h3 class=\"wp-block-heading\"><strong>Flexibility<\/strong><\/h3>\n\n\n<p align=\"justify\">Composed of 3 parts screwed together, 3-piece wheels give you an unmatched flexiblity. If you want to <strong>broaden<\/strong> your wheel arches or simply mount <strong>broader tyres<\/strong>, you will only have to change the outer lip of your wheel for a broader one and you'll be able keep your wheel centre.<\/p>\n\n\n<h3 class=\"wp-block-heading\"><strong>Customization<\/strong><\/h3>\n\n\n<p align=\"justify\">One piece wheels can't be tailored to each car's\n specific needs : youbuy a given size and width, that's all. Three piece wheels give you the opportunity to refine <a href=\"https:\/\/madin.fr\/en\/threepiece-wheels\/wheels-offset-et\/\"><strong>poke and backspace<\/strong><\/a>, the <strong>width<\/strong> of the <a href=\"https:\/\/madin.fr\/en\/threepiece-wheels\/lips-barrels\/\">wheel's barrel and lip<\/a>, or even the space around <strong>brake calipers<\/strong> , all this without any wheel spacer. You can also choose whether you want the assembly screw to be hidden or visible.<\/p>\n\n\n<h3 class=\"wp-block-heading\"><strong>Durability<\/strong><\/h3>\n\n\n<p align=\"justify\">No luck ! Did you bump into the sidewalk ? Did your lifelong enemy just scratched your shiny rim ? If you have a one piece wheel, all that's left, is to cry and order a new wheel. But if you had a 3 piece wheel, you'd only have to <a href=\"https:\/\/madin.fr\/en\/voiles\/\">replace the wheel lip<\/a> and your wheels would look brand new.<\/p>","protected":false},"excerpt":{"rendered":"<p>LES AVANTAGES DES JANTES DEMONTABLES Vous ne savez pas si vous devez acheter des jantes d\u00e9montables ou monobloc ?Croyez-nous, investir dans des jantes 3 parties vaut le coup !Les avantages des jantes d\u00e9montables sont nombreux. En voici quelques-uns.&nbsp; L\u00e9g\u00e8ret\u00e9 et performance La l\u00e9g\u00e8ret\u00e9 des jantes d\u00e9montables rendent votre v\u00e9hicule plus performant. Gr\u00e2ce au proc\u00e9d\u00e9 de&hellip;&nbsp;<a href=\"https:\/\/madin.fr\/en\/threepiece-wheels\/benefits-of-split-rims\/\" rel=\"bookmark\">Read More &raquo;<span class=\"screen-reader-text\">Benefits of 3-piece wheels<\/span><\/a><\/p>","protected":false},"author":1,"featured_media":0,"parent":2551,"menu_order":0,"comment_status":"closed","ping_status":"closed","template":"","meta":{"_monsterinsights_skip_tracking":false,"_monsterinsights_sitenote_active":false,"_monsterinsights_sitenote_note":"","_monsterinsights_sitenote_category":0,"neve_meta_sidebar":"","neve_meta_container":"","neve_meta_enable_content_width":"on","neve_meta_content_width":66,"neve_meta_title_alignment":"","neve_meta_author_avatar":"","neve_post_elements_order":"","neve_meta_disable_header":"","neve_meta_disable_footer":"","neve_meta_disable_title":"on","_themeisle_gutenberg_block_has_review":false,"footnotes":""},"class_list":["post-2559","page","type-page","status-publish","hentry"],"yoast_head":"<!-- This site is optimized with the Yoast SEO plugin v27.4 - https:\/\/yoast.com\/product\/yoast-seo-wordpress\/ -->\n<title>Les avantages des jantes d\u00e9montables - Mad In - Jantes sur-mesure<\/title>\n<meta name=\"description\" content=\"Les jantes d\u00e9montables pr\u00e9sentent de nombreux avantages : l\u00e9g\u00e8ret\u00e9, performance, flexibilit\u00e9, long\u00e9vit\u00e9. Apprenez-en plus avec Mad In.\" \/>\n<meta name=\"robots\" content=\"index, follow, max-snippet:-1, max-image-preview:large, max-video-preview:-1\" \/>\n<link rel=\"canonical\" href=\"https:\/\/madin.fr\/en\/threepiece-wheels\/benefits-of-split-rims\/\" \/>\n<meta property=\"og:locale\" content=\"en_GB\" \/>\n<meta property=\"og:type\" content=\"article\" \/>\n<meta property=\"og:title\" content=\"Les avantages des jantes d\u00e9montables - Mad In - Jantes sur-mesure\" \/>\n<meta property=\"og:description\" content=\"Les jantes d\u00e9montables pr\u00e9sentent de nombreux avantages : l\u00e9g\u00e8ret\u00e9, performance, flexibilit\u00e9, long\u00e9vit\u00e9. Apprenez-en plus avec Mad In.\" \/>\n<meta property=\"og:url\" content=\"https:\/\/madin.fr\/en\/threepiece-wheels\/benefits-of-split-rims\/\" \/>\n<meta property=\"og:site_name\" content=\"Mad In - Jantes sur-mesure\" \/>\n<meta property=\"article:publisher\" content=\"https:\/\/www.facebook.com\/madin.wheels\/\" \/>\n<meta property=\"article:modified_time\" content=\"2025-10-02T08:16:54+00:00\" \/>\n<meta name=\"twitter:card\" content=\"summary_large_image\" \/>\n<meta name=\"twitter:label1\" content=\"Estimated reading time\" \/>\n\t<meta name=\"twitter:data1\" content=\"2 minutes\" \/>\n<script type=\"application\/ld+json\" class=\"yoast-schema-graph\">{\"@context\":\"https:\\\/\\\/schema.org\",\"@graph\":[{\"@type\":\"WebPage\",\"@id\":\"https:\\\/\\\/madin.fr\\\/la-jante-demontable\\\/les-avantages\\\/\",\"url\":\"https:\\\/\\\/madin.fr\\\/la-jante-demontable\\\/les-avantages\\\/\",\"name\":\"Les avantages des jantes d\u00e9montables - Mad In - Jantes sur-mesure\",\"isPartOf\":{\"@id\":\"https:\\\/\\\/madin.fr\\\/#website\"},\"datePublished\":\"2021-09-17T12:21:03+00:00\",\"dateModified\":\"2025-10-02T08:16:54+00:00\",\"description\":\"Les jantes d\u00e9montables pr\u00e9sentent de nombreux avantages : l\u00e9g\u00e8ret\u00e9, performance, flexibilit\u00e9, long\u00e9vit\u00e9. Apprenez-en plus avec Mad In.\",\"breadcrumb\":{\"@id\":\"https:\\\/\\\/madin.fr\\\/la-jante-demontable\\\/les-avantages\\\/#breadcrumb\"},\"inLanguage\":\"en-GB\",\"potentialAction\":[{\"@type\":\"ReadAction\",\"target\":[\"https:\\\/\\\/madin.fr\\\/la-jante-demontable\\\/les-avantages\\\/\"]}]},{\"@type\":\"BreadcrumbList\",\"@id\":\"https:\\\/\\\/madin.fr\\\/la-jante-demontable\\\/les-avantages\\\/#breadcrumb\",\"itemListElement\":[{\"@type\":\"ListItem\",\"position\":1,\"name\":\"Accueil\",\"item\":\"https:\\\/\\\/madin.fr\\\/\"},{\"@type\":\"ListItem\",\"position\":2,\"name\":\"La jante d\u00e9montable\",\"item\":\"https:\\\/\\\/madin.fr\\\/la-jante-demontable\\\/\"},{\"@type\":\"ListItem\",\"position\":3,\"name\":\"Les avantages des jantes d\u00e9montables\"}]},{\"@type\":\"WebSite\",\"@id\":\"https:\\\/\\\/madin.fr\\\/#website\",\"url\":\"https:\\\/\\\/madin.fr\\\/\",\"name\":\"Mad In - Jantes sur-mesure\",\"description\":\"\",\"publisher\":{\"@id\":\"https:\\\/\\\/madin.fr\\\/#organization\"},\"potentialAction\":[{\"@type\":\"SearchAction\",\"target\":{\"@type\":\"EntryPoint\",\"urlTemplate\":\"https:\\\/\\\/madin.fr\\\/?s={search_term_string}\"},\"query-input\":{\"@type\":\"PropertyValueSpecification\",\"valueRequired\":true,\"valueName\":\"search_term_string\"}}],\"inLanguage\":\"en-GB\"},{\"@type\":\"Organization\",\"@id\":\"https:\\\/\\\/madin.fr\\\/#organization\",\"name\":\"Mad In\",\"url\":\"https:\\\/\\\/madin.fr\\\/\",\"logo\":{\"@type\":\"ImageObject\",\"inLanguage\":\"en-GB\",\"@id\":\"https:\\\/\\\/madin.fr\\\/#\\\/schema\\\/logo\\\/image\\\/\",\"url\":\"https:\\\/\\\/madin.fr\\\/wp-content\\\/uploads\\\/2021\\\/09\\\/Madin-logo-carre-bis-bis-bis.png\",\"contentUrl\":\"https:\\\/\\\/madin.fr\\\/wp-content\\\/uploads\\\/2021\\\/09\\\/Madin-logo-carre-bis-bis-bis.png\",\"width\":512,\"height\":507,\"caption\":\"Mad In\"},\"image\":{\"@id\":\"https:\\\/\\\/madin.fr\\\/#\\\/schema\\\/logo\\\/image\\\/\"},\"sameAs\":[\"https:\\\/\\\/www.facebook.com\\\/madin.wheels\\\/\",\"https:\\\/\\\/www.instagram.com\\\/madinwheels\\\/\"]}]}<\/script>\n<!-- \/ Yoast SEO plugin. -->","yoast_head_json":{"title":"Mad In - Benefits of split rims - Custom wheels","description":"Split rims have many benefits : lightweight, performance, flexibility, customization, durability.  Wheels Made in France. Since 1975.","robots":{"index":"index","follow":"follow","max-snippet":"max-snippet:-1","max-image-preview":"max-image-preview:large","max-video-preview":"max-video-preview:-1"},"canonical":"https:\/\/madin.fr\/en\/threepiece-wheels\/benefits-of-split-rims\/","og_locale":"en_GB","og_type":"article","og_title":"Les avantages des jantes d\u00e9montables - Mad In - Jantes sur-mesure","og_description":"Les jantes d\u00e9montables pr\u00e9sentent de nombreux avantages : l\u00e9g\u00e8ret\u00e9, performance, flexibilit\u00e9, long\u00e9vit\u00e9. Apprenez-en plus avec Mad In.","og_url":"https:\/\/madin.fr\/en\/threepiece-wheels\/benefits-of-split-rims\/","og_site_name":"Mad In - Jantes sur-mesure","article_publisher":"https:\/\/www.facebook.com\/madin.wheels\/","article_modified_time":"2025-10-02T08:16:54+00:00","twitter_card":"summary_large_image","twitter_misc":{"Estimated reading time":"2 minutes"},"schema":{"@context":"https:\/\/schema.org","@graph":[{"@type":"WebPage","@id":"https:\/\/madin.fr\/la-jante-demontable\/les-avantages\/","url":"https:\/\/madin.fr\/la-jante-demontable\/les-avantages\/","name":"Mad In - Benefits of split rims - Custom wheels","isPartOf":{"@id":"https:\/\/madin.fr\/#website"},"datePublished":"2021-09-17T12:21:03+00:00","dateModified":"2025-10-02T08:16:54+00:00","description":"Split rims have many benefits : lightweight, performance, flexibility, customization, durability.  Wheels Made in France. Since 1975.","breadcrumb":{"@id":"https:\/\/madin.fr\/la-jante-demontable\/les-avantages\/#breadcrumb"},"inLanguage":"en-GB","potentialAction":[{"@type":"ReadAction","target":["https:\/\/madin.fr\/la-jante-demontable\/les-avantages\/"]}]},{"@type":"BreadcrumbList","@id":"https:\/\/madin.fr\/la-jante-demontable\/les-avantages\/#breadcrumb","itemListElement":[{"@type":"ListItem","position":1,"name":"Accueil","item":"https:\/\/madin.fr\/"},{"@type":"ListItem","position":2,"name":"La jante d\u00e9montable","item":"https:\/\/madin.fr\/la-jante-demontable\/"},{"@type":"ListItem","position":3,"name":"Les avantages des jantes d\u00e9montables"}]},{"@type":"WebSite","@id":"https:\/\/madin.fr\/#website","url":"https:\/\/madin.fr\/","name":"Mad In - Tailored wheels","description":"","publisher":{"@id":"https:\/\/madin.fr\/#organization"},"potentialAction":[{"@type":"SearchAction","target":{"@type":"EntryPoint","urlTemplate":"https:\/\/madin.fr\/?s={search_term_string}"},"query-input":{"@type":"PropertyValueSpecification","valueRequired":true,"valueName":"search_term_string"}}],"inLanguage":"en-GB"},{"@type":"Organization","@id":"https:\/\/madin.fr\/#organization","name":"Mad In","url":"https:\/\/madin.fr\/","logo":{"@type":"ImageObject","inLanguage":"en-GB","@id":"https:\/\/madin.fr\/#\/schema\/logo\/image\/","url":"https:\/\/madin.fr\/wp-content\/uploads\/2021\/09\/Madin-logo-carre-bis-bis-bis.png","contentUrl":"https:\/\/madin.fr\/wp-content\/uploads\/2021\/09\/Madin-logo-carre-bis-bis-bis.png","width":512,"height":507,"caption":"Mad In"},"image":{"@id":"https:\/\/madin.fr\/#\/schema\/logo\/image\/"},"sameAs":["https:\/\/www.facebook.com\/madin.wheels\/","https:\/\/www.instagram.com\/madinwheels\/"]}]}},"jetpack_sharing_enabled":true,"_links":{"self":[{"href":"https:\/\/madin.fr\/en\/wp-json\/wp\/v2\/pages\/2559","targetHints":{"allow":["GET"]}}],"collection":[{"href":"https:\/\/madin.fr\/en\/wp-json\/wp\/v2\/pages"}],"about":[{"href":"https:\/\/madin.fr\/en\/wp-json\/wp\/v2\/types\/page"}],"author":[{"embeddable":true,"href":"https:\/\/madin.fr\/en\/wp-json\/wp\/v2\/users\/1"}],"replies":[{"embeddable":true,"href":"https:\/\/madin.fr\/en\/wp-json\/wp\/v2\/comments?post=2559"}],"version-history":[{"count":39,"href":"https:\/\/madin.fr\/en\/wp-json\/wp\/v2\/pages\/2559\/revisions"}],"predecessor-version":[{"id":5212,"href":"https:\/\/madin.fr\/en\/wp-json\/wp\/v2\/pages\/2559\/revisions\/5212"}],"up":[{"embeddable":true,"href":"https:\/\/madin.fr\/en\/wp-json\/wp\/v2\/pages\/2551"}],"wp:attachment":[{"href":"https:\/\/madin.fr\/en\/wp-json\/wp\/v2\/media?parent=2559"}],"curies":[{"name":"wp","href":"https:\/\/api.w.org\/{rel}","templated":true}]}}