{"id":1766,"date":"2021-09-03T12:07:16","date_gmt":"2021-09-03T10:07:16","guid":{"rendered":"https:\/\/madinjantessurmesur.live-website.com\/?post_type=product&#038;p=1766"},"modified":"2023-03-07T09:46:20","modified_gmt":"2023-03-07T08:46:20","slug":"jante-f08","status":"publish","type":"product","link":"https:\/\/madin.fr\/en\/product\/f08-13-inch-wheel\/","title":{"rendered":"F08 Wheel (13 inch)"},"content":{"rendered":"<h4>Additional information on this wheel <\/h4>\n<p>The F08 wheel is a very resistant alloy wheel, that can be mounted on any car with 13 inch wheels with 3, 4, 5 holes or centerlock. <\/p>\n<p>Hence we can adapt to a high variety of PCD :<br \/>\n\u2013\tCenterlock : Porsche, Ferrari, Single-seater, Side-car, Formula...<br \/>\n&#8211;\t3&#215;98 : Citroen Saxo, Citroen AX, Peugeot 106, Renault Twizy<br \/>\n&#8211;\t3&#215;105 : Peugeot 204, Peugeot 304, Peugeot 305<br \/>\n&#8211;\t3&#215;112 : Smart Fortwo<br \/>\n&#8211;\t4&#215;95,25 : Mini Austin, Rover Metro, Rover Maestro\u2026<br \/>\n&#8211;\t4&#215;98 : Alfasud, Alfa Sprint, Proto ARC, Fiat Panda, Fiat Ritmo, Fiat 127, Fiat 126p, R5 Turbo, Talbot Rallye 2, Simca 1000 Rallye 2\u2026<br \/>\n&#8211;\t4&#215;100 : Fun Boost, Opel Manta, Opel Ascona, Opel Kadett, Opel Corsa, VW Polo, VW Lupo, Renault Twingo, VW Jetta \u2026<br \/>\n&#8211;\t4&#215;101,6 : MG Metro, Mini Cooper\u2026<br \/>\n&#8211;\t4&#215;108 : Alfa Spider, Alfa Montreal, Citroen AX GTI, Citroen Visa GTI, Ford Sierra, Ford Fiesta (Mk1, mk2, mk3), Ford Escort (mk1, mk2, mk3, mk4), Ford Capri, Peugeot 205 (GTI), Peugeot 106, Talbot Sunbeam Lotus\u2026<\/p>\n<p>You can find your PCD thanks to <a href=\"https:\/\/madin.fr\/en\/how-to-measure-center-rim\/\">our guide<\/a>. <\/p>\n<hr \/>\n<h4>Lips, barrels and accessories<\/h4>\n<p>You can buy lips and barrel for our F08 wheel on <a href=\"https:\/\/madin.fr\/en\/product\/13-inch-lips-barrels\/\">this page<\/a>.<\/p>\n<p>Many accessories for your wheels (<a href=\"https:\/\/madin.fr\/en\/product\/wheel-valves\/\">valves<\/a>, <a href=\"https:\/\/madin.fr\/en\/product\/bolts-nuts-washers-wheels\/\">bolts<\/a>, <a href=\"https:\/\/madin.fr\/en\/product\/mad-in-stickers\/\">stickers<\/a>) can be found on <a href=\"https:\/\/madin.fr\/en\/online-shop\/threepiece-wheels-accessories\/\">this page<\/a>.<\/p>","protected":false},"excerpt":{"rendered":"<p style=\"text-align: justify;\"> The F08 rim is a modular rim (in 3 parts) which has a <strong>racing \/ retro \/ vintage<\/strong> type design and which is extremely adaptable! By using the appropriate combination of outer lips and inner barrels, it is possible to produce very wide and high offset rims. The F08 can be mounted on all 13-inch vehicles and regardless of the PCD (3 holes, 4 holes, 5 holes or <strong>centerlock<\/strong>).<\/p>\n<hr \/>\n<p><strong><u>Technical specs<\/u> : <\/strong><\/p>\n<p style=\"text-align: justify;\"><em><strong>Bolts<\/strong> 3, 4, 5 holes or centerlock | <strong>Bolt pattern<\/strong> max. 125mm | <strong>Centerbore<\/strong> max. 85mm | <strong>Offset<\/strong> : from ET-102 to ET25,5 | <strong>Weight<\/strong> (central part only): \u2243  2,1kg <\/em><\/p>\n<p><em><strong>Available colours<\/strong> : white, yellow, orange, red, blue, light grey, anthracite, shiny black, matt black and vintage gold.<\/em><\/p>\n<hr \/>\n<p style=\"text-align: justify;\"><strong>The price depends on the width of the wheel and on the finish. <\/strong><\/p>\n<p style=\"text-align: center;\"><a class=\"maxbutton-1 maxbutton maxbutton-nous-contacter\" href=\"https:\/\/madin.fr\/en\/contact-us\/\"><span class='mb-text'>Contact us<\/span><\/a><\/p>","protected":false},"featured_media":4409,"comment_status":"open","ping_status":"closed","template":"","meta":{"_monsterinsights_skip_tracking":false,"_monsterinsights_sitenote_active":false,"_monsterinsights_sitenote_note":"","_monsterinsights_sitenote_category":0,"neve_meta_sidebar":"","neve_meta_container":"","neve_meta_enable_content_width":"on","neve_meta_content_width":80,"neve_meta_title_alignment":"","neve_meta_author_avatar":"","neve_post_elements_order":"","neve_meta_disable_header":"","neve_meta_disable_footer":"","neve_meta_disable_title":"","_themeisle_gutenberg_block_has_review":false},"product_brand":[],"product_cat":[18],"product_tag":[],"class_list":{"0":"post-1766","1":"product","2":"type-product","3":"status-publish","4":"has-post-thumbnail","6":"product_cat-jante","7":"product_shipping_class-jantes","9":"first","10":"instock","11":"taxable","12":"shipping-taxable","13":"product-type-simple"},"yoast_head":"<!-- This site is optimized with the Yoast SEO plugin v27.4 - https:\/\/yoast.com\/product\/yoast-seo-wordpress\/ -->\n<title>Mad In - Jante F08 (13 pouces) - Mad In - Jantes sur-mesure<\/title>\n<meta name=\"description\" content=\"Jantes d\u00e9montables en 13 pouces. Pour tous v\u00e9hicules en 13 pouces. Personnalisable : d\u00e9port, entraxe, al\u00e9sage, largeur de voiles, couleur etc.\" \/>\n<meta name=\"robots\" content=\"index, follow, max-snippet:-1, max-image-preview:large, max-video-preview:-1\" \/>\n<link rel=\"canonical\" href=\"https:\/\/madin.fr\/en\/product\/f08-13-inch-wheel\/\" \/>\n<meta property=\"og:locale\" content=\"en_GB\" \/>\n<meta property=\"og:type\" content=\"article\" \/>\n<meta property=\"og:title\" content=\"Mad In - Jante F08 (13 pouces) - Mad In - Jantes sur-mesure\" \/>\n<meta property=\"og:description\" content=\"Jantes d\u00e9montables en 13 pouces. Pour tous v\u00e9hicules en 13 pouces. Personnalisable : d\u00e9port, entraxe, al\u00e9sage, largeur de voiles, couleur etc.\" \/>\n<meta property=\"og:url\" content=\"https:\/\/madin.fr\/en\/product\/f08-13-inch-wheel\/\" \/>\n<meta property=\"og:site_name\" content=\"Mad In - Jantes sur-mesure\" \/>\n<meta property=\"article:publisher\" content=\"https:\/\/www.facebook.com\/madin.wheels\/\" \/>\n<meta property=\"article:modified_time\" content=\"2023-03-07T08:46:20+00:00\" \/>\n<meta property=\"og:image\" content=\"https:\/\/madin.fr\/wp-content\/uploads\/2021\/09\/jante-13-pouces-attache-centrale-scaled-e1649418463324.jpg\" \/>\n\t<meta property=\"og:image:width\" content=\"1510\" \/>\n\t<meta property=\"og:image:height\" content=\"1510\" \/>\n\t<meta property=\"og:image:type\" content=\"image\/jpeg\" \/>\n<meta name=\"twitter:card\" content=\"summary_large_image\" \/>\n<meta name=\"twitter:label1\" content=\"Estimated reading time\" \/>\n\t<meta name=\"twitter:data1\" content=\"1 minute\" \/>\n<script type=\"application\/ld+json\" class=\"yoast-schema-graph\">{\"@context\":\"https:\\\/\\\/schema.org\",\"@graph\":[{\"@type\":\"WebPage\",\"@id\":\"https:\\\/\\\/madin.fr\\\/produit\\\/jante-f08\\\/\",\"url\":\"https:\\\/\\\/madin.fr\\\/produit\\\/jante-f08\\\/\",\"name\":\"Mad In - Jante F08 (13 pouces) - Mad In - Jantes sur-mesure\",\"isPartOf\":{\"@id\":\"https:\\\/\\\/madin.fr\\\/#website\"},\"primaryImageOfPage\":{\"@id\":\"https:\\\/\\\/madin.fr\\\/produit\\\/jante-f08\\\/#primaryimage\"},\"image\":{\"@id\":\"https:\\\/\\\/madin.fr\\\/produit\\\/jante-f08\\\/#primaryimage\"},\"thumbnailUrl\":\"https:\\\/\\\/madin.fr\\\/wp-content\\\/uploads\\\/2021\\\/09\\\/jante-13-pouces-attache-centrale-scaled-e1649418463324.jpg\",\"datePublished\":\"2021-09-03T10:07:16+00:00\",\"dateModified\":\"2023-03-07T08:46:20+00:00\",\"description\":\"Jantes d\u00e9montables en 13 pouces. Pour tous v\u00e9hicules en 13 pouces. Personnalisable : d\u00e9port, entraxe, al\u00e9sage, largeur de voiles, couleur etc.\",\"breadcrumb\":{\"@id\":\"https:\\\/\\\/madin.fr\\\/produit\\\/jante-f08\\\/#breadcrumb\"},\"inLanguage\":\"en-GB\",\"potentialAction\":[{\"@type\":\"ReadAction\",\"target\":[\"https:\\\/\\\/madin.fr\\\/produit\\\/jante-f08\\\/\"]}]},{\"@type\":\"ImageObject\",\"inLanguage\":\"en-GB\",\"@id\":\"https:\\\/\\\/madin.fr\\\/produit\\\/jante-f08\\\/#primaryimage\",\"url\":\"https:\\\/\\\/madin.fr\\\/wp-content\\\/uploads\\\/2021\\\/09\\\/jante-13-pouces-attache-centrale-scaled-e1649418463324.jpg\",\"contentUrl\":\"https:\\\/\\\/madin.fr\\\/wp-content\\\/uploads\\\/2021\\\/09\\\/jante-13-pouces-attache-centrale-scaled-e1649418463324.jpg\",\"width\":1510,\"height\":1510},{\"@type\":\"BreadcrumbList\",\"@id\":\"https:\\\/\\\/madin.fr\\\/produit\\\/jante-f08\\\/#breadcrumb\",\"itemListElement\":[{\"@type\":\"ListItem\",\"position\":1,\"name\":\"Accueil\",\"item\":\"https:\\\/\\\/madin.fr\\\/\"},{\"@type\":\"ListItem\",\"position\":2,\"name\":\"Produits\",\"item\":\"https:\\\/\\\/madin.fr\\\/shop\\\/\"},{\"@type\":\"ListItem\",\"position\":3,\"name\":\"Jante F08 (13 pouces)\"}]},{\"@type\":\"WebSite\",\"@id\":\"https:\\\/\\\/madin.fr\\\/#website\",\"url\":\"https:\\\/\\\/madin.fr\\\/\",\"name\":\"Mad In - Jantes sur-mesure\",\"description\":\"\",\"publisher\":{\"@id\":\"https:\\\/\\\/madin.fr\\\/#organization\"},\"potentialAction\":[{\"@type\":\"SearchAction\",\"target\":{\"@type\":\"EntryPoint\",\"urlTemplate\":\"https:\\\/\\\/madin.fr\\\/?s={search_term_string}\"},\"query-input\":{\"@type\":\"PropertyValueSpecification\",\"valueRequired\":true,\"valueName\":\"search_term_string\"}}],\"inLanguage\":\"en-GB\"},{\"@type\":\"Organization\",\"@id\":\"https:\\\/\\\/madin.fr\\\/#organization\",\"name\":\"Mad In\",\"url\":\"https:\\\/\\\/madin.fr\\\/\",\"logo\":{\"@type\":\"ImageObject\",\"inLanguage\":\"en-GB\",\"@id\":\"https:\\\/\\\/madin.fr\\\/#\\\/schema\\\/logo\\\/image\\\/\",\"url\":\"https:\\\/\\\/madin.fr\\\/wp-content\\\/uploads\\\/2021\\\/09\\\/Madin-logo-carre-bis-bis-bis.png\",\"contentUrl\":\"https:\\\/\\\/madin.fr\\\/wp-content\\\/uploads\\\/2021\\\/09\\\/Madin-logo-carre-bis-bis-bis.png\",\"width\":512,\"height\":507,\"caption\":\"Mad In\"},\"image\":{\"@id\":\"https:\\\/\\\/madin.fr\\\/#\\\/schema\\\/logo\\\/image\\\/\"},\"sameAs\":[\"https:\\\/\\\/www.facebook.com\\\/madin.wheels\\\/\",\"https:\\\/\\\/www.instagram.com\\\/madinwheels\\\/\"]}]}<\/script>\n<!-- \/ Yoast SEO plugin. -->","yoast_head_json":{"title":"Mad In - F08 Wheel (13''). Custom wheels. Made in France. Since 1975.","description":"Buy the Mad In F08 three-piece wheel in 13''. Available in all colours. Available in many different PCD : 3, 4 or 5 fixation bolts, or even centerlock.","robots":{"index":"index","follow":"follow","max-snippet":"max-snippet:-1","max-image-preview":"max-image-preview:large","max-video-preview":"max-video-preview:-1"},"canonical":"https:\/\/madin.fr\/en\/product\/f08-13-inch-wheel\/","og_locale":"en_GB","og_type":"article","og_title":"Mad In - Jante F08 (13 pouces) - Mad In - Jantes sur-mesure","og_description":"Jantes d\u00e9montables en 13 pouces. Pour tous v\u00e9hicules en 13 pouces. Personnalisable : d\u00e9port, entraxe, al\u00e9sage, largeur de voiles, couleur etc.","og_url":"https:\/\/madin.fr\/en\/product\/f08-13-inch-wheel\/","og_site_name":"Mad In - Jantes sur-mesure","article_publisher":"https:\/\/www.facebook.com\/madin.wheels\/","article_modified_time":"2023-03-07T08:46:20+00:00","og_image":[{"width":1510,"height":1510,"url":"https:\/\/madin.fr\/wp-content\/uploads\/2021\/09\/jante-13-pouces-attache-centrale-scaled-e1649418463324.jpg","type":"image\/jpeg"}],"twitter_card":"summary_large_image","twitter_misc":{"Estimated reading time":"1 minute"},"schema":{"@context":"https:\/\/schema.org","@graph":[{"@type":"WebPage","@id":"https:\/\/madin.fr\/produit\/jante-f08\/","url":"https:\/\/madin.fr\/produit\/jante-f08\/","name":"Mad In - F08 Wheel (13''). Custom wheels. Made in France. Since 1975.","isPartOf":{"@id":"https:\/\/madin.fr\/#website"},"primaryImageOfPage":{"@id":"https:\/\/madin.fr\/produit\/jante-f08\/#primaryimage"},"image":{"@id":"https:\/\/madin.fr\/produit\/jante-f08\/#primaryimage"},"thumbnailUrl":"https:\/\/madin.fr\/wp-content\/uploads\/2021\/09\/jante-13-pouces-attache-centrale-scaled-e1649418463324.jpg","datePublished":"2021-09-03T10:07:16+00:00","dateModified":"2023-03-07T08:46:20+00:00","description":"Buy the Mad In F08 three-piece wheel in 13''. Available in all colours. Available in many different PCD : 3, 4 or 5 fixation bolts, or even centerlock.","breadcrumb":{"@id":"https:\/\/madin.fr\/produit\/jante-f08\/#breadcrumb"},"inLanguage":"en-GB","potentialAction":[{"@type":"ReadAction","target":["https:\/\/madin.fr\/produit\/jante-f08\/"]}]},{"@type":"ImageObject","inLanguage":"en-GB","@id":"https:\/\/madin.fr\/produit\/jante-f08\/#primaryimage","url":"https:\/\/madin.fr\/wp-content\/uploads\/2021\/09\/jante-13-pouces-attache-centrale-scaled-e1649418463324.jpg","contentUrl":"https:\/\/madin.fr\/wp-content\/uploads\/2021\/09\/jante-13-pouces-attache-centrale-scaled-e1649418463324.jpg","width":1510,"height":1510},{"@type":"BreadcrumbList","@id":"https:\/\/madin.fr\/produit\/jante-f08\/#breadcrumb","itemListElement":[{"@type":"ListItem","position":1,"name":"Accueil","item":"https:\/\/madin.fr\/"},{"@type":"ListItem","position":2,"name":"Produits","item":"https:\/\/madin.fr\/shop\/"},{"@type":"ListItem","position":3,"name":"Jante F08 (13 pouces)"}]},{"@type":"WebSite","@id":"https:\/\/madin.fr\/#website","url":"https:\/\/madin.fr\/","name":"Mad In - Tailored wheels","description":"","publisher":{"@id":"https:\/\/madin.fr\/#organization"},"potentialAction":[{"@type":"SearchAction","target":{"@type":"EntryPoint","urlTemplate":"https:\/\/madin.fr\/?s={search_term_string}"},"query-input":{"@type":"PropertyValueSpecification","valueRequired":true,"valueName":"search_term_string"}}],"inLanguage":"en-GB"},{"@type":"Organization","@id":"https:\/\/madin.fr\/#organization","name":"Mad In","url":"https:\/\/madin.fr\/","logo":{"@type":"ImageObject","inLanguage":"en-GB","@id":"https:\/\/madin.fr\/#\/schema\/logo\/image\/","url":"https:\/\/madin.fr\/wp-content\/uploads\/2021\/09\/Madin-logo-carre-bis-bis-bis.png","contentUrl":"https:\/\/madin.fr\/wp-content\/uploads\/2021\/09\/Madin-logo-carre-bis-bis-bis.png","width":512,"height":507,"caption":"Mad In"},"image":{"@id":"https:\/\/madin.fr\/#\/schema\/logo\/image\/"},"sameAs":["https:\/\/www.facebook.com\/madin.wheels\/","https:\/\/www.instagram.com\/madinwheels\/"]}]}},"jetpack_sharing_enabled":true,"_links":{"self":[{"href":"https:\/\/madin.fr\/en\/wp-json\/wp\/v2\/product\/1766","targetHints":{"allow":["GET"]}}],"collection":[{"href":"https:\/\/madin.fr\/en\/wp-json\/wp\/v2\/product"}],"about":[{"href":"https:\/\/madin.fr\/en\/wp-json\/wp\/v2\/types\/product"}],"replies":[{"embeddable":true,"href":"https:\/\/madin.fr\/en\/wp-json\/wp\/v2\/comments?post=1766"}],"wp:featuredmedia":[{"embeddable":true,"href":"https:\/\/madin.fr\/en\/wp-json\/wp\/v2\/media\/4409"}],"wp:attachment":[{"href":"https:\/\/madin.fr\/en\/wp-json\/wp\/v2\/media?parent=1766"}],"wp:term":[{"taxonomy":"product_brand","embeddable":true,"href":"https:\/\/madin.fr\/en\/wp-json\/wp\/v2\/product_brand?post=1766"},{"taxonomy":"product_cat","embeddable":true,"href":"https:\/\/madin.fr\/en\/wp-json\/wp\/v2\/product_cat?post=1766"},{"taxonomy":"product_tag","embeddable":true,"href":"https:\/\/madin.fr\/en\/wp-json\/wp\/v2\/product_tag?post=1766"}],"curies":[{"name":"wp","href":"https:\/\/api.w.org\/{rel}","templated":true}]}}