{"id":2323,"date":"2021-09-13T15:36:42","date_gmt":"2021-09-13T13:36:42","guid":{"rendered":"https:\/\/madinjantessurmesur.live-website.com\/?post_type=product&#038;p=2323"},"modified":"2022-04-19T13:00:00","modified_gmt":"2022-04-19T11:00:00","slug":"jante-p08","status":"publish","type":"product","link":"https:\/\/madin.fr\/en\/product\/p08-forged-wheel\/","title":{"rendered":"P08"},"content":{"rendered":"<p style=\"text-align: justify;\" class=\"translation-block\">We have equipped hundreds of vehicles with this model. We guarantee you <strong>a perfect finish and unfailing solidity<\/strong>.<\/p>\n<p style=\"text-align: justify;\" class=\"translation-block\">The P08 is inspired by a model known and recognized in motorsport, and its specific design offers one of the best possible performance\/weight\/cooling ratios for intensive use. This design, combined with the use of forged aluminum, will allow you to <strong>improve the performance of your vehicle!<\/strong><\/p>\n<p style=\"text-align: justify;\">This 3-part rim is impressive with its Y-shaped spokes, its perfect finish and its slightly domed profile. You will not go unnoticed!<\/p>\n<p style=\"text-align: justify;\">It is therefore a removable rim that will be adapted to a Porsche (928, 911, 997\u2026), a Tesla Model 3, a Lotus or any other sports vehicle.<\/p>\n<p style=\"text-align: justify;\">As with our other forged models, you can choose the PCD (4\u00d7100, 5\u00d7120, 4\u00d7108 etc.), the widths of the lips and barrels, the finish etc.<\/p>\n<p style=\"text-align: justify;\">You can then mount a wheel center cap with the logo of your choice.<\/p>","protected":false},"excerpt":{"rendered":"<p style=\"text-align: justify;\" class=\"translation-block\">The P08 is one of our bestsellers. Originally, this forged rim was designed by our teams for a Porsche, whose owner was looking for <strong> aesthetics and dynamism.<\/strong><\/p>\n<p style=\"text-align: justify;\">It can be adapted to any vehicle looking for high-performance 3-piece wheels: Audi, BMW, Ferrari, etc.<\/p>\n<hr \/>\n<p style=\"text-align: justify;\" class=\"translation-block\">The P08 wheel is <strong>made to measure<\/strong>. You can therefore freely choose the color, the offset, the PCD, the number of fixing holes (from 3 to 6 or centerlock), the width of the lips and barrels and the diameter (from 13 to 21 inches).<\/p>\n<p style=\"text-align: justify;\"><em><em>Available colours : white, yellow, orange, red, blue, light grey, anthracite, shiny black, matt black and vintage gold.<\/em><\/em><\/p>\n<p style=\"text-align: justify;\" class=\"translation-block\">Our team is here to advise you : <a href=\"mailto:info@madin.fr\" target=\"_self\">info@madin.fr<\/a> or +33 3 85 57 75 88 (Mon. - Fri. : 9:30-17:30 UTC +1). We speak French, English, German, Polish and Italian !<\/p>\n<hr \/>\n<p style=\"text-align: justify;\"><strong>Price : on demand<\/strong><\/p>\n<p><a class=\"maxbutton-1 maxbutton maxbutton-nous-contacter\" href=\"https:\/\/madin.fr\/en\/contact-us\/\"><span class='mb-text'>Contact us<\/span><\/a><\/p>","protected":false},"featured_media":4284,"comment_status":"open","ping_status":"closed","template":"","meta":{"_monsterinsights_skip_tracking":false,"_monsterinsights_sitenote_active":false,"_monsterinsights_sitenote_note":"","_monsterinsights_sitenote_category":0,"neve_meta_sidebar":"","neve_meta_container":"","neve_meta_enable_content_width":"on","neve_meta_content_width":80,"neve_meta_title_alignment":"","neve_meta_author_avatar":"","neve_post_elements_order":"","neve_meta_disable_header":"","neve_meta_disable_footer":"","neve_meta_disable_title":"","_themeisle_gutenberg_block_has_review":false},"product_brand":[],"product_cat":[65],"product_tag":[],"class_list":{"0":"post-2323","1":"product","2":"type-product","3":"status-publish","4":"has-post-thumbnail","6":"product_cat-jante-forgee","8":"first","9":"instock","10":"taxable","11":"shipping-taxable","12":"product-type-simple"},"yoast_head":"<!-- This site is optimized with the Yoast SEO plugin v27.4 - https:\/\/yoast.com\/product\/yoast-seo-wordpress\/ -->\n<title>Jantes forg\u00e9es P08 - Mad In - Jantes sur-mesure<\/title>\n<meta name=\"description\" content=\"Equipez votre voiture de jantes en aluminium forg\u00e9. L\u00e9g\u00e8res, performantes, solides et personnalisables. La P08 est disponible en 13 \u00e0 21 pouces !\" \/>\n<meta name=\"robots\" content=\"index, follow, max-snippet:-1, max-image-preview:large, max-video-preview:-1\" \/>\n<link rel=\"canonical\" href=\"https:\/\/madin.fr\/en\/product\/p08-forged-wheel\/\" \/>\n<meta property=\"og:locale\" content=\"en_GB\" \/>\n<meta property=\"og:type\" content=\"article\" \/>\n<meta property=\"og:title\" content=\"Jantes forg\u00e9es P08 - Mad In - Jantes sur-mesure\" \/>\n<meta property=\"og:description\" content=\"Equipez votre voiture de jantes en aluminium forg\u00e9. L\u00e9g\u00e8res, performantes, solides et personnalisables. La P08 est disponible en 13 \u00e0 21 pouces !\" \/>\n<meta property=\"og:url\" content=\"https:\/\/madin.fr\/en\/product\/p08-forged-wheel\/\" \/>\n<meta property=\"og:site_name\" content=\"Mad In - Jantes sur-mesure\" \/>\n<meta property=\"article:publisher\" content=\"https:\/\/www.facebook.com\/madin.wheels\/\" \/>\n<meta property=\"article:modified_time\" content=\"2022-04-19T11:00:00+00:00\" \/>\n<meta property=\"og:image\" content=\"https:\/\/madin.fr\/wp-content\/uploads\/2021\/09\/DSCF4278-Copier-e1645114850381.jpg\" \/>\n\t<meta property=\"og:image:width\" content=\"943\" \/>\n\t<meta property=\"og:image:height\" content=\"943\" \/>\n\t<meta property=\"og:image:type\" content=\"image\/jpeg\" \/>\n<meta name=\"twitter:card\" content=\"summary_large_image\" \/>\n<meta name=\"twitter:label1\" content=\"Estimated reading time\" \/>\n\t<meta name=\"twitter:data1\" content=\"1 minute\" \/>\n<script type=\"application\/ld+json\" class=\"yoast-schema-graph\">{\"@context\":\"https:\\\/\\\/schema.org\",\"@graph\":[{\"@type\":\"WebPage\",\"@id\":\"https:\\\/\\\/madin.fr\\\/produit\\\/jante-p08\\\/\",\"url\":\"https:\\\/\\\/madin.fr\\\/produit\\\/jante-p08\\\/\",\"name\":\"Jantes forg\u00e9es P08 - Mad In - Jantes sur-mesure\",\"isPartOf\":{\"@id\":\"https:\\\/\\\/madin.fr\\\/#website\"},\"primaryImageOfPage\":{\"@id\":\"https:\\\/\\\/madin.fr\\\/produit\\\/jante-p08\\\/#primaryimage\"},\"image\":{\"@id\":\"https:\\\/\\\/madin.fr\\\/produit\\\/jante-p08\\\/#primaryimage\"},\"thumbnailUrl\":\"https:\\\/\\\/madin.fr\\\/wp-content\\\/uploads\\\/2021\\\/09\\\/DSCF4278-Copier-e1645114850381.jpg\",\"datePublished\":\"2021-09-13T13:36:42+00:00\",\"dateModified\":\"2022-04-19T11:00:00+00:00\",\"description\":\"Equipez votre voiture de jantes en aluminium forg\u00e9. L\u00e9g\u00e8res, performantes, solides et personnalisables. La P08 est disponible en 13 \u00e0 21 pouces !\",\"breadcrumb\":{\"@id\":\"https:\\\/\\\/madin.fr\\\/produit\\\/jante-p08\\\/#breadcrumb\"},\"inLanguage\":\"en-GB\",\"potentialAction\":[{\"@type\":\"ReadAction\",\"target\":[\"https:\\\/\\\/madin.fr\\\/produit\\\/jante-p08\\\/\"]}]},{\"@type\":\"ImageObject\",\"inLanguage\":\"en-GB\",\"@id\":\"https:\\\/\\\/madin.fr\\\/produit\\\/jante-p08\\\/#primaryimage\",\"url\":\"https:\\\/\\\/madin.fr\\\/wp-content\\\/uploads\\\/2021\\\/09\\\/DSCF4278-Copier-e1645114850381.jpg\",\"contentUrl\":\"https:\\\/\\\/madin.fr\\\/wp-content\\\/uploads\\\/2021\\\/09\\\/DSCF4278-Copier-e1645114850381.jpg\",\"width\":943,\"height\":943},{\"@type\":\"BreadcrumbList\",\"@id\":\"https:\\\/\\\/madin.fr\\\/produit\\\/jante-p08\\\/#breadcrumb\",\"itemListElement\":[{\"@type\":\"ListItem\",\"position\":1,\"name\":\"Accueil\",\"item\":\"https:\\\/\\\/madin.fr\\\/\"},{\"@type\":\"ListItem\",\"position\":2,\"name\":\"Produits\",\"item\":\"https:\\\/\\\/madin.fr\\\/shop\\\/\"},{\"@type\":\"ListItem\",\"position\":3,\"name\":\"P08\"}]},{\"@type\":\"WebSite\",\"@id\":\"https:\\\/\\\/madin.fr\\\/#website\",\"url\":\"https:\\\/\\\/madin.fr\\\/\",\"name\":\"Mad In - Jantes sur-mesure\",\"description\":\"\",\"publisher\":{\"@id\":\"https:\\\/\\\/madin.fr\\\/#organization\"},\"potentialAction\":[{\"@type\":\"SearchAction\",\"target\":{\"@type\":\"EntryPoint\",\"urlTemplate\":\"https:\\\/\\\/madin.fr\\\/?s={search_term_string}\"},\"query-input\":{\"@type\":\"PropertyValueSpecification\",\"valueRequired\":true,\"valueName\":\"search_term_string\"}}],\"inLanguage\":\"en-GB\"},{\"@type\":\"Organization\",\"@id\":\"https:\\\/\\\/madin.fr\\\/#organization\",\"name\":\"Mad In\",\"url\":\"https:\\\/\\\/madin.fr\\\/\",\"logo\":{\"@type\":\"ImageObject\",\"inLanguage\":\"en-GB\",\"@id\":\"https:\\\/\\\/madin.fr\\\/#\\\/schema\\\/logo\\\/image\\\/\",\"url\":\"https:\\\/\\\/madin.fr\\\/wp-content\\\/uploads\\\/2021\\\/09\\\/Madin-logo-carre-bis-bis-bis.png\",\"contentUrl\":\"https:\\\/\\\/madin.fr\\\/wp-content\\\/uploads\\\/2021\\\/09\\\/Madin-logo-carre-bis-bis-bis.png\",\"width\":512,\"height\":507,\"caption\":\"Mad In\"},\"image\":{\"@id\":\"https:\\\/\\\/madin.fr\\\/#\\\/schema\\\/logo\\\/image\\\/\"},\"sameAs\":[\"https:\\\/\\\/www.facebook.com\\\/madin.wheels\\\/\",\"https:\\\/\\\/www.instagram.com\\\/madinwheels\\\/\"]}]}<\/script>\n<!-- \/ Yoast SEO plugin. -->","yoast_head_json":{"title":"Mad In - P08 Forged Wheels. Custom wheels. Made in France. Since 1975.","description":"Equip your car with custom forged wheels. Light, efficient and strong. The P08 is a three-piece wheel available in 13 to 21 inches!","robots":{"index":"index","follow":"follow","max-snippet":"max-snippet:-1","max-image-preview":"max-image-preview:large","max-video-preview":"max-video-preview:-1"},"canonical":"https:\/\/madin.fr\/en\/product\/p08-forged-wheel\/","og_locale":"en_GB","og_type":"article","og_title":"Jantes forg\u00e9es P08 - Mad In - Jantes sur-mesure","og_description":"Equipez votre voiture de jantes en aluminium forg\u00e9. L\u00e9g\u00e8res, performantes, solides et personnalisables. La P08 est disponible en 13 \u00e0 21 pouces !","og_url":"https:\/\/madin.fr\/en\/product\/p08-forged-wheel\/","og_site_name":"Mad In - Jantes sur-mesure","article_publisher":"https:\/\/www.facebook.com\/madin.wheels\/","article_modified_time":"2022-04-19T11:00:00+00:00","og_image":[{"width":943,"height":943,"url":"https:\/\/madin.fr\/wp-content\/uploads\/2021\/09\/DSCF4278-Copier-e1645114850381.jpg","type":"image\/jpeg"}],"twitter_card":"summary_large_image","twitter_misc":{"Estimated reading time":"1 minute"},"schema":{"@context":"https:\/\/schema.org","@graph":[{"@type":"WebPage","@id":"https:\/\/madin.fr\/produit\/jante-p08\/","url":"https:\/\/madin.fr\/produit\/jante-p08\/","name":"Mad In - P08 Forged Wheels. Custom wheels. Made in France. Since 1975.","isPartOf":{"@id":"https:\/\/madin.fr\/#website"},"primaryImageOfPage":{"@id":"https:\/\/madin.fr\/produit\/jante-p08\/#primaryimage"},"image":{"@id":"https:\/\/madin.fr\/produit\/jante-p08\/#primaryimage"},"thumbnailUrl":"https:\/\/madin.fr\/wp-content\/uploads\/2021\/09\/DSCF4278-Copier-e1645114850381.jpg","datePublished":"2021-09-13T13:36:42+00:00","dateModified":"2022-04-19T11:00:00+00:00","description":"Equip your car with custom forged wheels. Light, efficient and strong. The P08 is a three-piece wheel available in 13 to 21 inches!","breadcrumb":{"@id":"https:\/\/madin.fr\/produit\/jante-p08\/#breadcrumb"},"inLanguage":"en-GB","potentialAction":[{"@type":"ReadAction","target":["https:\/\/madin.fr\/produit\/jante-p08\/"]}]},{"@type":"ImageObject","inLanguage":"en-GB","@id":"https:\/\/madin.fr\/produit\/jante-p08\/#primaryimage","url":"https:\/\/madin.fr\/wp-content\/uploads\/2021\/09\/DSCF4278-Copier-e1645114850381.jpg","contentUrl":"https:\/\/madin.fr\/wp-content\/uploads\/2021\/09\/DSCF4278-Copier-e1645114850381.jpg","width":943,"height":943},{"@type":"BreadcrumbList","@id":"https:\/\/madin.fr\/produit\/jante-p08\/#breadcrumb","itemListElement":[{"@type":"ListItem","position":1,"name":"Accueil","item":"https:\/\/madin.fr\/"},{"@type":"ListItem","position":2,"name":"Produits","item":"https:\/\/madin.fr\/shop\/"},{"@type":"ListItem","position":3,"name":"P08"}]},{"@type":"WebSite","@id":"https:\/\/madin.fr\/#website","url":"https:\/\/madin.fr\/","name":"Mad In - Tailored wheels","description":"","publisher":{"@id":"https:\/\/madin.fr\/#organization"},"potentialAction":[{"@type":"SearchAction","target":{"@type":"EntryPoint","urlTemplate":"https:\/\/madin.fr\/?s={search_term_string}"},"query-input":{"@type":"PropertyValueSpecification","valueRequired":true,"valueName":"search_term_string"}}],"inLanguage":"en-GB"},{"@type":"Organization","@id":"https:\/\/madin.fr\/#organization","name":"Mad In","url":"https:\/\/madin.fr\/","logo":{"@type":"ImageObject","inLanguage":"en-GB","@id":"https:\/\/madin.fr\/#\/schema\/logo\/image\/","url":"https:\/\/madin.fr\/wp-content\/uploads\/2021\/09\/Madin-logo-carre-bis-bis-bis.png","contentUrl":"https:\/\/madin.fr\/wp-content\/uploads\/2021\/09\/Madin-logo-carre-bis-bis-bis.png","width":512,"height":507,"caption":"Mad In"},"image":{"@id":"https:\/\/madin.fr\/#\/schema\/logo\/image\/"},"sameAs":["https:\/\/www.facebook.com\/madin.wheels\/","https:\/\/www.instagram.com\/madinwheels\/"]}]}},"jetpack_sharing_enabled":true,"_links":{"self":[{"href":"https:\/\/madin.fr\/en\/wp-json\/wp\/v2\/product\/2323","targetHints":{"allow":["GET"]}}],"collection":[{"href":"https:\/\/madin.fr\/en\/wp-json\/wp\/v2\/product"}],"about":[{"href":"https:\/\/madin.fr\/en\/wp-json\/wp\/v2\/types\/product"}],"replies":[{"embeddable":true,"href":"https:\/\/madin.fr\/en\/wp-json\/wp\/v2\/comments?post=2323"}],"wp:featuredmedia":[{"embeddable":true,"href":"https:\/\/madin.fr\/en\/wp-json\/wp\/v2\/media\/4284"}],"wp:attachment":[{"href":"https:\/\/madin.fr\/en\/wp-json\/wp\/v2\/media?parent=2323"}],"wp:term":[{"taxonomy":"product_brand","embeddable":true,"href":"https:\/\/madin.fr\/en\/wp-json\/wp\/v2\/product_brand?post=2323"},{"taxonomy":"product_cat","embeddable":true,"href":"https:\/\/madin.fr\/en\/wp-json\/wp\/v2\/product_cat?post=2323"},{"taxonomy":"product_tag","embeddable":true,"href":"https:\/\/madin.fr\/en\/wp-json\/wp\/v2\/product_tag?post=2323"}],"curies":[{"name":"wp","href":"https:\/\/api.w.org\/{rel}","templated":true}]}}