{"id":2343,"date":"2021-09-13T16:27:24","date_gmt":"2021-09-13T14:27:24","guid":{"rendered":"https:\/\/madinjantessurmesur.live-website.com\/?post_type=product&#038;p=2343"},"modified":"2022-01-25T11:41:15","modified_gmt":"2022-01-25T10:41:15","slug":"jante-salt-flat","status":"publish","type":"product","link":"https:\/\/madin.fr\/en\/product\/salt-flat-forged-wheel\/","title":{"rendered":"Salt Flat"},"content":{"rendered":"","protected":false},"excerpt":{"rendered":"<p style=\"text-align: justify;\">The Salt Flat is a forged wheel with a <b>singular <\/b>and <strong>sober look<\/strong>. Its unique design is appreciated by <strong>slammed cars<\/strong> and <strong>hot rod enthusiasts<\/strong>. Such a design is common at races such as the Bonneville speedway.<br \/>\nLike all our forged wheels, it has an unparalleled solidity and a flawless finish, thanks to our decades-long experience.<\/p>\n<p style=\"text-align: justify;\">We tried to convey the \"Made in USA\" spirit while designing this wheel.<\/p>\n<p style=\"text-align: justify;\">It is a <strong>3-piece wheel<\/strong> and would be a perfect fit for protoypes, american or japanese cars. <b>Lightweight <\/b>and <strong>resistant<\/strong>, the Salt Flat rims will improve your car's <strong>performances<\/strong>.<\/p>\n<p style=\"text-align: justify;\">You can then mount a wheel center cap with the logo of your choice.<\/p>\n<hr>\n<p style=\"text-align: justify;\" class=\"translation-block\">The Salt Flat split rims<strong> are made on demand and tailored to your vehicle<\/strong>. Hence you can freely choose the PCD, the offset, the colour, the number of  holes, the width of the lips and barrels or the diameter of the wheels (13 to 21 inches).<\/p>\n<p style=\"text-align: justify;\"><em><strong><em><strong>Available colours : <\/strong><\/strong> white, yellow, orange, red, blue, light grey, anthracite, shiny black, matt black and vintage gold.<\/em><\/em><\/p>\n<p style=\"text-align: justify;\" class=\"translation-block\">Our team is here to advise you : <a href=\"mailto:info@madin.fr\" target=\"_self\">info@madin.fr<\/a> or +33 3 85 57 75 88 (Mon. - Fri. : 9:30-17:30 UTC +1). We speak French, English, German, Polish and Italian !<\/p>\n<hr>\n<p style=\"text-align: justify;\"><strong>Price : on demand<br \/>\n<\/strong><\/p>\n<p><a class=\"maxbutton-1 maxbutton maxbutton-nous-contacter\" href=\"https:\/\/madin.fr\/en\/contact-us\/\"><span class='mb-text'>Contact us<\/span><\/a><\/p>","protected":false},"featured_media":4219,"comment_status":"open","ping_status":"closed","template":"","meta":{"_monsterinsights_skip_tracking":false,"_monsterinsights_sitenote_active":false,"_monsterinsights_sitenote_note":"","_monsterinsights_sitenote_category":0,"neve_meta_sidebar":"","neve_meta_container":"contained","neve_meta_enable_content_width":"on","neve_meta_content_width":80,"neve_meta_title_alignment":"","neve_meta_author_avatar":"","neve_post_elements_order":"","neve_meta_disable_header":"","neve_meta_disable_footer":"","neve_meta_disable_title":"","_themeisle_gutenberg_block_has_review":false},"product_brand":[],"product_cat":[65],"product_tag":[],"class_list":{"0":"post-2343","1":"product","2":"type-product","3":"status-publish","4":"has-post-thumbnail","6":"product_cat-jante-forgee","8":"first","9":"instock","10":"taxable","11":"shipping-taxable","12":"product-type-simple"},"yoast_head":"<!-- This site is optimized with the Yoast SEO plugin v27.4 - https:\/\/yoast.com\/product\/yoast-seo-wordpress\/ -->\n<title>Mad In - Salt Flat - Mad In - Jantes sur-mesure<\/title>\n<meta name=\"description\" content=\"Equipez votre voiture de jantes en aluminium forg\u00e9. L\u00e9g\u00e8res, performantes, solides et personnalisables. La Salt Flat est disponible en 13 \u00e0 21 pouces !\" \/>\n<meta name=\"robots\" content=\"index, follow, max-snippet:-1, max-image-preview:large, max-video-preview:-1\" \/>\n<link rel=\"canonical\" href=\"https:\/\/madin.fr\/en\/product\/salt-flat-forged-wheel\/\" \/>\n<meta property=\"og:locale\" content=\"en_GB\" \/>\n<meta property=\"og:type\" content=\"article\" \/>\n<meta property=\"og:title\" content=\"Mad In - Salt Flat - Mad In - Jantes sur-mesure\" \/>\n<meta property=\"og:description\" content=\"Equipez votre voiture de jantes en aluminium forg\u00e9. L\u00e9g\u00e8res, performantes, solides et personnalisables. La Salt Flat est disponible en 13 \u00e0 21 pouces !\" \/>\n<meta property=\"og:url\" content=\"https:\/\/madin.fr\/en\/product\/salt-flat-forged-wheel\/\" \/>\n<meta property=\"og:site_name\" content=\"Mad In - Jantes sur-mesure\" \/>\n<meta property=\"article:publisher\" content=\"https:\/\/www.facebook.com\/madin.wheels\/\" \/>\n<meta property=\"article:modified_time\" content=\"2022-01-25T10:41:15+00:00\" \/>\n<meta property=\"og:image\" content=\"https:\/\/madin.fr\/wp-content\/uploads\/2021\/09\/DSCF3432-Copier-e1643106645901.jpg\" \/>\n\t<meta property=\"og:image:width\" content=\"1028\" \/>\n\t<meta property=\"og:image:height\" content=\"1028\" \/>\n\t<meta property=\"og:image:type\" content=\"image\/jpeg\" \/>\n<meta name=\"twitter:card\" content=\"summary_large_image\" \/>\n<script type=\"application\/ld+json\" class=\"yoast-schema-graph\">{\"@context\":\"https:\\\/\\\/schema.org\",\"@graph\":[{\"@type\":\"WebPage\",\"@id\":\"https:\\\/\\\/madin.fr\\\/produit\\\/jante-salt-flat\\\/\",\"url\":\"https:\\\/\\\/madin.fr\\\/produit\\\/jante-salt-flat\\\/\",\"name\":\"Mad In - Salt Flat - Mad In - Jantes sur-mesure\",\"isPartOf\":{\"@id\":\"https:\\\/\\\/madin.fr\\\/#website\"},\"primaryImageOfPage\":{\"@id\":\"https:\\\/\\\/madin.fr\\\/produit\\\/jante-salt-flat\\\/#primaryimage\"},\"image\":{\"@id\":\"https:\\\/\\\/madin.fr\\\/produit\\\/jante-salt-flat\\\/#primaryimage\"},\"thumbnailUrl\":\"https:\\\/\\\/madin.fr\\\/wp-content\\\/uploads\\\/2021\\\/09\\\/DSCF3432-Copier-e1643106645901.jpg\",\"datePublished\":\"2021-09-13T14:27:24+00:00\",\"dateModified\":\"2022-01-25T10:41:15+00:00\",\"description\":\"Equipez votre voiture de jantes en aluminium forg\u00e9. L\u00e9g\u00e8res, performantes, solides et personnalisables. La Salt Flat est disponible en 13 \u00e0 21 pouces !\",\"breadcrumb\":{\"@id\":\"https:\\\/\\\/madin.fr\\\/produit\\\/jante-salt-flat\\\/#breadcrumb\"},\"inLanguage\":\"en-GB\",\"potentialAction\":[{\"@type\":\"ReadAction\",\"target\":[\"https:\\\/\\\/madin.fr\\\/produit\\\/jante-salt-flat\\\/\"]}]},{\"@type\":\"ImageObject\",\"inLanguage\":\"en-GB\",\"@id\":\"https:\\\/\\\/madin.fr\\\/produit\\\/jante-salt-flat\\\/#primaryimage\",\"url\":\"https:\\\/\\\/madin.fr\\\/wp-content\\\/uploads\\\/2021\\\/09\\\/DSCF3432-Copier-e1643106645901.jpg\",\"contentUrl\":\"https:\\\/\\\/madin.fr\\\/wp-content\\\/uploads\\\/2021\\\/09\\\/DSCF3432-Copier-e1643106645901.jpg\",\"width\":1028,\"height\":1028},{\"@type\":\"BreadcrumbList\",\"@id\":\"https:\\\/\\\/madin.fr\\\/produit\\\/jante-salt-flat\\\/#breadcrumb\",\"itemListElement\":[{\"@type\":\"ListItem\",\"position\":1,\"name\":\"Accueil\",\"item\":\"https:\\\/\\\/madin.fr\\\/\"},{\"@type\":\"ListItem\",\"position\":2,\"name\":\"Produits\",\"item\":\"https:\\\/\\\/madin.fr\\\/shop\\\/\"},{\"@type\":\"ListItem\",\"position\":3,\"name\":\"Salt Flat\"}]},{\"@type\":\"WebSite\",\"@id\":\"https:\\\/\\\/madin.fr\\\/#website\",\"url\":\"https:\\\/\\\/madin.fr\\\/\",\"name\":\"Mad In - Jantes sur-mesure\",\"description\":\"\",\"publisher\":{\"@id\":\"https:\\\/\\\/madin.fr\\\/#organization\"},\"potentialAction\":[{\"@type\":\"SearchAction\",\"target\":{\"@type\":\"EntryPoint\",\"urlTemplate\":\"https:\\\/\\\/madin.fr\\\/?s={search_term_string}\"},\"query-input\":{\"@type\":\"PropertyValueSpecification\",\"valueRequired\":true,\"valueName\":\"search_term_string\"}}],\"inLanguage\":\"en-GB\"},{\"@type\":\"Organization\",\"@id\":\"https:\\\/\\\/madin.fr\\\/#organization\",\"name\":\"Mad In\",\"url\":\"https:\\\/\\\/madin.fr\\\/\",\"logo\":{\"@type\":\"ImageObject\",\"inLanguage\":\"en-GB\",\"@id\":\"https:\\\/\\\/madin.fr\\\/#\\\/schema\\\/logo\\\/image\\\/\",\"url\":\"https:\\\/\\\/madin.fr\\\/wp-content\\\/uploads\\\/2021\\\/09\\\/Madin-logo-carre-bis-bis-bis.png\",\"contentUrl\":\"https:\\\/\\\/madin.fr\\\/wp-content\\\/uploads\\\/2021\\\/09\\\/Madin-logo-carre-bis-bis-bis.png\",\"width\":512,\"height\":507,\"caption\":\"Mad In\"},\"image\":{\"@id\":\"https:\\\/\\\/madin.fr\\\/#\\\/schema\\\/logo\\\/image\\\/\"},\"sameAs\":[\"https:\\\/\\\/www.facebook.com\\\/madin.wheels\\\/\",\"https:\\\/\\\/www.instagram.com\\\/madinwheels\\\/\"]}]}<\/script>\n<!-- \/ Yoast SEO plugin. -->","yoast_head_json":{"title":"Mad In - Salt Flat - Forged Wheels. Custom wheels. Made in France. Since 1975.","description":"Equip your car with custom forged wheels. Light, efficient and strong. The S45 is a three-piece wheel available in 13 to 21 inches!","robots":{"index":"index","follow":"follow","max-snippet":"max-snippet:-1","max-image-preview":"max-image-preview:large","max-video-preview":"max-video-preview:-1"},"canonical":"https:\/\/madin.fr\/en\/product\/salt-flat-forged-wheel\/","og_locale":"en_GB","og_type":"article","og_title":"Mad In - Salt Flat - Mad In - Jantes sur-mesure","og_description":"Equipez votre voiture de jantes en aluminium forg\u00e9. L\u00e9g\u00e8res, performantes, solides et personnalisables. La Salt Flat est disponible en 13 \u00e0 21 pouces !","og_url":"https:\/\/madin.fr\/en\/product\/salt-flat-forged-wheel\/","og_site_name":"Mad In - Jantes sur-mesure","article_publisher":"https:\/\/www.facebook.com\/madin.wheels\/","article_modified_time":"2022-01-25T10:41:15+00:00","og_image":[{"width":1028,"height":1028,"url":"https:\/\/madin.fr\/wp-content\/uploads\/2021\/09\/DSCF3432-Copier-e1643106645901.jpg","type":"image\/jpeg"}],"twitter_card":"summary_large_image","schema":{"@context":"https:\/\/schema.org","@graph":[{"@type":"WebPage","@id":"https:\/\/madin.fr\/produit\/jante-salt-flat\/","url":"https:\/\/madin.fr\/produit\/jante-salt-flat\/","name":"Mad In - Salt Flat - Forged Wheels. Custom wheels. Made in France. Since 1975.","isPartOf":{"@id":"https:\/\/madin.fr\/#website"},"primaryImageOfPage":{"@id":"https:\/\/madin.fr\/produit\/jante-salt-flat\/#primaryimage"},"image":{"@id":"https:\/\/madin.fr\/produit\/jante-salt-flat\/#primaryimage"},"thumbnailUrl":"https:\/\/madin.fr\/wp-content\/uploads\/2021\/09\/DSCF3432-Copier-e1643106645901.jpg","datePublished":"2021-09-13T14:27:24+00:00","dateModified":"2022-01-25T10:41:15+00:00","description":"Equip your car with custom forged wheels. Light, efficient and strong. The S45 is a three-piece wheel available in 13 to 21 inches!","breadcrumb":{"@id":"https:\/\/madin.fr\/produit\/jante-salt-flat\/#breadcrumb"},"inLanguage":"en-GB","potentialAction":[{"@type":"ReadAction","target":["https:\/\/madin.fr\/produit\/jante-salt-flat\/"]}]},{"@type":"ImageObject","inLanguage":"en-GB","@id":"https:\/\/madin.fr\/produit\/jante-salt-flat\/#primaryimage","url":"https:\/\/madin.fr\/wp-content\/uploads\/2021\/09\/DSCF3432-Copier-e1643106645901.jpg","contentUrl":"https:\/\/madin.fr\/wp-content\/uploads\/2021\/09\/DSCF3432-Copier-e1643106645901.jpg","width":1028,"height":1028},{"@type":"BreadcrumbList","@id":"https:\/\/madin.fr\/produit\/jante-salt-flat\/#breadcrumb","itemListElement":[{"@type":"ListItem","position":1,"name":"Accueil","item":"https:\/\/madin.fr\/"},{"@type":"ListItem","position":2,"name":"Produits","item":"https:\/\/madin.fr\/shop\/"},{"@type":"ListItem","position":3,"name":"Salt Flat"}]},{"@type":"WebSite","@id":"https:\/\/madin.fr\/#website","url":"https:\/\/madin.fr\/","name":"Mad In - Tailored wheels","description":"","publisher":{"@id":"https:\/\/madin.fr\/#organization"},"potentialAction":[{"@type":"SearchAction","target":{"@type":"EntryPoint","urlTemplate":"https:\/\/madin.fr\/?s={search_term_string}"},"query-input":{"@type":"PropertyValueSpecification","valueRequired":true,"valueName":"search_term_string"}}],"inLanguage":"en-GB"},{"@type":"Organization","@id":"https:\/\/madin.fr\/#organization","name":"Mad In","url":"https:\/\/madin.fr\/","logo":{"@type":"ImageObject","inLanguage":"en-GB","@id":"https:\/\/madin.fr\/#\/schema\/logo\/image\/","url":"https:\/\/madin.fr\/wp-content\/uploads\/2021\/09\/Madin-logo-carre-bis-bis-bis.png","contentUrl":"https:\/\/madin.fr\/wp-content\/uploads\/2021\/09\/Madin-logo-carre-bis-bis-bis.png","width":512,"height":507,"caption":"Mad In"},"image":{"@id":"https:\/\/madin.fr\/#\/schema\/logo\/image\/"},"sameAs":["https:\/\/www.facebook.com\/madin.wheels\/","https:\/\/www.instagram.com\/madinwheels\/"]}]}},"jetpack_sharing_enabled":true,"_links":{"self":[{"href":"https:\/\/madin.fr\/en\/wp-json\/wp\/v2\/product\/2343","targetHints":{"allow":["GET"]}}],"collection":[{"href":"https:\/\/madin.fr\/en\/wp-json\/wp\/v2\/product"}],"about":[{"href":"https:\/\/madin.fr\/en\/wp-json\/wp\/v2\/types\/product"}],"replies":[{"embeddable":true,"href":"https:\/\/madin.fr\/en\/wp-json\/wp\/v2\/comments?post=2343"}],"wp:featuredmedia":[{"embeddable":true,"href":"https:\/\/madin.fr\/en\/wp-json\/wp\/v2\/media\/4219"}],"wp:attachment":[{"href":"https:\/\/madin.fr\/en\/wp-json\/wp\/v2\/media?parent=2343"}],"wp:term":[{"taxonomy":"product_brand","embeddable":true,"href":"https:\/\/madin.fr\/en\/wp-json\/wp\/v2\/product_brand?post=2343"},{"taxonomy":"product_cat","embeddable":true,"href":"https:\/\/madin.fr\/en\/wp-json\/wp\/v2\/product_cat?post=2343"},{"taxonomy":"product_tag","embeddable":true,"href":"https:\/\/madin.fr\/en\/wp-json\/wp\/v2\/product_tag?post=2343"}],"curies":[{"name":"wp","href":"https:\/\/api.w.org\/{rel}","templated":true}]}}