{"id":4412,"date":"2022-04-11T16:13:59","date_gmt":"2022-04-11T14:13:59","guid":{"rendered":"https:\/\/madin.fr\/?post_type=product&#038;p=4412"},"modified":"2025-12-01T10:12:55","modified_gmt":"2025-12-01T09:12:55","slug":"autocollant-vintage","status":"publish","type":"product","link":"https:\/\/madin.fr\/en\/product\/vintage-sticker\/","title":{"rendered":"Vintage sticker"},"content":{"rendered":"","protected":false},"excerpt":{"rendered":"<p>Vintage Stickers like those that were used in the nineties on our wheels !<br \/>\n<em><br \/>\nDimensions : 58mm x 20mm.<\/p>\n<p>Transparent<\/em><\/p>","protected":false},"featured_media":4414,"comment_status":"open","ping_status":"closed","template":"","meta":{"_monsterinsights_skip_tracking":false,"_monsterinsights_sitenote_active":false,"_monsterinsights_sitenote_note":"","_monsterinsights_sitenote_category":0,"neve_meta_sidebar":"","neve_meta_container":"","neve_meta_enable_content_width":"on","neve_meta_content_width":80,"neve_meta_title_alignment":"","neve_meta_author_avatar":"","neve_post_elements_order":"","neve_meta_disable_header":"","neve_meta_disable_footer":"","neve_meta_disable_title":"","_themeisle_gutenberg_block_has_review":false},"product_brand":[],"product_cat":[64],"product_tag":[],"class_list":{"0":"post-4412","1":"product","2":"type-product","3":"status-publish","4":"has-post-thumbnail","6":"product_cat-accessoire","8":"first","9":"instock","10":"taxable","11":"shipping-taxable","12":"purchasable","13":"product-type-simple"},"yoast_head":"<!-- This site is optimized with the Yoast SEO plugin v27.5 - https:\/\/yoast.com\/product\/yoast-seo-wordpress\/ -->\n<title>Autocollant vintage - Mad In - Jantes sur-mesure<\/title>\n<meta name=\"robots\" content=\"index, follow, max-snippet:-1, max-image-preview:large, max-video-preview:-1\" \/>\n<link rel=\"canonical\" href=\"https:\/\/madin.fr\/en\/product\/vintage-sticker\/\" \/>\n<meta property=\"og:locale\" content=\"en_GB\" \/>\n<meta property=\"og:type\" content=\"article\" \/>\n<meta property=\"og:title\" content=\"Autocollant vintage - Mad In - Jantes sur-mesure\" \/>\n<meta property=\"og:description\" content=\"S\u00e9rie limit\u00e9e Vintage : reproduction des autocollants Mad In utilis\u00e9s jusque dans les ann\u00e9es 90.   Taille : 58mm x 20mm.  Fond transparent.\" \/>\n<meta property=\"og:url\" content=\"https:\/\/madin.fr\/en\/product\/vintage-sticker\/\" \/>\n<meta property=\"og:site_name\" content=\"Mad In - Jantes sur-mesure\" \/>\n<meta property=\"article:publisher\" content=\"https:\/\/www.facebook.com\/madin.wheels\/\" \/>\n<meta property=\"article:modified_time\" content=\"2025-12-01T09:12:55+00:00\" \/>\n<meta property=\"og:image\" content=\"https:\/\/madin.fr\/wp-content\/uploads\/2022\/04\/autocollant-vintage.-smalljpg.jpg\" \/>\n\t<meta property=\"og:image:width\" content=\"1976\" \/>\n\t<meta property=\"og:image:height\" content=\"1976\" \/>\n\t<meta property=\"og:image:type\" content=\"image\/jpeg\" \/>\n<meta name=\"twitter:card\" content=\"summary_large_image\" \/>\n<script type=\"application\/ld+json\" class=\"yoast-schema-graph\">{\"@context\":\"https:\\\/\\\/schema.org\",\"@graph\":[{\"@type\":\"WebPage\",\"@id\":\"https:\\\/\\\/madin.fr\\\/produit\\\/autocollant-vintage\\\/\",\"url\":\"https:\\\/\\\/madin.fr\\\/produit\\\/autocollant-vintage\\\/\",\"name\":\"Autocollant vintage - Mad In - Jantes sur-mesure\",\"isPartOf\":{\"@id\":\"https:\\\/\\\/madin.fr\\\/#website\"},\"primaryImageOfPage\":{\"@id\":\"https:\\\/\\\/madin.fr\\\/produit\\\/autocollant-vintage\\\/#primaryimage\"},\"image\":{\"@id\":\"https:\\\/\\\/madin.fr\\\/produit\\\/autocollant-vintage\\\/#primaryimage\"},\"thumbnailUrl\":\"https:\\\/\\\/madin.fr\\\/wp-content\\\/uploads\\\/2022\\\/04\\\/autocollant-vintage.-smalljpg.jpg\",\"datePublished\":\"2022-04-11T14:13:59+00:00\",\"dateModified\":\"2025-12-01T09:12:55+00:00\",\"breadcrumb\":{\"@id\":\"https:\\\/\\\/madin.fr\\\/produit\\\/autocollant-vintage\\\/#breadcrumb\"},\"inLanguage\":\"en-GB\",\"potentialAction\":[{\"@type\":\"ReadAction\",\"target\":[\"https:\\\/\\\/madin.fr\\\/produit\\\/autocollant-vintage\\\/\"]}]},{\"@type\":\"ImageObject\",\"inLanguage\":\"en-GB\",\"@id\":\"https:\\\/\\\/madin.fr\\\/produit\\\/autocollant-vintage\\\/#primaryimage\",\"url\":\"https:\\\/\\\/madin.fr\\\/wp-content\\\/uploads\\\/2022\\\/04\\\/autocollant-vintage.-smalljpg.jpg\",\"contentUrl\":\"https:\\\/\\\/madin.fr\\\/wp-content\\\/uploads\\\/2022\\\/04\\\/autocollant-vintage.-smalljpg.jpg\",\"width\":1976,\"height\":1976},{\"@type\":\"BreadcrumbList\",\"@id\":\"https:\\\/\\\/madin.fr\\\/produit\\\/autocollant-vintage\\\/#breadcrumb\",\"itemListElement\":[{\"@type\":\"ListItem\",\"position\":1,\"name\":\"Accueil\",\"item\":\"https:\\\/\\\/madin.fr\\\/\"},{\"@type\":\"ListItem\",\"position\":2,\"name\":\"Produits\",\"item\":\"https:\\\/\\\/madin.fr\\\/shop\\\/\"},{\"@type\":\"ListItem\",\"position\":3,\"name\":\"Autocollant vintage\"}]},{\"@type\":\"WebSite\",\"@id\":\"https:\\\/\\\/madin.fr\\\/#website\",\"url\":\"https:\\\/\\\/madin.fr\\\/\",\"name\":\"Mad In - Jantes sur-mesure\",\"description\":\"\",\"publisher\":{\"@id\":\"https:\\\/\\\/madin.fr\\\/#organization\"},\"potentialAction\":[{\"@type\":\"SearchAction\",\"target\":{\"@type\":\"EntryPoint\",\"urlTemplate\":\"https:\\\/\\\/madin.fr\\\/?s={search_term_string}\"},\"query-input\":{\"@type\":\"PropertyValueSpecification\",\"valueRequired\":true,\"valueName\":\"search_term_string\"}}],\"inLanguage\":\"en-GB\"},{\"@type\":\"Organization\",\"@id\":\"https:\\\/\\\/madin.fr\\\/#organization\",\"name\":\"Mad In\",\"url\":\"https:\\\/\\\/madin.fr\\\/\",\"logo\":{\"@type\":\"ImageObject\",\"inLanguage\":\"en-GB\",\"@id\":\"https:\\\/\\\/madin.fr\\\/#\\\/schema\\\/logo\\\/image\\\/\",\"url\":\"https:\\\/\\\/madin.fr\\\/wp-content\\\/uploads\\\/2021\\\/09\\\/Madin-logo-carre-bis-bis-bis.png\",\"contentUrl\":\"https:\\\/\\\/madin.fr\\\/wp-content\\\/uploads\\\/2021\\\/09\\\/Madin-logo-carre-bis-bis-bis.png\",\"width\":512,\"height\":507,\"caption\":\"Mad In\"},\"image\":{\"@id\":\"https:\\\/\\\/madin.fr\\\/#\\\/schema\\\/logo\\\/image\\\/\"},\"sameAs\":[\"https:\\\/\\\/www.facebook.com\\\/madin.wheels\\\/\",\"https:\\\/\\\/www.instagram.com\\\/madinwheels\\\/\"]}]}<\/script>\n<!-- \/ Yoast SEO plugin. -->","yoast_head_json":{"title":"Mad In - Vintage Stickers - Custom wheels. Made in France. Since 1975.","robots":{"index":"index","follow":"follow","max-snippet":"max-snippet:-1","max-image-preview":"max-image-preview:large","max-video-preview":"max-video-preview:-1"},"canonical":"https:\/\/madin.fr\/en\/product\/vintage-sticker\/","og_locale":"en_GB","og_type":"article","og_title":"Autocollant vintage - Mad In - Jantes sur-mesure","og_description":"S\u00e9rie limit\u00e9e Vintage : reproduction des autocollants Mad In utilis\u00e9s jusque dans les ann\u00e9es 90.   Taille : 58mm x 20mm.  Fond transparent.","og_url":"https:\/\/madin.fr\/en\/product\/vintage-sticker\/","og_site_name":"Mad In - Jantes sur-mesure","article_publisher":"https:\/\/www.facebook.com\/madin.wheels\/","article_modified_time":"2025-12-01T09:12:55+00:00","og_image":[{"width":1976,"height":1976,"url":"https:\/\/madin.fr\/wp-content\/uploads\/2022\/04\/autocollant-vintage.-smalljpg.jpg","type":"image\/jpeg"}],"twitter_card":"summary_large_image","schema":{"@context":"https:\/\/schema.org","@graph":[{"@type":"WebPage","@id":"https:\/\/madin.fr\/produit\/autocollant-vintage\/","url":"https:\/\/madin.fr\/produit\/autocollant-vintage\/","name":"Mad In - Vintage Stickers - Custom wheels. Made in France. Since 1975.","isPartOf":{"@id":"https:\/\/madin.fr\/#website"},"primaryImageOfPage":{"@id":"https:\/\/madin.fr\/produit\/autocollant-vintage\/#primaryimage"},"image":{"@id":"https:\/\/madin.fr\/produit\/autocollant-vintage\/#primaryimage"},"thumbnailUrl":"https:\/\/madin.fr\/wp-content\/uploads\/2022\/04\/autocollant-vintage.-smalljpg.jpg","datePublished":"2022-04-11T14:13:59+00:00","dateModified":"2025-12-01T09:12:55+00:00","breadcrumb":{"@id":"https:\/\/madin.fr\/produit\/autocollant-vintage\/#breadcrumb"},"inLanguage":"en-GB","potentialAction":[{"@type":"ReadAction","target":["https:\/\/madin.fr\/produit\/autocollant-vintage\/"]}]},{"@type":"ImageObject","inLanguage":"en-GB","@id":"https:\/\/madin.fr\/produit\/autocollant-vintage\/#primaryimage","url":"https:\/\/madin.fr\/wp-content\/uploads\/2022\/04\/autocollant-vintage.-smalljpg.jpg","contentUrl":"https:\/\/madin.fr\/wp-content\/uploads\/2022\/04\/autocollant-vintage.-smalljpg.jpg","width":1976,"height":1976},{"@type":"BreadcrumbList","@id":"https:\/\/madin.fr\/produit\/autocollant-vintage\/#breadcrumb","itemListElement":[{"@type":"ListItem","position":1,"name":"Accueil","item":"https:\/\/madin.fr\/"},{"@type":"ListItem","position":2,"name":"Produits","item":"https:\/\/madin.fr\/shop\/"},{"@type":"ListItem","position":3,"name":"Autocollant vintage"}]},{"@type":"WebSite","@id":"https:\/\/madin.fr\/#website","url":"https:\/\/madin.fr\/","name":"Mad In - Tailored wheels","description":"","publisher":{"@id":"https:\/\/madin.fr\/#organization"},"potentialAction":[{"@type":"SearchAction","target":{"@type":"EntryPoint","urlTemplate":"https:\/\/madin.fr\/?s={search_term_string}"},"query-input":{"@type":"PropertyValueSpecification","valueRequired":true,"valueName":"search_term_string"}}],"inLanguage":"en-GB"},{"@type":"Organization","@id":"https:\/\/madin.fr\/#organization","name":"Mad In","url":"https:\/\/madin.fr\/","logo":{"@type":"ImageObject","inLanguage":"en-GB","@id":"https:\/\/madin.fr\/#\/schema\/logo\/image\/","url":"https:\/\/madin.fr\/wp-content\/uploads\/2021\/09\/Madin-logo-carre-bis-bis-bis.png","contentUrl":"https:\/\/madin.fr\/wp-content\/uploads\/2021\/09\/Madin-logo-carre-bis-bis-bis.png","width":512,"height":507,"caption":"Mad In"},"image":{"@id":"https:\/\/madin.fr\/#\/schema\/logo\/image\/"},"sameAs":["https:\/\/www.facebook.com\/madin.wheels\/","https:\/\/www.instagram.com\/madinwheels\/"]}]}},"jetpack_sharing_enabled":true,"_links":{"self":[{"href":"https:\/\/madin.fr\/en\/wp-json\/wp\/v2\/product\/4412","targetHints":{"allow":["GET"]}}],"collection":[{"href":"https:\/\/madin.fr\/en\/wp-json\/wp\/v2\/product"}],"about":[{"href":"https:\/\/madin.fr\/en\/wp-json\/wp\/v2\/types\/product"}],"replies":[{"embeddable":true,"href":"https:\/\/madin.fr\/en\/wp-json\/wp\/v2\/comments?post=4412"}],"wp:featuredmedia":[{"embeddable":true,"href":"https:\/\/madin.fr\/en\/wp-json\/wp\/v2\/media\/4414"}],"wp:attachment":[{"href":"https:\/\/madin.fr\/en\/wp-json\/wp\/v2\/media?parent=4412"}],"wp:term":[{"taxonomy":"product_brand","embeddable":true,"href":"https:\/\/madin.fr\/en\/wp-json\/wp\/v2\/product_brand?post=4412"},{"taxonomy":"product_cat","embeddable":true,"href":"https:\/\/madin.fr\/en\/wp-json\/wp\/v2\/product_cat?post=4412"},{"taxonomy":"product_tag","embeddable":true,"href":"https:\/\/madin.fr\/en\/wp-json\/wp\/v2\/product_tag?post=4412"}],"curies":[{"name":"wp","href":"https:\/\/api.w.org\/{rel}","templated":true}]}}