{"id":2,"date":"2021-08-31T13:09:03","date_gmt":"2021-08-31T13:09:03","guid":{"rendered":"https:\/\/madinjantessurmesur.live-website.com\/?page_id=2"},"modified":"2025-10-02T12:11:35","modified_gmt":"2025-10-02T10:11:35","slug":"savoir-faire-jantes","status":"publish","type":"page","link":"https:\/\/madin.fr\/ja\/wheels-know-how\/","title":{"rendered":"MAD IN\u306e\u30ce\u30a6\u30cf\u30a6"},"content":{"rendered":"<style>.wp-block-kadence-spacer.kt-block-spacer-2_14394a-31 .kt-block-spacer{height:100px;}.wp-block-kadence-spacer.kt-block-spacer-2_14394a-31 .kt-divider{border-top-width:1px;height:1px;width:80%;border-top-style:solid;}<\/style>\n<div class=\"wp-block-kadence-spacer aligncenter kt-block-spacer-2_14394a-31\"><div class=\"kt-block-spacer kt-block-spacer-halign-center\"><hr class=\"kt-divider\"\/><\/div><\/div>\n\n\n\n<p class=\"has-neve-link-color-color has-text-color has-link-color has-x-large-font-size wp-elements-045f847a4a9e4555a3ba21247914d5f5\"><strong>NOTRE SAVOIR-FAIRE<\/strong><\/p>\n\n\n\n<p><\/p>\n\n\n<style>.wp-block-kadence-spacer.kt-block-spacer-2_4424b1-cb .kt-block-spacer{height:60px;}.wp-block-kadence-spacer.kt-block-spacer-2_4424b1-cb .kt-divider{border-top-width:1px;height:1px;width:80%;border-top-style:solid;}<\/style>\n<div class=\"wp-block-kadence-spacer aligncenter kt-block-spacer-2_4424b1-cb\"><div class=\"kt-block-spacer kt-block-spacer-halign-center\"><hr class=\"kt-divider\"\/><\/div><\/div>\n\n\n\n<p class=\"has-medium-font-size\">We have full mastery over our production process. We can provide single pieces for replacement (aluminium or stainless steel) or a serie of complete 3-piece rims, forged or cast.<\/p>\n\n\n\n<p class=\"has-medium-font-size\">Discover in this section <a href=\"https:\/\/madin.fr\/ja\/our-history\/\">our history (\u65e5\u672c\u8a9e)<\/a> and a presentation of <a href=\"https:\/\/madin.fr\/ja\/wheels-know-how\/engineering\/\">our technical know-how<\/a>.<\/p>\n\n\n\n<p><\/p>","protected":false},"excerpt":{"rendered":"<p>NOTRE SAVOIR-FAIRE Maitrisant la fabrication de nos produits, nous sommes capables de vous fournir depuis un voile seul (inox ou alu), jusqu&rsquo;\u00e0 une s\u00e9rie de jantes compl\u00e8tes, en aluminium forg\u00e9 ou moul\u00e9. D\u00e9couvrez dans cette rubrique notre histoire ainsi qu&rsquo;une pr\u00e9sentation de notre savoir-faire technique.<\/p>","protected":false},"author":1,"featured_media":0,"parent":0,"menu_order":0,"comment_status":"closed","ping_status":"open","template":"","meta":{"_monsterinsights_skip_tracking":false,"_monsterinsights_sitenote_active":false,"_monsterinsights_sitenote_note":"","_monsterinsights_sitenote_category":0,"neve_meta_sidebar":"","neve_meta_container":"","neve_meta_enable_content_width":"on","neve_meta_content_width":70,"neve_meta_title_alignment":"","neve_meta_author_avatar":"","neve_post_elements_order":"","neve_meta_disable_header":"","neve_meta_disable_footer":"","neve_meta_disable_title":"on","_themeisle_gutenberg_block_has_review":false,"footnotes":""},"class_list":["post-2","page","type-page","status-publish","hentry"],"yoast_head":"<!-- This site is optimized with the Yoast SEO plugin v27.4 - https:\/\/yoast.com\/product\/yoast-seo-wordpress\/ -->\n<title>Notre savoir-faire - Mad In - Jantes sur-mesure<\/title>\n<meta name=\"description\" content=\"Mad In a \u00e9t\u00e9 fond\u00e9e en 1975 dans la Dr\u00f4me. Nous sommes experts de la jante sur-mesure, d\u00e9montable, forg\u00e9e ou moul\u00e9e. D\u00e9couvrez notre histoire et notre savoir-faire technique.\" \/>\n<meta name=\"robots\" content=\"index, follow, max-snippet:-1, max-image-preview:large, max-video-preview:-1\" \/>\n<link rel=\"canonical\" href=\"https:\/\/madin.fr\/ja\/wheels-know-how\/\" \/>\n<meta property=\"og:locale\" content=\"ja_JP\" \/>\n<meta property=\"og:type\" content=\"article\" \/>\n<meta property=\"og:title\" content=\"Notre savoir-faire - Mad In - Jantes sur-mesure\" \/>\n<meta property=\"og:description\" content=\"Mad In a \u00e9t\u00e9 fond\u00e9e en 1975 dans la Dr\u00f4me. Nous sommes experts de la jante sur-mesure, d\u00e9montable, forg\u00e9e ou moul\u00e9e. D\u00e9couvrez notre histoire et notre savoir-faire technique.\" \/>\n<meta property=\"og:url\" content=\"https:\/\/madin.fr\/ja\/wheels-know-how\/\" \/>\n<meta property=\"og:site_name\" content=\"Mad In - Jantes sur-mesure\" \/>\n<meta property=\"article:publisher\" content=\"https:\/\/www.facebook.com\/madin.wheels\/\" \/>\n<meta property=\"article:modified_time\" content=\"2025-10-02T10:11:35+00:00\" \/>\n<meta name=\"twitter:card\" content=\"summary_large_image\" \/>\n<meta name=\"twitter:label1\" content=\"\u63a8\u5b9a\u8aad\u307f\u53d6\u308a\u6642\u9593\" \/>\n\t<meta name=\"twitter:data1\" content=\"1\u5206\" \/>\n<script type=\"application\/ld+json\" class=\"yoast-schema-graph\">{\"@context\":\"https:\\\/\\\/schema.org\",\"@graph\":[{\"@type\":\"WebPage\",\"@id\":\"https:\\\/\\\/madin.fr\\\/savoir-faire-jantes\\\/\",\"url\":\"https:\\\/\\\/madin.fr\\\/savoir-faire-jantes\\\/\",\"name\":\"Notre savoir-faire - Mad In - Jantes sur-mesure\",\"isPartOf\":{\"@id\":\"https:\\\/\\\/madin.fr\\\/#website\"},\"datePublished\":\"2021-08-31T13:09:03+00:00\",\"dateModified\":\"2025-10-02T10:11:35+00:00\",\"description\":\"Mad In a \u00e9t\u00e9 fond\u00e9e en 1975 dans la Dr\u00f4me. Nous sommes experts de la jante sur-mesure, d\u00e9montable, forg\u00e9e ou moul\u00e9e. D\u00e9couvrez notre histoire et notre savoir-faire technique.\",\"breadcrumb\":{\"@id\":\"https:\\\/\\\/madin.fr\\\/savoir-faire-jantes\\\/#breadcrumb\"},\"inLanguage\":\"ja\",\"potentialAction\":[{\"@type\":\"ReadAction\",\"target\":[\"https:\\\/\\\/madin.fr\\\/savoir-faire-jantes\\\/\"]}]},{\"@type\":\"BreadcrumbList\",\"@id\":\"https:\\\/\\\/madin.fr\\\/savoir-faire-jantes\\\/#breadcrumb\",\"itemListElement\":[{\"@type\":\"ListItem\",\"position\":1,\"name\":\"Accueil\",\"item\":\"https:\\\/\\\/madin.fr\\\/\"},{\"@type\":\"ListItem\",\"position\":2,\"name\":\"Notre savoir-faire\"}]},{\"@type\":\"WebSite\",\"@id\":\"https:\\\/\\\/madin.fr\\\/#website\",\"url\":\"https:\\\/\\\/madin.fr\\\/\",\"name\":\"Mad In - Jantes sur-mesure\",\"description\":\"\",\"publisher\":{\"@id\":\"https:\\\/\\\/madin.fr\\\/#organization\"},\"potentialAction\":[{\"@type\":\"SearchAction\",\"target\":{\"@type\":\"EntryPoint\",\"urlTemplate\":\"https:\\\/\\\/madin.fr\\\/?s={search_term_string}\"},\"query-input\":{\"@type\":\"PropertyValueSpecification\",\"valueRequired\":true,\"valueName\":\"search_term_string\"}}],\"inLanguage\":\"ja\"},{\"@type\":\"Organization\",\"@id\":\"https:\\\/\\\/madin.fr\\\/#organization\",\"name\":\"Mad In\",\"url\":\"https:\\\/\\\/madin.fr\\\/\",\"logo\":{\"@type\":\"ImageObject\",\"inLanguage\":\"ja\",\"@id\":\"https:\\\/\\\/madin.fr\\\/#\\\/schema\\\/logo\\\/image\\\/\",\"url\":\"https:\\\/\\\/madin.fr\\\/wp-content\\\/uploads\\\/2021\\\/09\\\/Madin-logo-carre-bis-bis-bis.png\",\"contentUrl\":\"https:\\\/\\\/madin.fr\\\/wp-content\\\/uploads\\\/2021\\\/09\\\/Madin-logo-carre-bis-bis-bis.png\",\"width\":512,\"height\":507,\"caption\":\"Mad In\"},\"image\":{\"@id\":\"https:\\\/\\\/madin.fr\\\/#\\\/schema\\\/logo\\\/image\\\/\"},\"sameAs\":[\"https:\\\/\\\/www.facebook.com\\\/madin.wheels\\\/\",\"https:\\\/\\\/www.instagram.com\\\/madinwheels\\\/\"]}]}<\/script>\n<!-- \/ Yoast SEO plugin. -->","yoast_head_json":{"title":"MAD IN \u30ab\u30b9\u30bf\u30e0 \u30db\u30a4\u30fc\u30eb","description":"1975\u5e74\u4ee5\u6765\u3001MAD IN\u306f3\u30d4\u30fc\u30b9\u30db\u30a4\u30fc\u30eb\u3092\u751f\u7523\u3057\u3066\u3044\u307e\u3059\u3002\u5f53\u793e\u306e\u30ce\u30a6\u30cf\u30a6\u306f\u3001\u30d5\u30e9\u30f3\u30b9\u304a\u3088\u3073\u30e8\u30fc\u30ed\u30c3\u30d1\u5e02\u5834\u3067\u9ad8\u304f\u8a55\u4fa1\u3055\u308c\u3066\u3044\u307e\u3059\u3002\u30aa\u30d5\u30bb\u30c3\u30c8\u3001\u30dc\u30eb\u30c8\u30d1\u30bf\u30fc\u30f3\u3001\u30ea\u30e0\u5e45\u3001\u30dc\u30eb\u30c8\u304c\u5916\u304b\u3089\u898b\u3048\u308b\/\u898b\u3048\u306a\u3044\u3001\u30ab\u30e9\u30fc\u306a\u3069\u3001\u3059\u3079\u3066\u30ab\u30b9\u30bf\u30de\u30a4\u30ba\u53ef\u80fd\u3067\u3059\u3002MAD IN\u306e\u30a2\u30c9\u30d0\u30a4\u30b6\u30fc\u304c\u304a\u5ba2\u69d8\u306e\u611b\u8eca\u306b\u3074\u3063\u305f\u308a\u306e\u30db\u30a4\u30fc\u30eb\u3092\u898b\u3064\u3051\u308b\u304a\u624b\u4f1d\u3044\u3092\u3044\u305f\u3057\u307e\u3059\u3002","robots":{"index":"index","follow":"follow","max-snippet":"max-snippet:-1","max-image-preview":"max-image-preview:large","max-video-preview":"max-video-preview:-1"},"canonical":"https:\/\/madin.fr\/ja\/wheels-know-how\/","og_locale":"ja_JP","og_type":"article","og_title":"Notre savoir-faire - Mad In - Jantes sur-mesure","og_description":"Mad In a \u00e9t\u00e9 fond\u00e9e en 1975 dans la Dr\u00f4me. Nous sommes experts de la jante sur-mesure, d\u00e9montable, forg\u00e9e ou moul\u00e9e. D\u00e9couvrez notre histoire et notre savoir-faire technique.","og_url":"https:\/\/madin.fr\/ja\/wheels-know-how\/","og_site_name":"Mad In - Jantes sur-mesure","article_publisher":"https:\/\/www.facebook.com\/madin.wheels\/","article_modified_time":"2025-10-02T10:11:35+00:00","twitter_card":"summary_large_image","twitter_misc":{"\u63a8\u5b9a\u8aad\u307f\u53d6\u308a\u6642\u9593":"1\u5206"},"schema":{"@context":"https:\/\/schema.org","@graph":[{"@type":"WebPage","@id":"https:\/\/madin.fr\/savoir-faire-jantes\/","url":"https:\/\/madin.fr\/savoir-faire-jantes\/","name":"MAD IN \u30ab\u30b9\u30bf\u30e0 \u30db\u30a4\u30fc\u30eb","isPartOf":{"@id":"https:\/\/madin.fr\/#website"},"datePublished":"2021-08-31T13:09:03+00:00","dateModified":"2025-10-02T10:11:35+00:00","description":"1975\u5e74\u4ee5\u6765\u3001MAD IN\u306f3\u30d4\u30fc\u30b9\u30db\u30a4\u30fc\u30eb\u3092\u751f\u7523\u3057\u3066\u3044\u307e\u3059\u3002\u5f53\u793e\u306e\u30ce\u30a6\u30cf\u30a6\u306f\u3001\u30d5\u30e9\u30f3\u30b9\u304a\u3088\u3073\u30e8\u30fc\u30ed\u30c3\u30d1\u5e02\u5834\u3067\u9ad8\u304f\u8a55\u4fa1\u3055\u308c\u3066\u3044\u307e\u3059\u3002\u30aa\u30d5\u30bb\u30c3\u30c8\u3001\u30dc\u30eb\u30c8\u30d1\u30bf\u30fc\u30f3\u3001\u30ea\u30e0\u5e45\u3001\u30dc\u30eb\u30c8\u304c\u5916\u304b\u3089\u898b\u3048\u308b\/\u898b\u3048\u306a\u3044\u3001\u30ab\u30e9\u30fc\u306a\u3069\u3001\u3059\u3079\u3066\u30ab\u30b9\u30bf\u30de\u30a4\u30ba\u53ef\u80fd\u3067\u3059\u3002MAD IN\u306e\u30a2\u30c9\u30d0\u30a4\u30b6\u30fc\u304c\u304a\u5ba2\u69d8\u306e\u611b\u8eca\u306b\u3074\u3063\u305f\u308a\u306e\u30db\u30a4\u30fc\u30eb\u3092\u898b\u3064\u3051\u308b\u304a\u624b\u4f1d\u3044\u3092\u3044\u305f\u3057\u307e\u3059\u3002","breadcrumb":{"@id":"https:\/\/madin.fr\/savoir-faire-jantes\/#breadcrumb"},"inLanguage":"ja","potentialAction":[{"@type":"ReadAction","target":["https:\/\/madin.fr\/savoir-faire-jantes\/"]}]},{"@type":"BreadcrumbList","@id":"https:\/\/madin.fr\/savoir-faire-jantes\/#breadcrumb","itemListElement":[{"@type":"ListItem","position":1,"name":"Accueil","item":"https:\/\/madin.fr\/"},{"@type":"ListItem","position":2,"name":"Notre savoir-faire"}]},{"@type":"WebSite","@id":"https:\/\/madin.fr\/#website","url":"https:\/\/madin.fr\/","name":"MAD IN \u30ab\u30b9\u30bf\u30e0 \u30db\u30a4\u30fc\u30eb","description":"","publisher":{"@id":"https:\/\/madin.fr\/#organization"},"potentialAction":[{"@type":"SearchAction","target":{"@type":"EntryPoint","urlTemplate":"https:\/\/madin.fr\/?s={search_term_string}"},"query-input":{"@type":"PropertyValueSpecification","valueRequired":true,"valueName":"search_term_string"}}],"inLanguage":"ja"},{"@type":"Organization","@id":"https:\/\/madin.fr\/#organization","name":"Mad In","url":"https:\/\/madin.fr\/","logo":{"@type":"ImageObject","inLanguage":"ja","@id":"https:\/\/madin.fr\/#\/schema\/logo\/image\/","url":"https:\/\/madin.fr\/wp-content\/uploads\/2021\/09\/Madin-logo-carre-bis-bis-bis.png","contentUrl":"https:\/\/madin.fr\/wp-content\/uploads\/2021\/09\/Madin-logo-carre-bis-bis-bis.png","width":512,"height":507,"caption":"Mad In"},"image":{"@id":"https:\/\/madin.fr\/#\/schema\/logo\/image\/"},"sameAs":["https:\/\/www.facebook.com\/madin.wheels\/","https:\/\/www.instagram.com\/madinwheels\/"]}]}},"jetpack_sharing_enabled":true,"_links":{"self":[{"href":"https:\/\/madin.fr\/ja\/wp-json\/wp\/v2\/pages\/2","targetHints":{"allow":["GET"]}}],"collection":[{"href":"https:\/\/madin.fr\/ja\/wp-json\/wp\/v2\/pages"}],"about":[{"href":"https:\/\/madin.fr\/ja\/wp-json\/wp\/v2\/types\/page"}],"author":[{"embeddable":true,"href":"https:\/\/madin.fr\/ja\/wp-json\/wp\/v2\/users\/1"}],"replies":[{"embeddable":true,"href":"https:\/\/madin.fr\/ja\/wp-json\/wp\/v2\/comments?post=2"}],"version-history":[{"count":7,"href":"https:\/\/madin.fr\/ja\/wp-json\/wp\/v2\/pages\/2\/revisions"}],"predecessor-version":[{"id":5250,"href":"https:\/\/madin.fr\/ja\/wp-json\/wp\/v2\/pages\/2\/revisions\/5250"}],"wp:attachment":[{"href":"https:\/\/madin.fr\/ja\/wp-json\/wp\/v2\/media?parent=2"}],"curies":[{"name":"wp","href":"https:\/\/api.w.org\/{rel}","templated":true}]}}