{"id":2463,"date":"2021-09-15T16:14:19","date_gmt":"2021-09-15T14:14:19","guid":{"rendered":"https:\/\/madinjantessurmesur.live-website.com\/?page_id=2463"},"modified":"2025-10-02T11:58:41","modified_gmt":"2025-10-02T09:58:41","slug":"aide-technique","status":"publish","type":"page","link":"https:\/\/madin.fr\/ja\/technical-support\/","title":{"rendered":"Technical support"},"content":{"rendered":"<style>.wp-block-kadence-spacer.kt-block-spacer-2463_84b272-df .kt-block-spacer{height:100px;}.wp-block-kadence-spacer.kt-block-spacer-2463_84b272-df .kt-divider{border-top-width:1px;height:1px;width:80%;border-top-style:solid;}<\/style>\n<div class=\"wp-block-kadence-spacer aligncenter kt-block-spacer-2463_84b272-df\"><div class=\"kt-block-spacer kt-block-spacer-halign-center\"><hr class=\"kt-divider\"\/><\/div><\/div>\n\n\n\n<p class=\"has-neve-link-color-color has-text-color has-link-color has-x-large-font-size wp-elements-e4accdff761f7285f0ffe5581cc7c032\"><strong>AIDE TECHNIQUE<\/strong><\/p>\n\n\n<style>.wp-block-kadence-spacer.kt-block-spacer-2463_0c04a3-2d .kt-block-spacer{height:60px;}.wp-block-kadence-spacer.kt-block-spacer-2463_0c04a3-2d .kt-divider{border-top-width:1px;height:1px;width:80%;border-top-style:solid;}<\/style>\n<div class=\"wp-block-kadence-spacer aligncenter kt-block-spacer-2463_0c04a3-2d\"><div class=\"kt-block-spacer kt-block-spacer-halign-center\"><hr class=\"kt-divider\"\/><\/div><\/div>\n\n\n\n<p><strong>Nos conseillers<\/strong> sont l\u00e0 pour vous guider, du lundi au vendredi, de 9h \u00e0 17h30. Contactez-les au <strong>03 85 57 75 88<\/strong> ou par mail : <a rel=\"noreferrer noopener\" href=\"mailto:info@madin.fr\" target=\"_blank\">info@madin.fr<\/a>. Ils ne mordent pas, promis. <\/p>\n\n\n\n<p>Vous pouvez aussi utiliser le <strong>formulaire de contact <\/strong>en bas de cette page. <\/p>\n\n\n\n<p>Vous pouvez \u00e9galement vous servir de <strong>notre documentation en ligne<\/strong>, si vous voulez : <\/p>\n\n\n\n<ul class=\"wp-block-list\">\n<li><a data-type=\"page\" data-id=\"2443\" href=\"https:\/\/madin.fr\/schema-de-prise-de-cotes\/\">D\u00e9terminer la largeur de jante qu&rsquo;il vous faut, en prenant des mesures sur votre v\u00e9hicule. <\/a><\/li>\n\n\n\n<li><a data-type=\"page\" data-id=\"2459\" href=\"https:\/\/madin.fr\/largeur-des-jantes-mad-in\/\">Refaire une jante, mais vous n&rsquo;\u00eates pas s\u00fbr de sa largeur.<\/a><\/li>\n\n\n\n<li><a data-type=\"page\" data-id=\"2468\" href=\"https:\/\/madin.fr\/largeur-des-voiles-mad-in\/\">Remplacer un ancien voile de jante, mais vous n&rsquo;\u00eates pas s\u00fbr de la largeur.<\/a><\/li>\n<\/ul>\n\n\n\n<hr class=\"wp-block-separator has-css-opacity\"\/>\n\n\n<div class=\"wpforms-container wpforms-container-full wpforms-block wpforms-block-4a01f682-400d-4a0f-8c3e-5a7f07758a5d\" id=\"wpforms-2422\"><form id=\"wpforms-form-2422\" class=\"wpforms-validate wpforms-form wpforms-ajax-form\" data-formid=\"2422\" method=\"post\" enctype=\"multipart\/form-data\" action=\"\/ja\/wp-json\/wp\/v2\/pages\/2463\" data-token=\"805cc71be9865414314f031fcae0c241\" data-token-time=\"1776169017\"><div class=\"wpforms-head-container\"><div class=\"wpforms-title\">Ecrivez-nous ! <\/div><\/div><noscript class=\"wpforms-error-noscript\">\u3053\u306e\u30d5\u30a9\u30fc\u30e0\u306b\u5165\u529b\u3059\u308b\u306b\u306f\u3001\u30d6\u30e9\u30a6\u30b6\u30fc\u3067 JavaScript \u3092\u6709\u52b9\u306b\u3057\u3066\u304f\u3060\u3055\u3044\u3002<\/noscript><div class=\"wpforms-field-container\"><div id=\"wpforms-2422-field_0-container\" class=\"wpforms-field wpforms-field-name\" data-field-id=\"0\"><label class=\"wpforms-field-label\">Nom <span class=\"wpforms-required-label\">*<\/span><\/label><div class=\"wpforms-field-row wpforms-field-medium\"><div class=\"wpforms-field-row-block wpforms-first wpforms-one-half\"><input type=\"text\" id=\"wpforms-2422-field_0\" class=\"wpforms-field-name-first wpforms-field-required\" name=\"wpforms[fields][0][first]\" required><label for=\"wpforms-2422-field_0\" class=\"wpforms-field-sublabel after\">\u540d<\/label><\/div><div class=\"wpforms-field-row-block wpforms-one-half\"><input type=\"text\" id=\"wpforms-2422-field_0-last\" class=\"wpforms-field-name-last wpforms-field-required\" name=\"wpforms[fields][0][last]\" required><label for=\"wpforms-2422-field_0-last\" class=\"wpforms-field-sublabel after\">\u59d3<\/label><\/div><\/div><\/div><div id=\"wpforms-2422-field_1-container\" class=\"wpforms-field wpforms-field-email\" data-field-id=\"1\"><label class=\"wpforms-field-label\" for=\"wpforms-2422-field_1\">Email <span class=\"wpforms-required-label\">*<\/span><\/label><input type=\"email\" id=\"wpforms-2422-field_1\" class=\"wpforms-field-medium wpforms-field-required\" name=\"wpforms[fields][1]\" spellcheck=\"false\" required><\/div><div id=\"wpforms-2422-field_3-container\" class=\"wpforms-field wpforms-field-text\" data-field-id=\"3\"><label class=\"wpforms-field-label\" for=\"wpforms-2422-field_3\">T\u00e9l\u00e9phone<\/label><input type=\"text\" id=\"wpforms-2422-field_3\" class=\"wpforms-field-medium\" name=\"wpforms[fields][3]\" ><\/div><div id=\"wpforms-2422-field_2-container\" class=\"wpforms-field wpforms-field-textarea\" data-field-id=\"2\"><label class=\"wpforms-field-label\" for=\"wpforms-2422-field_2\">Votre message <span class=\"wpforms-required-label\">*<\/span><\/label><textarea id=\"wpforms-2422-field_2\" class=\"wpforms-field-medium wpforms-field-required\" name=\"wpforms[fields][2]\" placeholder=\"Comment pouvons-nous vous aider  ?\" required><\/textarea><\/div><\/div><!-- .wpforms-field-container --><div class=\"wpforms-recaptcha-container wpforms-is-recaptcha wpforms-is-recaptcha-type-v2\" ><div class=\"g-recaptcha\" data-sitekey=\"6LfcqaMgAAAAAB2kadA07Vi6xosxttbvmtxxgPa0\"><\/div><input type=\"text\" name=\"g-recaptcha-hidden\" class=\"wpforms-recaptcha-hidden\" style=\"position:absolute!important;clip:rect(0,0,0,0)!important;height:1px!important;width:1px!important;border:0!important;overflow:hidden!important;padding:0!important;margin:0!important;\" data-rule-recaptcha=\"1\"><\/div><div class=\"wpforms-submit-container\" ><input type=\"hidden\" name=\"wpforms[id]\" value=\"2422\"><input type=\"hidden\" name=\"page_title\" value=\"\"><input type=\"hidden\" name=\"page_url\" value=\"https:\/\/madin.fr\/ja\/wp-json\/wp\/v2\/pages\/2463\"><input type=\"hidden\" name=\"url_referer\" value=\"\"><button type=\"submit\" name=\"wpforms[submit]\" id=\"wpforms-submit-2422\" class=\"wpforms-submit\" data-alt-text=\"Envoi...\" data-submit-text=\"Envoyer\" aria-live=\"assertive\" value=\"wpforms-submit\">Envoyer<\/button><img decoding=\"async\" src=\"https:\/\/madin.fr\/wp-content\/plugins\/wpforms-lite\/assets\/images\/submit-spin.svg\" class=\"wpforms-submit-spinner\" style=\"display: none;\" width=\"26\" height=\"26\" alt=\"\u8aad\u307f\u8fbc\u307f\u4e2d\"><\/div><\/form><\/div>  <!-- .wpforms-container -->","protected":false},"excerpt":{"rendered":"<p>AIDE TECHNIQUE Nos conseillers sont l\u00e0 pour vous guider, du lundi au vendredi, de 9h \u00e0 17h30. Contactez-les au 03 85 57 75 88 ou par mail : info@madin.fr. Ils ne mordent pas, promis. Vous pouvez aussi utiliser le formulaire de contact en bas de cette page. Vous pouvez \u00e9galement vous servir de notre documentation en ligne, si vous voulez :<\/p>","protected":false},"author":1,"featured_media":0,"parent":0,"menu_order":0,"comment_status":"closed","ping_status":"closed","template":"","meta":{"_monsterinsights_skip_tracking":false,"_monsterinsights_sitenote_active":false,"_monsterinsights_sitenote_note":"","_monsterinsights_sitenote_category":0,"neve_meta_sidebar":"","neve_meta_container":"","neve_meta_enable_content_width":"on","neve_meta_content_width":70,"neve_meta_title_alignment":"","neve_meta_author_avatar":"","neve_post_elements_order":"","neve_meta_disable_header":"","neve_meta_disable_footer":"","neve_meta_disable_title":"on","_themeisle_gutenberg_block_has_review":false,"footnotes":""},"class_list":["post-2463","page","type-page","status-publish","hentry"],"yoast_head":"<!-- This site is optimized with the Yoast SEO plugin v27.3 - https:\/\/yoast.com\/product\/yoast-seo-wordpress\/ -->\n<title>Aide Technique - Mad In - Jantes sur-mesure<\/title>\n<meta name=\"description\" content=\"Aide technique pour trouver les jantes d\u00e9montables et 3 parties adapt\u00e9es : d\u00e9port, ET, entraxe, al\u00e9sage, largeur des voiles, largeur des jantes.\" \/>\n<meta name=\"robots\" content=\"index, follow, max-snippet:-1, max-image-preview:large, max-video-preview:-1\" \/>\n<link rel=\"canonical\" href=\"https:\/\/madin.fr\/ja\/technical-support\/\" \/>\n<meta property=\"og:locale\" content=\"ja_JP\" \/>\n<meta property=\"og:type\" content=\"article\" \/>\n<meta property=\"og:title\" content=\"Aide Technique - Mad In - Jantes sur-mesure\" \/>\n<meta property=\"og:description\" content=\"Aide technique pour trouver les jantes d\u00e9montables et 3 parties adapt\u00e9es : d\u00e9port, ET, entraxe, al\u00e9sage, largeur des voiles, largeur des jantes.\" \/>\n<meta property=\"og:url\" content=\"https:\/\/madin.fr\/ja\/technical-support\/\" \/>\n<meta property=\"og:site_name\" content=\"Mad In - Jantes sur-mesure\" \/>\n<meta property=\"article:publisher\" content=\"https:\/\/www.facebook.com\/madin.wheels\/\" \/>\n<meta property=\"article:modified_time\" content=\"2025-10-02T09:58:41+00:00\" \/>\n<meta name=\"twitter:card\" content=\"summary_large_image\" \/>\n<meta name=\"twitter:label1\" content=\"\u63a8\u5b9a\u8aad\u307f\u53d6\u308a\u6642\u9593\" \/>\n\t<meta name=\"twitter:data1\" content=\"1\u5206\" \/>\n<script type=\"application\/ld+json\" class=\"yoast-schema-graph\">{\"@context\":\"https:\\\/\\\/schema.org\",\"@graph\":[{\"@type\":\"WebPage\",\"@id\":\"https:\\\/\\\/madin.fr\\\/aide-technique\\\/\",\"url\":\"https:\\\/\\\/madin.fr\\\/aide-technique\\\/\",\"name\":\"Aide Technique - Mad In - Jantes sur-mesure\",\"isPartOf\":{\"@id\":\"https:\\\/\\\/madin.fr\\\/#website\"},\"datePublished\":\"2021-09-15T14:14:19+00:00\",\"dateModified\":\"2025-10-02T09:58:41+00:00\",\"description\":\"Aide technique pour trouver les jantes d\u00e9montables et 3 parties adapt\u00e9es : d\u00e9port, ET, entraxe, al\u00e9sage, largeur des voiles, largeur des jantes.\",\"breadcrumb\":{\"@id\":\"https:\\\/\\\/madin.fr\\\/aide-technique\\\/#breadcrumb\"},\"inLanguage\":\"ja\",\"potentialAction\":[{\"@type\":\"ReadAction\",\"target\":[\"https:\\\/\\\/madin.fr\\\/aide-technique\\\/\"]}]},{\"@type\":\"BreadcrumbList\",\"@id\":\"https:\\\/\\\/madin.fr\\\/aide-technique\\\/#breadcrumb\",\"itemListElement\":[{\"@type\":\"ListItem\",\"position\":1,\"name\":\"Accueil\",\"item\":\"https:\\\/\\\/madin.fr\\\/\"},{\"@type\":\"ListItem\",\"position\":2,\"name\":\"Aide Technique\"}]},{\"@type\":\"WebSite\",\"@id\":\"https:\\\/\\\/madin.fr\\\/#website\",\"url\":\"https:\\\/\\\/madin.fr\\\/\",\"name\":\"Mad In - Jantes sur-mesure\",\"description\":\"\",\"publisher\":{\"@id\":\"https:\\\/\\\/madin.fr\\\/#organization\"},\"potentialAction\":[{\"@type\":\"SearchAction\",\"target\":{\"@type\":\"EntryPoint\",\"urlTemplate\":\"https:\\\/\\\/madin.fr\\\/?s={search_term_string}\"},\"query-input\":{\"@type\":\"PropertyValueSpecification\",\"valueRequired\":true,\"valueName\":\"search_term_string\"}}],\"inLanguage\":\"ja\"},{\"@type\":\"Organization\",\"@id\":\"https:\\\/\\\/madin.fr\\\/#organization\",\"name\":\"Mad In\",\"url\":\"https:\\\/\\\/madin.fr\\\/\",\"logo\":{\"@type\":\"ImageObject\",\"inLanguage\":\"ja\",\"@id\":\"https:\\\/\\\/madin.fr\\\/#\\\/schema\\\/logo\\\/image\\\/\",\"url\":\"https:\\\/\\\/madin.fr\\\/wp-content\\\/uploads\\\/2021\\\/09\\\/Madin-logo-carre-bis-bis-bis.png\",\"contentUrl\":\"https:\\\/\\\/madin.fr\\\/wp-content\\\/uploads\\\/2021\\\/09\\\/Madin-logo-carre-bis-bis-bis.png\",\"width\":512,\"height\":507,\"caption\":\"Mad In\"},\"image\":{\"@id\":\"https:\\\/\\\/madin.fr\\\/#\\\/schema\\\/logo\\\/image\\\/\"},\"sameAs\":[\"https:\\\/\\\/www.facebook.com\\\/madin.wheels\\\/\",\"https:\\\/\\\/www.instagram.com\\\/madinwheels\\\/\"]}]}<\/script>\n<!-- \/ Yoast SEO plugin. -->","yoast_head_json":{"title":"MAD IN \u30ab\u30b9\u30bf\u30e0 \u30db\u30a4\u30fc\u30eb","description":"1975\u5e74\u4ee5\u6765\u3001MAD IN\u306f3\u30d4\u30fc\u30b9\u30db\u30a4\u30fc\u30eb\u3092\u751f\u7523\u3057\u3066\u3044\u307e\u3059\u3002\u5f53\u793e\u306e\u30ce\u30a6\u30cf\u30a6\u306f\u3001\u30d5\u30e9\u30f3\u30b9\u304a\u3088\u3073\u30e8\u30fc\u30ed\u30c3\u30d1\u5e02\u5834\u3067\u9ad8\u304f\u8a55\u4fa1\u3055\u308c\u3066\u3044\u307e\u3059\u3002\u30aa\u30d5\u30bb\u30c3\u30c8\u3001\u30dc\u30eb\u30c8\u30d1\u30bf\u30fc\u30f3\u3001\u30ea\u30e0\u5e45\u3001\u30dc\u30eb\u30c8\u304c\u5916\u304b\u3089\u898b\u3048\u308b\/\u898b\u3048\u306a\u3044\u3001\u30ab\u30e9\u30fc\u306a\u3069\u3001\u3059\u3079\u3066\u30ab\u30b9\u30bf\u30de\u30a4\u30ba\u53ef\u80fd\u3067\u3059\u3002MAD IN\u306e\u30a2\u30c9\u30d0\u30a4\u30b6\u30fc\u304c\u304a\u5ba2\u69d8\u306e\u611b\u8eca\u306b\u3074\u3063\u305f\u308a\u306e\u30db\u30a4\u30fc\u30eb\u3092\u898b\u3064\u3051\u308b\u304a\u624b\u4f1d\u3044\u3092\u3044\u305f\u3057\u307e\u3059\u3002","robots":{"index":"index","follow":"follow","max-snippet":"max-snippet:-1","max-image-preview":"max-image-preview:large","max-video-preview":"max-video-preview:-1"},"canonical":"https:\/\/madin.fr\/ja\/technical-support\/","og_locale":"ja_JP","og_type":"article","og_title":"Aide Technique - Mad In - Jantes sur-mesure","og_description":"Aide technique pour trouver les jantes d\u00e9montables et 3 parties adapt\u00e9es : d\u00e9port, ET, entraxe, al\u00e9sage, largeur des voiles, largeur des jantes.","og_url":"https:\/\/madin.fr\/ja\/technical-support\/","og_site_name":"Mad In - Jantes sur-mesure","article_publisher":"https:\/\/www.facebook.com\/madin.wheels\/","article_modified_time":"2025-10-02T09:58:41+00:00","twitter_card":"summary_large_image","twitter_misc":{"\u63a8\u5b9a\u8aad\u307f\u53d6\u308a\u6642\u9593":"1\u5206"},"schema":{"@context":"https:\/\/schema.org","@graph":[{"@type":"WebPage","@id":"https:\/\/madin.fr\/aide-technique\/","url":"https:\/\/madin.fr\/aide-technique\/","name":"MAD IN \u30ab\u30b9\u30bf\u30e0 \u30db\u30a4\u30fc\u30eb","isPartOf":{"@id":"https:\/\/madin.fr\/#website"},"datePublished":"2021-09-15T14:14:19+00:00","dateModified":"2025-10-02T09:58:41+00:00","description":"1975\u5e74\u4ee5\u6765\u3001MAD IN\u306f3\u30d4\u30fc\u30b9\u30db\u30a4\u30fc\u30eb\u3092\u751f\u7523\u3057\u3066\u3044\u307e\u3059\u3002\u5f53\u793e\u306e\u30ce\u30a6\u30cf\u30a6\u306f\u3001\u30d5\u30e9\u30f3\u30b9\u304a\u3088\u3073\u30e8\u30fc\u30ed\u30c3\u30d1\u5e02\u5834\u3067\u9ad8\u304f\u8a55\u4fa1\u3055\u308c\u3066\u3044\u307e\u3059\u3002\u30aa\u30d5\u30bb\u30c3\u30c8\u3001\u30dc\u30eb\u30c8\u30d1\u30bf\u30fc\u30f3\u3001\u30ea\u30e0\u5e45\u3001\u30dc\u30eb\u30c8\u304c\u5916\u304b\u3089\u898b\u3048\u308b\/\u898b\u3048\u306a\u3044\u3001\u30ab\u30e9\u30fc\u306a\u3069\u3001\u3059\u3079\u3066\u30ab\u30b9\u30bf\u30de\u30a4\u30ba\u53ef\u80fd\u3067\u3059\u3002MAD IN\u306e\u30a2\u30c9\u30d0\u30a4\u30b6\u30fc\u304c\u304a\u5ba2\u69d8\u306e\u611b\u8eca\u306b\u3074\u3063\u305f\u308a\u306e\u30db\u30a4\u30fc\u30eb\u3092\u898b\u3064\u3051\u308b\u304a\u624b\u4f1d\u3044\u3092\u3044\u305f\u3057\u307e\u3059\u3002","breadcrumb":{"@id":"https:\/\/madin.fr\/aide-technique\/#breadcrumb"},"inLanguage":"ja","potentialAction":[{"@type":"ReadAction","target":["https:\/\/madin.fr\/aide-technique\/"]}]},{"@type":"BreadcrumbList","@id":"https:\/\/madin.fr\/aide-technique\/#breadcrumb","itemListElement":[{"@type":"ListItem","position":1,"name":"Accueil","item":"https:\/\/madin.fr\/"},{"@type":"ListItem","position":2,"name":"Aide Technique"}]},{"@type":"WebSite","@id":"https:\/\/madin.fr\/#website","url":"https:\/\/madin.fr\/","name":"MAD IN \u30ab\u30b9\u30bf\u30e0 \u30db\u30a4\u30fc\u30eb","description":"","publisher":{"@id":"https:\/\/madin.fr\/#organization"},"potentialAction":[{"@type":"SearchAction","target":{"@type":"EntryPoint","urlTemplate":"https:\/\/madin.fr\/?s={search_term_string}"},"query-input":{"@type":"PropertyValueSpecification","valueRequired":true,"valueName":"search_term_string"}}],"inLanguage":"ja"},{"@type":"Organization","@id":"https:\/\/madin.fr\/#organization","name":"Mad In","url":"https:\/\/madin.fr\/","logo":{"@type":"ImageObject","inLanguage":"ja","@id":"https:\/\/madin.fr\/#\/schema\/logo\/image\/","url":"https:\/\/madin.fr\/wp-content\/uploads\/2021\/09\/Madin-logo-carre-bis-bis-bis.png","contentUrl":"https:\/\/madin.fr\/wp-content\/uploads\/2021\/09\/Madin-logo-carre-bis-bis-bis.png","width":512,"height":507,"caption":"Mad In"},"image":{"@id":"https:\/\/madin.fr\/#\/schema\/logo\/image\/"},"sameAs":["https:\/\/www.facebook.com\/madin.wheels\/","https:\/\/www.instagram.com\/madinwheels\/"]}]}},"jetpack_sharing_enabled":true,"_links":{"self":[{"href":"https:\/\/madin.fr\/ja\/wp-json\/wp\/v2\/pages\/2463","targetHints":{"allow":["GET"]}}],"collection":[{"href":"https:\/\/madin.fr\/ja\/wp-json\/wp\/v2\/pages"}],"about":[{"href":"https:\/\/madin.fr\/ja\/wp-json\/wp\/v2\/types\/page"}],"author":[{"embeddable":true,"href":"https:\/\/madin.fr\/ja\/wp-json\/wp\/v2\/users\/1"}],"replies":[{"embeddable":true,"href":"https:\/\/madin.fr\/ja\/wp-json\/wp\/v2\/comments?post=2463"}],"version-history":[{"count":5,"href":"https:\/\/madin.fr\/ja\/wp-json\/wp\/v2\/pages\/2463\/revisions"}],"predecessor-version":[{"id":5238,"href":"https:\/\/madin.fr\/ja\/wp-json\/wp\/v2\/pages\/2463\/revisions\/5238"}],"wp:attachment":[{"href":"https:\/\/madin.fr\/ja\/wp-json\/wp\/v2\/media?parent=2463"}],"curies":[{"name":"wp","href":"https:\/\/api.w.org\/{rel}","templated":true}]}}