{"id":2468,"date":"2021-09-15T17:09:38","date_gmt":"2021-09-15T15:09:38","guid":{"rendered":"https:\/\/madinjantessurmesur.live-website.com\/?page_id=2468"},"modified":"2025-10-02T12:05:34","modified_gmt":"2025-10-02T10:05:34","slug":"largeur-des-voiles","status":"publish","type":"page","link":"https:\/\/madin.fr\/ja\/lips-barrels-width\/","title":{"rendered":"Lips and Barrels' width"},"content":{"rendered":"<style>.wp-block-kadence-spacer.kt-block-spacer-2468_24cbc5-24 .kt-block-spacer{height:100px;}.wp-block-kadence-spacer.kt-block-spacer-2468_24cbc5-24 .kt-divider{border-top-width:1px;height:1px;width:80%;border-top-style:solid;}<\/style>\n<div class=\"wp-block-kadence-spacer aligncenter kt-block-spacer-2468_24cbc5-24\"><div class=\"kt-block-spacer kt-block-spacer-halign-center\"><hr class=\"kt-divider\"\/><\/div><\/div>\n\n\n\n<p class=\"has-neve-link-color-color has-text-color has-link-color has-x-large-font-size wp-elements-894207f44f2c41b88c802958bd76face\"><strong>Lips and Barrels' width<\/strong><\/p>\n\n\n<style>.wp-block-kadence-spacer.kt-block-spacer-2468_d96bd5-83 .kt-block-spacer{height:60px;}.wp-block-kadence-spacer.kt-block-spacer-2468_d96bd5-83 .kt-divider{border-top-width:1px;height:1px;width:80%;border-top-style:solid;}<\/style>\n<div class=\"wp-block-kadence-spacer aligncenter kt-block-spacer-2468_d96bd5-83\"><div class=\"kt-block-spacer kt-block-spacer-halign-center\"><hr class=\"kt-divider\"\/><\/div><\/div>\n\n\n\n<p>On the image hereunder, you will find the matches between Mad In lips and barrels' indicated widths (in inches) and the lips and barrels' widths as measured on the rims, in millimeters.\n\nBeware: As shown on the image, the \"l\" size includes the edges ! <\/p>\n\n\n\n<figure class=\"wp-block-image size-large\"><img fetchpriority=\"high\" decoding=\"async\" width=\"724\" height=\"1024\" src=\"https:\/\/madin.fr\/wp-content\/uploads\/2021\/09\/largeur-couronnes-page-001-724x1024.jpg\" alt=\"\" class=\"wp-image-2469\" srcset=\"https:\/\/madin.fr\/wp-content\/uploads\/2021\/09\/largeur-couronnes-page-001-724x1024.jpg 724w, https:\/\/madin.fr\/wp-content\/uploads\/2021\/09\/largeur-couronnes-page-001-scaled-600x848.jpg 600w, https:\/\/madin.fr\/wp-content\/uploads\/2021\/09\/largeur-couronnes-page-001-212x300.jpg 212w, https:\/\/madin.fr\/wp-content\/uploads\/2021\/09\/largeur-couronnes-page-001-768x1086.jpg 768w, https:\/\/madin.fr\/wp-content\/uploads\/2021\/09\/largeur-couronnes-page-001-1086x1536.jpg 1086w, https:\/\/madin.fr\/wp-content\/uploads\/2021\/09\/largeur-couronnes-page-001-1448x2048.jpg 1448w, https:\/\/madin.fr\/wp-content\/uploads\/2021\/09\/largeur-couronnes-page-001-1320x1866.jpg 1320w, https:\/\/madin.fr\/wp-content\/uploads\/2021\/09\/largeur-couronnes-page-001-scaled.jpg 1811w\" sizes=\"(max-width: 724px) 100vw, 724px\" \/><\/figure>\n\n\n\n<p>If you have any doubt, do not hesitate to <a href=\"https:\/\/madin.fr\/ja\/contact-us\/\">contact us<\/a>. <\/p>\n\n\n\n<p><\/p>","protected":false},"excerpt":{"rendered":"<p>LARGEUR DES VOILES MAD IN Ci-dessous une explication des largeurs de voiles Mad In. Les largeurs \u00ab\u00a0l\u00a0\u00bb en millim\u00e8tres incluent la bordure ! En cas de doutes, n&rsquo;h\u00e9sitez pas \u00e0 nous contacter.<\/p>","protected":false},"author":1,"featured_media":0,"parent":0,"menu_order":0,"comment_status":"closed","ping_status":"closed","template":"","meta":{"_monsterinsights_skip_tracking":false,"_monsterinsights_sitenote_active":false,"_monsterinsights_sitenote_note":"","_monsterinsights_sitenote_category":0,"neve_meta_sidebar":"","neve_meta_container":"","neve_meta_enable_content_width":"on","neve_meta_content_width":66,"neve_meta_title_alignment":"","neve_meta_author_avatar":"","neve_post_elements_order":"","neve_meta_disable_header":"","neve_meta_disable_footer":"","neve_meta_disable_title":"on","_themeisle_gutenberg_block_has_review":false,"footnotes":""},"class_list":["post-2468","page","type-page","status-publish","hentry"],"yoast_head":"<!-- This site is optimized with the Yoast SEO plugin v27.4 - https:\/\/yoast.com\/product\/yoast-seo-wordpress\/ -->\n<title>Largeur des voiles Mad In - Mad In - Jantes sur-mesure<\/title>\n<meta name=\"description\" content=\"D\u00e9couvrez les diff\u00e9rentes largeur de voiles de jantes possibles et les correspondance entre pouces et millim\u00e8tres. Couronnes, tonneaux etc.\" \/>\n<meta name=\"robots\" content=\"index, follow, max-snippet:-1, max-image-preview:large, max-video-preview:-1\" \/>\n<link rel=\"canonical\" href=\"https:\/\/madin.fr\/ja\/lips-barrels-width\/\" \/>\n<meta property=\"og:locale\" content=\"ja_JP\" \/>\n<meta property=\"og:type\" content=\"article\" \/>\n<meta property=\"og:title\" content=\"Largeur des voiles Mad In - Mad In - Jantes sur-mesure\" \/>\n<meta property=\"og:description\" content=\"D\u00e9couvrez les diff\u00e9rentes largeur de voiles de jantes possibles et les correspondance entre pouces et millim\u00e8tres. Couronnes, tonneaux etc.\" \/>\n<meta property=\"og:url\" content=\"https:\/\/madin.fr\/ja\/lips-barrels-width\/\" \/>\n<meta property=\"og:site_name\" content=\"Mad In - Jantes sur-mesure\" \/>\n<meta property=\"article:publisher\" content=\"https:\/\/www.facebook.com\/madin.wheels\/\" \/>\n<meta property=\"article:modified_time\" content=\"2025-10-02T10:05:34+00:00\" \/>\n<meta property=\"og:image\" content=\"https:\/\/madin.fr\/wp-content\/uploads\/2021\/09\/largeur-couronnes-page-001-scaled.jpg\" \/>\n\t<meta property=\"og:image:width\" content=\"1811\" \/>\n\t<meta property=\"og:image:height\" content=\"2560\" \/>\n\t<meta property=\"og:image:type\" content=\"image\/jpeg\" \/>\n<meta name=\"twitter:card\" content=\"summary_large_image\" \/>\n<meta name=\"twitter:label1\" content=\"\u63a8\u5b9a\u8aad\u307f\u53d6\u308a\u6642\u9593\" \/>\n\t<meta name=\"twitter:data1\" content=\"1\u5206\" \/>\n<script type=\"application\/ld+json\" class=\"yoast-schema-graph\">{\"@context\":\"https:\\\/\\\/schema.org\",\"@graph\":[{\"@type\":\"WebPage\",\"@id\":\"https:\\\/\\\/madin.fr\\\/largeur-des-voiles\\\/\",\"url\":\"https:\\\/\\\/madin.fr\\\/largeur-des-voiles\\\/\",\"name\":\"Largeur des voiles Mad In - Mad In - Jantes sur-mesure\",\"isPartOf\":{\"@id\":\"https:\\\/\\\/madin.fr\\\/#website\"},\"primaryImageOfPage\":{\"@id\":\"https:\\\/\\\/madin.fr\\\/largeur-des-voiles\\\/#primaryimage\"},\"image\":{\"@id\":\"https:\\\/\\\/madin.fr\\\/largeur-des-voiles\\\/#primaryimage\"},\"thumbnailUrl\":\"https:\\\/\\\/madin.fr\\\/wp-content\\\/uploads\\\/2021\\\/09\\\/largeur-couronnes-page-001-724x1024.jpg\",\"datePublished\":\"2021-09-15T15:09:38+00:00\",\"dateModified\":\"2025-10-02T10:05:34+00:00\",\"description\":\"D\u00e9couvrez les diff\u00e9rentes largeur de voiles de jantes possibles et les correspondance entre pouces et millim\u00e8tres. Couronnes, tonneaux etc.\",\"breadcrumb\":{\"@id\":\"https:\\\/\\\/madin.fr\\\/largeur-des-voiles\\\/#breadcrumb\"},\"inLanguage\":\"ja\",\"potentialAction\":[{\"@type\":\"ReadAction\",\"target\":[\"https:\\\/\\\/madin.fr\\\/largeur-des-voiles\\\/\"]}]},{\"@type\":\"ImageObject\",\"inLanguage\":\"ja\",\"@id\":\"https:\\\/\\\/madin.fr\\\/largeur-des-voiles\\\/#primaryimage\",\"url\":\"https:\\\/\\\/madin.fr\\\/wp-content\\\/uploads\\\/2021\\\/09\\\/largeur-couronnes-page-001-724x1024.jpg\",\"contentUrl\":\"https:\\\/\\\/madin.fr\\\/wp-content\\\/uploads\\\/2021\\\/09\\\/largeur-couronnes-page-001-724x1024.jpg\"},{\"@type\":\"BreadcrumbList\",\"@id\":\"https:\\\/\\\/madin.fr\\\/largeur-des-voiles\\\/#breadcrumb\",\"itemListElement\":[{\"@type\":\"ListItem\",\"position\":1,\"name\":\"Accueil\",\"item\":\"https:\\\/\\\/madin.fr\\\/\"},{\"@type\":\"ListItem\",\"position\":2,\"name\":\"Largeur des voiles Mad In\"}]},{\"@type\":\"WebSite\",\"@id\":\"https:\\\/\\\/madin.fr\\\/#website\",\"url\":\"https:\\\/\\\/madin.fr\\\/\",\"name\":\"Mad In - Jantes sur-mesure\",\"description\":\"\",\"publisher\":{\"@id\":\"https:\\\/\\\/madin.fr\\\/#organization\"},\"potentialAction\":[{\"@type\":\"SearchAction\",\"target\":{\"@type\":\"EntryPoint\",\"urlTemplate\":\"https:\\\/\\\/madin.fr\\\/?s={search_term_string}\"},\"query-input\":{\"@type\":\"PropertyValueSpecification\",\"valueRequired\":true,\"valueName\":\"search_term_string\"}}],\"inLanguage\":\"ja\"},{\"@type\":\"Organization\",\"@id\":\"https:\\\/\\\/madin.fr\\\/#organization\",\"name\":\"Mad In\",\"url\":\"https:\\\/\\\/madin.fr\\\/\",\"logo\":{\"@type\":\"ImageObject\",\"inLanguage\":\"ja\",\"@id\":\"https:\\\/\\\/madin.fr\\\/#\\\/schema\\\/logo\\\/image\\\/\",\"url\":\"https:\\\/\\\/madin.fr\\\/wp-content\\\/uploads\\\/2021\\\/09\\\/Madin-logo-carre-bis-bis-bis.png\",\"contentUrl\":\"https:\\\/\\\/madin.fr\\\/wp-content\\\/uploads\\\/2021\\\/09\\\/Madin-logo-carre-bis-bis-bis.png\",\"width\":512,\"height\":507,\"caption\":\"Mad In\"},\"image\":{\"@id\":\"https:\\\/\\\/madin.fr\\\/#\\\/schema\\\/logo\\\/image\\\/\"},\"sameAs\":[\"https:\\\/\\\/www.facebook.com\\\/madin.wheels\\\/\",\"https:\\\/\\\/www.instagram.com\\\/madinwheels\\\/\"]}]}<\/script>\n<!-- \/ Yoast SEO plugin. -->","yoast_head_json":{"title":"MAD IN \u30ab\u30b9\u30bf\u30e0 \u30db\u30a4\u30fc\u30eb","description":"1975\u5e74\u4ee5\u6765\u3001MAD IN\u306f3\u30d4\u30fc\u30b9\u30db\u30a4\u30fc\u30eb\u3092\u751f\u7523\u3057\u3066\u3044\u307e\u3059\u3002\u5f53\u793e\u306e\u30ce\u30a6\u30cf\u30a6\u306f\u3001\u30d5\u30e9\u30f3\u30b9\u304a\u3088\u3073\u30e8\u30fc\u30ed\u30c3\u30d1\u5e02\u5834\u3067\u9ad8\u304f\u8a55\u4fa1\u3055\u308c\u3066\u3044\u307e\u3059\u3002\u30aa\u30d5\u30bb\u30c3\u30c8\u3001\u30dc\u30eb\u30c8\u30d1\u30bf\u30fc\u30f3\u3001\u30ea\u30e0\u5e45\u3001\u30dc\u30eb\u30c8\u304c\u5916\u304b\u3089\u898b\u3048\u308b\/\u898b\u3048\u306a\u3044\u3001\u30ab\u30e9\u30fc\u306a\u3069\u3001\u3059\u3079\u3066\u30ab\u30b9\u30bf\u30de\u30a4\u30ba\u53ef\u80fd\u3067\u3059\u3002MAD IN\u306e\u30a2\u30c9\u30d0\u30a4\u30b6\u30fc\u304c\u304a\u5ba2\u69d8\u306e\u611b\u8eca\u306b\u3074\u3063\u305f\u308a\u306e\u30db\u30a4\u30fc\u30eb\u3092\u898b\u3064\u3051\u308b\u304a\u624b\u4f1d\u3044\u3092\u3044\u305f\u3057\u307e\u3059\u3002","robots":{"index":"index","follow":"follow","max-snippet":"max-snippet:-1","max-image-preview":"max-image-preview:large","max-video-preview":"max-video-preview:-1"},"canonical":"https:\/\/madin.fr\/ja\/lips-barrels-width\/","og_locale":"ja_JP","og_type":"article","og_title":"Largeur des voiles Mad In - Mad In - Jantes sur-mesure","og_description":"D\u00e9couvrez les diff\u00e9rentes largeur de voiles de jantes possibles et les correspondance entre pouces et millim\u00e8tres. Couronnes, tonneaux etc.","og_url":"https:\/\/madin.fr\/ja\/lips-barrels-width\/","og_site_name":"Mad In - Jantes sur-mesure","article_publisher":"https:\/\/www.facebook.com\/madin.wheels\/","article_modified_time":"2025-10-02T10:05:34+00:00","og_image":[{"width":1811,"height":2560,"url":"https:\/\/madin.fr\/wp-content\/uploads\/2021\/09\/largeur-couronnes-page-001-scaled.jpg","type":"image\/jpeg"}],"twitter_card":"summary_large_image","twitter_misc":{"\u63a8\u5b9a\u8aad\u307f\u53d6\u308a\u6642\u9593":"1\u5206"},"schema":{"@context":"https:\/\/schema.org","@graph":[{"@type":"WebPage","@id":"https:\/\/madin.fr\/largeur-des-voiles\/","url":"https:\/\/madin.fr\/largeur-des-voiles\/","name":"MAD IN \u30ab\u30b9\u30bf\u30e0 \u30db\u30a4\u30fc\u30eb","isPartOf":{"@id":"https:\/\/madin.fr\/#website"},"primaryImageOfPage":{"@id":"https:\/\/madin.fr\/largeur-des-voiles\/#primaryimage"},"image":{"@id":"https:\/\/madin.fr\/largeur-des-voiles\/#primaryimage"},"thumbnailUrl":"https:\/\/madin.fr\/wp-content\/uploads\/2021\/09\/largeur-couronnes-page-001-724x1024.jpg","datePublished":"2021-09-15T15:09:38+00:00","dateModified":"2025-10-02T10:05:34+00:00","description":"1975\u5e74\u4ee5\u6765\u3001MAD IN\u306f3\u30d4\u30fc\u30b9\u30db\u30a4\u30fc\u30eb\u3092\u751f\u7523\u3057\u3066\u3044\u307e\u3059\u3002\u5f53\u793e\u306e\u30ce\u30a6\u30cf\u30a6\u306f\u3001\u30d5\u30e9\u30f3\u30b9\u304a\u3088\u3073\u30e8\u30fc\u30ed\u30c3\u30d1\u5e02\u5834\u3067\u9ad8\u304f\u8a55\u4fa1\u3055\u308c\u3066\u3044\u307e\u3059\u3002\u30aa\u30d5\u30bb\u30c3\u30c8\u3001\u30dc\u30eb\u30c8\u30d1\u30bf\u30fc\u30f3\u3001\u30ea\u30e0\u5e45\u3001\u30dc\u30eb\u30c8\u304c\u5916\u304b\u3089\u898b\u3048\u308b\/\u898b\u3048\u306a\u3044\u3001\u30ab\u30e9\u30fc\u306a\u3069\u3001\u3059\u3079\u3066\u30ab\u30b9\u30bf\u30de\u30a4\u30ba\u53ef\u80fd\u3067\u3059\u3002MAD IN\u306e\u30a2\u30c9\u30d0\u30a4\u30b6\u30fc\u304c\u304a\u5ba2\u69d8\u306e\u611b\u8eca\u306b\u3074\u3063\u305f\u308a\u306e\u30db\u30a4\u30fc\u30eb\u3092\u898b\u3064\u3051\u308b\u304a\u624b\u4f1d\u3044\u3092\u3044\u305f\u3057\u307e\u3059\u3002","breadcrumb":{"@id":"https:\/\/madin.fr\/largeur-des-voiles\/#breadcrumb"},"inLanguage":"ja","potentialAction":[{"@type":"ReadAction","target":["https:\/\/madin.fr\/largeur-des-voiles\/"]}]},{"@type":"ImageObject","inLanguage":"ja","@id":"https:\/\/madin.fr\/largeur-des-voiles\/#primaryimage","url":"https:\/\/madin.fr\/wp-content\/uploads\/2021\/09\/largeur-couronnes-page-001-724x1024.jpg","contentUrl":"https:\/\/madin.fr\/wp-content\/uploads\/2021\/09\/largeur-couronnes-page-001-724x1024.jpg"},{"@type":"BreadcrumbList","@id":"https:\/\/madin.fr\/largeur-des-voiles\/#breadcrumb","itemListElement":[{"@type":"ListItem","position":1,"name":"Accueil","item":"https:\/\/madin.fr\/"},{"@type":"ListItem","position":2,"name":"Largeur des voiles Mad In"}]},{"@type":"WebSite","@id":"https:\/\/madin.fr\/#website","url":"https:\/\/madin.fr\/","name":"MAD IN \u30ab\u30b9\u30bf\u30e0 \u30db\u30a4\u30fc\u30eb","description":"","publisher":{"@id":"https:\/\/madin.fr\/#organization"},"potentialAction":[{"@type":"SearchAction","target":{"@type":"EntryPoint","urlTemplate":"https:\/\/madin.fr\/?s={search_term_string}"},"query-input":{"@type":"PropertyValueSpecification","valueRequired":true,"valueName":"search_term_string"}}],"inLanguage":"ja"},{"@type":"Organization","@id":"https:\/\/madin.fr\/#organization","name":"Mad In","url":"https:\/\/madin.fr\/","logo":{"@type":"ImageObject","inLanguage":"ja","@id":"https:\/\/madin.fr\/#\/schema\/logo\/image\/","url":"https:\/\/madin.fr\/wp-content\/uploads\/2021\/09\/Madin-logo-carre-bis-bis-bis.png","contentUrl":"https:\/\/madin.fr\/wp-content\/uploads\/2021\/09\/Madin-logo-carre-bis-bis-bis.png","width":512,"height":507,"caption":"Mad In"},"image":{"@id":"https:\/\/madin.fr\/#\/schema\/logo\/image\/"},"sameAs":["https:\/\/www.facebook.com\/madin.wheels\/","https:\/\/www.instagram.com\/madinwheels\/"]}]}},"jetpack_sharing_enabled":true,"_links":{"self":[{"href":"https:\/\/madin.fr\/ja\/wp-json\/wp\/v2\/pages\/2468","targetHints":{"allow":["GET"]}}],"collection":[{"href":"https:\/\/madin.fr\/ja\/wp-json\/wp\/v2\/pages"}],"about":[{"href":"https:\/\/madin.fr\/ja\/wp-json\/wp\/v2\/types\/page"}],"author":[{"embeddable":true,"href":"https:\/\/madin.fr\/ja\/wp-json\/wp\/v2\/users\/1"}],"replies":[{"embeddable":true,"href":"https:\/\/madin.fr\/ja\/wp-json\/wp\/v2\/comments?post=2468"}],"version-history":[{"count":4,"href":"https:\/\/madin.fr\/ja\/wp-json\/wp\/v2\/pages\/2468\/revisions"}],"predecessor-version":[{"id":5244,"href":"https:\/\/madin.fr\/ja\/wp-json\/wp\/v2\/pages\/2468\/revisions\/5244"}],"wp:attachment":[{"href":"https:\/\/madin.fr\/ja\/wp-json\/wp\/v2\/media?parent=2468"}],"curies":[{"name":"wp","href":"https:\/\/api.w.org\/{rel}","templated":true}]}}