{"id":2543,"date":"2021-09-17T13:01:36","date_gmt":"2021-09-17T11:01:36","guid":{"rendered":"https:\/\/madinjantessurmesur.live-website.com\/?page_id=2543"},"modified":"2025-10-02T11:34:21","modified_gmt":"2025-10-02T09:34:21","slug":"nos-jantes","status":"publish","type":"page","link":"https:\/\/madin.fr\/ja\/online-shop\/our-wheels\/","title":{"rendered":"MAD IN\u306e\u30db\u30a4\u30fc\u30eb"},"content":{"rendered":"<style>.wp-block-kadence-spacer.kt-block-spacer-2543_fc387c-5b .kt-block-spacer{height:60px;}.wp-block-kadence-spacer.kt-block-spacer-2543_fc387c-5b .kt-divider{border-top-width:1px;height:1px;border-top-color:#eee;width:80%;border-top-style:solid;}<\/style>\n<div class=\"wp-block-kadence-spacer aligncenter kt-block-spacer-2543_fc387c-5b\"><div class=\"kt-block-spacer kt-block-spacer-halign-center\"><hr class=\"kt-divider\"\/><\/div><\/div>\n\n\n\n<p class=\"has-neve-link-color-color has-text-color has-link-color has-x-large-font-size wp-elements-d3dd0314efa98fdbbd23a2ab8ed57228\"><strong>NOS JANTES<\/strong><\/p>\n\n\n<style>.wp-block-kadence-spacer.kt-block-spacer-2543_c3da74-bf .kt-block-spacer{height:60px;}.wp-block-kadence-spacer.kt-block-spacer-2543_c3da74-bf .kt-divider{border-top-width:1px;height:1px;border-top-color:#eee;width:80%;border-top-style:solid;}<\/style>\n<div class=\"wp-block-kadence-spacer aligncenter kt-block-spacer-2543_c3da74-bf\"><div class=\"kt-block-spacer kt-block-spacer-halign-center\"><hr class=\"kt-divider\"\/><\/div><\/div>\n\n\n<style>.wp-block-kadence-advancedgallery .kb-gallery-type-grid.kb-gallery-id-2543_d6ced6-18{margin:-5px;}.kb-gallery-type-grid.kb-gallery-id-2543_d6ced6-18 .kadence-blocks-gallery-item{padding:5px;}.kb-gallery-id-2543_d6ced6-18 .kadence-blocks-gallery-item .kb-gal-image-radius, .kb-gallery-id-2543_d6ced6-18 .kb-slide-item .kb-gal-image-radius img{border-radius:0px 0px 0px 0px;;}.kb-gallery-id-2543_d6ced6-18 .kadence-blocks-gallery-item .kadence-blocks-gallery-item-inner .kadence-blocks-gallery-item__caption{font-size:40px;line-height:82px;}.kb-gallery-caption-style-bottom.kb-gallery-id-2543_d6ced6-18 .kadence-blocks-gallery-item .kadence-blocks-gallery-item-inner .kadence-blocks-gallery-item__caption, .kb-gallery-caption-style-bottom-hover.kb-gallery-id-2543_d6ced6-18 .kadence-blocks-gallery-item .kadence-blocks-gallery-item-inner .kadence-blocks-gallery-item__caption{background:linear-gradient(0deg, var(--nv-text-color) 0, rgba(0, 0, 0, 0) 100%);}<\/style><div class=\"kb-gallery-wrap-id-2543_d6ced6-18 alignnone wp-block-kadence-advancedgallery\"><ul class=\"kb-gallery-ul kb-gallery-non-static kb-gallery-type-grid kb-gallery-id-2543_d6ced6-18 kb-gallery-caption-style-bottom-hover kb-gallery-filter-none\" data-image-filter=\"none\" data-item-selector=\".kadence-blocks-gallery-item\" data-lightbox-caption=\"true\" data-columns-xxl=\"2\" data-columns-xl=\"2\" data-columns-md=\"2\" data-columns-sm=\"2\" data-columns-xs=\"1\" data-columns-ss=\"1\"><li class=\"kadence-blocks-gallery-item\"><div class=\"kadence-blocks-gallery-item-inner\"><figure class=\"kb-gallery-figure kb-gallery-item-has-link kadence-blocks-gallery-item-has-caption\"><a href=\"https:\/\/madin.fr\/ja\/online-shop\/our-wheels\/historic-wheels\/\" class=\"kb-gallery-item-link\"  ><div class=\"kb-gal-image-radius\"><div class=\"kb-gallery-image-contain kadence-blocks-gallery-intrinsic kb-gallery-image-ratio-square kb-has-image-ratio-square\" ><img fetchpriority=\"high\" decoding=\"async\" src=\"https:\/\/madin.fr\/wp-content\/uploads\/2021\/09\/1C_jaune-1024x683.jpg\" width=\"1024\" height=\"683\" alt=\"jante jaune pour alpine a110 berlinette\" data-full-image=\"https:\/\/madin.fr\/wp-content\/uploads\/2021\/09\/1C_jaune-scaled.jpg\" data-light-image=\"https:\/\/madin.fr\/wp-content\/uploads\/2021\/09\/1C_jaune-scaled.jpg\" data-id=\"4585\" class=\"wp-image-4585\" srcset=\"https:\/\/madin.fr\/wp-content\/uploads\/2021\/09\/1C_jaune-1024x683.jpg 1024w, https:\/\/madin.fr\/wp-content\/uploads\/2021\/09\/1C_jaune-300x200.jpg 300w, https:\/\/madin.fr\/wp-content\/uploads\/2021\/09\/1C_jaune-768x512.jpg 768w, https:\/\/madin.fr\/wp-content\/uploads\/2021\/09\/1C_jaune-1536x1024.jpg 1536w, https:\/\/madin.fr\/wp-content\/uploads\/2021\/09\/1C_jaune-2048x1365.jpg 2048w, https:\/\/madin.fr\/wp-content\/uploads\/2021\/09\/1C_jaune-18x12.jpg 18w, https:\/\/madin.fr\/wp-content\/uploads\/2021\/09\/1C_jaune-930x620.jpg 930w, https:\/\/madin.fr\/wp-content\/uploads\/2021\/09\/1C_jaune-600x400.jpg 600w\" sizes=\"(max-width: 1024px) 100vw, 1024px\" \/><\/div><div class=\"kadence-blocks-gallery-item__caption\">\u30d2\u30b9\u30c8\u30ea\u30c3\u30af\u30fb\u30db\u30a4\u30fc\u30eb<\/div><\/div><\/a><\/figure><\/div><\/li><li class=\"kadence-blocks-gallery-item\"><div class=\"kadence-blocks-gallery-item-inner\"><figure class=\"kb-gallery-figure kb-gallery-item-has-link kadence-blocks-gallery-item-has-caption\"><a href=\"https:\/\/madin.fr\/ja\/online-shop\/our-wheels\/forged-tailored-wheels\/\" class=\"kb-gallery-item-link\"  ><div class=\"kb-gal-image-radius\"><div class=\"kb-gallery-image-contain kadence-blocks-gallery-intrinsic kb-gallery-image-ratio-square kb-has-image-ratio-square\" ><img decoding=\"async\" src=\"https:\/\/madin.fr\/wp-content\/uploads\/2021\/09\/DSCF4403-5200k-contraste-redim-carre.jpg\" width=\"1024\" height=\"1024\" alt=\"\" data-full-image=\"https:\/\/madin.fr\/wp-content\/uploads\/2021\/09\/DSCF4403-5200k-contraste-redim-carre.jpg\" data-light-image=\"https:\/\/madin.fr\/wp-content\/uploads\/2021\/09\/DSCF4403-5200k-contraste-redim-carre.jpg\" data-id=\"4287\" class=\"wp-image-4287\" srcset=\"https:\/\/madin.fr\/wp-content\/uploads\/2021\/09\/DSCF4403-5200k-contraste-redim-carre.jpg 1024w, https:\/\/madin.fr\/wp-content\/uploads\/2021\/09\/DSCF4403-5200k-contraste-redim-carre-300x300.jpg 300w, https:\/\/madin.fr\/wp-content\/uploads\/2021\/09\/DSCF4403-5200k-contraste-redim-carre-150x150.jpg 150w, https:\/\/madin.fr\/wp-content\/uploads\/2021\/09\/DSCF4403-5200k-contraste-redim-carre-768x768.jpg 768w, https:\/\/madin.fr\/wp-content\/uploads\/2021\/09\/DSCF4403-5200k-contraste-redim-carre-12x12.jpg 12w, https:\/\/madin.fr\/wp-content\/uploads\/2021\/09\/DSCF4403-5200k-contraste-redim-carre-600x600.jpg 600w, https:\/\/madin.fr\/wp-content\/uploads\/2021\/09\/DSCF4403-5200k-contraste-redim-carre-100x100.jpg 100w\" sizes=\"(max-width: 1024px) 100vw, 1024px\" \/><\/div><div class=\"kadence-blocks-gallery-item__caption\">\u935b\u9020\u30db\u30a4\u30fc\u30eb<\/div><\/div><\/a><\/figure><\/div><\/li><\/ul><\/div>\n\n<style>.wp-block-kadence-spacer.kt-block-spacer-2543_e4489c-27 .kt-block-spacer{height:60px;}.wp-block-kadence-spacer.kt-block-spacer-2543_e4489c-27 .kt-divider{border-top-width:1px;height:1px;border-top-color:#eee;width:80%;border-top-style:solid;}<\/style>\n<div class=\"wp-block-kadence-spacer aligncenter kt-block-spacer-2543_e4489c-27\"><div class=\"kt-block-spacer kt-block-spacer-halign-center\"><hr class=\"kt-divider\"\/><\/div><\/div>\n\n\n\n<p>\u30af\u30eb\u30de\u306f\u307e\u3059\u307e\u3059\u6a19\u6e96\u5316\u3055\u308c\u3001\u6642\u306b\u5473\u6c17\u306a\u3055\u3092\u611f\u3058\u308b\u4e2d\u3067\u3001\u81ea\u5206\u306e\u30af\u30eb\u30de\u3092\u81ea\u5206\u3089\u3057\u304f\u30d1\u30fc\u30bd\u30ca\u30e9\u30a4\u30ba\u3059\u308b\u53ef\u80fd\u6027\u306a\u3069\u3001\u306a\u304b\u306a\u304b\u3042\u308a\u307e\u305b\u3093\u3002 <\/p>\n\n\n\n<p>\u4ed6\u306e\u30af\u30eb\u30de\u3068\u306f\u3061\u3087\u3063\u3068\u9055\u3046\u3001\u6ce8\u76ee\u3055\u308c\u305f\u3044\u3001\u305d\u3093\u306a\u30af\u30eb\u30de\u597d\u304d\u306e\u65b9\u3005\u306b\u304a\u3059\u3059\u3081\u3057\u305f\u3044\u306e\u304c\u3001\u3053\u306e\u9ad8\u54c1\u8cea\u30ab\u30b9\u30bf\u30e0\u30db\u30a4\u30fc\u30eb\u3067\u3059\u3002 <\/p>\n\n\n\n<p>MAD IN\u306e\u4f7f\u547d\u306f\u3001\u3060\u308c\u3082\u304c\u81ea\u5206\u306e\u30af\u30eb\u30de\u3068\u65e5\u3005\u306e\u751f\u6d3b\u306b\u81ea\u5206\u3089\u3057\u3055\u306e\u30a8\u30c3\u30bb\u30f3\u30b9\u3092\u52a0\u3048\u308b\u3053\u3068\u304c\u3067\u304d\u308b\u3088\u3046\u306b\u3059\u308b\u3053\u3068\u3067\u3059\u3002\u305d\u308c\u304c\u30ce\u30b9\u30bf\u30eb\u30b8\u30c3\u30af\u3060\u3063\u305f\u308a\u5922\u60f3\u7684\u3067\u3042\u3063\u305f\u3068\u3057\u3066\u3082\u3002<\/p>\n\n\n\n<p class=\"translation-block\">70\u5e74\u4ee3\u300180\u5e74\u4ee3\u306e\u5049\u5927\u306a\u30ab\u30fc\u30ec\u30fc\u30b9\u6642\u4ee3\u7279\u6709\u306e\u4f1d\u7d71\u7684\u306a\u30b9\u30bf\u30a4\u30eb\u3084\u30aa\u30ea\u30b8\u30ca\u30ea\u30c6\u30a3\u3092\u30d2\u30b9\u30c8\u30ea\u30ab\u30eb\u30b7\u30ea\u30fc\u30ba\u3067\u518d\u73fe\u3057\u305f\u308a\u3001\u935b\u9020\u30db\u30a4\u30fc\u30eb\u30b7\u30ea\u30fc\u30ba\u3067\u4e16\u754c\u306b\u3072\u3068\u3064\u3057\u304b\u306a\u3044\u3001\u307e\u3063\u305f\u304f\u65b0\u3057\u3044\u30c7\u30b6\u30a4\u30f3\u306e\u30db\u30a4\u30fc\u30eb\u3092\u624b\u306b\u5165\u308c\u305f\u308a\u3001\u3069\u306e\u304a\u5ba2\u69d8\u3082\u7686\u3055\u307e\u3001\u611b\u8eca\u3092\u3088\u308a\u7d20\u6575\u306b\u3059\u308bMAD IN\u306e\u4ed5\u4e8b\u306b\u3054\u6e80\u8db3\u3055\u308c\u3066\u3044\u307e\u3059\u3002<\/p>\n\n\n\n<p><\/p>\n\n\n\n<p>\u30b9\u30dd\u30fc\u30c4\u30ab\u30fc\u7528\u306e\u30db\u30a4\u30fc\u30eb\uff08Porsche\u3001Alpine\u3001Ferrari\u3001Nissan\u2026\uff09\u3092\u304a\u63a2\u3057\u3067\u3059\u304b\uff1f\u3042\u308b\u3044\u306f\u30d2\u30b9\u30c8\u30ea\u30c3\u30af\u30fb\u30ec\u30fc\u30b7\u30f3\u30b0\u30ab\u30fc\uff08VHC\uff09\u306e\u30ea\u30e0\uff08R8 Gordini\u3001Dauphine\u3001R5 Turbo\u3001R5 Alpine\u3001R12\u30012CV\u3001Berlinette\u3001Simca\u3001Alfa GTV6\u3001Opel Kadett\u3001Ford Escort RS2000\u3001Peugeot 205\u3001Matra Djet\u3001Lancia Delta\u3001Marcadier\u2026\uff09\u3092\u304a\u63a2\u3057\u3067\u3059\u304b\uff1fMAD IN\u306a\u3089\u3053\u306e\u30ab\u30c6\u30b4\u30ea\u30fc\u306e\u3059\u3079\u3066\u306e\u8eca\u7a2e\u3068\u30c6\u30a4\u30b9\u30c8\u306e\u30ea\u30e0\u3092\u63c3\u3048\u3066\u3044\u307e\u3059\u3002<\/p>\n\n\n\n<p>MAD IN\u3067\u306f\u30aa\u30fc\u30c0\u30fc\u30e1\u30a4\u30c9\u306e\u30ea\u30e0\u3092\u304a\u4f5c\u308a\u3057\u3066\u3044\u307e\u3059\u306e\u3067\u3001\u30b5\u30a4\u30c9\u30ab\u30fc\u7528\u3001\u30d0\u30a4\u30af\u7528\u3001\u30d5\u30a9\u30fc\u30df\u30e5\u30e9\u7528\uff08\u30d5\u30a9\u30fc\u30df\u30e5\u30e9\u30fb\u30d5\u30a9\u30fc\u30c9\u3001\u30d5\u30a9\u30fc\u30df\u30e5\u30e9\u30fb\u30eb\u30ce\u30fc\u306a\u3069\uff09\u3001\u30b7\u30f3\u30b0\u30eb\u30b7\u30fc\u30bf\u30fc\u7528\uff08Norma\u3001 Tatuus\u3001Van Diemen\u3001Mygale\u3001Martini\u3001PRM\u3001BRC\u3001Grac\u3001Osella\uff09\u3001\u3055\u3089\u306b\u30d7\u30ed\u30c8\u30bf\u30a4\u30d7\u7528\u306e\u30ea\u30e0\u3067\u3082\u3001\u5fc5\u305a\u3084\u3054\u6e80\u8db3\u3044\u305f\u3060\u3051\u308b\u3082\u306e\u3092\u3054\u63d0\u4f9b\u3067\u304d\u308b\u3067\u3057\u3087\u3046\u3002<\/p>\n\n\n\n<p>\u3054\u81ea\u8eab\u306e\u30af\u30eb\u30de\u306b\u9069\u3057\u305f\u30ea\u30e0\u304c\u308f\u304b\u3089\u306a\u3044\u5834\u5408\u306f\u3001\u3054\u9060\u616e\u306a\u304f\u304a\u554f\u3044\u5408\u308f\u305b\u304f\u3060\u3055\u3044\u3002\u304a\u5ba2\u69d8\u306e\u30ab\u30b9\u30bf\u30e0\u30e1\u30a4\u30c9\u30fb\u30ea\u30e0\u306b\u3064\u3044\u3066\u306f\u3001\u30ab\u30b9\u30bf\u30e0\u30e1\u30a4\u30c9\u3067\u30a2\u30c9\u30d0\u30a4\u30b9\u3092\u5dee\u3057\u4e0a\u3052\u307e\u3059\u3002\ud83d\ude09<\/p>\n\n\n\n<div class=\"wp-block-buttons is-content-justification-center is-layout-flex wp-container-core-buttons-is-layout-16018d1d wp-block-buttons-is-layout-flex\">\n<div class=\"wp-block-button has-custom-width wp-block-button__width-25 is-style-default\"><a class=\"wp-block-button__link has-nv-site-bg-color has-neve-link-color-background-color has-text-color has-background has-link-color wp-element-button\" href=\"https:\/\/madin.fr\/ja\/contact-us\/\">\u304a\u554f\u3044\u5408\u308f\u305b<\/a><\/div>\n<\/div>\n\n\n\n<p><\/p>","protected":false},"excerpt":{"rendered":"<p>NOS JANTES Dans un monde o\u00f9 les v\u00e9hicules sont de plus en plus standardis\u00e9s et parfois, il faut le dire, fades, les possibilit\u00e9s de personnaliser son v\u00e9hicule sont peu nombreuses. A ceux qui veulent se d\u00e9marquer et avoir la voiture qu&rsquo;ils veulent vraiment, s&rsquo;offre une possibilit\u00e9 : avoir des roues sur-mesure, de haute qualit\u00e9. C&rsquo;est dans cette d\u00e9marche que nous nous engageons : permettre \u00e0 chacun, nostalgique ou visionnaire, d&rsquo;apporter sa touche d&rsquo;originalit\u00e9 sur son v\u00e9hicule et dans son quotidien. Qu&rsquo;il s&rsquo;agisse de renouer avec une tradition de style et d&rsquo;originalit\u00e9 qui remonte aux grandes ann\u00e9es de la course des ann\u00e9es 70 et 80 avec notre gamme historique, ou d&rsquo;innover&hellip;&nbsp;<a href=\"https:\/\/madin.fr\/ja\/online-shop\/our-wheels\/\" rel=\"bookmark\">\u7d9a\u304d\u3092\u8aad\u3080 &raquo;<span class=\"screen-reader-text\">MAD IN\u306e\u30db\u30a4\u30fc\u30eb<\/span><\/a><\/p>","protected":false},"author":1,"featured_media":0,"parent":3855,"menu_order":0,"comment_status":"closed","ping_status":"closed","template":"","meta":{"_monsterinsights_skip_tracking":false,"_monsterinsights_sitenote_active":false,"_monsterinsights_sitenote_note":"","_monsterinsights_sitenote_category":0,"neve_meta_sidebar":"","neve_meta_container":"","neve_meta_enable_content_width":"on","neve_meta_content_width":66,"neve_meta_title_alignment":"","neve_meta_author_avatar":"","neve_post_elements_order":"","neve_meta_disable_header":"","neve_meta_disable_footer":"","neve_meta_disable_title":"on","_themeisle_gutenberg_block_has_review":false,"footnotes":""},"class_list":["post-2543","page","type-page","status-publish","hentry"],"yoast_head":"<!-- This site is optimized with the Yoast SEO plugin v27.4 - https:\/\/yoast.com\/product\/yoast-seo-wordpress\/ -->\n<title>Nos jantes - Mad In - Jantes sur-mesure<\/title>\n<meta name=\"description\" content=\"Jantes d\u00e9montables, 3 parties et sur-mesure. Jantes en aluminium moul\u00e9 ou forg\u00e9. Voiles de jantes en aluminium ou inox.\" \/>\n<meta name=\"robots\" content=\"index, follow, max-snippet:-1, max-image-preview:large, max-video-preview:-1\" \/>\n<link rel=\"canonical\" href=\"https:\/\/madin.fr\/ja\/online-shop\/our-wheels\/\" \/>\n<meta property=\"og:locale\" content=\"ja_JP\" \/>\n<meta property=\"og:type\" content=\"article\" \/>\n<meta property=\"og:title\" content=\"Nos jantes - Mad In - Jantes sur-mesure\" \/>\n<meta property=\"og:description\" content=\"Jantes d\u00e9montables, 3 parties et sur-mesure. Jantes en aluminium moul\u00e9 ou forg\u00e9. Voiles de jantes en aluminium ou inox.\" \/>\n<meta property=\"og:url\" content=\"https:\/\/madin.fr\/ja\/online-shop\/our-wheels\/\" \/>\n<meta property=\"og:site_name\" content=\"Mad In - Jantes sur-mesure\" \/>\n<meta property=\"article:publisher\" content=\"https:\/\/www.facebook.com\/madin.wheels\/\" \/>\n<meta property=\"article:modified_time\" content=\"2025-10-02T09:34:21+00:00\" \/>\n<meta name=\"twitter:card\" content=\"summary_large_image\" \/>\n<meta name=\"twitter:label1\" content=\"\u63a8\u5b9a\u8aad\u307f\u53d6\u308a\u6642\u9593\" \/>\n\t<meta name=\"twitter:data1\" content=\"2\u5206\" \/>\n<script type=\"application\/ld+json\" class=\"yoast-schema-graph\">{\"@context\":\"https:\\\/\\\/schema.org\",\"@graph\":[{\"@type\":\"WebPage\",\"@id\":\"https:\\\/\\\/madin.fr\\\/boutique\\\/nos-jantes\\\/\",\"url\":\"https:\\\/\\\/madin.fr\\\/boutique\\\/nos-jantes\\\/\",\"name\":\"Nos jantes - Mad In - Jantes sur-mesure\",\"isPartOf\":{\"@id\":\"https:\\\/\\\/madin.fr\\\/#website\"},\"datePublished\":\"2021-09-17T11:01:36+00:00\",\"dateModified\":\"2025-10-02T09:34:21+00:00\",\"description\":\"Jantes d\u00e9montables, 3 parties et sur-mesure. Jantes en aluminium moul\u00e9 ou forg\u00e9. Voiles de jantes en aluminium ou inox.\",\"breadcrumb\":{\"@id\":\"https:\\\/\\\/madin.fr\\\/boutique\\\/nos-jantes\\\/#breadcrumb\"},\"inLanguage\":\"ja\",\"potentialAction\":[{\"@type\":\"ReadAction\",\"target\":[\"https:\\\/\\\/madin.fr\\\/boutique\\\/nos-jantes\\\/\"]}]},{\"@type\":\"BreadcrumbList\",\"@id\":\"https:\\\/\\\/madin.fr\\\/boutique\\\/nos-jantes\\\/#breadcrumb\",\"itemListElement\":[{\"@type\":\"ListItem\",\"position\":1,\"name\":\"Accueil\",\"item\":\"https:\\\/\\\/madin.fr\\\/\"},{\"@type\":\"ListItem\",\"position\":2,\"name\":\"LA BOUTIQUE\",\"item\":\"https:\\\/\\\/madin.fr\\\/boutique\\\/\"},{\"@type\":\"ListItem\",\"position\":3,\"name\":\"Nos jantes\"}]},{\"@type\":\"WebSite\",\"@id\":\"https:\\\/\\\/madin.fr\\\/#website\",\"url\":\"https:\\\/\\\/madin.fr\\\/\",\"name\":\"Mad In - Jantes sur-mesure\",\"description\":\"\",\"publisher\":{\"@id\":\"https:\\\/\\\/madin.fr\\\/#organization\"},\"potentialAction\":[{\"@type\":\"SearchAction\",\"target\":{\"@type\":\"EntryPoint\",\"urlTemplate\":\"https:\\\/\\\/madin.fr\\\/?s={search_term_string}\"},\"query-input\":{\"@type\":\"PropertyValueSpecification\",\"valueRequired\":true,\"valueName\":\"search_term_string\"}}],\"inLanguage\":\"ja\"},{\"@type\":\"Organization\",\"@id\":\"https:\\\/\\\/madin.fr\\\/#organization\",\"name\":\"Mad In\",\"url\":\"https:\\\/\\\/madin.fr\\\/\",\"logo\":{\"@type\":\"ImageObject\",\"inLanguage\":\"ja\",\"@id\":\"https:\\\/\\\/madin.fr\\\/#\\\/schema\\\/logo\\\/image\\\/\",\"url\":\"https:\\\/\\\/madin.fr\\\/wp-content\\\/uploads\\\/2021\\\/09\\\/Madin-logo-carre-bis-bis-bis.png\",\"contentUrl\":\"https:\\\/\\\/madin.fr\\\/wp-content\\\/uploads\\\/2021\\\/09\\\/Madin-logo-carre-bis-bis-bis.png\",\"width\":512,\"height\":507,\"caption\":\"Mad In\"},\"image\":{\"@id\":\"https:\\\/\\\/madin.fr\\\/#\\\/schema\\\/logo\\\/image\\\/\"},\"sameAs\":[\"https:\\\/\\\/www.facebook.com\\\/madin.wheels\\\/\",\"https:\\\/\\\/www.instagram.com\\\/madinwheels\\\/\"]}]}<\/script>\n<!-- \/ Yoast SEO plugin. -->","yoast_head_json":{"title":"MAD IN \u30ab\u30b9\u30bf\u30e0 \u30db\u30a4\u30fc\u30eb","description":"1975\u5e74\u4ee5\u6765\u3001MAD IN\u306f3\u30d4\u30fc\u30b9\u30db\u30a4\u30fc\u30eb\u3092\u751f\u7523\u3057\u3066\u3044\u307e\u3059\u3002\u5f53\u793e\u306e\u30ce\u30a6\u30cf\u30a6\u306f\u3001\u30d5\u30e9\u30f3\u30b9\u304a\u3088\u3073\u30e8\u30fc\u30ed\u30c3\u30d1\u5e02\u5834\u3067\u9ad8\u304f\u8a55\u4fa1\u3055\u308c\u3066\u3044\u307e\u3059\u3002\u30aa\u30d5\u30bb\u30c3\u30c8\u3001\u30dc\u30eb\u30c8\u30d1\u30bf\u30fc\u30f3\u3001\u30ea\u30e0\u5e45\u3001\u30dc\u30eb\u30c8\u304c\u5916\u304b\u3089\u898b\u3048\u308b\/\u898b\u3048\u306a\u3044\u3001\u30ab\u30e9\u30fc\u306a\u3069\u3001\u3059\u3079\u3066\u30ab\u30b9\u30bf\u30de\u30a4\u30ba\u53ef\u80fd\u3067\u3059\u3002MAD IN\u306e\u30a2\u30c9\u30d0\u30a4\u30b6\u30fc\u304c\u304a\u5ba2\u69d8\u306e\u611b\u8eca\u306b\u3074\u3063\u305f\u308a\u306e\u30db\u30a4\u30fc\u30eb\u3092\u898b\u3064\u3051\u308b\u304a\u624b\u4f1d\u3044\u3092\u3044\u305f\u3057\u307e\u3059\u3002","robots":{"index":"index","follow":"follow","max-snippet":"max-snippet:-1","max-image-preview":"max-image-preview:large","max-video-preview":"max-video-preview:-1"},"canonical":"https:\/\/madin.fr\/ja\/online-shop\/our-wheels\/","og_locale":"ja_JP","og_type":"article","og_title":"Nos jantes - Mad In - Jantes sur-mesure","og_description":"Jantes d\u00e9montables, 3 parties et sur-mesure. Jantes en aluminium moul\u00e9 ou forg\u00e9. Voiles de jantes en aluminium ou inox.","og_url":"https:\/\/madin.fr\/ja\/online-shop\/our-wheels\/","og_site_name":"Mad In - Jantes sur-mesure","article_publisher":"https:\/\/www.facebook.com\/madin.wheels\/","article_modified_time":"2025-10-02T09:34:21+00:00","twitter_card":"summary_large_image","twitter_misc":{"\u63a8\u5b9a\u8aad\u307f\u53d6\u308a\u6642\u9593":"2\u5206"},"schema":{"@context":"https:\/\/schema.org","@graph":[{"@type":"WebPage","@id":"https:\/\/madin.fr\/boutique\/nos-jantes\/","url":"https:\/\/madin.fr\/boutique\/nos-jantes\/","name":"MAD IN \u30ab\u30b9\u30bf\u30e0 \u30db\u30a4\u30fc\u30eb","isPartOf":{"@id":"https:\/\/madin.fr\/#website"},"datePublished":"2021-09-17T11:01:36+00:00","dateModified":"2025-10-02T09:34:21+00:00","description":"1975\u5e74\u4ee5\u6765\u3001MAD IN\u306f3\u30d4\u30fc\u30b9\u30db\u30a4\u30fc\u30eb\u3092\u751f\u7523\u3057\u3066\u3044\u307e\u3059\u3002\u5f53\u793e\u306e\u30ce\u30a6\u30cf\u30a6\u306f\u3001\u30d5\u30e9\u30f3\u30b9\u304a\u3088\u3073\u30e8\u30fc\u30ed\u30c3\u30d1\u5e02\u5834\u3067\u9ad8\u304f\u8a55\u4fa1\u3055\u308c\u3066\u3044\u307e\u3059\u3002\u30aa\u30d5\u30bb\u30c3\u30c8\u3001\u30dc\u30eb\u30c8\u30d1\u30bf\u30fc\u30f3\u3001\u30ea\u30e0\u5e45\u3001\u30dc\u30eb\u30c8\u304c\u5916\u304b\u3089\u898b\u3048\u308b\/\u898b\u3048\u306a\u3044\u3001\u30ab\u30e9\u30fc\u306a\u3069\u3001\u3059\u3079\u3066\u30ab\u30b9\u30bf\u30de\u30a4\u30ba\u53ef\u80fd\u3067\u3059\u3002MAD IN\u306e\u30a2\u30c9\u30d0\u30a4\u30b6\u30fc\u304c\u304a\u5ba2\u69d8\u306e\u611b\u8eca\u306b\u3074\u3063\u305f\u308a\u306e\u30db\u30a4\u30fc\u30eb\u3092\u898b\u3064\u3051\u308b\u304a\u624b\u4f1d\u3044\u3092\u3044\u305f\u3057\u307e\u3059\u3002","breadcrumb":{"@id":"https:\/\/madin.fr\/boutique\/nos-jantes\/#breadcrumb"},"inLanguage":"ja","potentialAction":[{"@type":"ReadAction","target":["https:\/\/madin.fr\/boutique\/nos-jantes\/"]}]},{"@type":"BreadcrumbList","@id":"https:\/\/madin.fr\/boutique\/nos-jantes\/#breadcrumb","itemListElement":[{"@type":"ListItem","position":1,"name":"Accueil","item":"https:\/\/madin.fr\/"},{"@type":"ListItem","position":2,"name":"LA BOUTIQUE","item":"https:\/\/madin.fr\/boutique\/"},{"@type":"ListItem","position":3,"name":"Nos jantes"}]},{"@type":"WebSite","@id":"https:\/\/madin.fr\/#website","url":"https:\/\/madin.fr\/","name":"MAD IN \u30ab\u30b9\u30bf\u30e0 \u30db\u30a4\u30fc\u30eb","description":"","publisher":{"@id":"https:\/\/madin.fr\/#organization"},"potentialAction":[{"@type":"SearchAction","target":{"@type":"EntryPoint","urlTemplate":"https:\/\/madin.fr\/?s={search_term_string}"},"query-input":{"@type":"PropertyValueSpecification","valueRequired":true,"valueName":"search_term_string"}}],"inLanguage":"ja"},{"@type":"Organization","@id":"https:\/\/madin.fr\/#organization","name":"Mad In","url":"https:\/\/madin.fr\/","logo":{"@type":"ImageObject","inLanguage":"ja","@id":"https:\/\/madin.fr\/#\/schema\/logo\/image\/","url":"https:\/\/madin.fr\/wp-content\/uploads\/2021\/09\/Madin-logo-carre-bis-bis-bis.png","contentUrl":"https:\/\/madin.fr\/wp-content\/uploads\/2021\/09\/Madin-logo-carre-bis-bis-bis.png","width":512,"height":507,"caption":"Mad In"},"image":{"@id":"https:\/\/madin.fr\/#\/schema\/logo\/image\/"},"sameAs":["https:\/\/www.facebook.com\/madin.wheels\/","https:\/\/www.instagram.com\/madinwheels\/"]}]}},"jetpack_sharing_enabled":true,"_links":{"self":[{"href":"https:\/\/madin.fr\/ja\/wp-json\/wp\/v2\/pages\/2543","targetHints":{"allow":["GET"]}}],"collection":[{"href":"https:\/\/madin.fr\/ja\/wp-json\/wp\/v2\/pages"}],"about":[{"href":"https:\/\/madin.fr\/ja\/wp-json\/wp\/v2\/types\/page"}],"author":[{"embeddable":true,"href":"https:\/\/madin.fr\/ja\/wp-json\/wp\/v2\/users\/1"}],"replies":[{"embeddable":true,"href":"https:\/\/madin.fr\/ja\/wp-json\/wp\/v2\/comments?post=2543"}],"version-history":[{"count":14,"href":"https:\/\/madin.fr\/ja\/wp-json\/wp\/v2\/pages\/2543\/revisions"}],"predecessor-version":[{"id":5230,"href":"https:\/\/madin.fr\/ja\/wp-json\/wp\/v2\/pages\/2543\/revisions\/5230"}],"up":[{"embeddable":true,"href":"https:\/\/madin.fr\/ja\/wp-json\/wp\/v2\/pages\/3855"}],"wp:attachment":[{"href":"https:\/\/madin.fr\/ja\/wp-json\/wp\/v2\/media?parent=2543"}],"curies":[{"name":"wp","href":"https:\/\/api.w.org\/{rel}","templated":true}]}}