{"id":2570,"date":"2021-09-17T14:41:27","date_gmt":"2021-09-17T12:41:27","guid":{"rendered":"https:\/\/madinjantessurmesur.live-website.com\/?page_id=2570"},"modified":"2022-01-27T15:54:57","modified_gmt":"2022-01-27T14:54:57","slug":"assemblage","status":"publish","type":"page","link":"https:\/\/madin.fr\/ja\/threepiece-wheels\/assemblage\/","title":{"rendered":"Assembly"},"content":{"rendered":"<p>Le serrage des voiles \u00e0 la partie centrale s&rsquo;effectue soit avec des vis BHC en M6 (couple de serrage 1.6 kg), soit avec de la visserie Torx M7 (couple de serrage 2.8 kg), disponible en plusieurs coloris (chrom\u00e9, poli, noir et or).<\/p>\n\n\n\n<p>L&rsquo;\u00e9tanch\u00e9it\u00e9 est r\u00e9alis\u00e9e avec un silicone sp\u00e9cifique dont nous avons valid\u00e9 la formule avec notre fournisseur historique. Par le pass\u00e9 l&rsquo;\u00e9tanch\u00e9it\u00e9 \u00e9tait assur\u00e9e par un joint torique, mais ce syst\u00e8me perdant de son efficacit\u00e9 au fur et \u00e0 mesure que le caoutchouc vieillit, nous avons d\u00e9cid\u00e9 de l&rsquo;abandonner. <\/p>","protected":false},"excerpt":{"rendered":"<p>Le serrage des voiles \u00e0 la partie centrale s&rsquo;effectue soit avec des vis BHC en M6 (couple de serrage 1.6 kg), soit avec de la visserie Torx M7 (couple de serrage 2.8 kg), disponible en plusieurs coloris (chrom\u00e9, poli, noir et or). L&rsquo;\u00e9tanch\u00e9it\u00e9 est r\u00e9alis\u00e9e avec un silicone sp\u00e9cifique dont nous avons valid\u00e9 la formule avec notre fournisseur historique. Par le pass\u00e9 l&rsquo;\u00e9tanch\u00e9it\u00e9 \u00e9tait assur\u00e9e par un joint torique, mais ce syst\u00e8me perdant de son efficacit\u00e9 au fur et \u00e0 mesure que le caoutchouc vieillit, nous avons d\u00e9cid\u00e9 de l&rsquo;abandonner.<\/p>","protected":false},"author":1,"featured_media":0,"parent":2551,"menu_order":0,"comment_status":"closed","ping_status":"closed","template":"","meta":{"_monsterinsights_skip_tracking":false,"_monsterinsights_sitenote_active":false,"_monsterinsights_sitenote_note":"","_monsterinsights_sitenote_category":0,"neve_meta_sidebar":"","neve_meta_container":"","neve_meta_enable_content_width":"on","neve_meta_content_width":66,"neve_meta_title_alignment":"","neve_meta_author_avatar":"","neve_post_elements_order":"","neve_meta_disable_header":"","neve_meta_disable_footer":"","neve_meta_disable_title":"off","_themeisle_gutenberg_block_has_review":false,"footnotes":""},"class_list":["post-2570","page","type-page","status-publish","hentry"],"yoast_head":"<!-- This site is optimized with the Yoast SEO plugin v27.5 - https:\/\/yoast.com\/product\/yoast-seo-wordpress\/ -->\n<title>Assemblage - Mad In - Jantes sur-mesure<\/title>\n<meta name=\"robots\" content=\"index, follow, max-snippet:-1, max-image-preview:large, max-video-preview:-1\" \/>\n<link rel=\"canonical\" href=\"https:\/\/madin.fr\/ja\/threepiece-wheels\/assemblage\/\" \/>\n<meta property=\"og:locale\" content=\"ja_JP\" \/>\n<meta property=\"og:type\" content=\"article\" \/>\n<meta property=\"og:title\" content=\"Assemblage - Mad In - Jantes sur-mesure\" \/>\n<meta property=\"og:description\" content=\"Le serrage des voiles \u00e0 la partie centrale s&rsquo;effectue soit avec des vis BHC en M6 (couple de serrage 1.6 kg), soit avec de la visserie Torx M7 (couple de serrage 2.8 kg), disponible en plusieurs coloris (chrom\u00e9, poli, noir et or). L&rsquo;\u00e9tanch\u00e9it\u00e9 est r\u00e9alis\u00e9e avec un silicone sp\u00e9cifique dont nous avons valid\u00e9 la formule avec notre fournisseur historique. Par le pass\u00e9 l&rsquo;\u00e9tanch\u00e9it\u00e9 \u00e9tait assur\u00e9e par un joint torique, mais ce syst\u00e8me perdant de son efficacit\u00e9 au fur et \u00e0 mesure que le caoutchouc vieillit, nous avons d\u00e9cid\u00e9 de l&rsquo;abandonner.\" \/>\n<meta property=\"og:url\" content=\"https:\/\/madin.fr\/ja\/threepiece-wheels\/assemblage\/\" \/>\n<meta property=\"og:site_name\" content=\"Mad In - Jantes sur-mesure\" \/>\n<meta property=\"article:publisher\" content=\"https:\/\/www.facebook.com\/madin.wheels\/\" \/>\n<meta property=\"article:modified_time\" content=\"2022-01-27T14:54:57+00:00\" \/>\n<meta name=\"twitter:card\" content=\"summary_large_image\" \/>\n<meta name=\"twitter:label1\" content=\"\u63a8\u5b9a\u8aad\u307f\u53d6\u308a\u6642\u9593\" \/>\n\t<meta name=\"twitter:data1\" content=\"1\u5206\" \/>\n<script type=\"application\/ld+json\" class=\"yoast-schema-graph\">{\"@context\":\"https:\\\/\\\/schema.org\",\"@graph\":[{\"@type\":\"WebPage\",\"@id\":\"https:\\\/\\\/madin.fr\\\/la-jante-demontable\\\/assemblage\\\/\",\"url\":\"https:\\\/\\\/madin.fr\\\/la-jante-demontable\\\/assemblage\\\/\",\"name\":\"Assemblage - Mad In - Jantes sur-mesure\",\"isPartOf\":{\"@id\":\"https:\\\/\\\/madin.fr\\\/#website\"},\"datePublished\":\"2021-09-17T12:41:27+00:00\",\"dateModified\":\"2022-01-27T14:54:57+00:00\",\"breadcrumb\":{\"@id\":\"https:\\\/\\\/madin.fr\\\/la-jante-demontable\\\/assemblage\\\/#breadcrumb\"},\"inLanguage\":\"ja\",\"potentialAction\":[{\"@type\":\"ReadAction\",\"target\":[\"https:\\\/\\\/madin.fr\\\/la-jante-demontable\\\/assemblage\\\/\"]}]},{\"@type\":\"BreadcrumbList\",\"@id\":\"https:\\\/\\\/madin.fr\\\/la-jante-demontable\\\/assemblage\\\/#breadcrumb\",\"itemListElement\":[{\"@type\":\"ListItem\",\"position\":1,\"name\":\"Accueil\",\"item\":\"https:\\\/\\\/madin.fr\\\/\"},{\"@type\":\"ListItem\",\"position\":2,\"name\":\"La jante d\u00e9montable\",\"item\":\"https:\\\/\\\/madin.fr\\\/la-jante-demontable\\\/\"},{\"@type\":\"ListItem\",\"position\":3,\"name\":\"Assemblage\"}]},{\"@type\":\"WebSite\",\"@id\":\"https:\\\/\\\/madin.fr\\\/#website\",\"url\":\"https:\\\/\\\/madin.fr\\\/\",\"name\":\"Mad In - Jantes sur-mesure\",\"description\":\"\",\"publisher\":{\"@id\":\"https:\\\/\\\/madin.fr\\\/#organization\"},\"potentialAction\":[{\"@type\":\"SearchAction\",\"target\":{\"@type\":\"EntryPoint\",\"urlTemplate\":\"https:\\\/\\\/madin.fr\\\/?s={search_term_string}\"},\"query-input\":{\"@type\":\"PropertyValueSpecification\",\"valueRequired\":true,\"valueName\":\"search_term_string\"}}],\"inLanguage\":\"ja\"},{\"@type\":\"Organization\",\"@id\":\"https:\\\/\\\/madin.fr\\\/#organization\",\"name\":\"Mad In\",\"url\":\"https:\\\/\\\/madin.fr\\\/\",\"logo\":{\"@type\":\"ImageObject\",\"inLanguage\":\"ja\",\"@id\":\"https:\\\/\\\/madin.fr\\\/#\\\/schema\\\/logo\\\/image\\\/\",\"url\":\"https:\\\/\\\/madin.fr\\\/wp-content\\\/uploads\\\/2021\\\/09\\\/Madin-logo-carre-bis-bis-bis.png\",\"contentUrl\":\"https:\\\/\\\/madin.fr\\\/wp-content\\\/uploads\\\/2021\\\/09\\\/Madin-logo-carre-bis-bis-bis.png\",\"width\":512,\"height\":507,\"caption\":\"Mad In\"},\"image\":{\"@id\":\"https:\\\/\\\/madin.fr\\\/#\\\/schema\\\/logo\\\/image\\\/\"},\"sameAs\":[\"https:\\\/\\\/www.facebook.com\\\/madin.wheels\\\/\",\"https:\\\/\\\/www.instagram.com\\\/madinwheels\\\/\"]}]}<\/script>\n<!-- \/ Yoast SEO plugin. -->","yoast_head_json":{"title":"Assemblage - Mad In - Jantes sur-mesure","robots":{"index":"index","follow":"follow","max-snippet":"max-snippet:-1","max-image-preview":"max-image-preview:large","max-video-preview":"max-video-preview:-1"},"canonical":"https:\/\/madin.fr\/ja\/threepiece-wheels\/assemblage\/","og_locale":"ja_JP","og_type":"article","og_title":"Assemblage - Mad In - Jantes sur-mesure","og_description":"Le serrage des voiles \u00e0 la partie centrale s&rsquo;effectue soit avec des vis BHC en M6 (couple de serrage 1.6 kg), soit avec de la visserie Torx M7 (couple de serrage 2.8 kg), disponible en plusieurs coloris (chrom\u00e9, poli, noir et or). L&rsquo;\u00e9tanch\u00e9it\u00e9 est r\u00e9alis\u00e9e avec un silicone sp\u00e9cifique dont nous avons valid\u00e9 la formule avec notre fournisseur historique. Par le pass\u00e9 l&rsquo;\u00e9tanch\u00e9it\u00e9 \u00e9tait assur\u00e9e par un joint torique, mais ce syst\u00e8me perdant de son efficacit\u00e9 au fur et \u00e0 mesure que le caoutchouc vieillit, nous avons d\u00e9cid\u00e9 de l&rsquo;abandonner.","og_url":"https:\/\/madin.fr\/ja\/threepiece-wheels\/assemblage\/","og_site_name":"Mad In - Jantes sur-mesure","article_publisher":"https:\/\/www.facebook.com\/madin.wheels\/","article_modified_time":"2022-01-27T14:54:57+00:00","twitter_card":"summary_large_image","twitter_misc":{"\u63a8\u5b9a\u8aad\u307f\u53d6\u308a\u6642\u9593":"1\u5206"},"schema":{"@context":"https:\/\/schema.org","@graph":[{"@type":"WebPage","@id":"https:\/\/madin.fr\/la-jante-demontable\/assemblage\/","url":"https:\/\/madin.fr\/la-jante-demontable\/assemblage\/","name":"Assemblage - Mad In - Jantes sur-mesure","isPartOf":{"@id":"https:\/\/madin.fr\/#website"},"datePublished":"2021-09-17T12:41:27+00:00","dateModified":"2022-01-27T14:54:57+00:00","breadcrumb":{"@id":"https:\/\/madin.fr\/la-jante-demontable\/assemblage\/#breadcrumb"},"inLanguage":"ja","potentialAction":[{"@type":"ReadAction","target":["https:\/\/madin.fr\/la-jante-demontable\/assemblage\/"]}]},{"@type":"BreadcrumbList","@id":"https:\/\/madin.fr\/la-jante-demontable\/assemblage\/#breadcrumb","itemListElement":[{"@type":"ListItem","position":1,"name":"Accueil","item":"https:\/\/madin.fr\/"},{"@type":"ListItem","position":2,"name":"La jante d\u00e9montable","item":"https:\/\/madin.fr\/la-jante-demontable\/"},{"@type":"ListItem","position":3,"name":"Assemblage"}]},{"@type":"WebSite","@id":"https:\/\/madin.fr\/#website","url":"https:\/\/madin.fr\/","name":"MAD IN \u30ab\u30b9\u30bf\u30e0 \u30db\u30a4\u30fc\u30eb","description":"","publisher":{"@id":"https:\/\/madin.fr\/#organization"},"potentialAction":[{"@type":"SearchAction","target":{"@type":"EntryPoint","urlTemplate":"https:\/\/madin.fr\/?s={search_term_string}"},"query-input":{"@type":"PropertyValueSpecification","valueRequired":true,"valueName":"search_term_string"}}],"inLanguage":"ja"},{"@type":"Organization","@id":"https:\/\/madin.fr\/#organization","name":"Mad In","url":"https:\/\/madin.fr\/","logo":{"@type":"ImageObject","inLanguage":"ja","@id":"https:\/\/madin.fr\/#\/schema\/logo\/image\/","url":"https:\/\/madin.fr\/wp-content\/uploads\/2021\/09\/Madin-logo-carre-bis-bis-bis.png","contentUrl":"https:\/\/madin.fr\/wp-content\/uploads\/2021\/09\/Madin-logo-carre-bis-bis-bis.png","width":512,"height":507,"caption":"Mad In"},"image":{"@id":"https:\/\/madin.fr\/#\/schema\/logo\/image\/"},"sameAs":["https:\/\/www.facebook.com\/madin.wheels\/","https:\/\/www.instagram.com\/madinwheels\/"]}]}},"jetpack_sharing_enabled":true,"_links":{"self":[{"href":"https:\/\/madin.fr\/ja\/wp-json\/wp\/v2\/pages\/2570","targetHints":{"allow":["GET"]}}],"collection":[{"href":"https:\/\/madin.fr\/ja\/wp-json\/wp\/v2\/pages"}],"about":[{"href":"https:\/\/madin.fr\/ja\/wp-json\/wp\/v2\/types\/page"}],"author":[{"embeddable":true,"href":"https:\/\/madin.fr\/ja\/wp-json\/wp\/v2\/users\/1"}],"replies":[{"embeddable":true,"href":"https:\/\/madin.fr\/ja\/wp-json\/wp\/v2\/comments?post=2570"}],"version-history":[{"count":3,"href":"https:\/\/madin.fr\/ja\/wp-json\/wp\/v2\/pages\/2570\/revisions"}],"predecessor-version":[{"id":2993,"href":"https:\/\/madin.fr\/ja\/wp-json\/wp\/v2\/pages\/2570\/revisions\/2993"}],"up":[{"embeddable":true,"href":"https:\/\/madin.fr\/ja\/wp-json\/wp\/v2\/pages\/2551"}],"wp:attachment":[{"href":"https:\/\/madin.fr\/ja\/wp-json\/wp\/v2\/media?parent=2570"}],"curies":[{"name":"wp","href":"https:\/\/api.w.org\/{rel}","templated":true}]}}