{"id":2574,"date":"2021-09-17T14:45:56","date_gmt":"2021-09-17T12:45:56","guid":{"rendered":"https:\/\/madinjantessurmesur.live-website.com\/?page_id=2574"},"modified":"2025-10-02T12:07:50","modified_gmt":"2025-10-02T10:07:50","slug":"lexique-jantes","status":"publish","type":"page","link":"https:\/\/madin.fr\/ja\/wheels-glossary\/","title":{"rendered":"Glossary (FR)"},"content":{"rendered":"<style>.wp-block-kadence-spacer.kt-block-spacer-2574_5a8074-fa .kt-block-spacer{height:100px;}.wp-block-kadence-spacer.kt-block-spacer-2574_5a8074-fa .kt-divider{border-top-width:1px;height:1px;width:80%;border-top-style:solid;}<\/style>\n<div class=\"wp-block-kadence-spacer aligncenter kt-block-spacer-2574_5a8074-fa\"><div class=\"kt-block-spacer kt-block-spacer-halign-center\"><hr class=\"kt-divider\"\/><\/div><\/div>\n\n\n\n<p class=\"has-neve-link-color-color has-text-color has-link-color has-x-large-font-size wp-elements-902472c56bf71c3c42d1f56e8350c205\"><strong>Glossary (FR)<\/strong><\/p>\n\n\n<style>.wp-block-kadence-spacer.kt-block-spacer-2574_62babb-50 .kt-block-spacer{height:60px;}.wp-block-kadence-spacer.kt-block-spacer-2574_62babb-50 .kt-divider{border-top-width:1px;height:1px;width:80%;border-top-style:solid;}<\/style>\n<div class=\"wp-block-kadence-spacer aligncenter kt-block-spacer-2574_62babb-50\"><div class=\"kt-block-spacer kt-block-spacer-halign-center\"><hr class=\"kt-divider\"\/><\/div><\/div>\n\n\n\n<ul class=\"wp-block-list\">\n<li><a href=\"https:\/\/madin.fr\/ja\/bolt-pattern-center-bore-wheels\/\"><strong>al\u00e9sage<\/strong> <\/a>: diam\u00e8tre int\u00e9rieur du trou de fixation de la jante sur le moyeu de la voiture<\/li>\n\n\n\n<li><strong><a href=\"https:\/\/madin.fr\/ja\/threepiece-wheels\/lips-barrels\/\">couronne <\/a><\/strong>: synonyme de voile de jante.<\/li>\n\n\n\n<li><strong><a href=\"https:\/\/madin.fr\/ja\/threepiece-wheels\/wheels-offset-et\/\">poke and backspace <\/a><\/strong>: distance entre le bord de jante et le plan de fixation de la partie centrale sur le moyeu de la voiture. On parle de d\u00e9port int\u00e9rieur et ext\u00e9rieur. Souvent confondu avec l&rsquo;ET.<\/li>\n\n\n\n<li><strong><a href=\"https:\/\/madin.fr\/ja\/bolt-pattern-center-bore-wheels\/\">entraxe <\/a><\/strong>: distance entre les trous de fixation de la jante sur le moyeu. Est calcul\u00e9 \u00e0 partir du diam\u00e8tre du cercle fictif joignant les trous de fixation.<\/li>\n\n\n\n<li class=\"translation-block\"><strong><a href=\"https:\/\/madinjantessurmesur.live-website.com\/la-jante-demontable\/jantes-deport-et\/\" target=\"_self\">ET <\/a><\/strong>: De l\u2019allemand \u00ab&nbsp;<em>Einpresstiefe<\/em>\u00ab&nbsp;. D\u00e9signe la distance entre le milieu de la jante et le plan de fixation de la partie centrale sur le moyeu de la voiture.<\/li>\n\n\n\n<li><strong><a href=\"https:\/\/madin.fr\/ja\/threepiece-wheels\/wheels-offset-et\/\">offset <\/a><\/strong>: synonyme d&rsquo;ET.<\/li>\n\n\n\n<li><strong>pouce<\/strong> : un pouce \u00e9quivaut \u00e0 2,54 centim\u00e8tres.<\/li>\n\n\n\n<li><a href=\"https:\/\/madin.fr\/ja\/threepiece-wheels\/lips-barrels\/\"><strong>tonneau<\/strong> <\/a>: synonyme de voile int\u00e9rieur. <\/li>\n<\/ul>","protected":false},"excerpt":{"rendered":"<p>Glossary (FR)<\/p>","protected":false},"author":1,"featured_media":0,"parent":0,"menu_order":0,"comment_status":"closed","ping_status":"closed","template":"","meta":{"_monsterinsights_skip_tracking":false,"_monsterinsights_sitenote_active":false,"_monsterinsights_sitenote_note":"","_monsterinsights_sitenote_category":0,"neve_meta_sidebar":"","neve_meta_container":"","neve_meta_enable_content_width":"on","neve_meta_content_width":66,"neve_meta_title_alignment":"","neve_meta_author_avatar":"","neve_post_elements_order":"","neve_meta_disable_header":"","neve_meta_disable_footer":"","neve_meta_disable_title":"on","_themeisle_gutenberg_block_has_review":false,"footnotes":""},"class_list":["post-2574","page","type-page","status-publish","hentry"],"yoast_head":"<!-- This site is optimized with the Yoast SEO plugin v27.4 - https:\/\/yoast.com\/product\/yoast-seo-wordpress\/ -->\n<title>Lexique de la jante d\u00e9montable - Mad In - Jantes sur-mesure<\/title>\n<meta name=\"description\" content=\"Qu&#039;est-ce que l&#039;entraxe ? C&#039;est quoi l&#039;ET ? Un tonneau de jantes ? L&#039;al\u00e9sage d&#039;une jante ? D\u00e9couvrez cela ici et la technique de la jante d\u00e9montable avec Mad In.\" \/>\n<meta name=\"robots\" content=\"index, follow, max-snippet:-1, max-image-preview:large, max-video-preview:-1\" \/>\n<link rel=\"canonical\" href=\"https:\/\/madin.fr\/ja\/wheels-glossary\/\" \/>\n<meta property=\"og:locale\" content=\"ja_JP\" \/>\n<meta property=\"og:type\" content=\"article\" \/>\n<meta property=\"og:title\" content=\"Lexique de la jante d\u00e9montable - Mad In - Jantes sur-mesure\" \/>\n<meta property=\"og:description\" content=\"Qu&#039;est-ce que l&#039;entraxe ? C&#039;est quoi l&#039;ET ? Un tonneau de jantes ? L&#039;al\u00e9sage d&#039;une jante ? D\u00e9couvrez cela ici et la technique de la jante d\u00e9montable avec Mad In.\" \/>\n<meta property=\"og:url\" content=\"https:\/\/madin.fr\/ja\/wheels-glossary\/\" \/>\n<meta property=\"og:site_name\" content=\"Mad In - Jantes sur-mesure\" \/>\n<meta property=\"article:publisher\" content=\"https:\/\/www.facebook.com\/madin.wheels\/\" \/>\n<meta property=\"article:modified_time\" content=\"2025-10-02T10:07:50+00:00\" \/>\n<meta name=\"twitter:card\" content=\"summary_large_image\" \/>\n<meta name=\"twitter:label1\" content=\"\u63a8\u5b9a\u8aad\u307f\u53d6\u308a\u6642\u9593\" \/>\n\t<meta name=\"twitter:data1\" content=\"1\u5206\" \/>\n<script type=\"application\/ld+json\" class=\"yoast-schema-graph\">{\"@context\":\"https:\\\/\\\/schema.org\",\"@graph\":[{\"@type\":\"WebPage\",\"@id\":\"https:\\\/\\\/madin.fr\\\/lexique-jantes\\\/\",\"url\":\"https:\\\/\\\/madin.fr\\\/lexique-jantes\\\/\",\"name\":\"Lexique de la jante d\u00e9montable - Mad In - Jantes sur-mesure\",\"isPartOf\":{\"@id\":\"https:\\\/\\\/madin.fr\\\/#website\"},\"datePublished\":\"2021-09-17T12:45:56+00:00\",\"dateModified\":\"2025-10-02T10:07:50+00:00\",\"description\":\"Qu'est-ce que l'entraxe ? C'est quoi l'ET ? Un tonneau de jantes ? L'al\u00e9sage d'une jante ? D\u00e9couvrez cela ici et la technique de la jante d\u00e9montable avec Mad In.\",\"breadcrumb\":{\"@id\":\"https:\\\/\\\/madin.fr\\\/lexique-jantes\\\/#breadcrumb\"},\"inLanguage\":\"ja\",\"potentialAction\":[{\"@type\":\"ReadAction\",\"target\":[\"https:\\\/\\\/madin.fr\\\/lexique-jantes\\\/\"]}]},{\"@type\":\"BreadcrumbList\",\"@id\":\"https:\\\/\\\/madin.fr\\\/lexique-jantes\\\/#breadcrumb\",\"itemListElement\":[{\"@type\":\"ListItem\",\"position\":1,\"name\":\"Accueil\",\"item\":\"https:\\\/\\\/madin.fr\\\/\"},{\"@type\":\"ListItem\",\"position\":2,\"name\":\"Lexique de la jante d\u00e9montable\"}]},{\"@type\":\"WebSite\",\"@id\":\"https:\\\/\\\/madin.fr\\\/#website\",\"url\":\"https:\\\/\\\/madin.fr\\\/\",\"name\":\"Mad In - Jantes sur-mesure\",\"description\":\"\",\"publisher\":{\"@id\":\"https:\\\/\\\/madin.fr\\\/#organization\"},\"potentialAction\":[{\"@type\":\"SearchAction\",\"target\":{\"@type\":\"EntryPoint\",\"urlTemplate\":\"https:\\\/\\\/madin.fr\\\/?s={search_term_string}\"},\"query-input\":{\"@type\":\"PropertyValueSpecification\",\"valueRequired\":true,\"valueName\":\"search_term_string\"}}],\"inLanguage\":\"ja\"},{\"@type\":\"Organization\",\"@id\":\"https:\\\/\\\/madin.fr\\\/#organization\",\"name\":\"Mad In\",\"url\":\"https:\\\/\\\/madin.fr\\\/\",\"logo\":{\"@type\":\"ImageObject\",\"inLanguage\":\"ja\",\"@id\":\"https:\\\/\\\/madin.fr\\\/#\\\/schema\\\/logo\\\/image\\\/\",\"url\":\"https:\\\/\\\/madin.fr\\\/wp-content\\\/uploads\\\/2021\\\/09\\\/Madin-logo-carre-bis-bis-bis.png\",\"contentUrl\":\"https:\\\/\\\/madin.fr\\\/wp-content\\\/uploads\\\/2021\\\/09\\\/Madin-logo-carre-bis-bis-bis.png\",\"width\":512,\"height\":507,\"caption\":\"Mad In\"},\"image\":{\"@id\":\"https:\\\/\\\/madin.fr\\\/#\\\/schema\\\/logo\\\/image\\\/\"},\"sameAs\":[\"https:\\\/\\\/www.facebook.com\\\/madin.wheels\\\/\",\"https:\\\/\\\/www.instagram.com\\\/madinwheels\\\/\"]}]}<\/script>\n<!-- \/ Yoast SEO plugin. -->","yoast_head_json":{"title":"MAD IN \u30ab\u30b9\u30bf\u30e0 \u30db\u30a4\u30fc\u30eb","description":"Qu'est-ce que l'entraxe ? C'est quoi l'ET ? Un tonneau de jantes ? L'al\u00e9sage d'une jante ? D\u00e9couvrez cela ici et la technique de la jante d\u00e9montable avec Mad In.","robots":{"index":"index","follow":"follow","max-snippet":"max-snippet:-1","max-image-preview":"max-image-preview:large","max-video-preview":"max-video-preview:-1"},"canonical":"https:\/\/madin.fr\/ja\/wheels-glossary\/","og_locale":"ja_JP","og_type":"article","og_title":"Lexique de la jante d\u00e9montable - Mad In - Jantes sur-mesure","og_description":"Qu'est-ce que l'entraxe ? C'est quoi l'ET ? Un tonneau de jantes ? L'al\u00e9sage d'une jante ? D\u00e9couvrez cela ici et la technique de la jante d\u00e9montable avec Mad In.","og_url":"https:\/\/madin.fr\/ja\/wheels-glossary\/","og_site_name":"Mad In - Jantes sur-mesure","article_publisher":"https:\/\/www.facebook.com\/madin.wheels\/","article_modified_time":"2025-10-02T10:07:50+00:00","twitter_card":"summary_large_image","twitter_misc":{"\u63a8\u5b9a\u8aad\u307f\u53d6\u308a\u6642\u9593":"1\u5206"},"schema":{"@context":"https:\/\/schema.org","@graph":[{"@type":"WebPage","@id":"https:\/\/madin.fr\/lexique-jantes\/","url":"https:\/\/madin.fr\/lexique-jantes\/","name":"MAD IN \u30ab\u30b9\u30bf\u30e0 \u30db\u30a4\u30fc\u30eb","isPartOf":{"@id":"https:\/\/madin.fr\/#website"},"datePublished":"2021-09-17T12:45:56+00:00","dateModified":"2025-10-02T10:07:50+00:00","description":"Qu'est-ce que l'entraxe ? C'est quoi l'ET ? Un tonneau de jantes ? L'al\u00e9sage d'une jante ? D\u00e9couvrez cela ici et la technique de la jante d\u00e9montable avec Mad In.","breadcrumb":{"@id":"https:\/\/madin.fr\/lexique-jantes\/#breadcrumb"},"inLanguage":"ja","potentialAction":[{"@type":"ReadAction","target":["https:\/\/madin.fr\/lexique-jantes\/"]}]},{"@type":"BreadcrumbList","@id":"https:\/\/madin.fr\/lexique-jantes\/#breadcrumb","itemListElement":[{"@type":"ListItem","position":1,"name":"Accueil","item":"https:\/\/madin.fr\/"},{"@type":"ListItem","position":2,"name":"Lexique de la jante d\u00e9montable"}]},{"@type":"WebSite","@id":"https:\/\/madin.fr\/#website","url":"https:\/\/madin.fr\/","name":"MAD IN \u30ab\u30b9\u30bf\u30e0 \u30db\u30a4\u30fc\u30eb","description":"","publisher":{"@id":"https:\/\/madin.fr\/#organization"},"potentialAction":[{"@type":"SearchAction","target":{"@type":"EntryPoint","urlTemplate":"https:\/\/madin.fr\/?s={search_term_string}"},"query-input":{"@type":"PropertyValueSpecification","valueRequired":true,"valueName":"search_term_string"}}],"inLanguage":"ja"},{"@type":"Organization","@id":"https:\/\/madin.fr\/#organization","name":"Mad In","url":"https:\/\/madin.fr\/","logo":{"@type":"ImageObject","inLanguage":"ja","@id":"https:\/\/madin.fr\/#\/schema\/logo\/image\/","url":"https:\/\/madin.fr\/wp-content\/uploads\/2021\/09\/Madin-logo-carre-bis-bis-bis.png","contentUrl":"https:\/\/madin.fr\/wp-content\/uploads\/2021\/09\/Madin-logo-carre-bis-bis-bis.png","width":512,"height":507,"caption":"Mad In"},"image":{"@id":"https:\/\/madin.fr\/#\/schema\/logo\/image\/"},"sameAs":["https:\/\/www.facebook.com\/madin.wheels\/","https:\/\/www.instagram.com\/madinwheels\/"]}]}},"jetpack_sharing_enabled":true,"_links":{"self":[{"href":"https:\/\/madin.fr\/ja\/wp-json\/wp\/v2\/pages\/2574","targetHints":{"allow":["GET"]}}],"collection":[{"href":"https:\/\/madin.fr\/ja\/wp-json\/wp\/v2\/pages"}],"about":[{"href":"https:\/\/madin.fr\/ja\/wp-json\/wp\/v2\/types\/page"}],"author":[{"embeddable":true,"href":"https:\/\/madin.fr\/ja\/wp-json\/wp\/v2\/users\/1"}],"replies":[{"embeddable":true,"href":"https:\/\/madin.fr\/ja\/wp-json\/wp\/v2\/comments?post=2574"}],"version-history":[{"count":6,"href":"https:\/\/madin.fr\/ja\/wp-json\/wp\/v2\/pages\/2574\/revisions"}],"predecessor-version":[{"id":5246,"href":"https:\/\/madin.fr\/ja\/wp-json\/wp\/v2\/pages\/2574\/revisions\/5246"}],"wp:attachment":[{"href":"https:\/\/madin.fr\/ja\/wp-json\/wp\/v2\/media?parent=2574"}],"curies":[{"name":"wp","href":"https:\/\/api.w.org\/{rel}","templated":true}]}}