{"id":49,"date":"2021-09-01T11:13:57","date_gmt":"2021-09-01T09:13:57","guid":{"rendered":"https:\/\/madinjantessurmesur.live-website.com\/?page_id=49"},"modified":"2026-02-03T07:58:08","modified_gmt":"2026-02-03T06:58:08","slug":"voiles","status":"publish","type":"page","link":"https:\/\/madin.fr\/ja\/online-shop\/rim-lips-barrels\/","title":{"rendered":"\u30db\u30a4\u30fc\u30eb\u30ea\u30e0"},"content":{"rendered":"\n<p><\/p>\n\n\n<style>.wp-block-kadence-spacer.kt-block-spacer-49_65ba54-5b .kt-block-spacer{height:100px;}.wp-block-kadence-spacer.kt-block-spacer-49_65ba54-5b .kt-divider{border-top-width:1px;height:1px;width:80%;border-top-style:solid;}<\/style>\n<div class=\"wp-block-kadence-spacer aligncenter kt-block-spacer-49_65ba54-5b\"><div class=\"kt-block-spacer kt-block-spacer-halign-center\"><hr class=\"kt-divider\"\/><\/div><\/div>\n\n\n\n<h1 class=\"wp-block-heading has-neve-link-color-color has-text-color has-link-color has-x-large-font-size wp-elements-763aa8a9a50baec7069ec05737706d4b\"><strong>VOILES DE JANTES<\/strong><\/h1>\n\n\n<style>.wp-block-kadence-spacer.kt-block-spacer-49_511bc5-a8 .kt-block-spacer{height:60px;}.wp-block-kadence-spacer.kt-block-spacer-49_511bc5-a8 .kt-divider{border-top-width:1px;height:1px;width:80%;border-top-style:solid;}<\/style>\n<div class=\"wp-block-kadence-spacer aligncenter kt-block-spacer-49_511bc5-a8\"><div class=\"kt-block-spacer kt-block-spacer-halign-center\"><hr class=\"kt-divider\"\/><\/div><\/div>\n\n\n<p align=\"justify\">Les\u00a0<strong>voiles de jantes Mad In\u00a0<\/strong>sont r\u00e9alis\u00e9s dans notre usine \u00e0 partir de disques d&rsquo;aluminium ou d&rsquo;inox, gr\u00e2ce \u00e0 la technologie \u00ab\u00a0<a href=\"http:\/\/drimtec.com\" target=\"_blank\" rel=\"noopener\">RimTec Inside<\/a>\u00a0\u00bb que notre \u00e9quipe technique a mise au point pour l&rsquo;\u00e9laboration des\u00a0<strong>jantes 2 ou 3 parties\u00a0<\/strong>dites\u00a0<strong>d\u00e9montables<\/strong>.<\/p>\n<p align=\"justify\">Depuis 1987 nous fabriquons des\u00a0<strong>voiles de jante\u00a0<\/strong>pour les principales marques internationales comme les\u00a0<strong>jantes BBS, OZ, RH, ARTEC,<\/strong>\u00a0<strong>SCHMIDT, RIAL, COMPOMOTIVE, DELTA MICS, PLS, GOTTI<\/strong>&#8230;Si vous souhaitez des voiles pour d&rsquo;autres marques de jantes, avec d&rsquo;autres caract\u00e9ristiques techniques (diam\u00e8tre, per\u00e7age, trou de valve etc.), <a href=\"https:\/\/madin.fr\/contactez-nous\/\">contactez-nous<\/a>.<\/p>\n\n\n<h2 class=\"wp-block-heading\">Voiles pour jantes historiques Mad In<\/h2>\n\n\n<div data-align-buttons=\"true\" data-block-name=\"woocommerce\/product-category\" data-categories=\"[15]\" data-columns=\"4\" data-content-visibility=\"{&quot;title&quot;:true,&quot;price&quot;:true,&quot;rating&quot;:false,&quot;button&quot;:true}\" data-orderby=\"price_asc\" class=\"wc-block-grid wp-block-product-category wp-block-woocommerce-product-category wc-block-product-category has-4-columns has-multiple-rows has-aligned-buttons\"><ul class=\"wc-block-grid__products\"><li class=\"wc-block-grid__product\">\n\t\t\t\t<a href=\"https:\/\/madin.fr\/ja\/product\/13-inch-lips-barrels\/\" class=\"wc-block-grid__product-link\">\n\t\t\t\t\t\n\t\t\t\t\t<div class=\"wc-block-grid__product-image\"><img fetchpriority=\"high\" decoding=\"async\" width=\"300\" height=\"300\" src=\"https:\/\/madin.fr\/wp-content\/uploads\/2021\/09\/voile-13-pouces-2-pouces-300x300.jpg\" class=\"attachment-woocommerce_thumbnail size-woocommerce_thumbnail\" alt=\"Voiles de jantes Mad In - 13 pouces\" srcset=\"https:\/\/madin.fr\/wp-content\/uploads\/2021\/09\/voile-13-pouces-2-pouces-300x300.jpg 300w, https:\/\/madin.fr\/wp-content\/uploads\/2021\/09\/voile-13-pouces-2-pouces-1024x1024.jpg 1024w, https:\/\/madin.fr\/wp-content\/uploads\/2021\/09\/voile-13-pouces-2-pouces-150x150.jpg 150w, https:\/\/madin.fr\/wp-content\/uploads\/2021\/09\/voile-13-pouces-2-pouces-768x768.jpg 768w, https:\/\/madin.fr\/wp-content\/uploads\/2021\/09\/voile-13-pouces-2-pouces-1536x1536.jpg 1536w, https:\/\/madin.fr\/wp-content\/uploads\/2021\/09\/voile-13-pouces-2-pouces-2048x2048.jpg 2048w, https:\/\/madin.fr\/wp-content\/uploads\/2021\/09\/voile-13-pouces-2-pouces-1320x1320.jpg 1320w, https:\/\/madin.fr\/wp-content\/uploads\/2021\/09\/voile-13-pouces-2-pouces-600x600.jpg 600w, https:\/\/madin.fr\/wp-content\/uploads\/2021\/09\/voile-13-pouces-2-pouces-100x100.jpg 100w\" sizes=\"(max-width: 300px) 100vw, 300px\" \/><\/div>\n\t\t\t\t\t<div class=\"wc-block-grid__product-title\">Voiles de jantes Mad In &#8211; 13 pouces<\/div>\n\t\t\t\t<\/a>\n\t\t\t\t<div class=\"wc-block-grid__product-price price\"><span class=\"woocommerce-Price-amount amount\" aria-hidden=\"true\">140,00<span class=\"woocommerce-Price-currencySymbol\">&euro;<\/span><\/span> <span aria-hidden=\"true\"> \u2013 <\/span> <span class=\"woocommerce-Price-amount amount\" aria-hidden=\"true\">231,00<span class=\"woocommerce-Price-currencySymbol\">&euro;<\/span><\/span><span class=\"screen-reader-text\">\u4fa1\u683c\u5e2f:  140,00&euro; \u2013 231,00&euro;<\/span> <small class=\"woocommerce-price-suffix\">HT<\/small><\/div>\n\t\t\t\t\n\t\t\t\t<div class=\"wp-block-button wc-block-grid__product-add-to-cart\"><a href=\"https:\/\/madin.fr\/ja\/product\/13-inch-lips-barrels\/\" aria-label=\"&ldquo;Voiles de jantes Mad In - 13 pouces&rdquo; \u306e\u30aa\u30d7\u30b7\u30e7\u30f3\u3092\u9078\u629e\" data-quantity=\"1\" data-product_id=\"1987\" data-product_sku=\"\" data-price=\"140\" rel=\"nofollow\" class=\"wp-block-button__link  add_to_cart_button\">\u30aa\u30d7\u30b7\u30e7\u30f3\u3092\u9078\u629e<\/a><\/div>\n\t\t\t<\/li><li class=\"wc-block-grid__product\">\n\t\t\t\t<a href=\"https:\/\/madin.fr\/ja\/product\/voiles-de-jantes-15-pouces\/\" class=\"wc-block-grid__product-link\">\n\t\t\t\t\t\n\t\t\t\t\t<div class=\"wc-block-grid__product-image\"><img decoding=\"async\" width=\"300\" height=\"300\" src=\"https:\/\/madin.fr\/wp-content\/uploads\/2021\/09\/Voile-7-300x300.jpg\" class=\"attachment-woocommerce_thumbnail size-woocommerce_thumbnail\" alt=\"voile int\u00e9rieur pour jante alu\" srcset=\"https:\/\/madin.fr\/wp-content\/uploads\/2021\/09\/Voile-7-300x300.jpg 300w, https:\/\/madin.fr\/wp-content\/uploads\/2021\/09\/Voile-7-1022x1024.jpg 1022w, https:\/\/madin.fr\/wp-content\/uploads\/2021\/09\/Voile-7-150x150.jpg 150w, https:\/\/madin.fr\/wp-content\/uploads\/2021\/09\/Voile-7-768x769.jpg 768w, https:\/\/madin.fr\/wp-content\/uploads\/2021\/09\/Voile-7-1534x1536.jpg 1534w, https:\/\/madin.fr\/wp-content\/uploads\/2021\/09\/Voile-7-2045x2048.jpg 2045w, https:\/\/madin.fr\/wp-content\/uploads\/2021\/09\/Voile-7-1320x1322.jpg 1320w, https:\/\/madin.fr\/wp-content\/uploads\/2021\/09\/Voile-7-600x601.jpg 600w, https:\/\/madin.fr\/wp-content\/uploads\/2021\/09\/Voile-7-100x100.jpg 100w\" sizes=\"(max-width: 300px) 100vw, 300px\" \/><\/div>\n\t\t\t\t\t<div class=\"wc-block-grid__product-title\">Voiles de jantes Mad In &#8211; 15 pouces &#8211; 20 trous<\/div>\n\t\t\t\t<\/a>\n\t\t\t\t<div class=\"wc-block-grid__product-price price\"><span class=\"woocommerce-Price-amount amount\" aria-hidden=\"true\">180,00<span class=\"woocommerce-Price-currencySymbol\">&euro;<\/span><\/span> <span aria-hidden=\"true\"> \u2013 <\/span> <span class=\"woocommerce-Price-amount amount\" aria-hidden=\"true\">264,00<span class=\"woocommerce-Price-currencySymbol\">&euro;<\/span><\/span><span class=\"screen-reader-text\">\u4fa1\u683c\u5e2f:  180,00&euro; \u2013 264,00&euro;<\/span> <small class=\"woocommerce-price-suffix\">HT<\/small><\/div>\n\t\t\t\t\n\t\t\t\t<div class=\"wp-block-button wc-block-grid__product-add-to-cart\"><a href=\"https:\/\/madin.fr\/ja\/product\/voiles-de-jantes-15-pouces\/\" aria-label=\"&ldquo;Voiles de jantes Mad In - 15 pouces - 20 trous&rdquo; \u306e\u30aa\u30d7\u30b7\u30e7\u30f3\u3092\u9078\u629e\" data-quantity=\"1\" data-product_id=\"2025\" data-product_sku=\"\" data-price=\"180\" rel=\"nofollow\" class=\"wp-block-button__link  add_to_cart_button\">\u30aa\u30d7\u30b7\u30e7\u30f3\u3092\u9078\u629e<\/a><\/div>\n\t\t\t<\/li><li class=\"wc-block-grid__product\">\n\t\t\t\t<a href=\"https:\/\/madin.fr\/ja\/product\/voiles-de-jantes-mad-in-15-pouces-24-trous\/\" class=\"wc-block-grid__product-link\">\n\t\t\t\t\t\n\t\t\t\t\t<div class=\"wc-block-grid__product-image\"><img decoding=\"async\" width=\"300\" height=\"300\" src=\"https:\/\/madin.fr\/wp-content\/uploads\/2021\/11\/E1-et-demi-BIS-300x300.jpg\" class=\"attachment-woocommerce_thumbnail size-woocommerce_thumbnail\" alt=\"Voiles de jantes Mad In - 15 pouces - 24 trous\" srcset=\"https:\/\/madin.fr\/wp-content\/uploads\/2021\/11\/E1-et-demi-BIS-300x300.jpg 300w, https:\/\/madin.fr\/wp-content\/uploads\/2021\/11\/E1-et-demi-BIS-1024x1024.jpg 1024w, https:\/\/madin.fr\/wp-content\/uploads\/2021\/11\/E1-et-demi-BIS-150x150.jpg 150w, https:\/\/madin.fr\/wp-content\/uploads\/2021\/11\/E1-et-demi-BIS-768x768.jpg 768w, https:\/\/madin.fr\/wp-content\/uploads\/2021\/11\/E1-et-demi-BIS-1536x1536.jpg 1536w, https:\/\/madin.fr\/wp-content\/uploads\/2021\/11\/E1-et-demi-BIS-2048x2048.jpg 2048w, https:\/\/madin.fr\/wp-content\/uploads\/2021\/11\/E1-et-demi-BIS-12x12.jpg 12w, https:\/\/madin.fr\/wp-content\/uploads\/2021\/11\/E1-et-demi-BIS-600x600.jpg 600w, https:\/\/madin.fr\/wp-content\/uploads\/2021\/11\/E1-et-demi-BIS-100x100.jpg 100w\" sizes=\"(max-width: 300px) 100vw, 300px\" \/><\/div>\n\t\t\t\t\t<div class=\"wc-block-grid__product-title\">Voiles de jantes Mad In &#8211; 15 pouces &#8211; 24 trous<\/div>\n\t\t\t\t<\/a>\n\t\t\t\t<div class=\"wc-block-grid__product-price price\"><span class=\"woocommerce-Price-amount amount\" aria-hidden=\"true\">180,00<span class=\"woocommerce-Price-currencySymbol\">&euro;<\/span><\/span> <span aria-hidden=\"true\"> \u2013 <\/span> <span class=\"woocommerce-Price-amount amount\" aria-hidden=\"true\">264,00<span class=\"woocommerce-Price-currencySymbol\">&euro;<\/span><\/span><span class=\"screen-reader-text\">\u4fa1\u683c\u5e2f:  180,00&euro; \u2013 264,00&euro;<\/span> <small class=\"woocommerce-price-suffix\">HT<\/small><\/div>\n\t\t\t\t\n\t\t\t\t<div class=\"wp-block-button wc-block-grid__product-add-to-cart\"><a href=\"https:\/\/madin.fr\/ja\/product\/voiles-de-jantes-mad-in-15-pouces-24-trous\/\" aria-label=\"&ldquo;Voiles de jantes Mad In - 15 pouces - 24 trous&rdquo; \u306e\u30aa\u30d7\u30b7\u30e7\u30f3\u3092\u9078\u629e\" data-quantity=\"1\" data-product_id=\"4022\" data-product_sku=\"\" data-price=\"180\" rel=\"nofollow\" class=\"wp-block-button__link  add_to_cart_button\">\u30aa\u30d7\u30b7\u30e7\u30f3\u3092\u9078\u629e<\/a><\/div>\n\t\t\t<\/li><li class=\"wc-block-grid__product\">\n\t\t\t\t<a href=\"https:\/\/madin.fr\/ja\/product\/voiles-de-jantes-mad-in-16-pouces\/\" class=\"wc-block-grid__product-link\">\n\t\t\t\t\t\n\t\t\t\t\t<div class=\"wc-block-grid__product-image\"><img loading=\"lazy\" decoding=\"async\" width=\"300\" height=\"300\" src=\"https:\/\/madin.fr\/wp-content\/uploads\/2021\/09\/voile-jante-15-pouces-3-pouces-1-300x300.jpg\" class=\"attachment-woocommerce_thumbnail size-woocommerce_thumbnail\" alt=\"Voiles de jantes Mad In - 16 pouces\" srcset=\"https:\/\/madin.fr\/wp-content\/uploads\/2021\/09\/voile-jante-15-pouces-3-pouces-1-300x300.jpg 300w, https:\/\/madin.fr\/wp-content\/uploads\/2021\/09\/voile-jante-15-pouces-3-pouces-1-1024x1024.jpg 1024w, https:\/\/madin.fr\/wp-content\/uploads\/2021\/09\/voile-jante-15-pouces-3-pouces-1-150x150.jpg 150w, https:\/\/madin.fr\/wp-content\/uploads\/2021\/09\/voile-jante-15-pouces-3-pouces-1-768x768.jpg 768w, https:\/\/madin.fr\/wp-content\/uploads\/2021\/09\/voile-jante-15-pouces-3-pouces-1-1536x1536.jpg 1536w, https:\/\/madin.fr\/wp-content\/uploads\/2021\/09\/voile-jante-15-pouces-3-pouces-1-2048x2048.jpg 2048w, https:\/\/madin.fr\/wp-content\/uploads\/2021\/09\/voile-jante-15-pouces-3-pouces-1-12x12.jpg 12w, https:\/\/madin.fr\/wp-content\/uploads\/2021\/09\/voile-jante-15-pouces-3-pouces-1-600x600.jpg 600w, https:\/\/madin.fr\/wp-content\/uploads\/2021\/09\/voile-jante-15-pouces-3-pouces-1-100x100.jpg 100w\" sizes=\"(max-width: 300px) 100vw, 300px\" \/><\/div>\n\t\t\t\t\t<div class=\"wc-block-grid__product-title\">Voiles de jantes Mad In &#8211; 16 pouces<\/div>\n\t\t\t\t<\/a>\n\t\t\t\t<div class=\"wc-block-grid__product-price price\"><span class=\"woocommerce-Price-amount amount\" aria-hidden=\"true\">194,00<span class=\"woocommerce-Price-currencySymbol\">&euro;<\/span><\/span> <span aria-hidden=\"true\"> \u2013 <\/span> <span class=\"woocommerce-Price-amount amount\" aria-hidden=\"true\">270,00<span class=\"woocommerce-Price-currencySymbol\">&euro;<\/span><\/span><span class=\"screen-reader-text\">\u4fa1\u683c\u5e2f:  194,00&euro; \u2013 270,00&euro;<\/span> <small class=\"woocommerce-price-suffix\">HT<\/small><\/div>\n\t\t\t\t\n\t\t\t\t<div class=\"wp-block-button wc-block-grid__product-add-to-cart\"><a href=\"https:\/\/madin.fr\/ja\/product\/voiles-de-jantes-mad-in-16-pouces\/\" aria-label=\"&ldquo;Voiles de jantes Mad In - 16 pouces&rdquo; \u306e\u30aa\u30d7\u30b7\u30e7\u30f3\u3092\u9078\u629e\" data-quantity=\"1\" data-product_id=\"2062\" data-product_sku=\"\" data-price=\"194\" rel=\"nofollow\" class=\"wp-block-button__link  add_to_cart_button\">\u30aa\u30d7\u30b7\u30e7\u30f3\u3092\u9078\u629e<\/a><\/div>\n\t\t\t<\/li><\/ul><\/div>\n\n\n<h2 class=\"wp-block-heading\">Voiles de jantes en inox<\/h2>\n\n\n\n<p class=\"margin-left\"><a class=\"maxbutton-12 maxbutton maxbutton-contactez-nous\" title=\"Contactez-nous : t\u00e9l\u00e9phone, mail, chat...\" href=\"\/contactez-nous\/\"><span class='mb-text'>Contactez-nous<\/span><\/a><\/p>\n\n\n\n<p><\/p>\n\n\n\n<h2 class=\"wp-block-heading\">Voiles autres marques sur demande<\/h2>\n\n\n\n<p class=\"margin-left\"><a class=\"maxbutton-12 maxbutton maxbutton-contactez-nous\" title=\"Contactez-nous : t\u00e9l\u00e9phone, mail, chat...\" href=\"\/contactez-nous\/\"><span class='mb-text'>Contactez-nous<\/span><\/a><\/p>\n\n\n<style>.wp-block-kadence-spacer.kt-block-spacer-49_b2491e-17 .kt-block-spacer{height:74px;}.wp-block-kadence-spacer.kt-block-spacer-49_b2491e-17 .kt-divider{border-top-width:1px;height:1px;border-top-color:#eee;width:80%;border-top-style:solid;}<\/style>\n<div class=\"wp-block-kadence-spacer aligncenter kt-block-spacer-49_b2491e-17\"><div class=\"kt-block-spacer kt-block-spacer-halign-center\"><hr class=\"kt-divider\"\/><\/div><\/div>\n","protected":false},"excerpt":{"rendered":"<p>VOILES DE JANTES Les\u00a0voiles de jantes Mad In\u00a0sont r\u00e9alis\u00e9s dans notre usine \u00e0 partir de disques d&rsquo;aluminium ou d&rsquo;inox, gr\u00e2ce \u00e0 la technologie \u00ab\u00a0RimTec Inside\u00a0\u00bb que notre \u00e9quipe technique a mise au point pour l&rsquo;\u00e9laboration des\u00a0jantes 2 ou 3 parties\u00a0dites\u00a0d\u00e9montables. Depuis 1987 nous fabriquons des\u00a0voiles de jante\u00a0pour les principales marques internationales comme les\u00a0jantes BBS, OZ, RH, ARTEC,\u00a0SCHMIDT, RIAL, COMPOMOTIVE, DELTA MICS, PLS, GOTTI&#8230;Si vous souhaitez des voiles pour d&rsquo;autres marques de jantes, avec d&rsquo;autres caract\u00e9ristiques techniques (diam\u00e8tre, per\u00e7age, trou de valve etc.), contactez-nous. Voiles pour jantes historiques Mad In Voiles de jantes en inox Voiles autres marques sur demande<\/p>","protected":false},"author":1,"featured_media":0,"parent":3855,"menu_order":0,"comment_status":"closed","ping_status":"closed","template":"","meta":{"_monsterinsights_skip_tracking":false,"_monsterinsights_sitenote_active":false,"_monsterinsights_sitenote_note":"","_monsterinsights_sitenote_category":0,"neve_meta_sidebar":"","neve_meta_container":"","neve_meta_enable_content_width":"on","neve_meta_content_width":66,"neve_meta_title_alignment":"","neve_meta_author_avatar":"","neve_post_elements_order":"","neve_meta_disable_header":"","neve_meta_disable_footer":"","neve_meta_disable_title":"on","_themeisle_gutenberg_block_has_review":false,"footnotes":""},"class_list":["post-49","page","type-page","status-publish","hentry"],"yoast_head":"<!-- This site is optimized with the Yoast SEO plugin v27.4 - https:\/\/yoast.com\/product\/yoast-seo-wordpress\/ -->\n<title>Voiles de jantes - Mad In - Jantes sur-mesure<\/title>\n<meta name=\"description\" content=\"Voiles de jantes : aluminium et inox. Mad In et toutes autres marques : BBS, Gotti, PLS, Compomotive, OZ, RH et sur-mesure.\" \/>\n<meta name=\"robots\" content=\"index, follow, max-snippet:-1, max-image-preview:large, max-video-preview:-1\" \/>\n<link rel=\"canonical\" href=\"https:\/\/madin.fr\/ja\/online-shop\/rim-lips-barrels\/\" \/>\n<meta property=\"og:locale\" content=\"ja_JP\" \/>\n<meta property=\"og:type\" content=\"article\" \/>\n<meta property=\"og:title\" content=\"Voiles de jantes - Mad In - Jantes sur-mesure\" \/>\n<meta property=\"og:description\" content=\"Voiles de jantes : aluminium et inox. Mad In et toutes autres marques : BBS, Gotti, PLS, Compomotive, OZ, RH et sur-mesure.\" \/>\n<meta property=\"og:url\" content=\"https:\/\/madin.fr\/ja\/online-shop\/rim-lips-barrels\/\" \/>\n<meta property=\"og:site_name\" content=\"Mad In - Jantes sur-mesure\" \/>\n<meta property=\"article:publisher\" content=\"https:\/\/www.facebook.com\/madin.wheels\/\" \/>\n<meta property=\"article:modified_time\" content=\"2026-02-03T06:58:08+00:00\" \/>\n<meta name=\"twitter:card\" content=\"summary_large_image\" \/>\n<meta name=\"twitter:label1\" content=\"\u63a8\u5b9a\u8aad\u307f\u53d6\u308a\u6642\u9593\" \/>\n\t<meta name=\"twitter:data1\" content=\"1\u5206\" \/>\n<script type=\"application\/ld+json\" class=\"yoast-schema-graph\">{\"@context\":\"https:\\\/\\\/schema.org\",\"@graph\":[{\"@type\":\"WebPage\",\"@id\":\"https:\\\/\\\/madin.fr\\\/boutique\\\/voiles\\\/\",\"url\":\"https:\\\/\\\/madin.fr\\\/boutique\\\/voiles\\\/\",\"name\":\"Voiles de jantes - Mad In - Jantes sur-mesure\",\"isPartOf\":{\"@id\":\"https:\\\/\\\/madin.fr\\\/#website\"},\"datePublished\":\"2021-09-01T09:13:57+00:00\",\"dateModified\":\"2026-02-03T06:58:08+00:00\",\"description\":\"Voiles de jantes : aluminium et inox. Mad In et toutes autres marques : BBS, Gotti, PLS, Compomotive, OZ, RH et sur-mesure.\",\"breadcrumb\":{\"@id\":\"https:\\\/\\\/madin.fr\\\/boutique\\\/voiles\\\/#breadcrumb\"},\"inLanguage\":\"ja\",\"potentialAction\":[{\"@type\":\"ReadAction\",\"target\":[\"https:\\\/\\\/madin.fr\\\/boutique\\\/voiles\\\/\"]}]},{\"@type\":\"BreadcrumbList\",\"@id\":\"https:\\\/\\\/madin.fr\\\/boutique\\\/voiles\\\/#breadcrumb\",\"itemListElement\":[{\"@type\":\"ListItem\",\"position\":1,\"name\":\"Accueil\",\"item\":\"https:\\\/\\\/madin.fr\\\/\"},{\"@type\":\"ListItem\",\"position\":2,\"name\":\"LA BOUTIQUE\",\"item\":\"https:\\\/\\\/madin.fr\\\/boutique\\\/\"},{\"@type\":\"ListItem\",\"position\":3,\"name\":\"Voiles de jantes\"}]},{\"@type\":\"WebSite\",\"@id\":\"https:\\\/\\\/madin.fr\\\/#website\",\"url\":\"https:\\\/\\\/madin.fr\\\/\",\"name\":\"Mad In - Jantes sur-mesure\",\"description\":\"\",\"publisher\":{\"@id\":\"https:\\\/\\\/madin.fr\\\/#organization\"},\"potentialAction\":[{\"@type\":\"SearchAction\",\"target\":{\"@type\":\"EntryPoint\",\"urlTemplate\":\"https:\\\/\\\/madin.fr\\\/?s={search_term_string}\"},\"query-input\":{\"@type\":\"PropertyValueSpecification\",\"valueRequired\":true,\"valueName\":\"search_term_string\"}}],\"inLanguage\":\"ja\"},{\"@type\":\"Organization\",\"@id\":\"https:\\\/\\\/madin.fr\\\/#organization\",\"name\":\"Mad In\",\"url\":\"https:\\\/\\\/madin.fr\\\/\",\"logo\":{\"@type\":\"ImageObject\",\"inLanguage\":\"ja\",\"@id\":\"https:\\\/\\\/madin.fr\\\/#\\\/schema\\\/logo\\\/image\\\/\",\"url\":\"https:\\\/\\\/madin.fr\\\/wp-content\\\/uploads\\\/2021\\\/09\\\/Madin-logo-carre-bis-bis-bis.png\",\"contentUrl\":\"https:\\\/\\\/madin.fr\\\/wp-content\\\/uploads\\\/2021\\\/09\\\/Madin-logo-carre-bis-bis-bis.png\",\"width\":512,\"height\":507,\"caption\":\"Mad In\"},\"image\":{\"@id\":\"https:\\\/\\\/madin.fr\\\/#\\\/schema\\\/logo\\\/image\\\/\"},\"sameAs\":[\"https:\\\/\\\/www.facebook.com\\\/madin.wheels\\\/\",\"https:\\\/\\\/www.instagram.com\\\/madinwheels\\\/\"]}]}<\/script>\n<!-- \/ Yoast SEO plugin. -->","yoast_head_json":{"title":"MAD IN \u30ab\u30b9\u30bf\u30e0 \u30db\u30a4\u30fc\u30eb","description":"1975\u5e74\u4ee5\u6765\u3001MAD IN\u306f3\u30d4\u30fc\u30b9\u30db\u30a4\u30fc\u30eb\u3092\u751f\u7523\u3057\u3066\u3044\u307e\u3059\u3002\u5f53\u793e\u306e\u30ce\u30a6\u30cf\u30a6\u306f\u3001\u30d5\u30e9\u30f3\u30b9\u304a\u3088\u3073\u30e8\u30fc\u30ed\u30c3\u30d1\u5e02\u5834\u3067\u9ad8\u304f\u8a55\u4fa1\u3055\u308c\u3066\u3044\u307e\u3059\u3002\u30aa\u30d5\u30bb\u30c3\u30c8\u3001\u30dc\u30eb\u30c8\u30d1\u30bf\u30fc\u30f3\u3001\u30ea\u30e0\u5e45\u3001\u30dc\u30eb\u30c8\u304c\u5916\u304b\u3089\u898b\u3048\u308b\/\u898b\u3048\u306a\u3044\u3001\u30ab\u30e9\u30fc\u306a\u3069\u3001\u3059\u3079\u3066\u30ab\u30b9\u30bf\u30de\u30a4\u30ba\u53ef\u80fd\u3067\u3059\u3002MAD IN\u306e\u30a2\u30c9\u30d0\u30a4\u30b6\u30fc\u304c\u304a\u5ba2\u69d8\u306e\u611b\u8eca\u306b\u3074\u3063\u305f\u308a\u306e\u30db\u30a4\u30fc\u30eb\u3092\u898b\u3064\u3051\u308b\u304a\u624b\u4f1d\u3044\u3092\u3044\u305f\u3057\u307e\u3059\u3002","robots":{"index":"index","follow":"follow","max-snippet":"max-snippet:-1","max-image-preview":"max-image-preview:large","max-video-preview":"max-video-preview:-1"},"canonical":"https:\/\/madin.fr\/ja\/online-shop\/rim-lips-barrels\/","og_locale":"ja_JP","og_type":"article","og_title":"Voiles de jantes - Mad In - Jantes sur-mesure","og_description":"Voiles de jantes : aluminium et inox. Mad In et toutes autres marques : BBS, Gotti, PLS, Compomotive, OZ, RH et sur-mesure.","og_url":"https:\/\/madin.fr\/ja\/online-shop\/rim-lips-barrels\/","og_site_name":"Mad In - Jantes sur-mesure","article_publisher":"https:\/\/www.facebook.com\/madin.wheels\/","article_modified_time":"2026-02-03T06:58:08+00:00","twitter_card":"summary_large_image","twitter_misc":{"\u63a8\u5b9a\u8aad\u307f\u53d6\u308a\u6642\u9593":"1\u5206"},"schema":{"@context":"https:\/\/schema.org","@graph":[{"@type":"WebPage","@id":"https:\/\/madin.fr\/boutique\/voiles\/","url":"https:\/\/madin.fr\/boutique\/voiles\/","name":"MAD IN \u30ab\u30b9\u30bf\u30e0 \u30db\u30a4\u30fc\u30eb","isPartOf":{"@id":"https:\/\/madin.fr\/#website"},"datePublished":"2021-09-01T09:13:57+00:00","dateModified":"2026-02-03T06:58:08+00:00","description":"1975\u5e74\u4ee5\u6765\u3001MAD IN\u306f3\u30d4\u30fc\u30b9\u30db\u30a4\u30fc\u30eb\u3092\u751f\u7523\u3057\u3066\u3044\u307e\u3059\u3002\u5f53\u793e\u306e\u30ce\u30a6\u30cf\u30a6\u306f\u3001\u30d5\u30e9\u30f3\u30b9\u304a\u3088\u3073\u30e8\u30fc\u30ed\u30c3\u30d1\u5e02\u5834\u3067\u9ad8\u304f\u8a55\u4fa1\u3055\u308c\u3066\u3044\u307e\u3059\u3002\u30aa\u30d5\u30bb\u30c3\u30c8\u3001\u30dc\u30eb\u30c8\u30d1\u30bf\u30fc\u30f3\u3001\u30ea\u30e0\u5e45\u3001\u30dc\u30eb\u30c8\u304c\u5916\u304b\u3089\u898b\u3048\u308b\/\u898b\u3048\u306a\u3044\u3001\u30ab\u30e9\u30fc\u306a\u3069\u3001\u3059\u3079\u3066\u30ab\u30b9\u30bf\u30de\u30a4\u30ba\u53ef\u80fd\u3067\u3059\u3002MAD IN\u306e\u30a2\u30c9\u30d0\u30a4\u30b6\u30fc\u304c\u304a\u5ba2\u69d8\u306e\u611b\u8eca\u306b\u3074\u3063\u305f\u308a\u306e\u30db\u30a4\u30fc\u30eb\u3092\u898b\u3064\u3051\u308b\u304a\u624b\u4f1d\u3044\u3092\u3044\u305f\u3057\u307e\u3059\u3002","breadcrumb":{"@id":"https:\/\/madin.fr\/boutique\/voiles\/#breadcrumb"},"inLanguage":"ja","potentialAction":[{"@type":"ReadAction","target":["https:\/\/madin.fr\/boutique\/voiles\/"]}]},{"@type":"BreadcrumbList","@id":"https:\/\/madin.fr\/boutique\/voiles\/#breadcrumb","itemListElement":[{"@type":"ListItem","position":1,"name":"Accueil","item":"https:\/\/madin.fr\/"},{"@type":"ListItem","position":2,"name":"LA BOUTIQUE","item":"https:\/\/madin.fr\/boutique\/"},{"@type":"ListItem","position":3,"name":"Voiles de jantes"}]},{"@type":"WebSite","@id":"https:\/\/madin.fr\/#website","url":"https:\/\/madin.fr\/","name":"MAD IN \u30ab\u30b9\u30bf\u30e0 \u30db\u30a4\u30fc\u30eb","description":"","publisher":{"@id":"https:\/\/madin.fr\/#organization"},"potentialAction":[{"@type":"SearchAction","target":{"@type":"EntryPoint","urlTemplate":"https:\/\/madin.fr\/?s={search_term_string}"},"query-input":{"@type":"PropertyValueSpecification","valueRequired":true,"valueName":"search_term_string"}}],"inLanguage":"ja"},{"@type":"Organization","@id":"https:\/\/madin.fr\/#organization","name":"Mad In","url":"https:\/\/madin.fr\/","logo":{"@type":"ImageObject","inLanguage":"ja","@id":"https:\/\/madin.fr\/#\/schema\/logo\/image\/","url":"https:\/\/madin.fr\/wp-content\/uploads\/2021\/09\/Madin-logo-carre-bis-bis-bis.png","contentUrl":"https:\/\/madin.fr\/wp-content\/uploads\/2021\/09\/Madin-logo-carre-bis-bis-bis.png","width":512,"height":507,"caption":"Mad In"},"image":{"@id":"https:\/\/madin.fr\/#\/schema\/logo\/image\/"},"sameAs":["https:\/\/www.facebook.com\/madin.wheels\/","https:\/\/www.instagram.com\/madinwheels\/"]}]}},"jetpack_sharing_enabled":true,"_links":{"self":[{"href":"https:\/\/madin.fr\/ja\/wp-json\/wp\/v2\/pages\/49","targetHints":{"allow":["GET"]}}],"collection":[{"href":"https:\/\/madin.fr\/ja\/wp-json\/wp\/v2\/pages"}],"about":[{"href":"https:\/\/madin.fr\/ja\/wp-json\/wp\/v2\/types\/page"}],"author":[{"embeddable":true,"href":"https:\/\/madin.fr\/ja\/wp-json\/wp\/v2\/users\/1"}],"replies":[{"embeddable":true,"href":"https:\/\/madin.fr\/ja\/wp-json\/wp\/v2\/comments?post=49"}],"version-history":[{"count":38,"href":"https:\/\/madin.fr\/ja\/wp-json\/wp\/v2\/pages\/49\/revisions"}],"predecessor-version":[{"id":5362,"href":"https:\/\/madin.fr\/ja\/wp-json\/wp\/v2\/pages\/49\/revisions\/5362"}],"up":[{"embeddable":true,"href":"https:\/\/madin.fr\/ja\/wp-json\/wp\/v2\/pages\/3855"}],"wp:attachment":[{"href":"https:\/\/madin.fr\/ja\/wp-json\/wp\/v2\/media?parent=49"}],"curies":[{"name":"wp","href":"https:\/\/api.w.org\/{rel}","templated":true}]}}