{"id":1916,"date":"2021-09-07T14:45:24","date_gmt":"2021-09-07T12:45:24","guid":{"rendered":"https:\/\/madinjantessurmesur.live-website.com\/?post_type=product&#038;p=1916"},"modified":"2023-04-03T15:53:17","modified_gmt":"2023-04-03T13:53:17","slug":"jante-15c-light","status":"publish","type":"product","link":"https:\/\/madin.fr\/ja\/product\/15c-light-15-inch-wheel\/","title":{"rendered":"15C Light Wheel (15 inch)"},"content":{"rendered":"<h4>Additional information on this wheel<\/h4>\n<p>The 15C Light wheel is a threepiece alloy wheel made in France from high quality aluminium. It can be mounted on any car that requires 15 inch rims and 4 bolts.<\/p>\n<h5>PCD you can mount our 15C Light 15 inch wheel on :<\/h5>\n<ul>\n<li>4&#215;98 : Alfasud, Alfa Sprint, Alfa Giulietta, Alfa 75, Alfa 33, Alfa 90, Alfa GTV6, Alpine A310 Pack GT, V6, Fiat Roma, Fiat Spider, Fiat 128, Fiat 131, Lancia Delta, Lancia Prisma, Lancia Trevi, Lancia Beta, Lancia Integrale, Matra Murena, Matra Bagheera,\u00a0 R5 Turbo<\/li>\n<li>4&#215;100 : Alpine A310 GTA, BMW S\u00e9rie 3, BMW 2002 Gr 2, BMW E30,\u00a0 Mazda MX5, Nissan Sunny Coupe, Toyota Celica, Opel Manta, Opel Rekord, Opel Ascona, Renault Fuego, Renault R11 Turbo, Volkswagen Golf, Volkswagen Polo, Volkswagen Corrado, Volkswagen Jetta<\/li>\n<li>4&#215;108 : Alfa Spider, Alfa Montreal, Audi 80, Audi 90, Ford Escort, Ford Fiesta, Ford Capri (Gr4),\u00a0 Peugeot 205 GTI, Peugeot 309 GTI, Peugeot 405 MI16, Porsche 924,\u00a0 Saab 9000, Saab 900<\/li>\n<li>4&#215;114,3 : Mazda RX7, Mazda 626, Mazda 323, Mazda 929, Toyota Sprinter Trueno (Corolla AE86), Mitsubishi Lancer, Mitsubshi Mirage, Mitsubish Galant, Nissan Primera, Nissan Silvia, Nissan 200sx, Nissan Stanza&#8230;<\/li>\n<\/ul>\n<p>It can be used instead of the following retro\/racing  rims : PLS Le Mans, PLS Sport 4, PLS 415, Gotti J55F, Gotti 075, Gotti 75BA, Minilite, Braid Fullrace, Ronal LS, OZ Racing Superturismo etc\u2026<\/p>\n<p>You can find your PCD thanks to <a href=\"https:\/\/madin.fr\/ja\/comment-mesurer-entraxe-jante\/\">our guide<\/a>. <\/p>\n<hr \/>\n<h4>Lips, barrels and accessories<\/h4>\n<p>You can find lips and barrel for our 15C wheel on <a href=\"https:\/\/madin.fr\/ja\/product\/voiles-de-jantes-15-pouces\/\">this page<\/a>.<\/p>\n<p>Many accessories for your wheels (<a href=\"https:\/\/madin.fr\/ja\/product\/valves-jantes\/\">valves<\/a>, <a href=\"https:\/\/madin.fr\/ja\/product\/bolts-nuts-washers-wheels\/\">bolts<\/a>, <a href=\"https:\/\/madin.fr\/ja\/product\/mad-in-stickers\/\">stickers<\/a>) can be found on <a href=\"https:\/\/madin.fr\/ja\/online-shop\/threepiece-wheels-accessories\/\">this page<\/a>.<\/p>\n<hr \/>\n<p><em>On the <strong>pictures<\/strong> you can see our 15C Light split rims mounted on the following cars : BMW and Mitjet. <\/em><\/p>","protected":false},"excerpt":{"rendered":"<p style=\"text-align: justify;\">The <strong>15C Light<\/strong> wheel is an innovative product developed for our most demanding customers, seeking <strong>lightweight<\/strong> on a 15'' wheel.<\/p>\n<p style=\"text-align: justify;\" class=\"translation-block\">Its design comes from the classic <a href=\"https:\/\/madin.fr\/ja\/product\/jante-15c-light\/\" target=\"_self\">15C<\/a>. But, because we have removed some material from the front surface, it is 1,1kg lighter than the 15C.<\/p>\n<p style=\"text-align: justify;\">For all those searching for <strong>performance<\/strong> and <strong>style<\/strong>\u00a0!<\/p>\n<hr \/>\n<p><strong><u>Technical specs<\/u> : <\/strong><\/p>\n<p style=\"text-align: justify;\"><em><strong>Bolts<\/strong> 4 holes | <strong>Bolt pattern<\/strong> min. 95mm max. 115mm | <strong>Centerbore<\/strong> min. 55mm | <strong>ET<\/strong> : from ET -38 to ET44 | <strong>Weight<\/strong> (wheel center) : 1,7kg<\/em><\/p>\n<p><em><strong>Available colours<\/strong> : white, yellow, orange, red, blue, light grey, anthracite, shiny black, matt black and vintage gold.<\/em><\/p>\n<hr \/>\n<p><strong><u>Ordering process<\/u> : <\/strong><\/p>\n<p style=\"text-align: justify;\"><strong>Call us at <a href=\"tel:+33385577588\"><strong>03.85.57.75.88<\/strong><\/a> or <strong>write us a message (<a href=\"mailto:info@madin.fr\">info@madin.fr<\/a>)<\/strong>, we will advise you on the perfect custom wheel for your car (colour, offset, ET, width etc.)<\/strong><\/p>\n<hr \/>\n<p style=\"text-align: justify;\"><strong>The price depends on the width of the wheel and on the finish. <\/strong><\/p>\n<p style=\"text-align: center;\"><a class=\"maxbutton-1 maxbutton maxbutton-nous-contacter\" href=\"https:\/\/madin.fr\/ja\/contact-us\/\"><span class='mb-text'>\u304a\u554f\u3044\u5408\u308f\u305b<\/span><\/a><\/p>","protected":false},"featured_media":4586,"comment_status":"open","ping_status":"closed","template":"","meta":{"_monsterinsights_skip_tracking":false,"_monsterinsights_sitenote_active":false,"_monsterinsights_sitenote_note":"","_monsterinsights_sitenote_category":0,"neve_meta_sidebar":"","neve_meta_container":"","neve_meta_enable_content_width":"on","neve_meta_content_width":80,"neve_meta_title_alignment":"","neve_meta_author_avatar":"","neve_post_elements_order":"","neve_meta_disable_header":"","neve_meta_disable_footer":"","neve_meta_disable_title":"","_themeisle_gutenberg_block_has_review":false},"product_brand":[],"product_cat":[18],"product_tag":[],"class_list":{"0":"post-1916","1":"product","2":"type-product","3":"status-publish","4":"has-post-thumbnail","6":"product_cat-jante","7":"product_shipping_class-jantes","9":"first","10":"instock","11":"taxable","12":"shipping-taxable","13":"product-type-simple"},"yoast_head":"<!-- This site is optimized with the Yoast SEO plugin v27.4 - https:\/\/yoast.com\/product\/yoast-seo-wordpress\/ -->\n<title>Mad In - Jante 15C Light (15 pouces) - Mad In - Jantes sur-mesure<\/title>\n<meta name=\"description\" content=\"Jantes d\u00e9montables, l\u00e9g\u00e8res en 15 pouces. 4 trous. Pour R5 Turbo, Ford Capri, BMW 2002, A310, Alfa Coupe, Simca etc. Toutes couleurs.\" \/>\n<meta name=\"robots\" content=\"index, follow, max-snippet:-1, max-image-preview:large, max-video-preview:-1\" \/>\n<link rel=\"canonical\" href=\"https:\/\/madin.fr\/ja\/product\/15c-light-15-inch-wheel\/\" \/>\n<meta property=\"og:locale\" content=\"ja_JP\" \/>\n<meta property=\"og:type\" content=\"article\" \/>\n<meta property=\"og:title\" content=\"Mad In - Jante 15C Light (15 pouces) - Mad In - Jantes sur-mesure\" \/>\n<meta property=\"og:description\" content=\"Jantes d\u00e9montables, l\u00e9g\u00e8res en 15 pouces. 4 trous. Pour R5 Turbo, Ford Capri, BMW 2002, A310, Alfa Coupe, Simca etc. Toutes couleurs.\" \/>\n<meta property=\"og:url\" content=\"https:\/\/madin.fr\/ja\/product\/15c-light-15-inch-wheel\/\" \/>\n<meta property=\"og:site_name\" content=\"Mad In - Jantes sur-mesure\" \/>\n<meta property=\"article:publisher\" content=\"https:\/\/www.facebook.com\/madin.wheels\/\" \/>\n<meta property=\"article:modified_time\" content=\"2023-04-03T13:53:17+00:00\" \/>\n<meta property=\"og:image\" content=\"https:\/\/madin.fr\/wp-content\/uploads\/2021\/09\/15c-jante-15-pouces-rouge-3-parties-square-scaled.jpg\" \/>\n\t<meta property=\"og:image:width\" content=\"2560\" \/>\n\t<meta property=\"og:image:height\" content=\"2560\" \/>\n\t<meta property=\"og:image:type\" content=\"image\/jpeg\" \/>\n<meta name=\"twitter:card\" content=\"summary_large_image\" \/>\n<meta name=\"twitter:label1\" content=\"\u63a8\u5b9a\u8aad\u307f\u53d6\u308a\u6642\u9593\" \/>\n\t<meta name=\"twitter:data1\" content=\"1\u5206\" \/>\n<script type=\"application\/ld+json\" class=\"yoast-schema-graph\">{\"@context\":\"https:\\\/\\\/schema.org\",\"@graph\":[{\"@type\":\"WebPage\",\"@id\":\"https:\\\/\\\/madin.fr\\\/produit\\\/jante-15c-light\\\/\",\"url\":\"https:\\\/\\\/madin.fr\\\/produit\\\/jante-15c-light\\\/\",\"name\":\"Mad In - Jante 15C Light (15 pouces) - Mad In - Jantes sur-mesure\",\"isPartOf\":{\"@id\":\"https:\\\/\\\/madin.fr\\\/#website\"},\"primaryImageOfPage\":{\"@id\":\"https:\\\/\\\/madin.fr\\\/produit\\\/jante-15c-light\\\/#primaryimage\"},\"image\":{\"@id\":\"https:\\\/\\\/madin.fr\\\/produit\\\/jante-15c-light\\\/#primaryimage\"},\"thumbnailUrl\":\"https:\\\/\\\/madin.fr\\\/wp-content\\\/uploads\\\/2021\\\/09\\\/15c-jante-15-pouces-rouge-3-parties-square-scaled.jpg\",\"datePublished\":\"2021-09-07T12:45:24+00:00\",\"dateModified\":\"2023-04-03T13:53:17+00:00\",\"description\":\"Jantes d\u00e9montables, l\u00e9g\u00e8res en 15 pouces. 4 trous. Pour R5 Turbo, Ford Capri, BMW 2002, A310, Alfa Coupe, Simca etc. Toutes couleurs.\",\"breadcrumb\":{\"@id\":\"https:\\\/\\\/madin.fr\\\/produit\\\/jante-15c-light\\\/#breadcrumb\"},\"inLanguage\":\"ja\",\"potentialAction\":[{\"@type\":\"ReadAction\",\"target\":[\"https:\\\/\\\/madin.fr\\\/produit\\\/jante-15c-light\\\/\"]}]},{\"@type\":\"ImageObject\",\"inLanguage\":\"ja\",\"@id\":\"https:\\\/\\\/madin.fr\\\/produit\\\/jante-15c-light\\\/#primaryimage\",\"url\":\"https:\\\/\\\/madin.fr\\\/wp-content\\\/uploads\\\/2021\\\/09\\\/15c-jante-15-pouces-rouge-3-parties-square-scaled.jpg\",\"contentUrl\":\"https:\\\/\\\/madin.fr\\\/wp-content\\\/uploads\\\/2021\\\/09\\\/15c-jante-15-pouces-rouge-3-parties-square-scaled.jpg\",\"width\":2560,\"height\":2560,\"caption\":\"jante 3 parties rouge sur mesure\"},{\"@type\":\"BreadcrumbList\",\"@id\":\"https:\\\/\\\/madin.fr\\\/produit\\\/jante-15c-light\\\/#breadcrumb\",\"itemListElement\":[{\"@type\":\"ListItem\",\"position\":1,\"name\":\"Accueil\",\"item\":\"https:\\\/\\\/madin.fr\\\/\"},{\"@type\":\"ListItem\",\"position\":2,\"name\":\"Produits\",\"item\":\"https:\\\/\\\/madin.fr\\\/shop\\\/\"},{\"@type\":\"ListItem\",\"position\":3,\"name\":\"Jante 15C Light (15 pouces)\"}]},{\"@type\":\"WebSite\",\"@id\":\"https:\\\/\\\/madin.fr\\\/#website\",\"url\":\"https:\\\/\\\/madin.fr\\\/\",\"name\":\"Mad In - Jantes sur-mesure\",\"description\":\"\",\"publisher\":{\"@id\":\"https:\\\/\\\/madin.fr\\\/#organization\"},\"potentialAction\":[{\"@type\":\"SearchAction\",\"target\":{\"@type\":\"EntryPoint\",\"urlTemplate\":\"https:\\\/\\\/madin.fr\\\/?s={search_term_string}\"},\"query-input\":{\"@type\":\"PropertyValueSpecification\",\"valueRequired\":true,\"valueName\":\"search_term_string\"}}],\"inLanguage\":\"ja\"},{\"@type\":\"Organization\",\"@id\":\"https:\\\/\\\/madin.fr\\\/#organization\",\"name\":\"Mad In\",\"url\":\"https:\\\/\\\/madin.fr\\\/\",\"logo\":{\"@type\":\"ImageObject\",\"inLanguage\":\"ja\",\"@id\":\"https:\\\/\\\/madin.fr\\\/#\\\/schema\\\/logo\\\/image\\\/\",\"url\":\"https:\\\/\\\/madin.fr\\\/wp-content\\\/uploads\\\/2021\\\/09\\\/Madin-logo-carre-bis-bis-bis.png\",\"contentUrl\":\"https:\\\/\\\/madin.fr\\\/wp-content\\\/uploads\\\/2021\\\/09\\\/Madin-logo-carre-bis-bis-bis.png\",\"width\":512,\"height\":507,\"caption\":\"Mad In\"},\"image\":{\"@id\":\"https:\\\/\\\/madin.fr\\\/#\\\/schema\\\/logo\\\/image\\\/\"},\"sameAs\":[\"https:\\\/\\\/www.facebook.com\\\/madin.wheels\\\/\",\"https:\\\/\\\/www.instagram.com\\\/madinwheels\\\/\"]}]}<\/script>\n<!-- \/ Yoast SEO plugin. -->","yoast_head_json":{"title":"Mad In - 15C Light wheel (15'') - Custom wheels","description":"15 Inch 3-piece wheel. For R5 Turbo, Ford Capri, BMW 2002, A310, Alfa Coupe, Simca etc. All colours. All widths.","robots":{"index":"index","follow":"follow","max-snippet":"max-snippet:-1","max-image-preview":"max-image-preview:large","max-video-preview":"max-video-preview:-1"},"canonical":"https:\/\/madin.fr\/ja\/product\/15c-light-15-inch-wheel\/","og_locale":"ja_JP","og_type":"article","og_title":"Mad In - Jante 15C Light (15 pouces) - Mad In - Jantes sur-mesure","og_description":"Jantes d\u00e9montables, l\u00e9g\u00e8res en 15 pouces. 4 trous. Pour R5 Turbo, Ford Capri, BMW 2002, A310, Alfa Coupe, Simca etc. Toutes couleurs.","og_url":"https:\/\/madin.fr\/ja\/product\/15c-light-15-inch-wheel\/","og_site_name":"Mad In - Jantes sur-mesure","article_publisher":"https:\/\/www.facebook.com\/madin.wheels\/","article_modified_time":"2023-04-03T13:53:17+00:00","og_image":[{"width":2560,"height":2560,"url":"https:\/\/madin.fr\/wp-content\/uploads\/2021\/09\/15c-jante-15-pouces-rouge-3-parties-square-scaled.jpg","type":"image\/jpeg"}],"twitter_card":"summary_large_image","twitter_misc":{"\u63a8\u5b9a\u8aad\u307f\u53d6\u308a\u6642\u9593":"1\u5206"},"schema":{"@context":"https:\/\/schema.org","@graph":[{"@type":"WebPage","@id":"https:\/\/madin.fr\/produit\/jante-15c-light\/","url":"https:\/\/madin.fr\/produit\/jante-15c-light\/","name":"Mad In - 15C Light wheel (15'') - Custom wheels","isPartOf":{"@id":"https:\/\/madin.fr\/#website"},"primaryImageOfPage":{"@id":"https:\/\/madin.fr\/produit\/jante-15c-light\/#primaryimage"},"image":{"@id":"https:\/\/madin.fr\/produit\/jante-15c-light\/#primaryimage"},"thumbnailUrl":"https:\/\/madin.fr\/wp-content\/uploads\/2021\/09\/15c-jante-15-pouces-rouge-3-parties-square-scaled.jpg","datePublished":"2021-09-07T12:45:24+00:00","dateModified":"2023-04-03T13:53:17+00:00","description":"15 Inch 3-piece wheel. For R5 Turbo, Ford Capri, BMW 2002, A310, Alfa Coupe, Simca etc. All colours. All widths.","breadcrumb":{"@id":"https:\/\/madin.fr\/produit\/jante-15c-light\/#breadcrumb"},"inLanguage":"ja","potentialAction":[{"@type":"ReadAction","target":["https:\/\/madin.fr\/produit\/jante-15c-light\/"]}]},{"@type":"ImageObject","inLanguage":"ja","@id":"https:\/\/madin.fr\/produit\/jante-15c-light\/#primaryimage","url":"https:\/\/madin.fr\/wp-content\/uploads\/2021\/09\/15c-jante-15-pouces-rouge-3-parties-square-scaled.jpg","contentUrl":"https:\/\/madin.fr\/wp-content\/uploads\/2021\/09\/15c-jante-15-pouces-rouge-3-parties-square-scaled.jpg","width":2560,"height":2560,"caption":"jante 3 parties rouge sur mesure"},{"@type":"BreadcrumbList","@id":"https:\/\/madin.fr\/produit\/jante-15c-light\/#breadcrumb","itemListElement":[{"@type":"ListItem","position":1,"name":"Accueil","item":"https:\/\/madin.fr\/"},{"@type":"ListItem","position":2,"name":"Produits","item":"https:\/\/madin.fr\/shop\/"},{"@type":"ListItem","position":3,"name":"Jante 15C Light (15 pouces)"}]},{"@type":"WebSite","@id":"https:\/\/madin.fr\/#website","url":"https:\/\/madin.fr\/","name":"MAD IN \u30ab\u30b9\u30bf\u30e0 \u30db\u30a4\u30fc\u30eb","description":"","publisher":{"@id":"https:\/\/madin.fr\/#organization"},"potentialAction":[{"@type":"SearchAction","target":{"@type":"EntryPoint","urlTemplate":"https:\/\/madin.fr\/?s={search_term_string}"},"query-input":{"@type":"PropertyValueSpecification","valueRequired":true,"valueName":"search_term_string"}}],"inLanguage":"ja"},{"@type":"Organization","@id":"https:\/\/madin.fr\/#organization","name":"Mad In","url":"https:\/\/madin.fr\/","logo":{"@type":"ImageObject","inLanguage":"ja","@id":"https:\/\/madin.fr\/#\/schema\/logo\/image\/","url":"https:\/\/madin.fr\/wp-content\/uploads\/2021\/09\/Madin-logo-carre-bis-bis-bis.png","contentUrl":"https:\/\/madin.fr\/wp-content\/uploads\/2021\/09\/Madin-logo-carre-bis-bis-bis.png","width":512,"height":507,"caption":"Mad In"},"image":{"@id":"https:\/\/madin.fr\/#\/schema\/logo\/image\/"},"sameAs":["https:\/\/www.facebook.com\/madin.wheels\/","https:\/\/www.instagram.com\/madinwheels\/"]}]}},"jetpack_sharing_enabled":true,"_links":{"self":[{"href":"https:\/\/madin.fr\/ja\/wp-json\/wp\/v2\/product\/1916","targetHints":{"allow":["GET"]}}],"collection":[{"href":"https:\/\/madin.fr\/ja\/wp-json\/wp\/v2\/product"}],"about":[{"href":"https:\/\/madin.fr\/ja\/wp-json\/wp\/v2\/types\/product"}],"replies":[{"embeddable":true,"href":"https:\/\/madin.fr\/ja\/wp-json\/wp\/v2\/comments?post=1916"}],"wp:featuredmedia":[{"embeddable":true,"href":"https:\/\/madin.fr\/ja\/wp-json\/wp\/v2\/media\/4586"}],"wp:attachment":[{"href":"https:\/\/madin.fr\/ja\/wp-json\/wp\/v2\/media?parent=1916"}],"wp:term":[{"taxonomy":"product_brand","embeddable":true,"href":"https:\/\/madin.fr\/ja\/wp-json\/wp\/v2\/product_brand?post=1916"},{"taxonomy":"product_cat","embeddable":true,"href":"https:\/\/madin.fr\/ja\/wp-json\/wp\/v2\/product_cat?post=1916"},{"taxonomy":"product_tag","embeddable":true,"href":"https:\/\/madin.fr\/ja\/wp-json\/wp\/v2\/product_tag?post=1916"}],"curies":[{"name":"wp","href":"https:\/\/api.w.org\/{rel}","templated":true}]}}