{"id":1971,"date":"2021-09-07T16:06:23","date_gmt":"2021-09-07T14:06:23","guid":{"rendered":"https:\/\/madinjantessurmesur.live-website.com\/?post_type=product&#038;p=1971"},"modified":"2024-01-25T12:31:16","modified_gmt":"2024-01-25T11:31:16","slug":"jante-bbs-replica","status":"publish","type":"product","link":"https:\/\/madin.fr\/ja\/product\/bbs-replica-forged-wheel\/","title":{"rendered":"BBS Replica"},"content":{"rendered":"<p style=\"text-align: justify;\">This wheel is a tailor-made replica of the famous <strong>E50 or \u00ab Honeycomb \u00bb<\/strong>.<\/p>\n<p style=\"text-align: justify;\" class=\"translation-block\"><p style=\"text-align: justify\">The honeycomb BBS is increasingly difficult to find on the second-hand market, especially one in good shape. One solution if you wish to equip your vehicle with this mythical rim, is to make it <strong>to measure.<\/strong> The same goes for other BBS models such as the BBS RS, LM or CH-R.<\/p><\/p>\n<p style=\"text-align: justify;\" class=\"translation-block\">Our mastery of forged aluminum will also allow you to achieve exceptional performance. Indeed, our forged rims have <strong>an excellent weight\/performance\/cooling ratio.<\/strong><\/p>\n<p style=\"text-align: justify;\" class=\"translation-block\">Since we produce these wheels to measure, they will be perfectly adapted to your brakes and your wheel arch. The Madin split rims can therefore be <strong>adapted to any vehicle, recent or old<\/strong>: Tesla, Corvette, Lotus, BMW, Audi, Alpine, etc.<\/p>\n<p style=\"text-align: justify;\">As with our other forged models, you can choose the PCD (4\u00d7100, 5\u00d7120, 4\u00d7108 etc.), the widths of the lips and barrels, the finish etc.<\/p>\n<p style=\"text-align: justify;\">You will be able to mount a wheel center cap with the logo of your choice.<\/p>","protected":false},"excerpt":{"rendered":"<p style=\"text-align: justify;\" class=\"translation-block\">The BBS Replica is a <strong>forged aluminium replica<\/strong> of the famous BBS Honeycomb rim. It has a dynamic and classic look at once.<\/p>\n<p style=\"text-align: justify;\">It can be adapted to any vehicle.<\/p>\n<hr \/>\n<p style=\"text-align: justify;\" class=\"translation-block\">This BBS Replica 3-piece wheel is<strong>made to measure<\/strong>. Hence you can freely choose the colour, the ET, the PCD, the width of the lips and barrels or the size of the wheel (from 13'' to 21'').<\/p>\n<p style=\"text-align: justify;\"><em><em><strong>Available colours : <\/strong>white, yellow, orange, red, blue, light grey, anthracite, shiny black, matt black and vintage gold.<\/em><\/em><\/p>\n<p style=\"text-align: justify;\" class=\"translation-block\">Our team is here to advise you : <a href=\"mailto:info@madin.fr\" target=\"_self\">info@madin.fr<\/a> or +33 3 85 57 75 88 (Mon. - Fri. : 9:30-17:30 UTC +1). We speak French, English, German, Polish and Italian ! \n\nYou can also contact our partner in Japan : <a href=\"mailto:info@caru.jp\">info@caru.jp<\/a> !<\/p>\n<hr \/>\n<p style=\"text-align: justify;\"><strong>Price : on demand<\/strong><\/p>\n<p><a class=\"maxbutton-1 maxbutton maxbutton-nous-contacter\" href=\"https:\/\/madin.fr\/ja\/contact-us\/\"><span class='mb-text'>\u304a\u554f\u3044\u5408\u308f\u305b<\/span><\/a><\/p>","protected":false},"featured_media":4287,"comment_status":"open","ping_status":"closed","template":"","meta":{"_monsterinsights_skip_tracking":false,"_monsterinsights_sitenote_active":false,"_monsterinsights_sitenote_note":"","_monsterinsights_sitenote_category":0,"neve_meta_sidebar":"","neve_meta_container":"","neve_meta_enable_content_width":"on","neve_meta_content_width":80,"neve_meta_title_alignment":"","neve_meta_author_avatar":"","neve_post_elements_order":"","neve_meta_disable_header":"","neve_meta_disable_footer":"","neve_meta_disable_title":"","_themeisle_gutenberg_block_has_review":false},"product_brand":[],"product_cat":[65],"product_tag":[],"class_list":{"0":"post-1971","1":"product","2":"type-product","3":"status-publish","4":"has-post-thumbnail","6":"product_cat-jante-forgee","8":"first","9":"instock","10":"taxable","11":"shipping-taxable","12":"product-type-simple"},"yoast_head":"<!-- This site is optimized with the Yoast SEO plugin v27.4 - https:\/\/yoast.com\/product\/yoast-seo-wordpress\/ -->\n<title>Jante forg\u00e9e BBS Replica - Mad In - Jantes sur-mesure<\/title>\n<meta name=\"description\" content=\"Equipez votre voiture de jantes en aluminium forg\u00e9. L\u00e9g\u00e8res, performantes, solides et personnalisables. La BBS Replica est disponible en 13 \u00e0 21 pouces !\" \/>\n<meta name=\"robots\" content=\"index, follow, max-snippet:-1, max-image-preview:large, max-video-preview:-1\" \/>\n<link rel=\"canonical\" href=\"https:\/\/madin.fr\/ja\/product\/bbs-replica-forged-wheel\/\" \/>\n<meta property=\"og:locale\" content=\"ja_JP\" \/>\n<meta property=\"og:type\" content=\"article\" \/>\n<meta property=\"og:title\" content=\"Jante forg\u00e9e BBS Replica - Mad In - Jantes sur-mesure\" \/>\n<meta property=\"og:description\" content=\"Equipez votre voiture de jantes en aluminium forg\u00e9. L\u00e9g\u00e8res, performantes, solides et personnalisables. La BBS Replica est disponible en 13 \u00e0 21 pouces !\" \/>\n<meta property=\"og:url\" content=\"https:\/\/madin.fr\/ja\/product\/bbs-replica-forged-wheel\/\" \/>\n<meta property=\"og:site_name\" content=\"Mad In - Jantes sur-mesure\" \/>\n<meta property=\"article:publisher\" content=\"https:\/\/www.facebook.com\/madin.wheels\/\" \/>\n<meta property=\"article:modified_time\" content=\"2024-01-25T11:31:16+00:00\" \/>\n<meta property=\"og:image\" content=\"https:\/\/madin.fr\/wp-content\/uploads\/2021\/09\/DSCF4403-5200k-contraste-redim-carre.jpg\" \/>\n\t<meta property=\"og:image:width\" content=\"1024\" \/>\n\t<meta property=\"og:image:height\" content=\"1024\" \/>\n\t<meta property=\"og:image:type\" content=\"image\/jpeg\" \/>\n<meta name=\"twitter:card\" content=\"summary_large_image\" \/>\n<meta name=\"twitter:label1\" content=\"\u63a8\u5b9a\u8aad\u307f\u53d6\u308a\u6642\u9593\" \/>\n\t<meta name=\"twitter:data1\" content=\"1\u5206\" \/>\n<script type=\"application\/ld+json\" class=\"yoast-schema-graph\">{\"@context\":\"https:\\\/\\\/schema.org\",\"@graph\":[{\"@type\":\"WebPage\",\"@id\":\"https:\\\/\\\/madin.fr\\\/produit\\\/jante-bbs-replica\\\/\",\"url\":\"https:\\\/\\\/madin.fr\\\/produit\\\/jante-bbs-replica\\\/\",\"name\":\"Jante forg\u00e9e BBS Replica - Mad In - Jantes sur-mesure\",\"isPartOf\":{\"@id\":\"https:\\\/\\\/madin.fr\\\/#website\"},\"primaryImageOfPage\":{\"@id\":\"https:\\\/\\\/madin.fr\\\/produit\\\/jante-bbs-replica\\\/#primaryimage\"},\"image\":{\"@id\":\"https:\\\/\\\/madin.fr\\\/produit\\\/jante-bbs-replica\\\/#primaryimage\"},\"thumbnailUrl\":\"https:\\\/\\\/madin.fr\\\/wp-content\\\/uploads\\\/2021\\\/09\\\/DSCF4403-5200k-contraste-redim-carre.jpg\",\"datePublished\":\"2021-09-07T14:06:23+00:00\",\"dateModified\":\"2024-01-25T11:31:16+00:00\",\"description\":\"Equipez votre voiture de jantes en aluminium forg\u00e9. L\u00e9g\u00e8res, performantes, solides et personnalisables. La BBS Replica est disponible en 13 \u00e0 21 pouces !\",\"breadcrumb\":{\"@id\":\"https:\\\/\\\/madin.fr\\\/produit\\\/jante-bbs-replica\\\/#breadcrumb\"},\"inLanguage\":\"ja\",\"potentialAction\":[{\"@type\":\"ReadAction\",\"target\":[\"https:\\\/\\\/madin.fr\\\/produit\\\/jante-bbs-replica\\\/\"]}]},{\"@type\":\"ImageObject\",\"inLanguage\":\"ja\",\"@id\":\"https:\\\/\\\/madin.fr\\\/produit\\\/jante-bbs-replica\\\/#primaryimage\",\"url\":\"https:\\\/\\\/madin.fr\\\/wp-content\\\/uploads\\\/2021\\\/09\\\/DSCF4403-5200k-contraste-redim-carre.jpg\",\"contentUrl\":\"https:\\\/\\\/madin.fr\\\/wp-content\\\/uploads\\\/2021\\\/09\\\/DSCF4403-5200k-contraste-redim-carre.jpg\",\"width\":1024,\"height\":1024,\"caption\":\"Jantes forg\u00e9es\"},{\"@type\":\"BreadcrumbList\",\"@id\":\"https:\\\/\\\/madin.fr\\\/produit\\\/jante-bbs-replica\\\/#breadcrumb\",\"itemListElement\":[{\"@type\":\"ListItem\",\"position\":1,\"name\":\"Accueil\",\"item\":\"https:\\\/\\\/madin.fr\\\/\"},{\"@type\":\"ListItem\",\"position\":2,\"name\":\"Produits\",\"item\":\"https:\\\/\\\/madin.fr\\\/shop\\\/\"},{\"@type\":\"ListItem\",\"position\":3,\"name\":\"BBS Replica\"}]},{\"@type\":\"WebSite\",\"@id\":\"https:\\\/\\\/madin.fr\\\/#website\",\"url\":\"https:\\\/\\\/madin.fr\\\/\",\"name\":\"Mad In - Jantes sur-mesure\",\"description\":\"\",\"publisher\":{\"@id\":\"https:\\\/\\\/madin.fr\\\/#organization\"},\"potentialAction\":[{\"@type\":\"SearchAction\",\"target\":{\"@type\":\"EntryPoint\",\"urlTemplate\":\"https:\\\/\\\/madin.fr\\\/?s={search_term_string}\"},\"query-input\":{\"@type\":\"PropertyValueSpecification\",\"valueRequired\":true,\"valueName\":\"search_term_string\"}}],\"inLanguage\":\"ja\"},{\"@type\":\"Organization\",\"@id\":\"https:\\\/\\\/madin.fr\\\/#organization\",\"name\":\"Mad In\",\"url\":\"https:\\\/\\\/madin.fr\\\/\",\"logo\":{\"@type\":\"ImageObject\",\"inLanguage\":\"ja\",\"@id\":\"https:\\\/\\\/madin.fr\\\/#\\\/schema\\\/logo\\\/image\\\/\",\"url\":\"https:\\\/\\\/madin.fr\\\/wp-content\\\/uploads\\\/2021\\\/09\\\/Madin-logo-carre-bis-bis-bis.png\",\"contentUrl\":\"https:\\\/\\\/madin.fr\\\/wp-content\\\/uploads\\\/2021\\\/09\\\/Madin-logo-carre-bis-bis-bis.png\",\"width\":512,\"height\":507,\"caption\":\"Mad In\"},\"image\":{\"@id\":\"https:\\\/\\\/madin.fr\\\/#\\\/schema\\\/logo\\\/image\\\/\"},\"sameAs\":[\"https:\\\/\\\/www.facebook.com\\\/madin.wheels\\\/\",\"https:\\\/\\\/www.instagram.com\\\/madinwheels\\\/\"]}]}<\/script>\n<!-- \/ Yoast SEO plugin. -->","yoast_head_json":{"title":"Mad In - BBS Replica - Forged Wheels. Custom wheels. Made in France. Since 1975.","description":"Equip your car with custom forged wheels. Light, efficient and strong. The BBS Replica wheel is available in 13 to 21 inches!","robots":{"index":"index","follow":"follow","max-snippet":"max-snippet:-1","max-image-preview":"max-image-preview:large","max-video-preview":"max-video-preview:-1"},"canonical":"https:\/\/madin.fr\/ja\/product\/bbs-replica-forged-wheel\/","og_locale":"ja_JP","og_type":"article","og_title":"Jante forg\u00e9e BBS Replica - Mad In - Jantes sur-mesure","og_description":"Equipez votre voiture de jantes en aluminium forg\u00e9. L\u00e9g\u00e8res, performantes, solides et personnalisables. La BBS Replica est disponible en 13 \u00e0 21 pouces !","og_url":"https:\/\/madin.fr\/ja\/product\/bbs-replica-forged-wheel\/","og_site_name":"Mad In - Jantes sur-mesure","article_publisher":"https:\/\/www.facebook.com\/madin.wheels\/","article_modified_time":"2024-01-25T11:31:16+00:00","og_image":[{"width":1024,"height":1024,"url":"https:\/\/madin.fr\/wp-content\/uploads\/2021\/09\/DSCF4403-5200k-contraste-redim-carre.jpg","type":"image\/jpeg"}],"twitter_card":"summary_large_image","twitter_misc":{"\u63a8\u5b9a\u8aad\u307f\u53d6\u308a\u6642\u9593":"1\u5206"},"schema":{"@context":"https:\/\/schema.org","@graph":[{"@type":"WebPage","@id":"https:\/\/madin.fr\/produit\/jante-bbs-replica\/","url":"https:\/\/madin.fr\/produit\/jante-bbs-replica\/","name":"Mad In - BBS Replica - Forged Wheels. Custom wheels. Made in France. Since 1975.","isPartOf":{"@id":"https:\/\/madin.fr\/#website"},"primaryImageOfPage":{"@id":"https:\/\/madin.fr\/produit\/jante-bbs-replica\/#primaryimage"},"image":{"@id":"https:\/\/madin.fr\/produit\/jante-bbs-replica\/#primaryimage"},"thumbnailUrl":"https:\/\/madin.fr\/wp-content\/uploads\/2021\/09\/DSCF4403-5200k-contraste-redim-carre.jpg","datePublished":"2021-09-07T14:06:23+00:00","dateModified":"2024-01-25T11:31:16+00:00","description":"Equip your car with custom forged wheels. Light, efficient and strong. The BBS Replica wheel is available in 13 to 21 inches!","breadcrumb":{"@id":"https:\/\/madin.fr\/produit\/jante-bbs-replica\/#breadcrumb"},"inLanguage":"ja","potentialAction":[{"@type":"ReadAction","target":["https:\/\/madin.fr\/produit\/jante-bbs-replica\/"]}]},{"@type":"ImageObject","inLanguage":"ja","@id":"https:\/\/madin.fr\/produit\/jante-bbs-replica\/#primaryimage","url":"https:\/\/madin.fr\/wp-content\/uploads\/2021\/09\/DSCF4403-5200k-contraste-redim-carre.jpg","contentUrl":"https:\/\/madin.fr\/wp-content\/uploads\/2021\/09\/DSCF4403-5200k-contraste-redim-carre.jpg","width":1024,"height":1024,"caption":"Jantes forg\u00e9es"},{"@type":"BreadcrumbList","@id":"https:\/\/madin.fr\/produit\/jante-bbs-replica\/#breadcrumb","itemListElement":[{"@type":"ListItem","position":1,"name":"Accueil","item":"https:\/\/madin.fr\/"},{"@type":"ListItem","position":2,"name":"Produits","item":"https:\/\/madin.fr\/shop\/"},{"@type":"ListItem","position":3,"name":"BBS Replica"}]},{"@type":"WebSite","@id":"https:\/\/madin.fr\/#website","url":"https:\/\/madin.fr\/","name":"MAD IN \u30ab\u30b9\u30bf\u30e0 \u30db\u30a4\u30fc\u30eb","description":"","publisher":{"@id":"https:\/\/madin.fr\/#organization"},"potentialAction":[{"@type":"SearchAction","target":{"@type":"EntryPoint","urlTemplate":"https:\/\/madin.fr\/?s={search_term_string}"},"query-input":{"@type":"PropertyValueSpecification","valueRequired":true,"valueName":"search_term_string"}}],"inLanguage":"ja"},{"@type":"Organization","@id":"https:\/\/madin.fr\/#organization","name":"Mad In","url":"https:\/\/madin.fr\/","logo":{"@type":"ImageObject","inLanguage":"ja","@id":"https:\/\/madin.fr\/#\/schema\/logo\/image\/","url":"https:\/\/madin.fr\/wp-content\/uploads\/2021\/09\/Madin-logo-carre-bis-bis-bis.png","contentUrl":"https:\/\/madin.fr\/wp-content\/uploads\/2021\/09\/Madin-logo-carre-bis-bis-bis.png","width":512,"height":507,"caption":"Mad In"},"image":{"@id":"https:\/\/madin.fr\/#\/schema\/logo\/image\/"},"sameAs":["https:\/\/www.facebook.com\/madin.wheels\/","https:\/\/www.instagram.com\/madinwheels\/"]}]}},"jetpack_sharing_enabled":true,"_links":{"self":[{"href":"https:\/\/madin.fr\/ja\/wp-json\/wp\/v2\/product\/1971","targetHints":{"allow":["GET"]}}],"collection":[{"href":"https:\/\/madin.fr\/ja\/wp-json\/wp\/v2\/product"}],"about":[{"href":"https:\/\/madin.fr\/ja\/wp-json\/wp\/v2\/types\/product"}],"replies":[{"embeddable":true,"href":"https:\/\/madin.fr\/ja\/wp-json\/wp\/v2\/comments?post=1971"}],"wp:featuredmedia":[{"embeddable":true,"href":"https:\/\/madin.fr\/ja\/wp-json\/wp\/v2\/media\/4287"}],"wp:attachment":[{"href":"https:\/\/madin.fr\/ja\/wp-json\/wp\/v2\/media?parent=1971"}],"wp:term":[{"taxonomy":"product_brand","embeddable":true,"href":"https:\/\/madin.fr\/ja\/wp-json\/wp\/v2\/product_brand?post=1971"},{"taxonomy":"product_cat","embeddable":true,"href":"https:\/\/madin.fr\/ja\/wp-json\/wp\/v2\/product_cat?post=1971"},{"taxonomy":"product_tag","embeddable":true,"href":"https:\/\/madin.fr\/ja\/wp-json\/wp\/v2\/product_tag?post=1971"}],"curies":[{"name":"wp","href":"https:\/\/api.w.org\/{rel}","templated":true}]}}