{"id":2062,"date":"2021-09-08T11:00:59","date_gmt":"2021-09-08T09:00:59","guid":{"rendered":"https:\/\/madinjantessurmesur.live-website.com\/?post_type=product&#038;p=2062"},"modified":"2026-02-03T07:44:47","modified_gmt":"2026-02-03T06:44:47","slug":"voiles-de-jantes-mad-in-16-pouces","status":"publish","type":"product","link":"https:\/\/madin.fr\/ja\/product\/voiles-de-jantes-mad-in-16-pouces\/","title":{"rendered":"16'' lips and barrels"},"content":{"rendered":"<h5 id=\"visserie-jantes-3-parties\">Bolts :<\/h5>\n<p class=\"translation-block\">Vous pouvez acheter la <strong>visserie <\/strong>utilis\u00e9e pour les jantes 164C et 165C sur <a href=\"https:\/\/madinjantessurmesur.live-website.com\/produit\/kit-visserie-jante-madin\/\" target=\"_self\">cette page<\/a>.<\/p>\n<h5 id=\"technique-voile-jante\">Technique :<\/h5>\n<p class=\"translation-block\">Les voiles sont en <strong>aluminium<\/strong> et sont repouss\u00e9s selon la <a href=\"https:\/\/madin.fr\/ja\/wheels-know-how\/engineering\/\" target=\"_self\">technologie<\/a> \u00ab&nbsp;<a href=\"http:\/\/rimtec.net\/\" target=\"_self\">RimTec Inside<\/a>&nbsp;\u00bb d\u00e9velopp\u00e9e par Mad In.<\/p>\n<p>Les voiles ext\u00e9rieurs sont <strong>polis<\/strong>.<\/p>\n<h5 id=\"voiles-jantes-sur-mesure\">Demandes sp\u00e9ciales :<\/h5>\n<p>Nous r\u00e9alisons des <strong>voiles pour jantes d&rsquo;autres marques<\/strong> (Gotti, PLS, Borbet, Braid, Dimma, Compomotive, BBS, Artec, Elia, Fagix, Carline, OZ, Work, Dynatech etc.), dans d&rsquo;autres tailles (du 13 au 21 pouces) mais aussi des voiles en inox <a href=\"https:\/\/madin.fr\/ja\/contact-us\/\">on demand<\/a>.<\/p>","protected":false},"excerpt":{"rendered":"<p style=\"text-align: justify;\">Voile de jante 16 pouces pour jantes Mad In <a href=\"https:\/\/madin.fr\/ja\/product\/164-165-16-inch-wheel\/\">164C<\/a> and <a href=\"https:\/\/madin.fr\/ja\/product\/164-165-16-inch-wheel\/\">165C<\/a> en 24 trous.<\/p>\n<p style=\"text-align: justify;\">Nous r\u00e9alisons des voiles pour jantes d&rsquo;autres marques (Gotti, PLS, Borbet, Braid, Dimma, Compomotive, BBS, Artec, Elia, Fagix, Carline, OZ, Work, Dynatech etc.) <a href=\"https:\/\/madin.fr\/ja\/contact-us\/\"> on demand<\/a>.<\/p>\n<hr \/>\n<h4 id=\"caracteristiques-techniques-voiles\">Technical specs<\/h4>\n<p class=\"translation-block\">24 trous, profil \u00e0 escalier, mati\u00e8re : aluminium repouss\u00e9 selon la technologie \u00ab&nbsp;<a href=\"http:\/\/drimtec.com\" target=\"_blank\" rel=\"noopener\">RimTec Inside<\/a>&nbsp;\u00bb<\/p>\n<h5 id=\"tailles-voiles-de-jantes\">Available sizes (inches) :<\/h5>\n<p>Voiles ext\u00e9rieurs : 0 (profil n\u00e9gatif)\/ 1 \/ 1,5 \/ 2 \/ 2,5 \/ 3 \/ 3,5 \/ 4 \/ 4,5 \/ 5 \/6<br \/>\nVoiles int\u00e9rieurs : 5,5 \/ 6 \/ 6,5 \/ 7<\/p>\n<p>You can check the size you need <a href=\"https:\/\/madin.fr\/ja\/lips-barrels-width\/\">on this page<\/a>.<\/p>\n<hr \/>\n<h4 id=\"commande-voiles\">Order :<\/h4>\n<p><strong>Call us<\/strong> at : <a href=\"tel:+33385577588\"><strong>03.85.57.75.88<\/strong><\/a> or <strong>write us a message (<a href=\"mailto:info@madin.fr\">info@madin.fr<\/a>)<\/strong><\/p>\n<p><em>D\u00e9lai d&rsquo;exp\u00e9dition : 3 semaines<\/em><\/p>\n<p style=\"text-align: center;\"><a class=\"maxbutton-1 maxbutton maxbutton-nous-contacter\" href=\"https:\/\/madin.fr\/ja\/contact-us\/\"><span class='mb-text'>\u304a\u554f\u3044\u5408\u308f\u305b<\/span><\/a><\/p>","protected":false},"featured_media":4141,"comment_status":"open","ping_status":"closed","template":"","meta":{"_monsterinsights_skip_tracking":false,"_monsterinsights_sitenote_active":false,"_monsterinsights_sitenote_note":"","_monsterinsights_sitenote_category":0,"neve_meta_sidebar":"","neve_meta_container":"","neve_meta_enable_content_width":"on","neve_meta_content_width":80,"neve_meta_title_alignment":"","neve_meta_author_avatar":"","neve_post_elements_order":"","neve_meta_disable_header":"","neve_meta_disable_footer":"","neve_meta_disable_title":"","_themeisle_gutenberg_block_has_review":false},"product_brand":[],"product_cat":[15],"product_tag":[],"class_list":{"0":"post-2062","1":"product","2":"type-product","3":"status-publish","4":"has-post-thumbnail","6":"product_cat-voile-de-jante","7":"product_shipping_class-voile","9":"first","10":"instock","11":"taxable","12":"shipping-taxable","13":"purchasable","14":"product-type-variable"},"yoast_head":"<!-- This site is optimized with the Yoast SEO plugin v27.4 - https:\/\/yoast.com\/product\/yoast-seo-wordpress\/ -->\n<title>Voiles de jantes Mad In - 16 pouces - Mad In - Jantes sur-mesure<\/title>\n<meta name=\"description\" content=\"Voiles de jantes 16 pouces Mad In en aluminium. 24 trous. Ext\u00e9rieur ou int\u00e9rieur. Du 0 pouce au 5 pouces. Autres marques (BBS, Gotti etc.) disponibles sur demande.\" \/>\n<meta name=\"robots\" content=\"index, follow, max-snippet:-1, max-image-preview:large, max-video-preview:-1\" \/>\n<link rel=\"canonical\" href=\"https:\/\/madin.fr\/ja\/product\/voiles-de-jantes-mad-in-16-pouces\/\" \/>\n<meta property=\"og:locale\" content=\"ja_JP\" \/>\n<meta property=\"og:type\" content=\"article\" \/>\n<meta property=\"og:title\" content=\"Voiles de jantes Mad In - 16 pouces - Mad In - Jantes sur-mesure\" \/>\n<meta property=\"og:description\" content=\"Voiles de jantes 16 pouces Mad In en aluminium. 24 trous. Ext\u00e9rieur ou int\u00e9rieur. Du 0 pouce au 5 pouces. Autres marques (BBS, Gotti etc.) disponibles sur demande.\" \/>\n<meta property=\"og:url\" content=\"https:\/\/madin.fr\/ja\/product\/voiles-de-jantes-mad-in-16-pouces\/\" \/>\n<meta property=\"og:site_name\" content=\"Mad In - Jantes sur-mesure\" \/>\n<meta property=\"article:publisher\" content=\"https:\/\/www.facebook.com\/madin.wheels\/\" \/>\n<meta property=\"article:modified_time\" content=\"2026-02-03T06:44:47+00:00\" \/>\n<meta property=\"og:image\" content=\"https:\/\/madin.fr\/wp-content\/uploads\/2021\/09\/voile-jante-15-pouces-3-pouces-1-scaled.jpg\" \/>\n\t<meta property=\"og:image:width\" content=\"2560\" \/>\n\t<meta property=\"og:image:height\" content=\"2560\" \/>\n\t<meta property=\"og:image:type\" content=\"image\/jpeg\" \/>\n<meta name=\"twitter:card\" content=\"summary_large_image\" \/>\n<script type=\"application\/ld+json\" class=\"yoast-schema-graph\">{\"@context\":\"https:\\\/\\\/schema.org\",\"@graph\":[{\"@type\":\"WebPage\",\"@id\":\"https:\\\/\\\/madin.fr\\\/produit\\\/voiles-de-jantes-mad-in-16-pouces\\\/\",\"url\":\"https:\\\/\\\/madin.fr\\\/produit\\\/voiles-de-jantes-mad-in-16-pouces\\\/\",\"name\":\"Voiles de jantes Mad In - 16 pouces - Mad In - Jantes sur-mesure\",\"isPartOf\":{\"@id\":\"https:\\\/\\\/madin.fr\\\/#website\"},\"primaryImageOfPage\":{\"@id\":\"https:\\\/\\\/madin.fr\\\/produit\\\/voiles-de-jantes-mad-in-16-pouces\\\/#primaryimage\"},\"image\":{\"@id\":\"https:\\\/\\\/madin.fr\\\/produit\\\/voiles-de-jantes-mad-in-16-pouces\\\/#primaryimage\"},\"thumbnailUrl\":\"https:\\\/\\\/madin.fr\\\/wp-content\\\/uploads\\\/2021\\\/09\\\/voile-jante-15-pouces-3-pouces-1-scaled.jpg\",\"datePublished\":\"2021-09-08T09:00:59+00:00\",\"dateModified\":\"2026-02-03T06:44:47+00:00\",\"description\":\"Voiles de jantes 16 pouces Mad In en aluminium. 24 trous. Ext\u00e9rieur ou int\u00e9rieur. Du 0 pouce au 5 pouces. Autres marques (BBS, Gotti etc.) disponibles sur demande.\",\"breadcrumb\":{\"@id\":\"https:\\\/\\\/madin.fr\\\/produit\\\/voiles-de-jantes-mad-in-16-pouces\\\/#breadcrumb\"},\"inLanguage\":\"ja\",\"potentialAction\":[{\"@type\":\"ReadAction\",\"target\":[\"https:\\\/\\\/madin.fr\\\/produit\\\/voiles-de-jantes-mad-in-16-pouces\\\/\"]}]},{\"@type\":\"ImageObject\",\"inLanguage\":\"ja\",\"@id\":\"https:\\\/\\\/madin.fr\\\/produit\\\/voiles-de-jantes-mad-in-16-pouces\\\/#primaryimage\",\"url\":\"https:\\\/\\\/madin.fr\\\/wp-content\\\/uploads\\\/2021\\\/09\\\/voile-jante-15-pouces-3-pouces-1-scaled.jpg\",\"contentUrl\":\"https:\\\/\\\/madin.fr\\\/wp-content\\\/uploads\\\/2021\\\/09\\\/voile-jante-15-pouces-3-pouces-1-scaled.jpg\",\"width\":2560,\"height\":2560},{\"@type\":\"BreadcrumbList\",\"@id\":\"https:\\\/\\\/madin.fr\\\/produit\\\/voiles-de-jantes-mad-in-16-pouces\\\/#breadcrumb\",\"itemListElement\":[{\"@type\":\"ListItem\",\"position\":1,\"name\":\"Accueil\",\"item\":\"https:\\\/\\\/madin.fr\\\/\"},{\"@type\":\"ListItem\",\"position\":2,\"name\":\"Produits\",\"item\":\"https:\\\/\\\/madin.fr\\\/shop\\\/\"},{\"@type\":\"ListItem\",\"position\":3,\"name\":\"Voiles de jantes Mad In &#8211; 16 pouces\"}]},{\"@type\":\"WebSite\",\"@id\":\"https:\\\/\\\/madin.fr\\\/#website\",\"url\":\"https:\\\/\\\/madin.fr\\\/\",\"name\":\"Mad In - Jantes sur-mesure\",\"description\":\"\",\"publisher\":{\"@id\":\"https:\\\/\\\/madin.fr\\\/#organization\"},\"potentialAction\":[{\"@type\":\"SearchAction\",\"target\":{\"@type\":\"EntryPoint\",\"urlTemplate\":\"https:\\\/\\\/madin.fr\\\/?s={search_term_string}\"},\"query-input\":{\"@type\":\"PropertyValueSpecification\",\"valueRequired\":true,\"valueName\":\"search_term_string\"}}],\"inLanguage\":\"ja\"},{\"@type\":\"Organization\",\"@id\":\"https:\\\/\\\/madin.fr\\\/#organization\",\"name\":\"Mad In\",\"url\":\"https:\\\/\\\/madin.fr\\\/\",\"logo\":{\"@type\":\"ImageObject\",\"inLanguage\":\"ja\",\"@id\":\"https:\\\/\\\/madin.fr\\\/#\\\/schema\\\/logo\\\/image\\\/\",\"url\":\"https:\\\/\\\/madin.fr\\\/wp-content\\\/uploads\\\/2021\\\/09\\\/Madin-logo-carre-bis-bis-bis.png\",\"contentUrl\":\"https:\\\/\\\/madin.fr\\\/wp-content\\\/uploads\\\/2021\\\/09\\\/Madin-logo-carre-bis-bis-bis.png\",\"width\":512,\"height\":507,\"caption\":\"Mad In\"},\"image\":{\"@id\":\"https:\\\/\\\/madin.fr\\\/#\\\/schema\\\/logo\\\/image\\\/\"},\"sameAs\":[\"https:\\\/\\\/www.facebook.com\\\/madin.wheels\\\/\",\"https:\\\/\\\/www.instagram.com\\\/madinwheels\\\/\"]}]}<\/script>\n<!-- \/ Yoast SEO plugin. -->","yoast_head_json":{"title":"Voiles de jantes Mad In - 16 pouces - Mad In - Jantes sur-mesure","description":"Voiles de jantes 16 pouces Mad In en aluminium. 24 trous. Ext\u00e9rieur ou int\u00e9rieur. Du 0 pouce au 5 pouces. Autres marques (BBS, Gotti etc.) disponibles sur demande.","robots":{"index":"index","follow":"follow","max-snippet":"max-snippet:-1","max-image-preview":"max-image-preview:large","max-video-preview":"max-video-preview:-1"},"canonical":"https:\/\/madin.fr\/ja\/product\/voiles-de-jantes-mad-in-16-pouces\/","og_locale":"ja_JP","og_type":"article","og_title":"Voiles de jantes Mad In - 16 pouces - Mad In - Jantes sur-mesure","og_description":"Voiles de jantes 16 pouces Mad In en aluminium. 24 trous. Ext\u00e9rieur ou int\u00e9rieur. Du 0 pouce au 5 pouces. Autres marques (BBS, Gotti etc.) disponibles sur demande.","og_url":"https:\/\/madin.fr\/ja\/product\/voiles-de-jantes-mad-in-16-pouces\/","og_site_name":"Mad In - Jantes sur-mesure","article_publisher":"https:\/\/www.facebook.com\/madin.wheels\/","article_modified_time":"2026-02-03T06:44:47+00:00","og_image":[{"width":2560,"height":2560,"url":"https:\/\/madin.fr\/wp-content\/uploads\/2021\/09\/voile-jante-15-pouces-3-pouces-1-scaled.jpg","type":"image\/jpeg"}],"twitter_card":"summary_large_image","schema":{"@context":"https:\/\/schema.org","@graph":[{"@type":"WebPage","@id":"https:\/\/madin.fr\/produit\/voiles-de-jantes-mad-in-16-pouces\/","url":"https:\/\/madin.fr\/produit\/voiles-de-jantes-mad-in-16-pouces\/","name":"Voiles de jantes Mad In - 16 pouces - Mad In - Jantes sur-mesure","isPartOf":{"@id":"https:\/\/madin.fr\/#website"},"primaryImageOfPage":{"@id":"https:\/\/madin.fr\/produit\/voiles-de-jantes-mad-in-16-pouces\/#primaryimage"},"image":{"@id":"https:\/\/madin.fr\/produit\/voiles-de-jantes-mad-in-16-pouces\/#primaryimage"},"thumbnailUrl":"https:\/\/madin.fr\/wp-content\/uploads\/2021\/09\/voile-jante-15-pouces-3-pouces-1-scaled.jpg","datePublished":"2021-09-08T09:00:59+00:00","dateModified":"2026-02-03T06:44:47+00:00","description":"Voiles de jantes 16 pouces Mad In en aluminium. 24 trous. Ext\u00e9rieur ou int\u00e9rieur. Du 0 pouce au 5 pouces. Autres marques (BBS, Gotti etc.) disponibles sur demande.","breadcrumb":{"@id":"https:\/\/madin.fr\/produit\/voiles-de-jantes-mad-in-16-pouces\/#breadcrumb"},"inLanguage":"ja","potentialAction":[{"@type":"ReadAction","target":["https:\/\/madin.fr\/produit\/voiles-de-jantes-mad-in-16-pouces\/"]}]},{"@type":"ImageObject","inLanguage":"ja","@id":"https:\/\/madin.fr\/produit\/voiles-de-jantes-mad-in-16-pouces\/#primaryimage","url":"https:\/\/madin.fr\/wp-content\/uploads\/2021\/09\/voile-jante-15-pouces-3-pouces-1-scaled.jpg","contentUrl":"https:\/\/madin.fr\/wp-content\/uploads\/2021\/09\/voile-jante-15-pouces-3-pouces-1-scaled.jpg","width":2560,"height":2560},{"@type":"BreadcrumbList","@id":"https:\/\/madin.fr\/produit\/voiles-de-jantes-mad-in-16-pouces\/#breadcrumb","itemListElement":[{"@type":"ListItem","position":1,"name":"Accueil","item":"https:\/\/madin.fr\/"},{"@type":"ListItem","position":2,"name":"Produits","item":"https:\/\/madin.fr\/shop\/"},{"@type":"ListItem","position":3,"name":"Voiles de jantes Mad In &#8211; 16 pouces"}]},{"@type":"WebSite","@id":"https:\/\/madin.fr\/#website","url":"https:\/\/madin.fr\/","name":"MAD IN \u30ab\u30b9\u30bf\u30e0 \u30db\u30a4\u30fc\u30eb","description":"","publisher":{"@id":"https:\/\/madin.fr\/#organization"},"potentialAction":[{"@type":"SearchAction","target":{"@type":"EntryPoint","urlTemplate":"https:\/\/madin.fr\/?s={search_term_string}"},"query-input":{"@type":"PropertyValueSpecification","valueRequired":true,"valueName":"search_term_string"}}],"inLanguage":"ja"},{"@type":"Organization","@id":"https:\/\/madin.fr\/#organization","name":"Mad In","url":"https:\/\/madin.fr\/","logo":{"@type":"ImageObject","inLanguage":"ja","@id":"https:\/\/madin.fr\/#\/schema\/logo\/image\/","url":"https:\/\/madin.fr\/wp-content\/uploads\/2021\/09\/Madin-logo-carre-bis-bis-bis.png","contentUrl":"https:\/\/madin.fr\/wp-content\/uploads\/2021\/09\/Madin-logo-carre-bis-bis-bis.png","width":512,"height":507,"caption":"Mad In"},"image":{"@id":"https:\/\/madin.fr\/#\/schema\/logo\/image\/"},"sameAs":["https:\/\/www.facebook.com\/madin.wheels\/","https:\/\/www.instagram.com\/madinwheels\/"]}]}},"jetpack_sharing_enabled":true,"_links":{"self":[{"href":"https:\/\/madin.fr\/ja\/wp-json\/wp\/v2\/product\/2062","targetHints":{"allow":["GET"]}}],"collection":[{"href":"https:\/\/madin.fr\/ja\/wp-json\/wp\/v2\/product"}],"about":[{"href":"https:\/\/madin.fr\/ja\/wp-json\/wp\/v2\/types\/product"}],"replies":[{"embeddable":true,"href":"https:\/\/madin.fr\/ja\/wp-json\/wp\/v2\/comments?post=2062"}],"wp:featuredmedia":[{"embeddable":true,"href":"https:\/\/madin.fr\/ja\/wp-json\/wp\/v2\/media\/4141"}],"wp:attachment":[{"href":"https:\/\/madin.fr\/ja\/wp-json\/wp\/v2\/media?parent=2062"}],"wp:term":[{"taxonomy":"product_brand","embeddable":true,"href":"https:\/\/madin.fr\/ja\/wp-json\/wp\/v2\/product_brand?post=2062"},{"taxonomy":"product_cat","embeddable":true,"href":"https:\/\/madin.fr\/ja\/wp-json\/wp\/v2\/product_cat?post=2062"},{"taxonomy":"product_tag","embeddable":true,"href":"https:\/\/madin.fr\/ja\/wp-json\/wp\/v2\/product_tag?post=2062"}],"curies":[{"name":"wp","href":"https:\/\/api.w.org\/{rel}","templated":true}]}}