{"id":2321,"date":"2021-09-13T15:24:24","date_gmt":"2021-09-13T13:24:24","guid":{"rendered":"https:\/\/madinjantessurmesur.live-website.com\/?post_type=product&#038;p=2321"},"modified":"2023-04-03T16:03:30","modified_gmt":"2023-04-03T14:03:30","slug":"jante-p07","status":"publish","type":"product","link":"https:\/\/madin.fr\/ja\/product\/p07-wheel\/","title":{"rendered":"P07"},"content":{"rendered":"","protected":false},"excerpt":{"rendered":"<p style=\"text-align: justify;\">The P07 is a forged wheel with a <b>robust <\/b>and\u00a0<strong>sportive look<\/strong>. Its singular design with <strong>wide Y-spokes<\/strong>\u00a0won't let you fall under the radar. Like all our forged wheels, it has an unparalleled solidity and a flawless finish, thanks to our decades-long experience.<\/p>\n<p style=\"text-align: justify;\">Its design is inspired by <strong>motor racing<\/strong>\u00a0and allows for an optimal ratio between solidity and\u00a0<strong>air circulation<\/strong>\u00a0for the\u00a0<strong>cooling of your braking system<\/strong>. Originally, Mad In has developed the P07 for a Porsche GT3 R. As it is tailor-made, it can of course be adapted to any vehicle. Like our P08 model, it's a perfect match if you're searching for the highest performances.<\/p>\n<p style=\"text-align: justify;\">It is a\u00a0<strong>3-piece wheel<\/strong> that can be mounted on any vehicle : a Porsche, an Audi or a BMW for instance. <strong>Lightweight<\/strong>\u00a0and\u00a0<strong>resistant<\/strong>, the P07 rims will improve your car's <strong>performances<\/strong>.<\/p>\n<p style=\"text-align: justify;\">You can then mount a wheel center cap with the logo of your choice.<\/p>\n<hr \/>\n<p style=\"text-align: justify;\" class=\"translation-block\">The P07 forged wheels<strong> are made on demand and tailored to your vehicle<\/strong>. Hence you can freely choose the PCD, the offset, the colour, the number of  holes, the width of the lips and barrels or the diameter of the wheels (13 to 21 inches).<\/p>\n<p style=\"text-align: justify;\"><em><strong><em><strong>Available colours : <\/strong><\/strong> white, yellow, orange, red, blue, light grey, anthracite, shiny black, matt black and vintage gold.<\/em><\/em><\/p>\n<p style=\"text-align: justify;\" class=\"translation-block\">Our team is here to advise you : <a href=\"mailto:info@madin.fr\" target=\"_self\">info@madin.fr<\/a> or +33 3 85 57 75 88 (Mon. - Fri. : 9:30-17:30 UTC +1). We speak French, English, German, Polish and Italian ! \n\nYou can also contact our partner in Japan : <a href=\"mailto:info@caru.jp\">info@caru.jp<\/a> !<\/p>\n<hr \/>\n<p style=\"text-align: justify;\"><strong>Price : on demand<\/strong><\/p>\n<p><a class=\"maxbutton-1 maxbutton maxbutton-nous-contacter\" href=\"https:\/\/madin.fr\/ja\/contact-us\/\"><span class='mb-text'>\u304a\u554f\u3044\u5408\u308f\u305b<\/span><\/a><\/p>","protected":false},"featured_media":2322,"comment_status":"open","ping_status":"closed","template":"","meta":{"_monsterinsights_skip_tracking":false,"_monsterinsights_sitenote_active":false,"_monsterinsights_sitenote_note":"","_monsterinsights_sitenote_category":0,"neve_meta_sidebar":"","neve_meta_container":"","neve_meta_enable_content_width":"on","neve_meta_content_width":80,"neve_meta_title_alignment":"","neve_meta_author_avatar":"","neve_post_elements_order":"","neve_meta_disable_header":"","neve_meta_disable_footer":"","neve_meta_disable_title":"","_themeisle_gutenberg_block_has_review":false},"product_brand":[],"product_cat":[65],"product_tag":[],"class_list":{"0":"post-2321","1":"product","2":"type-product","3":"status-publish","4":"has-post-thumbnail","6":"product_cat-jante-forgee","8":"first","9":"instock","10":"taxable","11":"shipping-taxable","12":"product-type-simple"},"yoast_head":"<!-- This site is optimized with the Yoast SEO plugin v27.4 - https:\/\/yoast.com\/product\/yoast-seo-wordpress\/ -->\n<title>Jantes forg\u00e9es P07 - Mad In - Jantes sur-mesure<\/title>\n<meta name=\"description\" content=\"Equipez votre voiture de jantes en aluminium forg\u00e9. L\u00e9g\u00e8res, performantes, solides et personnalisables. La P07 est disponible en 13 \u00e0 21 pouces !\" \/>\n<meta name=\"robots\" content=\"index, follow, max-snippet:-1, max-image-preview:large, max-video-preview:-1\" \/>\n<link rel=\"canonical\" href=\"https:\/\/madin.fr\/ja\/product\/p07-wheel\/\" \/>\n<meta property=\"og:locale\" content=\"ja_JP\" \/>\n<meta property=\"og:type\" content=\"article\" \/>\n<meta property=\"og:title\" content=\"Jantes forg\u00e9es P07 - Mad In - Jantes sur-mesure\" \/>\n<meta property=\"og:description\" content=\"Equipez votre voiture de jantes en aluminium forg\u00e9. L\u00e9g\u00e8res, performantes, solides et personnalisables. La P07 est disponible en 13 \u00e0 21 pouces !\" \/>\n<meta property=\"og:url\" content=\"https:\/\/madin.fr\/ja\/product\/p07-wheel\/\" \/>\n<meta property=\"og:site_name\" content=\"Mad In - Jantes sur-mesure\" \/>\n<meta property=\"article:publisher\" content=\"https:\/\/www.facebook.com\/madin.wheels\/\" \/>\n<meta property=\"article:modified_time\" content=\"2023-04-03T14:03:30+00:00\" \/>\n<meta property=\"og:image\" content=\"https:\/\/madin.fr\/wp-content\/uploads\/2021\/09\/Jante-Madin-P07-en-version-Brute-de-Competition-19-pouces_BD.jpg\" \/>\n\t<meta property=\"og:image:width\" content=\"336\" \/>\n\t<meta property=\"og:image:height\" content=\"336\" \/>\n\t<meta property=\"og:image:type\" content=\"image\/jpeg\" \/>\n<meta name=\"twitter:card\" content=\"summary_large_image\" \/>\n<script type=\"application\/ld+json\" class=\"yoast-schema-graph\">{\"@context\":\"https:\\\/\\\/schema.org\",\"@graph\":[{\"@type\":\"WebPage\",\"@id\":\"https:\\\/\\\/madin.fr\\\/produit\\\/jante-p07\\\/\",\"url\":\"https:\\\/\\\/madin.fr\\\/produit\\\/jante-p07\\\/\",\"name\":\"Jantes forg\u00e9es P07 - Mad In - Jantes sur-mesure\",\"isPartOf\":{\"@id\":\"https:\\\/\\\/madin.fr\\\/#website\"},\"primaryImageOfPage\":{\"@id\":\"https:\\\/\\\/madin.fr\\\/produit\\\/jante-p07\\\/#primaryimage\"},\"image\":{\"@id\":\"https:\\\/\\\/madin.fr\\\/produit\\\/jante-p07\\\/#primaryimage\"},\"thumbnailUrl\":\"https:\\\/\\\/madin.fr\\\/wp-content\\\/uploads\\\/2021\\\/09\\\/Jante-Madin-P07-en-version-Brute-de-Competition-19-pouces_BD.jpg\",\"datePublished\":\"2021-09-13T13:24:24+00:00\",\"dateModified\":\"2023-04-03T14:03:30+00:00\",\"description\":\"Equipez votre voiture de jantes en aluminium forg\u00e9. L\u00e9g\u00e8res, performantes, solides et personnalisables. La P07 est disponible en 13 \u00e0 21 pouces !\",\"breadcrumb\":{\"@id\":\"https:\\\/\\\/madin.fr\\\/produit\\\/jante-p07\\\/#breadcrumb\"},\"inLanguage\":\"ja\",\"potentialAction\":[{\"@type\":\"ReadAction\",\"target\":[\"https:\\\/\\\/madin.fr\\\/produit\\\/jante-p07\\\/\"]}]},{\"@type\":\"ImageObject\",\"inLanguage\":\"ja\",\"@id\":\"https:\\\/\\\/madin.fr\\\/produit\\\/jante-p07\\\/#primaryimage\",\"url\":\"https:\\\/\\\/madin.fr\\\/wp-content\\\/uploads\\\/2021\\\/09\\\/Jante-Madin-P07-en-version-Brute-de-Competition-19-pouces_BD.jpg\",\"contentUrl\":\"https:\\\/\\\/madin.fr\\\/wp-content\\\/uploads\\\/2021\\\/09\\\/Jante-Madin-P07-en-version-Brute-de-Competition-19-pouces_BD.jpg\",\"width\":336,\"height\":336},{\"@type\":\"BreadcrumbList\",\"@id\":\"https:\\\/\\\/madin.fr\\\/produit\\\/jante-p07\\\/#breadcrumb\",\"itemListElement\":[{\"@type\":\"ListItem\",\"position\":1,\"name\":\"Accueil\",\"item\":\"https:\\\/\\\/madin.fr\\\/\"},{\"@type\":\"ListItem\",\"position\":2,\"name\":\"Produits\",\"item\":\"https:\\\/\\\/madin.fr\\\/shop\\\/\"},{\"@type\":\"ListItem\",\"position\":3,\"name\":\"P07\"}]},{\"@type\":\"WebSite\",\"@id\":\"https:\\\/\\\/madin.fr\\\/#website\",\"url\":\"https:\\\/\\\/madin.fr\\\/\",\"name\":\"Mad In - Jantes sur-mesure\",\"description\":\"\",\"publisher\":{\"@id\":\"https:\\\/\\\/madin.fr\\\/#organization\"},\"potentialAction\":[{\"@type\":\"SearchAction\",\"target\":{\"@type\":\"EntryPoint\",\"urlTemplate\":\"https:\\\/\\\/madin.fr\\\/?s={search_term_string}\"},\"query-input\":{\"@type\":\"PropertyValueSpecification\",\"valueRequired\":true,\"valueName\":\"search_term_string\"}}],\"inLanguage\":\"ja\"},{\"@type\":\"Organization\",\"@id\":\"https:\\\/\\\/madin.fr\\\/#organization\",\"name\":\"Mad In\",\"url\":\"https:\\\/\\\/madin.fr\\\/\",\"logo\":{\"@type\":\"ImageObject\",\"inLanguage\":\"ja\",\"@id\":\"https:\\\/\\\/madin.fr\\\/#\\\/schema\\\/logo\\\/image\\\/\",\"url\":\"https:\\\/\\\/madin.fr\\\/wp-content\\\/uploads\\\/2021\\\/09\\\/Madin-logo-carre-bis-bis-bis.png\",\"contentUrl\":\"https:\\\/\\\/madin.fr\\\/wp-content\\\/uploads\\\/2021\\\/09\\\/Madin-logo-carre-bis-bis-bis.png\",\"width\":512,\"height\":507,\"caption\":\"Mad In\"},\"image\":{\"@id\":\"https:\\\/\\\/madin.fr\\\/#\\\/schema\\\/logo\\\/image\\\/\"},\"sameAs\":[\"https:\\\/\\\/www.facebook.com\\\/madin.wheels\\\/\",\"https:\\\/\\\/www.instagram.com\\\/madinwheels\\\/\"]}]}<\/script>\n<!-- \/ Yoast SEO plugin. -->","yoast_head_json":{"title":"Mad In - P07 Forged Wheels. Custom wheels. Made in France. Since 1975.","description":"Equip your car with custom forged wheels. Light, efficient and strong. The P07 is a three-piece wheel available in 13 to 21 inches!","robots":{"index":"index","follow":"follow","max-snippet":"max-snippet:-1","max-image-preview":"max-image-preview:large","max-video-preview":"max-video-preview:-1"},"canonical":"https:\/\/madin.fr\/ja\/product\/p07-wheel\/","og_locale":"ja_JP","og_type":"article","og_title":"Jantes forg\u00e9es P07 - Mad In - Jantes sur-mesure","og_description":"Equipez votre voiture de jantes en aluminium forg\u00e9. L\u00e9g\u00e8res, performantes, solides et personnalisables. La P07 est disponible en 13 \u00e0 21 pouces !","og_url":"https:\/\/madin.fr\/ja\/product\/p07-wheel\/","og_site_name":"Mad In - Jantes sur-mesure","article_publisher":"https:\/\/www.facebook.com\/madin.wheels\/","article_modified_time":"2023-04-03T14:03:30+00:00","og_image":[{"width":336,"height":336,"url":"https:\/\/madin.fr\/wp-content\/uploads\/2021\/09\/Jante-Madin-P07-en-version-Brute-de-Competition-19-pouces_BD.jpg","type":"image\/jpeg"}],"twitter_card":"summary_large_image","schema":{"@context":"https:\/\/schema.org","@graph":[{"@type":"WebPage","@id":"https:\/\/madin.fr\/produit\/jante-p07\/","url":"https:\/\/madin.fr\/produit\/jante-p07\/","name":"Mad In - P07 Forged Wheels. Custom wheels. Made in France. Since 1975.","isPartOf":{"@id":"https:\/\/madin.fr\/#website"},"primaryImageOfPage":{"@id":"https:\/\/madin.fr\/produit\/jante-p07\/#primaryimage"},"image":{"@id":"https:\/\/madin.fr\/produit\/jante-p07\/#primaryimage"},"thumbnailUrl":"https:\/\/madin.fr\/wp-content\/uploads\/2021\/09\/Jante-Madin-P07-en-version-Brute-de-Competition-19-pouces_BD.jpg","datePublished":"2021-09-13T13:24:24+00:00","dateModified":"2023-04-03T14:03:30+00:00","description":"Equip your car with custom forged wheels. Light, efficient and strong. The P07 is a three-piece wheel available in 13 to 21 inches!","breadcrumb":{"@id":"https:\/\/madin.fr\/produit\/jante-p07\/#breadcrumb"},"inLanguage":"ja","potentialAction":[{"@type":"ReadAction","target":["https:\/\/madin.fr\/produit\/jante-p07\/"]}]},{"@type":"ImageObject","inLanguage":"ja","@id":"https:\/\/madin.fr\/produit\/jante-p07\/#primaryimage","url":"https:\/\/madin.fr\/wp-content\/uploads\/2021\/09\/Jante-Madin-P07-en-version-Brute-de-Competition-19-pouces_BD.jpg","contentUrl":"https:\/\/madin.fr\/wp-content\/uploads\/2021\/09\/Jante-Madin-P07-en-version-Brute-de-Competition-19-pouces_BD.jpg","width":336,"height":336},{"@type":"BreadcrumbList","@id":"https:\/\/madin.fr\/produit\/jante-p07\/#breadcrumb","itemListElement":[{"@type":"ListItem","position":1,"name":"Accueil","item":"https:\/\/madin.fr\/"},{"@type":"ListItem","position":2,"name":"Produits","item":"https:\/\/madin.fr\/shop\/"},{"@type":"ListItem","position":3,"name":"P07"}]},{"@type":"WebSite","@id":"https:\/\/madin.fr\/#website","url":"https:\/\/madin.fr\/","name":"MAD IN \u30ab\u30b9\u30bf\u30e0 \u30db\u30a4\u30fc\u30eb","description":"","publisher":{"@id":"https:\/\/madin.fr\/#organization"},"potentialAction":[{"@type":"SearchAction","target":{"@type":"EntryPoint","urlTemplate":"https:\/\/madin.fr\/?s={search_term_string}"},"query-input":{"@type":"PropertyValueSpecification","valueRequired":true,"valueName":"search_term_string"}}],"inLanguage":"ja"},{"@type":"Organization","@id":"https:\/\/madin.fr\/#organization","name":"Mad In","url":"https:\/\/madin.fr\/","logo":{"@type":"ImageObject","inLanguage":"ja","@id":"https:\/\/madin.fr\/#\/schema\/logo\/image\/","url":"https:\/\/madin.fr\/wp-content\/uploads\/2021\/09\/Madin-logo-carre-bis-bis-bis.png","contentUrl":"https:\/\/madin.fr\/wp-content\/uploads\/2021\/09\/Madin-logo-carre-bis-bis-bis.png","width":512,"height":507,"caption":"Mad In"},"image":{"@id":"https:\/\/madin.fr\/#\/schema\/logo\/image\/"},"sameAs":["https:\/\/www.facebook.com\/madin.wheels\/","https:\/\/www.instagram.com\/madinwheels\/"]}]}},"jetpack_sharing_enabled":true,"_links":{"self":[{"href":"https:\/\/madin.fr\/ja\/wp-json\/wp\/v2\/product\/2321","targetHints":{"allow":["GET"]}}],"collection":[{"href":"https:\/\/madin.fr\/ja\/wp-json\/wp\/v2\/product"}],"about":[{"href":"https:\/\/madin.fr\/ja\/wp-json\/wp\/v2\/types\/product"}],"replies":[{"embeddable":true,"href":"https:\/\/madin.fr\/ja\/wp-json\/wp\/v2\/comments?post=2321"}],"wp:featuredmedia":[{"embeddable":true,"href":"https:\/\/madin.fr\/ja\/wp-json\/wp\/v2\/media\/2322"}],"wp:attachment":[{"href":"https:\/\/madin.fr\/ja\/wp-json\/wp\/v2\/media?parent=2321"}],"wp:term":[{"taxonomy":"product_brand","embeddable":true,"href":"https:\/\/madin.fr\/ja\/wp-json\/wp\/v2\/product_brand?post=2321"},{"taxonomy":"product_cat","embeddable":true,"href":"https:\/\/madin.fr\/ja\/wp-json\/wp\/v2\/product_cat?post=2321"},{"taxonomy":"product_tag","embeddable":true,"href":"https:\/\/madin.fr\/ja\/wp-json\/wp\/v2\/product_tag?post=2321"}],"curies":[{"name":"wp","href":"https:\/\/api.w.org\/{rel}","templated":true}]}}