{"id":63,"date":"2021-09-01T11:48:29","date_gmt":"2021-09-01T09:48:29","guid":{"rendered":"https:\/\/madinjantessurmesur.live-website.com\/produit\/hoodie-with-logo\/"},"modified":"2024-01-25T15:17:50","modified_gmt":"2024-01-25T14:17:50","slug":"jante-1c-13-14-pouces","status":"publish","type":"product","link":"https:\/\/madin.fr\/ja\/product\/1c-13-inch-wheel\/","title":{"rendered":"1C Wheel (13 &amp; 14 inch)"},"content":{"rendered":"<h4>Additional information on this wheel<\/h4>\n<p>Notre jante 1C est une jante 13 (et 14) pouces en 3 parties au style r\u00e9tro et vintage, qui est souvent mont\u00e9e sur v\u00e9hicules historiques de comp\u00e9tition. Elle peut \u00e9quiper les m\u00eames v\u00e9hicules qu&rsquo;une jante Gotti (X13, R17, N\u00b07, A53), que les jantes PLS 313, Monaco ou Imola ou encore que les jantes en 3 trous des marques Elia et Targa.<\/p>\n<p>Example of PCD for which the 1C Madin wheel is a good fit : 3\u00d7150 (Alpine A110, R8, R12, R17), 3\u00d7130 (Renault 5, R5 Turbo, R5 Alpine, R5 Calberson).<\/p>\n<p>You can find your PCD thanks to <a href=\"https:\/\/madin.fr\/ja\/comment-mesurer-entraxe-jante\/\">our guide<\/a>.<\/p>\n<p>Because this is a custom threepiece wheel, we can adapt the offset and ET to your vehicle, with great precision !<\/p>\n<hr \/>\n<h4>Lips, barrels and accessories<\/h4>\n<p>You can buy lips and barrel for our 1C wheel on <a href=\"https:\/\/madin.fr\/ja\/product\/13-inch-lips-barrels\/\">this page<\/a>.<\/p>\n<p>Many accessories for your wheels (<a href=\"https:\/\/madin.fr\/ja\/product\/valves-jantes\/\">valves<\/a>, <a href=\"https:\/\/madin.fr\/ja\/product\/bolts-nuts-washers-wheels\/\">bolts<\/a>, <a href=\"https:\/\/madin.fr\/ja\/product\/mad-in-stickers\/\">stickers<\/a>) can be found on <a href=\"https:\/\/madin.fr\/ja\/online-shop\/threepiece-wheels-accessories\/\">this page<\/a>.<\/p>\n<hr \/>\n<p><em>On the <strong>pictures<\/strong> above you can see the 1C Wheel mounted on following vehicles : R8 Gordini, Alpine A110 Groupe 4 (Berlinette), R5 Alpine Turbo Group 2 (Calberson style), Buggy Buffalo, Proto Dauphine Queron, R8 S, Marcadier Barzoi, Alpine A110 Groupe 4, Fournier-Marcadier FM01, R5 Alpine Group 2, R12 Gordini.\u00a0<\/em><\/p>","protected":false},"excerpt":{"rendered":"<p style=\"text-align: justify;\">The 1C Wheel is a <strong>lightweight<\/strong> and robust wheel, intended for cars with 13'' wheels. It is the very first model we produced, back in 1975 !<\/p>\n<p style=\"text-align: justify;\">The 1C Wheel has equipped Alpine A110 (Berlinette) on their rallye achievements ( <a href=\"https:\/\/www.youtube.com\/watch?v=29ykOiaGx3o\" target=\"_blank\" rel=\"noopener\">link to the video<\/a> )<\/p>\n<p style=\"text-align: justify;\">Those stylish split rims are a perfect fit for Berlinette (A110), Alpine A310,R8 Gordini, R12, Renault Dauphine, R5 Turbo, Matra Djet or even for buggys.<\/p>\n<p style=\"text-align: justify;\">Et aussi tous les mod\u00e8les de v\u00e9hicules en 13\/14 pouces et avec un per\u00e7age en 3 trous.<\/p>\n<p style=\"text-align: justify;\">Do you need a 4 bolt pattern or 4 lug wheels ? We suggest checking out our <a href=\"https:\/\/madin.fr\/ja\/produit\/jante-3c\/\">2F<\/a> or <a href=\"https:\/\/madin.fr\/ja\/produit\/jante-3c-13-pouces\/\">3C wheel<\/a> !<\/p>\n<hr \/>\n<p><strong><u>Technical specs<\/u> : <\/strong><\/p>\n<p style=\"text-align: justify;\"><em><strong>Bolts<\/strong> 3 holes | <strong>Bolt pattern<\/strong> min. 130 max. 150 | <strong>Centerbore<\/strong> min. 62 | <strong>ET<\/strong> : from ET -94 to ET44 | <strong>Weight<\/strong> (wheel center) : 1,2kg<\/em><\/p>\n<p><em><strong>Available colours<\/strong> : white, yellow, orange, red, blue, light grey, anthracite, shiny black, matt black and vintage gold.<\/em><\/p>\n<hr \/>\n<p><strong><u>Ordering process<\/u> : <\/strong><\/p>\n<p style=\"text-align: justify;\"><strong>Call us at <a href=\"tel:+33385577588\"><strong>03.85.57.75.88<\/strong><\/a> or <strong>write us a message (<a href=\"mailto:info@madin.fr\">info@madin.fr<\/a>)<\/strong>, we will advise you on the perfect custom wheel for your car (colour, offset, ET, width etc.)<\/strong><\/p>\n<hr \/>\n<p style=\"text-align: justify;\"><strong>The price depends on the width of the wheel and on the finish. <\/strong><\/p>\n<p style=\"text-align: center;\"><a class=\"maxbutton-1 maxbutton maxbutton-nous-contacter\" href=\"https:\/\/madin.fr\/ja\/contact-us\/\"><span class='mb-text'>\u304a\u554f\u3044\u5408\u308f\u305b<\/span><\/a><\/p>","protected":false},"featured_media":4585,"comment_status":"open","ping_status":"closed","template":"","meta":{"_monsterinsights_skip_tracking":false,"_monsterinsights_sitenote_active":false,"_monsterinsights_sitenote_note":"","_monsterinsights_sitenote_category":0,"neve_meta_sidebar":"","neve_meta_container":"","neve_meta_enable_content_width":"on","neve_meta_content_width":80,"neve_meta_title_alignment":"","neve_meta_author_avatar":"","neve_post_elements_order":"","neve_meta_disable_header":"","neve_meta_disable_footer":"","neve_meta_disable_title":"","_themeisle_gutenberg_block_has_review":false},"product_brand":[],"product_cat":[18],"product_tag":[],"class_list":{"0":"post-63","1":"product","2":"type-product","3":"status-publish","4":"has-post-thumbnail","6":"product_cat-jante","7":"product_shipping_class-jantes","9":"first","10":"instock","11":"taxable","12":"shipping-taxable","13":"product-type-simple"},"yoast_head":"<!-- This site is optimized with the Yoast SEO plugin v27.4 - https:\/\/yoast.com\/product\/yoast-seo-wordpress\/ -->\n<title>Mad In - Jante 1C (13 et 14 pouces) - Mad In - Jantes sur-mesure<\/title>\n<meta name=\"description\" content=\"Jante 13 et 14 pouces style vintage, historique pour v\u00e9hicules Alpine, R5, R8 Gordini, R12, Prototypes, Buggy etc. Toutes largeurs. Toutes couleurs.\" \/>\n<meta name=\"robots\" content=\"index, follow, max-snippet:-1, max-image-preview:large, max-video-preview:-1\" \/>\n<link rel=\"canonical\" href=\"https:\/\/madin.fr\/ja\/product\/1c-13-inch-wheel\/\" \/>\n<meta property=\"og:locale\" content=\"ja_JP\" \/>\n<meta property=\"og:type\" content=\"article\" \/>\n<meta property=\"og:title\" content=\"Mad In - Jante 1C (13 et 14 pouces) - Mad In - Jantes sur-mesure\" \/>\n<meta property=\"og:description\" content=\"Jante 13 et 14 pouces style vintage, historique pour v\u00e9hicules Alpine, R5, R8 Gordini, R12, Prototypes, Buggy etc. Toutes largeurs. Toutes couleurs.\" \/>\n<meta property=\"og:url\" content=\"https:\/\/madin.fr\/ja\/product\/1c-13-inch-wheel\/\" \/>\n<meta property=\"og:site_name\" content=\"Mad In - Jantes sur-mesure\" \/>\n<meta property=\"article:publisher\" content=\"https:\/\/www.facebook.com\/madin.wheels\/\" \/>\n<meta property=\"article:modified_time\" content=\"2024-01-25T14:17:50+00:00\" \/>\n<meta property=\"og:image\" content=\"https:\/\/madin.fr\/wp-content\/uploads\/2021\/09\/1C_jaune-scaled.jpg\" \/>\n\t<meta property=\"og:image:width\" content=\"2560\" \/>\n\t<meta property=\"og:image:height\" content=\"1707\" \/>\n\t<meta property=\"og:image:type\" content=\"image\/jpeg\" \/>\n<meta name=\"twitter:card\" content=\"summary_large_image\" \/>\n<meta name=\"twitter:label1\" content=\"\u63a8\u5b9a\u8aad\u307f\u53d6\u308a\u6642\u9593\" \/>\n\t<meta name=\"twitter:data1\" content=\"2\u5206\" \/>\n<script type=\"application\/ld+json\" class=\"yoast-schema-graph\">{\"@context\":\"https:\\\/\\\/schema.org\",\"@graph\":[{\"@type\":\"WebPage\",\"@id\":\"https:\\\/\\\/madin.fr\\\/produit\\\/jante-1c-13-14-pouces\\\/\",\"url\":\"https:\\\/\\\/madin.fr\\\/produit\\\/jante-1c-13-14-pouces\\\/\",\"name\":\"Mad In - Jante 1C (13 et 14 pouces) - Mad In - Jantes sur-mesure\",\"isPartOf\":{\"@id\":\"https:\\\/\\\/madin.fr\\\/#website\"},\"primaryImageOfPage\":{\"@id\":\"https:\\\/\\\/madin.fr\\\/produit\\\/jante-1c-13-14-pouces\\\/#primaryimage\"},\"image\":{\"@id\":\"https:\\\/\\\/madin.fr\\\/produit\\\/jante-1c-13-14-pouces\\\/#primaryimage\"},\"thumbnailUrl\":\"https:\\\/\\\/madin.fr\\\/wp-content\\\/uploads\\\/2021\\\/09\\\/1C_jaune-scaled.jpg\",\"datePublished\":\"2021-09-01T09:48:29+00:00\",\"dateModified\":\"2024-01-25T14:17:50+00:00\",\"description\":\"Jante 13 et 14 pouces style vintage, historique pour v\u00e9hicules Alpine, R5, R8 Gordini, R12, Prototypes, Buggy etc. Toutes largeurs. Toutes couleurs.\",\"breadcrumb\":{\"@id\":\"https:\\\/\\\/madin.fr\\\/produit\\\/jante-1c-13-14-pouces\\\/#breadcrumb\"},\"inLanguage\":\"ja\",\"potentialAction\":[{\"@type\":\"ReadAction\",\"target\":[\"https:\\\/\\\/madin.fr\\\/produit\\\/jante-1c-13-14-pouces\\\/\"]}]},{\"@type\":\"ImageObject\",\"inLanguage\":\"ja\",\"@id\":\"https:\\\/\\\/madin.fr\\\/produit\\\/jante-1c-13-14-pouces\\\/#primaryimage\",\"url\":\"https:\\\/\\\/madin.fr\\\/wp-content\\\/uploads\\\/2021\\\/09\\\/1C_jaune-scaled.jpg\",\"contentUrl\":\"https:\\\/\\\/madin.fr\\\/wp-content\\\/uploads\\\/2021\\\/09\\\/1C_jaune-scaled.jpg\",\"width\":2560,\"height\":1707,\"caption\":\"Jantes historiques\"},{\"@type\":\"BreadcrumbList\",\"@id\":\"https:\\\/\\\/madin.fr\\\/produit\\\/jante-1c-13-14-pouces\\\/#breadcrumb\",\"itemListElement\":[{\"@type\":\"ListItem\",\"position\":1,\"name\":\"Accueil\",\"item\":\"https:\\\/\\\/madin.fr\\\/\"},{\"@type\":\"ListItem\",\"position\":2,\"name\":\"Produits\",\"item\":\"https:\\\/\\\/madin.fr\\\/shop\\\/\"},{\"@type\":\"ListItem\",\"position\":3,\"name\":\"Jante 1C (13 et 14 pouces)\"}]},{\"@type\":\"WebSite\",\"@id\":\"https:\\\/\\\/madin.fr\\\/#website\",\"url\":\"https:\\\/\\\/madin.fr\\\/\",\"name\":\"Mad In - Jantes sur-mesure\",\"description\":\"\",\"publisher\":{\"@id\":\"https:\\\/\\\/madin.fr\\\/#organization\"},\"potentialAction\":[{\"@type\":\"SearchAction\",\"target\":{\"@type\":\"EntryPoint\",\"urlTemplate\":\"https:\\\/\\\/madin.fr\\\/?s={search_term_string}\"},\"query-input\":{\"@type\":\"PropertyValueSpecification\",\"valueRequired\":true,\"valueName\":\"search_term_string\"}}],\"inLanguage\":\"ja\"},{\"@type\":\"Organization\",\"@id\":\"https:\\\/\\\/madin.fr\\\/#organization\",\"name\":\"Mad In\",\"url\":\"https:\\\/\\\/madin.fr\\\/\",\"logo\":{\"@type\":\"ImageObject\",\"inLanguage\":\"ja\",\"@id\":\"https:\\\/\\\/madin.fr\\\/#\\\/schema\\\/logo\\\/image\\\/\",\"url\":\"https:\\\/\\\/madin.fr\\\/wp-content\\\/uploads\\\/2021\\\/09\\\/Madin-logo-carre-bis-bis-bis.png\",\"contentUrl\":\"https:\\\/\\\/madin.fr\\\/wp-content\\\/uploads\\\/2021\\\/09\\\/Madin-logo-carre-bis-bis-bis.png\",\"width\":512,\"height\":507,\"caption\":\"Mad In\"},\"image\":{\"@id\":\"https:\\\/\\\/madin.fr\\\/#\\\/schema\\\/logo\\\/image\\\/\"},\"sameAs\":[\"https:\\\/\\\/www.facebook.com\\\/madin.wheels\\\/\",\"https:\\\/\\\/www.instagram.com\\\/madinwheels\\\/\"]}]}<\/script>\n<!-- \/ Yoast SEO plugin. -->","yoast_head_json":{"title":"Mad In - 1C Wheels (13 and 14 inch) - Tailored wheels","description":"13 and 14 inch split rims with a vintage touch, for racing vehicles, historic cars such as : Alpine, Renault 5, R8 Gordini, R12, Prototypes etc. All widths, all colours.","robots":{"index":"index","follow":"follow","max-snippet":"max-snippet:-1","max-image-preview":"max-image-preview:large","max-video-preview":"max-video-preview:-1"},"canonical":"https:\/\/madin.fr\/ja\/product\/1c-13-inch-wheel\/","og_locale":"ja_JP","og_type":"article","og_title":"Mad In - Jante 1C (13 et 14 pouces) - Mad In - Jantes sur-mesure","og_description":"Jante 13 et 14 pouces style vintage, historique pour v\u00e9hicules Alpine, R5, R8 Gordini, R12, Prototypes, Buggy etc. Toutes largeurs. Toutes couleurs.","og_url":"https:\/\/madin.fr\/ja\/product\/1c-13-inch-wheel\/","og_site_name":"Mad In - Jantes sur-mesure","article_publisher":"https:\/\/www.facebook.com\/madin.wheels\/","article_modified_time":"2024-01-25T14:17:50+00:00","og_image":[{"width":2560,"height":1707,"url":"https:\/\/madin.fr\/wp-content\/uploads\/2021\/09\/1C_jaune-scaled.jpg","type":"image\/jpeg"}],"twitter_card":"summary_large_image","twitter_misc":{"\u63a8\u5b9a\u8aad\u307f\u53d6\u308a\u6642\u9593":"2\u5206"},"schema":{"@context":"https:\/\/schema.org","@graph":[{"@type":"WebPage","@id":"https:\/\/madin.fr\/produit\/jante-1c-13-14-pouces\/","url":"https:\/\/madin.fr\/produit\/jante-1c-13-14-pouces\/","name":"Mad In - 1C Wheels (13 and 14 inch) - Tailored wheels","isPartOf":{"@id":"https:\/\/madin.fr\/#website"},"primaryImageOfPage":{"@id":"https:\/\/madin.fr\/produit\/jante-1c-13-14-pouces\/#primaryimage"},"image":{"@id":"https:\/\/madin.fr\/produit\/jante-1c-13-14-pouces\/#primaryimage"},"thumbnailUrl":"https:\/\/madin.fr\/wp-content\/uploads\/2021\/09\/1C_jaune-scaled.jpg","datePublished":"2021-09-01T09:48:29+00:00","dateModified":"2024-01-25T14:17:50+00:00","description":"13 and 14 inch split rims with a vintage touch, for racing vehicles, historic cars such as : Alpine, Renault 5, R8 Gordini, R12, Prototypes etc. All widths, all colours.","breadcrumb":{"@id":"https:\/\/madin.fr\/produit\/jante-1c-13-14-pouces\/#breadcrumb"},"inLanguage":"ja","potentialAction":[{"@type":"ReadAction","target":["https:\/\/madin.fr\/produit\/jante-1c-13-14-pouces\/"]}]},{"@type":"ImageObject","inLanguage":"ja","@id":"https:\/\/madin.fr\/produit\/jante-1c-13-14-pouces\/#primaryimage","url":"https:\/\/madin.fr\/wp-content\/uploads\/2021\/09\/1C_jaune-scaled.jpg","contentUrl":"https:\/\/madin.fr\/wp-content\/uploads\/2021\/09\/1C_jaune-scaled.jpg","width":2560,"height":1707,"caption":"Jantes historiques"},{"@type":"BreadcrumbList","@id":"https:\/\/madin.fr\/produit\/jante-1c-13-14-pouces\/#breadcrumb","itemListElement":[{"@type":"ListItem","position":1,"name":"Accueil","item":"https:\/\/madin.fr\/"},{"@type":"ListItem","position":2,"name":"Produits","item":"https:\/\/madin.fr\/shop\/"},{"@type":"ListItem","position":3,"name":"Jante 1C (13 et 14 pouces)"}]},{"@type":"WebSite","@id":"https:\/\/madin.fr\/#website","url":"https:\/\/madin.fr\/","name":"MAD IN \u30ab\u30b9\u30bf\u30e0 \u30db\u30a4\u30fc\u30eb","description":"","publisher":{"@id":"https:\/\/madin.fr\/#organization"},"potentialAction":[{"@type":"SearchAction","target":{"@type":"EntryPoint","urlTemplate":"https:\/\/madin.fr\/?s={search_term_string}"},"query-input":{"@type":"PropertyValueSpecification","valueRequired":true,"valueName":"search_term_string"}}],"inLanguage":"ja"},{"@type":"Organization","@id":"https:\/\/madin.fr\/#organization","name":"Mad In","url":"https:\/\/madin.fr\/","logo":{"@type":"ImageObject","inLanguage":"ja","@id":"https:\/\/madin.fr\/#\/schema\/logo\/image\/","url":"https:\/\/madin.fr\/wp-content\/uploads\/2021\/09\/Madin-logo-carre-bis-bis-bis.png","contentUrl":"https:\/\/madin.fr\/wp-content\/uploads\/2021\/09\/Madin-logo-carre-bis-bis-bis.png","width":512,"height":507,"caption":"Mad In"},"image":{"@id":"https:\/\/madin.fr\/#\/schema\/logo\/image\/"},"sameAs":["https:\/\/www.facebook.com\/madin.wheels\/","https:\/\/www.instagram.com\/madinwheels\/"]}]}},"jetpack_sharing_enabled":true,"_links":{"self":[{"href":"https:\/\/madin.fr\/ja\/wp-json\/wp\/v2\/product\/63","targetHints":{"allow":["GET"]}}],"collection":[{"href":"https:\/\/madin.fr\/ja\/wp-json\/wp\/v2\/product"}],"about":[{"href":"https:\/\/madin.fr\/ja\/wp-json\/wp\/v2\/types\/product"}],"replies":[{"embeddable":true,"href":"https:\/\/madin.fr\/ja\/wp-json\/wp\/v2\/comments?post=63"}],"wp:featuredmedia":[{"embeddable":true,"href":"https:\/\/madin.fr\/ja\/wp-json\/wp\/v2\/media\/4585"}],"wp:attachment":[{"href":"https:\/\/madin.fr\/ja\/wp-json\/wp\/v2\/media?parent=63"}],"wp:term":[{"taxonomy":"product_brand","embeddable":true,"href":"https:\/\/madin.fr\/ja\/wp-json\/wp\/v2\/product_brand?post=63"},{"taxonomy":"product_cat","embeddable":true,"href":"https:\/\/madin.fr\/ja\/wp-json\/wp\/v2\/product_cat?post=63"},{"taxonomy":"product_tag","embeddable":true,"href":"https:\/\/madin.fr\/ja\/wp-json\/wp\/v2\/product_tag?post=63"}],"curies":[{"name":"wp","href":"https:\/\/api.w.org\/{rel}","templated":true}]}}